{"id":6686,"date":"2024-12-24T22:59:30","date_gmt":"2024-12-24T21:59:30","guid":{"rendered":"https:\/\/k-over.com\/?page_id=6686"},"modified":"2025-03-04T12:00:37","modified_gmt":"2025-03-04T11:00:37","slug":"amanti-dellarte","status":"publish","type":"page","link":"https:\/\/k-over.com\/it\/amanti-dellarte\/","title":{"rendered":"Amanti Dell&#8217;Arte"},"content":{"rendered":"\n<figure class=\"wp-block-image aligncenter size-large is-resized\"><img decoding=\"async\" src=\"https:\/\/k-over.com\/wp-content\/uploads\/2024\/01\/orizzontale-rosso-invertito.png\" alt=\"\" style=\"width:308px;height:auto\"\/><\/figure>\n\n\n\n<h2 class=\"wp-block-heading has-text-align-center\">K-OVER Collabora con LAO Jewellery School<\/h2>\n\n\n\n<p class=\"has-text-align-center wp-block-paragraph\">Fondata nel 1985 da Gi\u00f2 Carbone,&nbsp;<a href=\"https:\/\/www.artiorafe.it\/\">LAO- Le Arti Orafe<\/a>&nbsp;scuola&nbsp;di oreficeria \u00e8 un punto di riferimento nell\u2019insegnamento della gioielleria contemporanea in Italia. Utilizzando una combinazione di abilit\u00e0 tecniche, una costante ricerca verso l\u2019arte e un design moderno il nostro metodo di insegnamento si pone all\u2019avanguardia e in costate evoluzione prediligendo un percorso di apprendimento personale e creativo. Scuola leader in Europa, LAO \u00e8 accreditata per corsi finanziati dal&nbsp;<a href=\"https:\/\/ec.europa.eu\/esf\/main.jsp?catId=35&amp;langId=it\">FSE<\/a>&nbsp;ed autorizzata per progetti&nbsp;<a href=\"https:\/\/erasmus-plus.ec.europa.eu\/\">Erasmus<\/a>.<\/p>\n\n\n\n<p class=\"has-text-align-center wp-block-paragraph\">Situata nello storico quartiere di S. Spirito\/San Frediano a Firenze, LAO incarna lo spirito del Rinascimento adattandosi ai cambiamenti contemporanei nel design e nell\u2019insegnamento dell\u2019arte orafa. Dal 1970 il metodo di insegnamento \u201cdel gioiellare\u201d si \u00e8 trasformato abbracciando nuovi metodi, significati e contesti sociali. In LAO siamo al passo con i tempi nel seguire queste evoluzioni e siamo parte attiva e influente nella creazione e&nbsp;nell\u2019insegnamento della gioielleria attirando studenti da tutto il mondo.<\/p>\n\n\n\n<figure class=\"wp-block-image aligncenter size-full\"><img loading=\"lazy\" decoding=\"async\" width=\"2560\" height=\"1605\" src=\"https:\/\/k-over.com\/wp-content\/uploads\/2023\/12\/Patron-of-Arst--scaled.jpg\" alt=\"\" class=\"wp-image-6546\" srcset=\"https:\/\/k-over.com\/wp-content\/uploads\/2023\/12\/Patron-of-Arst--scaled.jpg 2560w, https:\/\/k-over.com\/wp-content\/uploads\/2023\/12\/Patron-of-Arst--600x376.jpg 600w, https:\/\/k-over.com\/wp-content\/uploads\/2023\/12\/Patron-of-Arst--1024x642.jpg 1024w, https:\/\/k-over.com\/wp-content\/uploads\/2023\/12\/Patron-of-Arst--768x482.jpg 768w, https:\/\/k-over.com\/wp-content\/uploads\/2023\/12\/Patron-of-Arst--1536x963.jpg 1536w, https:\/\/k-over.com\/wp-content\/uploads\/2023\/12\/Patron-of-Arst--2048x1284.jpg 2048w\" sizes=\"auto, (max-width: 2560px) 100vw, 2560px\" \/><\/figure>\n\n\n\n<div style=\"height:100px\" aria-hidden=\"true\" class=\"wp-block-spacer\"><\/div>\n\n\n\n<h2 class=\"wp-block-heading has-text-align-center\"><strong>K-OVER a Sostegno delle Arti<\/strong><\/h2>\n\n\n\n<p class=\"has-text-align-center wp-block-paragraph\">Situata nella conosciuta e apprezzata area del Chianti in Toscana, P.M.P Firenze vanta oltre quattro decenni di esperienza nell\u2019arte della lavorazione dei metalli preziosi guidata dalla famiglia Pacini. L\u2019azienda \u00e8 stata fondata nel 1978 dallo stimato argentiere Sergio Pacini nel cuore del centro storico di Firenze. Fin da subito si \u00e8 contraddistinta per la seriet\u00e0 e la competenza nella lavorazione dei metalli preziosi.<\/p>\n\n\n\n<p class=\"has-text-align-center wp-block-paragraph\">Attualmente, Andrea Pacini al timone dell\u2019azienda, preserva con cura l\u2019arte della lavorazione a mano, un\u2019eredit\u00e0 tramandata da suo padre e da eccellenti artigiani. Ha dato nuova vita a tecniche antiche come la tornitura, il cesello, lo sbalzo e l\u2019incisione messe in opera da abili maestri orafi fondendo eleganza ed eccellenza. Il suo approccio innovativo infonde novit\u00e0 e modernit\u00e0 all\u2019artigianato tradizionale di alta gamma realizzando capolavori contemporanei su misura.<\/p>\n\n\n\n<p class=\"has-text-align-center wp-block-paragraph\">La collezione K-OVER nasce dall\u2019idea di creare una moderna glacette per bottiglie di champagne, la funzionalit\u00e0 incontra l\u2019eleganza e la bellezza. Riutilizzabile grazie a un semplice meccanismo posto sul fondo che permette la sostituzione della bottiglia. Ogni K-OVER \u00e8 il simbolo della tradizione e della modernit\u00e0 destinato a durare nel tempo.<\/p>\n\n\n\n<p class=\"has-text-align-center wp-block-paragraph\">K-OVER si \u00e8 fortemente impegnata nel ricercare i pi\u00f9 abili maestri argentieri del settore che hanno partecipato con entusiasmo, seriet\u00e0 e impegno alla creazione delle nostre collezioni. Molti esperti artigiani hanno disegnato, progettato e realizzato le nostre K-OVER e ognuna di esse \u00e8 testimone di eleganza accompagnata dalla pi\u00f9 moderna tecnologia aprendo la strada a metodi di produzione innovativi e design originali che emozionano e incantano.<\/p>\n\n\n\n<p class=\"has-text-align-center wp-block-paragraph\">La volont\u00e0 di creare opere belle e perfette ci spinge quotidianamente a ricercare i migliori artisti e abili artigiani che insieme a K-OVER si impegnano a ricercare in modo sostenibile ed etico i metalli pi\u00f9 preziosi e le pietre pi\u00f9 raffinate con il costante impegno verso l\u2019eccellenza<\/p>\n\n\n\n<p class=\"has-text-align-center wp-block-paragraph\"><strong><br><\/strong><\/p>\n\n\n\n<div class=\"wp-block-buttons is-content-justification-center is-layout-flex wp-container-core-buttons-is-layout-35f06ea7 wp-block-buttons-is-layout-flex\">\n<div class=\"wp-block-button\"><a class=\"wp-block-button__link wp-element-button\" href=\"https:\/\/k-over.com\/wp-content\/uploads\/2024\/01\/Regolamento-concorso-K-OVER-Italian-and-English-Final.pdf\">SCOPRI DI PI\u00f9<\/a><\/div>\n<\/div>\n","protected":false},"excerpt":{"rendered":"<p>K-OVER Collabora con LAO Jewellery School Fondata nel 1985 da Gi\u00f2 Carbone,&nbsp;LAO- Le Arti Orafe&nbsp;scuola&nbsp;di oreficeria \u00e8 un punto di riferimento nell\u2019insegnamento della gioielleria contemporanea in Italia. Utilizzando una combinazione di abilit\u00e0 tecniche, una costante ricerca verso l\u2019arte e un design moderno il nostro metodo di insegnamento si pone all\u2019avanguardia e in costate evoluzione prediligendo [&hellip;]<\/p>\n","protected":false},"author":17,"featured_media":5192,"parent":0,"menu_order":0,"comment_status":"open","ping_status":"open","template":"","meta":{"_acf_changed":false,"_crdt_document":"","inline_featured_image":false,"footnotes":""},"class_list":["post-6686","page","type-page","status-publish","has-post-thumbnail","hentry"],"acf":[],"mb":[],"yoast_head":"<!-- This site is optimized with the Yoast SEO plugin v27.3 - https:\/\/yoast.com\/product\/yoast-seo-wordpress\/ -->\n<title>Amanti Dell&#039;Arte | K-OVER<\/title>\n<meta name=\"description\" content=\"In K-OVER siamo sostenitori dell\u2019arte e amiamo condividere la nostra passione per le pi\u00f9 raffinate forme di espressione artistica. Scopri di pi\u00f9 sulle nostre collaborazioni artistiche.\" \/>\n<meta name=\"robots\" content=\"index, follow, max-snippet:-1, max-image-preview:large, max-video-preview:-1\" \/>\n<link rel=\"canonical\" href=\"https:\/\/k-over.com\/it\/amanti-dellarte\/\" \/>\n<meta property=\"og:locale\" content=\"it_IT\" \/>\n<meta property=\"og:type\" content=\"article\" \/>\n<meta property=\"og:title\" content=\"Amanti Dell&#039;Arte | K-OVER\" \/>\n<meta property=\"og:description\" content=\"In K-OVER siamo sostenitori dell\u2019arte e amiamo condividere la nostra passione per le pi\u00f9 raffinate forme di espressione artistica. Scopri di pi\u00f9 sulle nostre collaborazioni artistiche.\" \/>\n<meta property=\"og:url\" content=\"https:\/\/k-over.com\/it\/amanti-dellarte\/\" \/>\n<meta property=\"og:site_name\" content=\"K-OVER\" \/>\n<meta property=\"article:modified_time\" content=\"2025-03-04T11:00:37+00:00\" \/>\n<meta property=\"og:image\" content=\"https:\/\/k-over.com\/wp-content\/uploads\/2023\/09\/Kover_Evento_0256-1-3.png\" \/>\n\t<meta property=\"og:image:width\" content=\"2160\" \/>\n\t<meta property=\"og:image:height\" content=\"480\" \/>\n\t<meta property=\"og:image:type\" content=\"image\/png\" \/>\n<meta name=\"twitter:card\" content=\"summary_large_image\" \/>\n<meta name=\"twitter:label1\" content=\"Tempo di lettura stimato\" \/>\n\t<meta name=\"twitter:data1\" content=\"3 minuti\" \/>\n<script type=\"application\/ld+json\" class=\"yoast-schema-graph\">{\"@context\":\"https:\\\/\\\/schema.org\",\"@graph\":[{\"@type\":\"WebPage\",\"@id\":\"https:\\\/\\\/k-over.com\\\/it\\\/amanti-dellarte\\\/\",\"url\":\"https:\\\/\\\/k-over.com\\\/it\\\/amanti-dellarte\\\/\",\"name\":\"Amanti Dell'Arte | K-OVER\",\"isPartOf\":{\"@id\":\"https:\\\/\\\/k-over.com\\\/?lang=en\\\/#website\"},\"primaryImageOfPage\":{\"@id\":\"https:\\\/\\\/k-over.com\\\/it\\\/amanti-dellarte\\\/#primaryimage\"},\"image\":{\"@id\":\"https:\\\/\\\/k-over.com\\\/it\\\/amanti-dellarte\\\/#primaryimage\"},\"thumbnailUrl\":\"https:\\\/\\\/k-over.com\\\/wp-content\\\/uploads\\\/2023\\\/09\\\/Kover_Evento_0256-1-3.png\",\"datePublished\":\"2024-12-24T21:59:30+00:00\",\"dateModified\":\"2025-03-04T11:00:37+00:00\",\"description\":\"In K-OVER siamo sostenitori dell\u2019arte e amiamo condividere la nostra passione per le pi\u00f9 raffinate forme di espressione artistica. Scopri di pi\u00f9 sulle nostre collaborazioni artistiche.\",\"breadcrumb\":{\"@id\":\"https:\\\/\\\/k-over.com\\\/it\\\/amanti-dellarte\\\/#breadcrumb\"},\"inLanguage\":\"it-IT\",\"potentialAction\":[{\"@type\":\"ReadAction\",\"target\":[\"https:\\\/\\\/k-over.com\\\/it\\\/amanti-dellarte\\\/\"]}]},{\"@type\":\"ImageObject\",\"inLanguage\":\"it-IT\",\"@id\":\"https:\\\/\\\/k-over.com\\\/it\\\/amanti-dellarte\\\/#primaryimage\",\"url\":\"https:\\\/\\\/k-over.com\\\/wp-content\\\/uploads\\\/2023\\\/09\\\/Kover_Evento_0256-1-3.png\",\"contentUrl\":\"https:\\\/\\\/k-over.com\\\/wp-content\\\/uploads\\\/2023\\\/09\\\/Kover_Evento_0256-1-3.png\",\"width\":2160,\"height\":480,\"caption\":\"K-over Event\"},{\"@type\":\"BreadcrumbList\",\"@id\":\"https:\\\/\\\/k-over.com\\\/it\\\/amanti-dellarte\\\/#breadcrumb\",\"itemListElement\":[{\"@type\":\"ListItem\",\"position\":1,\"name\":\"Home\",\"item\":\"https:\\\/\\\/k-over.com\\\/it\\\/\"},{\"@type\":\"ListItem\",\"position\":2,\"name\":\"Amanti Dell&#8217;Arte\"}]},{\"@type\":\"WebSite\",\"@id\":\"https:\\\/\\\/k-over.com\\\/?lang=en\\\/#website\",\"url\":\"https:\\\/\\\/k-over.com\\\/?lang=en\\\/\",\"name\":\"K-OVER\",\"description\":\"Made in Italy\",\"publisher\":{\"@id\":\"https:\\\/\\\/k-over.com\\\/?lang=en\\\/#organization\"},\"potentialAction\":[{\"@type\":\"SearchAction\",\"target\":{\"@type\":\"EntryPoint\",\"urlTemplate\":\"https:\\\/\\\/k-over.com\\\/?lang=en\\\/?s={search_term_string}\"},\"query-input\":{\"@type\":\"PropertyValueSpecification\",\"valueRequired\":true,\"valueName\":\"search_term_string\"}}],\"inLanguage\":\"it-IT\"},{\"@type\":\"Organization\",\"@id\":\"https:\\\/\\\/k-over.com\\\/?lang=en\\\/#organization\",\"name\":\"K-OVER\",\"url\":\"https:\\\/\\\/k-over.com\\\/?lang=en\\\/\",\"logo\":{\"@type\":\"ImageObject\",\"inLanguage\":\"it-IT\",\"@id\":\"https:\\\/\\\/k-over.com\\\/?lang=en\\\/#\\\/schema\\\/logo\\\/image\\\/\",\"url\":\"https:\\\/\\\/k-over.com\\\/wp-content\\\/uploads\\\/2023\\\/09\\\/Layer-1.svg\",\"contentUrl\":\"https:\\\/\\\/k-over.com\\\/wp-content\\\/uploads\\\/2023\\\/09\\\/Layer-1.svg\",\"width\":47,\"height\":101,\"caption\":\"K-OVER\"},\"image\":{\"@id\":\"https:\\\/\\\/k-over.com\\\/?lang=en\\\/#\\\/schema\\\/logo\\\/image\\\/\"}}]}<\/script>\n<!-- \/ Yoast SEO plugin. -->","yoast_head_json":{"title":"Amanti Dell'Arte | K-OVER","description":"In K-OVER siamo sostenitori dell\u2019arte e amiamo condividere la nostra passione per le pi\u00f9 raffinate forme di espressione artistica. Scopri di pi\u00f9 sulle nostre collaborazioni artistiche.","robots":{"index":"index","follow":"follow","max-snippet":"max-snippet:-1","max-image-preview":"max-image-preview:large","max-video-preview":"max-video-preview:-1"},"canonical":"https:\/\/k-over.com\/it\/amanti-dellarte\/","og_locale":"it_IT","og_type":"article","og_title":"Amanti Dell'Arte | K-OVER","og_description":"In K-OVER siamo sostenitori dell\u2019arte e amiamo condividere la nostra passione per le pi\u00f9 raffinate forme di espressione artistica. Scopri di pi\u00f9 sulle nostre collaborazioni artistiche.","og_url":"https:\/\/k-over.com\/it\/amanti-dellarte\/","og_site_name":"K-OVER","article_modified_time":"2025-03-04T11:00:37+00:00","og_image":[{"width":2160,"height":480,"url":"https:\/\/k-over.com\/wp-content\/uploads\/2023\/09\/Kover_Evento_0256-1-3.png","type":"image\/png"}],"twitter_card":"summary_large_image","twitter_misc":{"Tempo di lettura stimato":"3 minuti"},"schema":{"@context":"https:\/\/schema.org","@graph":[{"@type":"WebPage","@id":"https:\/\/k-over.com\/it\/amanti-dellarte\/","url":"https:\/\/k-over.com\/it\/amanti-dellarte\/","name":"Amanti Dell'Arte | K-OVER","isPartOf":{"@id":"https:\/\/k-over.com\/?lang=en\/#website"},"primaryImageOfPage":{"@id":"https:\/\/k-over.com\/it\/amanti-dellarte\/#primaryimage"},"image":{"@id":"https:\/\/k-over.com\/it\/amanti-dellarte\/#primaryimage"},"thumbnailUrl":"https:\/\/k-over.com\/wp-content\/uploads\/2023\/09\/Kover_Evento_0256-1-3.png","datePublished":"2024-12-24T21:59:30+00:00","dateModified":"2025-03-04T11:00:37+00:00","description":"In K-OVER siamo sostenitori dell\u2019arte e amiamo condividere la nostra passione per le pi\u00f9 raffinate forme di espressione artistica. Scopri di pi\u00f9 sulle nostre collaborazioni artistiche.","breadcrumb":{"@id":"https:\/\/k-over.com\/it\/amanti-dellarte\/#breadcrumb"},"inLanguage":"it-IT","potentialAction":[{"@type":"ReadAction","target":["https:\/\/k-over.com\/it\/amanti-dellarte\/"]}]},{"@type":"ImageObject","inLanguage":"it-IT","@id":"https:\/\/k-over.com\/it\/amanti-dellarte\/#primaryimage","url":"https:\/\/k-over.com\/wp-content\/uploads\/2023\/09\/Kover_Evento_0256-1-3.png","contentUrl":"https:\/\/k-over.com\/wp-content\/uploads\/2023\/09\/Kover_Evento_0256-1-3.png","width":2160,"height":480,"caption":"K-over Event"},{"@type":"BreadcrumbList","@id":"https:\/\/k-over.com\/it\/amanti-dellarte\/#breadcrumb","itemListElement":[{"@type":"ListItem","position":1,"name":"Home","item":"https:\/\/k-over.com\/it\/"},{"@type":"ListItem","position":2,"name":"Amanti Dell&#8217;Arte"}]},{"@type":"WebSite","@id":"https:\/\/k-over.com\/?lang=en\/#website","url":"https:\/\/k-over.com\/?lang=en\/","name":"K-OVER","description":"Made in Italy","publisher":{"@id":"https:\/\/k-over.com\/?lang=en\/#organization"},"potentialAction":[{"@type":"SearchAction","target":{"@type":"EntryPoint","urlTemplate":"https:\/\/k-over.com\/?lang=en\/?s={search_term_string}"},"query-input":{"@type":"PropertyValueSpecification","valueRequired":true,"valueName":"search_term_string"}}],"inLanguage":"it-IT"},{"@type":"Organization","@id":"https:\/\/k-over.com\/?lang=en\/#organization","name":"K-OVER","url":"https:\/\/k-over.com\/?lang=en\/","logo":{"@type":"ImageObject","inLanguage":"it-IT","@id":"https:\/\/k-over.com\/?lang=en\/#\/schema\/logo\/image\/","url":"https:\/\/k-over.com\/wp-content\/uploads\/2023\/09\/Layer-1.svg","contentUrl":"https:\/\/k-over.com\/wp-content\/uploads\/2023\/09\/Layer-1.svg","width":47,"height":101,"caption":"K-OVER"},"image":{"@id":"https:\/\/k-over.com\/?lang=en\/#\/schema\/logo\/image\/"}}]}},"mfb_rest_fields":["title","yoast_head","yoast_head_json"],"_links":{"self":[{"href":"https:\/\/k-over.com\/it\/wp-json\/wp\/v2\/pages\/6686","targetHints":{"allow":["GET"]}}],"collection":[{"href":"https:\/\/k-over.com\/it\/wp-json\/wp\/v2\/pages"}],"about":[{"href":"https:\/\/k-over.com\/it\/wp-json\/wp\/v2\/types\/page"}],"author":[{"embeddable":true,"href":"https:\/\/k-over.com\/it\/wp-json\/wp\/v2\/users\/17"}],"replies":[{"embeddable":true,"href":"https:\/\/k-over.com\/it\/wp-json\/wp\/v2\/comments?post=6686"}],"version-history":[{"count":0,"href":"https:\/\/k-over.com\/it\/wp-json\/wp\/v2\/pages\/6686\/revisions"}],"wp:featuredmedia":[{"embeddable":true,"href":"https:\/\/k-over.com\/it\/wp-json\/wp\/v2\/media\/5192"}],"wp:attachment":[{"href":"https:\/\/k-over.com\/it\/wp-json\/wp\/v2\/media?parent=6686"}],"curies":[{"name":"wp","href":"https:\/\/api.w.org\/{rel}","templated":true}]}}