{"id":10507,"date":"2025-03-10T18:47:01","date_gmt":"2025-03-10T18:28:10","guid":{"rendered":"https:\/\/k-over.com\/?post_type=product&#038;p=10507"},"modified":"2025-03-12T09:05:46","modified_gmt":"2025-03-12T08:05:46","slug":"new-york","status":"publish","type":"product","link":"https:\/\/k-over.com\/it\/prodotto\/new-york\/","title":{"rendered":"New York"},"content":{"rendered":"<p><iframe loading=\"lazy\" title=\"K-OVER - New York - FHD\" src=\"https:\/\/player.vimeo.com\/video\/1060577291?dnt=1&amp;app_id=122963\" width=\"500\" height=\"281\" frameborder=\"0\" allow=\"autoplay; fullscreen; picture-in-picture; clipboard-write; encrypted-media\"><\/iframe><\/p>\n<p>Con grande soddisfazione presentiamo la nostra K-Over New York. Dedicata alla stupenda e affascinante citt\u00e0 degli Stati Uniti che ogni anno richiama visitatori da tutto il mondo. New York \u00e8 la citt\u00e0 delle mille opportunit\u00e0, dove tutto \u00e8 possibile, dove tutto appare nuovo, moderno, al passo con i tempi.<\/p>\n<p>La cover \u00e8 stata magistralmente realizzata a mano in argento 999\/\u00b0\u00b0 da Marco Fedi, ogni particolare \u00e8 stato cesellato in maniera perfetta, ogni dettaglio curato alla perfezione.<\/p>\n<p>Questa nostra opera \u00e8 il dono perfetto da offrire a tutti coloro che amano il design moderno unito alle lavorazioni pi\u00f9 classiche. Molto versatile nell\u2019utilizzo, sia come glacette per bottiglie di champagne oppure come complemento di arredo che ben si abbina ad ogni stile di arredamento.<\/p>\n<p>La nostra proposta di rappresentare lo skyline di New York pu\u00f2 essere personalizzata realizzando opere su commissione dedicate ad altre citt\u00e0 o luoghi rappresentativi.<\/p>\n<p><strong>Artista<\/strong><\/p>\n<p>Marco Fedi ha iniziato la sua carriera negli anni \u201980, acquisendo una preziosa esperienza lavorando presso prestigiosi laboratori a Firenze. Le sue eccezionali abilit\u00e0 sono state richieste da marchi di prestigio come Tiffany, Bulgari, Christofle e Cartier. Oggi, Marco Fedi collabora con orgoglio con K-OVER in progetti innovativi che includono K-OVER Works of Art\u00a0 e K-OVER Natura. Scopri l\u2019eccezionale maestria artistica e le creazioni uniche di questo abile artigiano.<\/p>\n<p><strong>Caratteristiche Tecniche<\/strong><\/p>\n<p>K-OVER \u00e8 il nuovo brand di P.M.P Firenze, un\u2019azienda con oltre 40 anni di esperienza nel settore dell\u2019argenteria. Questa nostra competenza ci ha permesso di realizzare questa moderna glacette di forma innovativa, grazie a uno speciale tessuto termico inserito all&#8217;interno la temperatura delle bottiglie viene mantenuta fino a 2 ore.<\/p>\n<p>K-OVER \u00e8 riutilizzabile, la bottiglia si cambia facilmente grazie a un meccanismo di svitatura posto sul fondo. Molte delle nostre K-Over sono pezzi unici, alcune di queste sono state esposte in occasione di prestigiose mostre d&#8217;arte, fiere internazionali nel campo della moda e del lusso e in eventi privati. \u00a0Sono compatibili con bottiglie di champagne come Moet Et Chandon, Veuve Clicquot, Cristal, Pol Roger, Piper, Perrier Jouet, Taittinger, Mumm, Ferrari e Berlucchi.<\/p>\n<p>Tutte le nostre K-OVER per champagne e vino sono realizzate in argento massiccio 999%, mentre solitamente per l&#8217;argenteria di uso comune viene utilizzato argento 925%. Questa scelta unica \u00e8 guidata da tre motivi molto importanti:\u00a0vogliamo fornire ai nostri clienti un prodotto di alto valore e unico, la resistenza dell\u2019argento puro all\u2019ossidazione lo rende pi\u00f9 facile da pulire e lucidare, in ultimo, le propriet\u00e0 antibatteriche dell\u2019argento ne assicurano l\u2019uso sicuro con alimenti e bevande.<\/p>\n<p>&nbsp;<\/p>\n<p>&nbsp;<\/p>\n","protected":false},"excerpt":{"rendered":"<p><strong>Tipologia<br \/>\n<\/strong>Champagne cover<\/p>\n<p><strong>Materiale<br \/>\n<\/strong>Argento massiccio 999\/\u00b0\u00b0<\/p>\n<p><strong>Misure<\/strong><br \/>\n10.5 cm diametro<\/p>\n<p><strong>Altezza<\/strong><br \/>\n25,5 cm<\/p>\n<p><strong>Peso<\/strong><br \/>\n650 g<\/p>\n<p><strong>2024, Italy<\/strong><\/p>\n","protected":false},"featured_media":10194,"template":"","meta":{"_acf_changed":false,"_crdt_document":"","inline_featured_image":false},"product_brand":[],"product_cat":[306],"product_tag":[307],"class_list":{"0":"post-10507","1":"product","2":"type-product","3":"status-publish","4":"has-post-thumbnail","6":"product_cat-champagne-cover-it","7":"product_tag-opere-darte","9":"first","10":"instock","11":"taxable","12":"shipping-taxable","13":"purchasable","14":"product-type-simple"},"acf":[],"mb":[],"yoast_head":"<!-- This site is optimized with the Yoast SEO plugin v27.3 - https:\/\/yoast.com\/product\/yoast-seo-wordpress\/ -->\n<title>New York | K-OVER<\/title>\n<meta name=\"description\" content=\"Esalta il lusso con le nostre cover per bottiglie di champagne in argento massiccio, impreziosite dallo skyline di New York sapientemente cesellato. Eleganza, raffinatezza e unicit\u00e0 per veri intenditori.\" \/>\n<meta name=\"robots\" content=\"index, follow, max-snippet:-1, max-image-preview:large, max-video-preview:-1\" \/>\n<link rel=\"canonical\" href=\"https:\/\/k-over.com\/it\/prodotto\/new-york\/\" \/>\n<meta property=\"og:locale\" content=\"it_IT\" \/>\n<meta property=\"og:type\" content=\"article\" \/>\n<meta property=\"og:title\" content=\"New York | K-OVER\" \/>\n<meta property=\"og:description\" content=\"Esalta il lusso con le nostre cover per bottiglie di champagne in argento massiccio, impreziosite dallo skyline di New York sapientemente cesellato. Eleganza, raffinatezza e unicit\u00e0 per veri intenditori.\" \/>\n<meta property=\"og:url\" content=\"https:\/\/k-over.com\/it\/prodotto\/new-york\/\" \/>\n<meta property=\"og:site_name\" content=\"K-OVER\" \/>\n<meta property=\"article:modified_time\" content=\"2025-03-12T08:05:46+00:00\" \/>\n<meta property=\"og:image\" content=\"https:\/\/k-over.com\/wp-content\/uploads\/2025\/02\/01_NewYork_Front_Quad.jpg\" \/>\n\t<meta property=\"og:image:width\" content=\"1000\" \/>\n\t<meta property=\"og:image:height\" content=\"1000\" \/>\n\t<meta property=\"og:image:type\" content=\"image\/jpeg\" \/>\n<meta name=\"twitter:card\" content=\"summary_large_image\" \/>\n<meta name=\"twitter:label1\" content=\"Tempo di lettura stimato\" \/>\n\t<meta name=\"twitter:data1\" content=\"3 minuti\" \/>\n<script type=\"application\/ld+json\" class=\"yoast-schema-graph\">{\"@context\":\"https:\\\/\\\/schema.org\",\"@graph\":[{\"@type\":\"WebPage\",\"@id\":\"https:\\\/\\\/k-over.com\\\/it\\\/prodotto\\\/new-york\\\/\",\"url\":\"https:\\\/\\\/k-over.com\\\/it\\\/prodotto\\\/new-york\\\/\",\"name\":\"New York | K-OVER\",\"isPartOf\":{\"@id\":\"https:\\\/\\\/k-over.com\\\/?lang=en\\\/#website\"},\"primaryImageOfPage\":{\"@id\":\"https:\\\/\\\/k-over.com\\\/it\\\/prodotto\\\/new-york\\\/#primaryimage\"},\"image\":{\"@id\":\"https:\\\/\\\/k-over.com\\\/it\\\/prodotto\\\/new-york\\\/#primaryimage\"},\"thumbnailUrl\":\"https:\\\/\\\/k-over.com\\\/wp-content\\\/uploads\\\/2025\\\/02\\\/01_NewYork_Front_Quad.jpg\",\"datePublished\":\"2025-03-10T18:28:10+00:00\",\"dateModified\":\"2025-03-12T08:05:46+00:00\",\"description\":\"Esalta il lusso con le nostre cover per bottiglie di champagne in argento massiccio, impreziosite dallo skyline di New York sapientemente cesellato. Eleganza, raffinatezza e unicit\u00e0 per veri intenditori.\",\"breadcrumb\":{\"@id\":\"https:\\\/\\\/k-over.com\\\/it\\\/prodotto\\\/new-york\\\/#breadcrumb\"},\"inLanguage\":\"it-IT\",\"potentialAction\":[{\"@type\":\"ReadAction\",\"target\":[\"https:\\\/\\\/k-over.com\\\/it\\\/prodotto\\\/new-york\\\/\"]}]},{\"@type\":\"ImageObject\",\"inLanguage\":\"it-IT\",\"@id\":\"https:\\\/\\\/k-over.com\\\/it\\\/prodotto\\\/new-york\\\/#primaryimage\",\"url\":\"https:\\\/\\\/k-over.com\\\/wp-content\\\/uploads\\\/2025\\\/02\\\/01_NewYork_Front_Quad.jpg\",\"contentUrl\":\"https:\\\/\\\/k-over.com\\\/wp-content\\\/uploads\\\/2025\\\/02\\\/01_NewYork_Front_Quad.jpg\",\"width\":1000,\"height\":1000,\"caption\":\"New York Champagne Bottle Cover\"},{\"@type\":\"BreadcrumbList\",\"@id\":\"https:\\\/\\\/k-over.com\\\/it\\\/prodotto\\\/new-york\\\/#breadcrumb\",\"itemListElement\":[{\"@type\":\"ListItem\",\"position\":1,\"name\":\"Home\",\"item\":\"https:\\\/\\\/k-over.com\\\/it\\\/\"},{\"@type\":\"ListItem\",\"position\":2,\"name\":\"Shop\",\"item\":\"https:\\\/\\\/k-over.com\\\/it\\\/shop\\\/\"},{\"@type\":\"ListItem\",\"position\":3,\"name\":\"New York\"}]},{\"@type\":\"WebSite\",\"@id\":\"https:\\\/\\\/k-over.com\\\/?lang=en\\\/#website\",\"url\":\"https:\\\/\\\/k-over.com\\\/?lang=en\\\/\",\"name\":\"K-OVER\",\"description\":\"Made in Italy\",\"publisher\":{\"@id\":\"https:\\\/\\\/k-over.com\\\/?lang=en\\\/#organization\"},\"potentialAction\":[{\"@type\":\"SearchAction\",\"target\":{\"@type\":\"EntryPoint\",\"urlTemplate\":\"https:\\\/\\\/k-over.com\\\/?lang=en\\\/?s={search_term_string}\"},\"query-input\":{\"@type\":\"PropertyValueSpecification\",\"valueRequired\":true,\"valueName\":\"search_term_string\"}}],\"inLanguage\":\"it-IT\"},{\"@type\":\"Organization\",\"@id\":\"https:\\\/\\\/k-over.com\\\/?lang=en\\\/#organization\",\"name\":\"K-OVER\",\"url\":\"https:\\\/\\\/k-over.com\\\/?lang=en\\\/\",\"logo\":{\"@type\":\"ImageObject\",\"inLanguage\":\"it-IT\",\"@id\":\"https:\\\/\\\/k-over.com\\\/?lang=en\\\/#\\\/schema\\\/logo\\\/image\\\/\",\"url\":\"https:\\\/\\\/k-over.com\\\/wp-content\\\/uploads\\\/2023\\\/09\\\/Layer-1.svg\",\"contentUrl\":\"https:\\\/\\\/k-over.com\\\/wp-content\\\/uploads\\\/2023\\\/09\\\/Layer-1.svg\",\"width\":47,\"height\":101,\"caption\":\"K-OVER\"},\"image\":{\"@id\":\"https:\\\/\\\/k-over.com\\\/?lang=en\\\/#\\\/schema\\\/logo\\\/image\\\/\"}}]}<\/script>\n<!-- \/ Yoast SEO plugin. -->","yoast_head_json":{"title":"New York | K-OVER","description":"Esalta il lusso con le nostre cover per bottiglie di champagne in argento massiccio, impreziosite dallo skyline di New York sapientemente cesellato. Eleganza, raffinatezza e unicit\u00e0 per veri intenditori.","robots":{"index":"index","follow":"follow","max-snippet":"max-snippet:-1","max-image-preview":"max-image-preview:large","max-video-preview":"max-video-preview:-1"},"canonical":"https:\/\/k-over.com\/it\/prodotto\/new-york\/","og_locale":"it_IT","og_type":"article","og_title":"New York | K-OVER","og_description":"Esalta il lusso con le nostre cover per bottiglie di champagne in argento massiccio, impreziosite dallo skyline di New York sapientemente cesellato. Eleganza, raffinatezza e unicit\u00e0 per veri intenditori.","og_url":"https:\/\/k-over.com\/it\/prodotto\/new-york\/","og_site_name":"K-OVER","article_modified_time":"2025-03-12T08:05:46+00:00","og_image":[{"width":1000,"height":1000,"url":"https:\/\/k-over.com\/wp-content\/uploads\/2025\/02\/01_NewYork_Front_Quad.jpg","type":"image\/jpeg"}],"twitter_card":"summary_large_image","twitter_misc":{"Tempo di lettura stimato":"3 minuti"},"schema":{"@context":"https:\/\/schema.org","@graph":[{"@type":"WebPage","@id":"https:\/\/k-over.com\/it\/prodotto\/new-york\/","url":"https:\/\/k-over.com\/it\/prodotto\/new-york\/","name":"New York | K-OVER","isPartOf":{"@id":"https:\/\/k-over.com\/?lang=en\/#website"},"primaryImageOfPage":{"@id":"https:\/\/k-over.com\/it\/prodotto\/new-york\/#primaryimage"},"image":{"@id":"https:\/\/k-over.com\/it\/prodotto\/new-york\/#primaryimage"},"thumbnailUrl":"https:\/\/k-over.com\/wp-content\/uploads\/2025\/02\/01_NewYork_Front_Quad.jpg","datePublished":"2025-03-10T18:28:10+00:00","dateModified":"2025-03-12T08:05:46+00:00","description":"Esalta il lusso con le nostre cover per bottiglie di champagne in argento massiccio, impreziosite dallo skyline di New York sapientemente cesellato. Eleganza, raffinatezza e unicit\u00e0 per veri intenditori.","breadcrumb":{"@id":"https:\/\/k-over.com\/it\/prodotto\/new-york\/#breadcrumb"},"inLanguage":"it-IT","potentialAction":[{"@type":"ReadAction","target":["https:\/\/k-over.com\/it\/prodotto\/new-york\/"]}]},{"@type":"ImageObject","inLanguage":"it-IT","@id":"https:\/\/k-over.com\/it\/prodotto\/new-york\/#primaryimage","url":"https:\/\/k-over.com\/wp-content\/uploads\/2025\/02\/01_NewYork_Front_Quad.jpg","contentUrl":"https:\/\/k-over.com\/wp-content\/uploads\/2025\/02\/01_NewYork_Front_Quad.jpg","width":1000,"height":1000,"caption":"New York Champagne Bottle Cover"},{"@type":"BreadcrumbList","@id":"https:\/\/k-over.com\/it\/prodotto\/new-york\/#breadcrumb","itemListElement":[{"@type":"ListItem","position":1,"name":"Home","item":"https:\/\/k-over.com\/it\/"},{"@type":"ListItem","position":2,"name":"Shop","item":"https:\/\/k-over.com\/it\/shop\/"},{"@type":"ListItem","position":3,"name":"New York"}]},{"@type":"WebSite","@id":"https:\/\/k-over.com\/?lang=en\/#website","url":"https:\/\/k-over.com\/?lang=en\/","name":"K-OVER","description":"Made in Italy","publisher":{"@id":"https:\/\/k-over.com\/?lang=en\/#organization"},"potentialAction":[{"@type":"SearchAction","target":{"@type":"EntryPoint","urlTemplate":"https:\/\/k-over.com\/?lang=en\/?s={search_term_string}"},"query-input":{"@type":"PropertyValueSpecification","valueRequired":true,"valueName":"search_term_string"}}],"inLanguage":"it-IT"},{"@type":"Organization","@id":"https:\/\/k-over.com\/?lang=en\/#organization","name":"K-OVER","url":"https:\/\/k-over.com\/?lang=en\/","logo":{"@type":"ImageObject","inLanguage":"it-IT","@id":"https:\/\/k-over.com\/?lang=en\/#\/schema\/logo\/image\/","url":"https:\/\/k-over.com\/wp-content\/uploads\/2023\/09\/Layer-1.svg","contentUrl":"https:\/\/k-over.com\/wp-content\/uploads\/2023\/09\/Layer-1.svg","width":47,"height":101,"caption":"K-OVER"},"image":{"@id":"https:\/\/k-over.com\/?lang=en\/#\/schema\/logo\/image\/"}}]}},"mfb_rest_fields":["title","yoast_head","yoast_head_json"],"_links":{"self":[{"href":"https:\/\/k-over.com\/it\/wp-json\/wp\/v2\/product\/10507","targetHints":{"allow":["GET"]}}],"collection":[{"href":"https:\/\/k-over.com\/it\/wp-json\/wp\/v2\/product"}],"about":[{"href":"https:\/\/k-over.com\/it\/wp-json\/wp\/v2\/types\/product"}],"wp:featuredmedia":[{"embeddable":true,"href":"https:\/\/k-over.com\/it\/wp-json\/wp\/v2\/media\/10194"}],"wp:attachment":[{"href":"https:\/\/k-over.com\/it\/wp-json\/wp\/v2\/media?parent=10507"}],"wp:term":[{"taxonomy":"product_brand","embeddable":true,"href":"https:\/\/k-over.com\/it\/wp-json\/wp\/v2\/product_brand?post=10507"},{"taxonomy":"product_cat","embeddable":true,"href":"https:\/\/k-over.com\/it\/wp-json\/wp\/v2\/product_cat?post=10507"},{"taxonomy":"product_tag","embeddable":true,"href":"https:\/\/k-over.com\/it\/wp-json\/wp\/v2\/product_tag?post=10507"}],"curies":[{"name":"wp","href":"https:\/\/api.w.org\/{rel}","templated":true}]}}