{"id":1925,"date":"2023-10-29T10:57:49","date_gmt":"2023-10-29T09:57:49","guid":{"rendered":"https:\/\/k-over.com\/?post_type=product&#038;p=1925"},"modified":"2024-12-28T00:37:23","modified_gmt":"2024-12-27T23:37:23","slug":"k-over-champagne-cover-gold-emerald-faberge","status":"publish","type":"product","link":"https:\/\/k-over.com\/it\/prodotto\/k-over-champagne-cover-gold-emerald-faberge\/","title":{"rendered":"Emerald"},"content":{"rendered":"<p>&nbsp;<\/p>\n<div style=\"width: 1280px;\" class=\"wp-video\"><video class=\"wp-video-shortcode\" id=\"video-1925-1\" width=\"1280\" height=\"720\" preload=\"metadata\" controls=\"controls\"><source type=\"video\/mp4\" src=\"https:\/\/k-over.com\/wp-content\/uploads\/2020\/11\/Emerald-video.mp4?_=1\" \/><a href=\"https:\/\/k-over.com\/wp-content\/uploads\/2020\/11\/Emerald-video.mp4\">https:\/\/k-over.com\/wp-content\/uploads\/2020\/11\/Emerald-video.mp4<\/a><\/video><\/div>\n<p>&nbsp;<\/p>\n<p>Questo copri-champagne \u00e8 un gioiello per arricchire la tua tavola. Infatti, l&#8217;artista ha trasformato il nostro puro argento 999\/\u00b0\u00b0<br \/>\nK-OVER in un prezioso scrigno per mantenere fredda la tua bottiglia di champagne.<\/p>\n<p>L&#8217;artista si \u00e8 ispirato al famoso Uovo di Faberg\u00e9 e ha\u2028saputo riprodurre perfettamente la bellezza e la raffinatezza delle uova prodotte dalla\u2028Casa di Faberg\u00e9. Inoltre, l&#8217;uovo simboleggia la vita; speriamo che i nostri clienti utilizzino il\u2028nostro K-OVER per celebrare i momenti pi\u00f9 importanti della loro vita.\u2028Il copri-champagne \u00e8 stato interamente realizzato a mano da Stefano Vigni, un maestro\u2028orafo fiorentino e Faberg\u00e9 workmaster. Il processo di produzione ha richiesto diversi\u2028mesi e le tecniche utilizzate sono sovrapposizione, cesellatura e pittura.<\/p>\n<p>Il valore fondamentale del prodotto \u00e8 dato dalla sua perfezione artistica. Infatti, l&#8217;artista ha lavorato\u2028su un unico pezzo di argento e la complessit\u00e0 del compito \u00e8 stata aumentata dal fatto che il\u2028lato opposto \u00e8 mancante. \u00c8 importante sottolineare anche la grande attenzione nella\u2028cesellatura di disegni geometrici. In futuro, sar\u00e0 difficile trovare un artista cos\u00ec talentuoso.\u2028Su richiesta \u00e8 possibile sostituire le pietre con diamanti, smeraldi, rubini, ecc.<\/p>\n<p><strong>Artist information<\/strong><\/p>\n<p><span style=\"font-weight: 400;\">Stefano Vigni \u00e8 nato a Firenze nel 1952. Molto interessato al mondo dell&#8217;arte, ha iniziato a lavorare quando aveva solo 14 anni. All&#8217;inizio della sua carriera ha lavorato come apprendista nei migliori laboratori fiorentini e ha realizzato importanti lavori per clienti come Tiffany e Bulgari. Inoltre, Stefano ha lavorato molto ed \u00e8 stato nominato &#8220;Faberg\u00e9 work master&#8221;. Di recente ha collaborato con K-OVER per il progetto Opere d&#8217;arte.<\/span><\/p>\n<p><strong>Technical features<\/strong><\/p>\n<p>K-OVER \u00e8 un marchio di P.M.P Firenze, un&#8217;azienda con oltre 40 anni di esperienza nel settore dell&#8217;argenteria. Le nostre coperture mantengono le vostre preziose bottiglie di champagne fresche fino a 2 ore.<\/p>\n<p>K-OVER \u00e8 riutilizzabile, svitando il tappo in basso, \u00e8 possibile cambiare facilmente la bottiglia. Ogni copertura per champagne \u00e8 unica ed \u00e8 stata esposta in eventi artistici e culturali o lanci privati di lusso. I K-OVER sono compatibili con bottiglie di champagne come Moet Et Chandon, Veuve Clicquot, Cristal, Pol Roger, Piper, Perrier Jouet, Taittinger, Mumm, Ferrari e Berlucchi.<\/p>\n<p>Tutte le nostre coperture per champagne e vino sono realizzate in argento massiccio 999\/\u00b0\u00b0, a differenza dell&#8217;uso tipico dell&#8217;argento sterling nell&#8217;argenteria. Questa scelta unica \u00e8 guidata da tre ragioni convincenti, vogliamo fornire ai nostri clienti un prodotto di alto valore e unico. La resistenza dell&#8217;argento puro all&#8217;ossidazione lo rende pi\u00f9 facile da pulire e lucidare. In ultimo, le propriet\u00e0 antibatteriche dell&#8217;argento ne assicurano l&#8217;uso sicuro con alimenti e bevande.<\/p>\n<p>Dimensioni: Diametro 10,5 cm<br \/>\nMateriale: Argento 999\/\u00b0\u00b0<br \/>\nPeso: 650 g<br \/>\nAltezza: 25,5 cm<\/p>\n<p>&nbsp;<\/p>\n","protected":false},"excerpt":{"rendered":"<p><strong>Typologia<br \/>\n<\/strong>Champagne cover<\/p>\n<p><strong>Materiale<br \/>\n<\/strong>Argento Massiccio 999\/\u00b0\u00b0<\/p>\n<p><strong>2020, Italy<\/strong><\/p>\n","protected":false},"featured_media":4492,"template":"","meta":{"_acf_changed":false,"_crdt_document":"","inline_featured_image":false},"product_brand":[],"product_cat":[306],"product_tag":[307],"class_list":{"0":"post-1925","1":"product","2":"type-product","3":"status-publish","4":"has-post-thumbnail","6":"product_cat-champagne-cover-it","7":"product_tag-opere-darte","9":"first","10":"instock","11":"taxable","12":"shipping-taxable","13":"purchasable","14":"product-type-simple"},"acf":[],"mb":[],"yoast_head":"<!-- This site is optimized with the Yoast SEO plugin v27.3 - https:\/\/yoast.com\/product\/yoast-seo-wordpress\/ -->\n<title>Emerald | K-OVER<\/title>\n<meta name=\"robots\" content=\"index, follow, max-snippet:-1, max-image-preview:large, max-video-preview:-1\" \/>\n<link rel=\"canonical\" href=\"https:\/\/k-over.com\/it\/prodotto\/k-over-champagne-cover-gold-emerald-faberge\/\" \/>\n<meta property=\"og:locale\" content=\"it_IT\" \/>\n<meta property=\"og:type\" content=\"article\" \/>\n<meta property=\"og:title\" content=\"Emerald | K-OVER\" \/>\n<meta property=\"og:description\" content=\"Typologia Champagne cover  Materiale Argento Massiccio 999\/\u00b0\u00b0  2020, Italy\" \/>\n<meta property=\"og:url\" content=\"https:\/\/k-over.com\/it\/prodotto\/k-over-champagne-cover-gold-emerald-faberge\/\" \/>\n<meta property=\"og:site_name\" content=\"K-OVER\" \/>\n<meta property=\"article:modified_time\" content=\"2024-12-27T23:37:23+00:00\" \/>\n<meta property=\"og:image\" content=\"https:\/\/k-over.com\/wp-content\/uploads\/2020\/11\/Emerald_Front.webp\" \/>\n\t<meta property=\"og:image:width\" content=\"960\" \/>\n\t<meta property=\"og:image:height\" content=\"1444\" \/>\n\t<meta property=\"og:image:type\" content=\"image\/webp\" \/>\n<meta name=\"twitter:card\" content=\"summary_large_image\" \/>\n<meta name=\"twitter:label1\" content=\"Tempo di lettura stimato\" \/>\n\t<meta name=\"twitter:data1\" content=\"3 minuti\" \/>\n<script type=\"application\/ld+json\" class=\"yoast-schema-graph\">{\"@context\":\"https:\\\/\\\/schema.org\",\"@graph\":[{\"@type\":\"WebPage\",\"@id\":\"https:\\\/\\\/k-over.com\\\/it\\\/prodotto\\\/k-over-champagne-cover-gold-emerald-faberge\\\/\",\"url\":\"https:\\\/\\\/k-over.com\\\/it\\\/prodotto\\\/k-over-champagne-cover-gold-emerald-faberge\\\/\",\"name\":\"Emerald | K-OVER\",\"isPartOf\":{\"@id\":\"https:\\\/\\\/k-over.com\\\/?lang=en\\\/#website\"},\"primaryImageOfPage\":{\"@id\":\"https:\\\/\\\/k-over.com\\\/it\\\/prodotto\\\/k-over-champagne-cover-gold-emerald-faberge\\\/#primaryimage\"},\"image\":{\"@id\":\"https:\\\/\\\/k-over.com\\\/it\\\/prodotto\\\/k-over-champagne-cover-gold-emerald-faberge\\\/#primaryimage\"},\"thumbnailUrl\":\"https:\\\/\\\/k-over.com\\\/wp-content\\\/uploads\\\/2020\\\/11\\\/Emerald_Front.webp\",\"datePublished\":\"2023-10-29T09:57:49+00:00\",\"dateModified\":\"2024-12-27T23:37:23+00:00\",\"breadcrumb\":{\"@id\":\"https:\\\/\\\/k-over.com\\\/it\\\/prodotto\\\/k-over-champagne-cover-gold-emerald-faberge\\\/#breadcrumb\"},\"inLanguage\":\"it-IT\",\"potentialAction\":[{\"@type\":\"ReadAction\",\"target\":[\"https:\\\/\\\/k-over.com\\\/it\\\/prodotto\\\/k-over-champagne-cover-gold-emerald-faberge\\\/\"]}]},{\"@type\":\"ImageObject\",\"inLanguage\":\"it-IT\",\"@id\":\"https:\\\/\\\/k-over.com\\\/it\\\/prodotto\\\/k-over-champagne-cover-gold-emerald-faberge\\\/#primaryimage\",\"url\":\"https:\\\/\\\/k-over.com\\\/wp-content\\\/uploads\\\/2020\\\/11\\\/Emerald_Front.webp\",\"contentUrl\":\"https:\\\/\\\/k-over.com\\\/wp-content\\\/uploads\\\/2020\\\/11\\\/Emerald_Front.webp\",\"width\":960,\"height\":1444,\"caption\":\"Front of the Stefano Vigni's Champagne bottle cover Emerald. Inspired by the renowned Faberg\u00e9 Eggs\"},{\"@type\":\"BreadcrumbList\",\"@id\":\"https:\\\/\\\/k-over.com\\\/it\\\/prodotto\\\/k-over-champagne-cover-gold-emerald-faberge\\\/#breadcrumb\",\"itemListElement\":[{\"@type\":\"ListItem\",\"position\":1,\"name\":\"Home\",\"item\":\"https:\\\/\\\/k-over.com\\\/it\\\/\"},{\"@type\":\"ListItem\",\"position\":2,\"name\":\"Shop\",\"item\":\"https:\\\/\\\/k-over.com\\\/it\\\/shop\\\/\"},{\"@type\":\"ListItem\",\"position\":3,\"name\":\"Emerald\"}]},{\"@type\":\"WebSite\",\"@id\":\"https:\\\/\\\/k-over.com\\\/?lang=en\\\/#website\",\"url\":\"https:\\\/\\\/k-over.com\\\/?lang=en\\\/\",\"name\":\"K-OVER\",\"description\":\"Made in Italy\",\"publisher\":{\"@id\":\"https:\\\/\\\/k-over.com\\\/?lang=en\\\/#organization\"},\"potentialAction\":[{\"@type\":\"SearchAction\",\"target\":{\"@type\":\"EntryPoint\",\"urlTemplate\":\"https:\\\/\\\/k-over.com\\\/?lang=en\\\/?s={search_term_string}\"},\"query-input\":{\"@type\":\"PropertyValueSpecification\",\"valueRequired\":true,\"valueName\":\"search_term_string\"}}],\"inLanguage\":\"it-IT\"},{\"@type\":\"Organization\",\"@id\":\"https:\\\/\\\/k-over.com\\\/?lang=en\\\/#organization\",\"name\":\"K-OVER\",\"url\":\"https:\\\/\\\/k-over.com\\\/?lang=en\\\/\",\"logo\":{\"@type\":\"ImageObject\",\"inLanguage\":\"it-IT\",\"@id\":\"https:\\\/\\\/k-over.com\\\/?lang=en\\\/#\\\/schema\\\/logo\\\/image\\\/\",\"url\":\"https:\\\/\\\/k-over.com\\\/wp-content\\\/uploads\\\/2023\\\/09\\\/Layer-1.svg\",\"contentUrl\":\"https:\\\/\\\/k-over.com\\\/wp-content\\\/uploads\\\/2023\\\/09\\\/Layer-1.svg\",\"width\":47,\"height\":101,\"caption\":\"K-OVER\"},\"image\":{\"@id\":\"https:\\\/\\\/k-over.com\\\/?lang=en\\\/#\\\/schema\\\/logo\\\/image\\\/\"}}]}<\/script>\n<!-- \/ Yoast SEO plugin. -->","yoast_head_json":{"title":"Emerald | K-OVER","robots":{"index":"index","follow":"follow","max-snippet":"max-snippet:-1","max-image-preview":"max-image-preview:large","max-video-preview":"max-video-preview:-1"},"canonical":"https:\/\/k-over.com\/it\/prodotto\/k-over-champagne-cover-gold-emerald-faberge\/","og_locale":"it_IT","og_type":"article","og_title":"Emerald | K-OVER","og_description":"Typologia Champagne cover  Materiale Argento Massiccio 999\/\u00b0\u00b0  2020, Italy","og_url":"https:\/\/k-over.com\/it\/prodotto\/k-over-champagne-cover-gold-emerald-faberge\/","og_site_name":"K-OVER","article_modified_time":"2024-12-27T23:37:23+00:00","og_image":[{"width":960,"height":1444,"url":"https:\/\/k-over.com\/wp-content\/uploads\/2020\/11\/Emerald_Front.webp","type":"image\/webp"}],"twitter_card":"summary_large_image","twitter_misc":{"Tempo di lettura stimato":"3 minuti"},"schema":{"@context":"https:\/\/schema.org","@graph":[{"@type":"WebPage","@id":"https:\/\/k-over.com\/it\/prodotto\/k-over-champagne-cover-gold-emerald-faberge\/","url":"https:\/\/k-over.com\/it\/prodotto\/k-over-champagne-cover-gold-emerald-faberge\/","name":"Emerald | K-OVER","isPartOf":{"@id":"https:\/\/k-over.com\/?lang=en\/#website"},"primaryImageOfPage":{"@id":"https:\/\/k-over.com\/it\/prodotto\/k-over-champagne-cover-gold-emerald-faberge\/#primaryimage"},"image":{"@id":"https:\/\/k-over.com\/it\/prodotto\/k-over-champagne-cover-gold-emerald-faberge\/#primaryimage"},"thumbnailUrl":"https:\/\/k-over.com\/wp-content\/uploads\/2020\/11\/Emerald_Front.webp","datePublished":"2023-10-29T09:57:49+00:00","dateModified":"2024-12-27T23:37:23+00:00","breadcrumb":{"@id":"https:\/\/k-over.com\/it\/prodotto\/k-over-champagne-cover-gold-emerald-faberge\/#breadcrumb"},"inLanguage":"it-IT","potentialAction":[{"@type":"ReadAction","target":["https:\/\/k-over.com\/it\/prodotto\/k-over-champagne-cover-gold-emerald-faberge\/"]}]},{"@type":"ImageObject","inLanguage":"it-IT","@id":"https:\/\/k-over.com\/it\/prodotto\/k-over-champagne-cover-gold-emerald-faberge\/#primaryimage","url":"https:\/\/k-over.com\/wp-content\/uploads\/2020\/11\/Emerald_Front.webp","contentUrl":"https:\/\/k-over.com\/wp-content\/uploads\/2020\/11\/Emerald_Front.webp","width":960,"height":1444,"caption":"Front of the Stefano Vigni's Champagne bottle cover Emerald. Inspired by the renowned Faberg\u00e9 Eggs"},{"@type":"BreadcrumbList","@id":"https:\/\/k-over.com\/it\/prodotto\/k-over-champagne-cover-gold-emerald-faberge\/#breadcrumb","itemListElement":[{"@type":"ListItem","position":1,"name":"Home","item":"https:\/\/k-over.com\/it\/"},{"@type":"ListItem","position":2,"name":"Shop","item":"https:\/\/k-over.com\/it\/shop\/"},{"@type":"ListItem","position":3,"name":"Emerald"}]},{"@type":"WebSite","@id":"https:\/\/k-over.com\/?lang=en\/#website","url":"https:\/\/k-over.com\/?lang=en\/","name":"K-OVER","description":"Made in Italy","publisher":{"@id":"https:\/\/k-over.com\/?lang=en\/#organization"},"potentialAction":[{"@type":"SearchAction","target":{"@type":"EntryPoint","urlTemplate":"https:\/\/k-over.com\/?lang=en\/?s={search_term_string}"},"query-input":{"@type":"PropertyValueSpecification","valueRequired":true,"valueName":"search_term_string"}}],"inLanguage":"it-IT"},{"@type":"Organization","@id":"https:\/\/k-over.com\/?lang=en\/#organization","name":"K-OVER","url":"https:\/\/k-over.com\/?lang=en\/","logo":{"@type":"ImageObject","inLanguage":"it-IT","@id":"https:\/\/k-over.com\/?lang=en\/#\/schema\/logo\/image\/","url":"https:\/\/k-over.com\/wp-content\/uploads\/2023\/09\/Layer-1.svg","contentUrl":"https:\/\/k-over.com\/wp-content\/uploads\/2023\/09\/Layer-1.svg","width":47,"height":101,"caption":"K-OVER"},"image":{"@id":"https:\/\/k-over.com\/?lang=en\/#\/schema\/logo\/image\/"}}]}},"mfb_rest_fields":["title","yoast_head","yoast_head_json"],"_links":{"self":[{"href":"https:\/\/k-over.com\/it\/wp-json\/wp\/v2\/product\/1925","targetHints":{"allow":["GET"]}}],"collection":[{"href":"https:\/\/k-over.com\/it\/wp-json\/wp\/v2\/product"}],"about":[{"href":"https:\/\/k-over.com\/it\/wp-json\/wp\/v2\/types\/product"}],"wp:featuredmedia":[{"embeddable":true,"href":"https:\/\/k-over.com\/it\/wp-json\/wp\/v2\/media\/4492"}],"wp:attachment":[{"href":"https:\/\/k-over.com\/it\/wp-json\/wp\/v2\/media?parent=1925"}],"wp:term":[{"taxonomy":"product_brand","embeddable":true,"href":"https:\/\/k-over.com\/it\/wp-json\/wp\/v2\/product_brand?post=1925"},{"taxonomy":"product_cat","embeddable":true,"href":"https:\/\/k-over.com\/it\/wp-json\/wp\/v2\/product_cat?post=1925"},{"taxonomy":"product_tag","embeddable":true,"href":"https:\/\/k-over.com\/it\/wp-json\/wp\/v2\/product_tag?post=1925"}],"curies":[{"name":"wp","href":"https:\/\/api.w.org\/{rel}","templated":true}]}}