{"id":2001,"date":"2023-10-28T09:49:46","date_gmt":"2023-10-28T07:49:46","guid":{"rendered":"https:\/\/k-over.com\/?post_type=product&#038;p=2001"},"modified":"2024-12-28T00:37:23","modified_gmt":"2024-12-27T23:37:23","slug":"silver-cherry-blossoms-k-over-bottles","status":"publish","type":"product","link":"https:\/\/k-over.com\/it\/prodotto\/silver-cherry-blossoms-k-over-bottles\/","title":{"rendered":"Cherry Blossoms"},"content":{"rendered":"<p>&nbsp;<\/p>\n<p><iframe loading=\"lazy\" title=\"Cherry blossom 360\u00b0 video\" src=\"https:\/\/player.vimeo.com\/video\/839691359?title=0&amp;byline=0&amp;portrait=0&amp;speed=0&amp;badge=0&amp;autopause=0&amp;player_id=0&amp;app_id=58479\" width=\"1920\" height=\"1080\" frameborder=\"0\" allowfullscreen=\"allowfullscreen\"><\/iframe><\/p>\n<p>&nbsp;<\/p>\n<p>Questa preziosa glacette per champagne appartiene alla nostra collezione Opera d&#8217;arte. L&#8217;opera \u00e8 stata realizzata da un artista giapponese che voleva celebrare il suo paese natale. Infatti, ha cesellato su un K-OVER in puro argento 999\/\u00b0\u00b0 un fiore di ciliegio. Questo capolavoro \u00e8 stato esposto al Four Season (2019, Firenze), Cannes Yachting Festival (2019, Cannes) e Origin (2019, Milano).<\/p>\n<p>La glacette \u00e8 stata interamente realizzata a mano da Mary Yoshida, una maestra argentiera giapponese. Il processo di produzione ha richiesto diversi mesi e le tecniche utilizzate sono il sorpasso e la cesellatura. Il valore fondamentale del prodotto \u00e8 dato dalla sua perfezione artistica. Infatti, l&#8217;artista ha lavorato un singolo pezzo di argento e la complessit\u00e0 del compito \u00e8 stata aumentata dal fatto che il lato inverso \u00e8 mancante. \u00c8 importante anche sottolineare la grande attenzione prestata nel cesellare i fiori. Inoltre, la copertura \u00e8 arricchita da alcune incastonature in madreperla.<\/p>\n<p><strong>Artist information<\/strong><\/p>\n<p>Mary Yoshida \u00e8 nata a Yokohama, dove si \u00e8 laureata alla Waseda University. Nel 2000 ha iniziato a studiare gioielleria a Tokyo e poi si \u00e8 trasferita a Firenze. L\u00ec, ha continuato gli studi alla Scuola Perseo. All&#8217;inizio della sua carriera ha lavorato nel laboratorio Foglia e nel 2012 ha aperto il suo laboratorio.<\/p>\n<p><strong>Technical features<\/strong><\/p>\n<p>K-OVER \u00e8 un marchio di P.M.P Firenze, un&#8217;azienda con oltre 40 anni di esperienza nel settore dell&#8217;argenteria. Lavorare in questo mercato per un periodo cos\u00ec lungo ci ha permesso di sviluppare un prodotto completamente nuovo, una nuova glacette. Infatti, le nostre coperture possono mantenere fresche le vostre preziose bottiglie di champagne. La copertura pu\u00f2 essere utilizzata tutte le volte che si desidera: svitando il tappo nella parte inferiore della copertura \u00e8 possibile cambiare il champagne. Tutte le coperture sono nuove e sono state esposte solo in eventi pubblici. Le coperture sono adatte per bottiglie champenoise come Moet Et Chandon, Veuve Clicquot, Cristal, Pol Roger, Piper, Perrier Jouet, Taittinger, Mumm, Ferrari, Berlucchi.<\/p>\n<p>Tutte le nostre coperture per champagne sono prodotte in argento massiccio 999\/\u00b0\u00b0. L&#8217;uso di materiale puro \u00e8 una novit\u00e0, infatti, l&#8217;argenteria \u00e8 solitamente prodotta in argento sterling. La nostra scelta pu\u00f2 essere spiegata da tre motivi. In primo luogo, vogliamo fornire un prodotto di alto valore ai nostri clienti. In secondo luogo, l&#8217;argento puro \u00e8 difficile da ossidare, quindi \u00e8 pi\u00f9 facile da pulire. Infine, l&#8217;argento ha una propriet\u00e0 antibatterica che lo rende sicuro.<\/p>\n<p>Dimensioni: diametro 10,5 cm<br \/>\nMateriale: Argento 999\/\u00b0\u00b0<br \/>\nPeso: 650 g<br \/>\nAltezza: 25,5 cm<\/p>\n","protected":false},"excerpt":{"rendered":"<p><strong>Typologia<br \/>\n<\/strong>Champagne cover<\/p>\n<p><strong>Materiale<br \/>\n<\/strong>Argento Massiccio 999\/\u00b0\u00b0<\/p>\n<p><strong>2019, Italy<\/strong><\/p>\n","protected":false},"featured_media":4138,"template":"","meta":{"_acf_changed":false,"_crdt_document":"","inline_featured_image":false},"product_brand":[],"product_cat":[306],"product_tag":[238],"class_list":{"0":"post-2001","1":"product","2":"type-product","3":"status-publish","4":"has-post-thumbnail","6":"product_cat-champagne-cover-it","7":"product_tag-natura","9":"first","10":"instock","11":"taxable","12":"shipping-taxable","13":"purchasable","14":"product-type-simple"},"acf":[],"mb":[],"yoast_head":"<!-- This site is optimized with the Yoast SEO plugin v27.3 - https:\/\/yoast.com\/product\/yoast-seo-wordpress\/ -->\n<title>Cherry Blossoms | K-OVER<\/title>\n<meta name=\"robots\" content=\"index, follow, max-snippet:-1, max-image-preview:large, max-video-preview:-1\" \/>\n<link rel=\"canonical\" href=\"https:\/\/k-over.com\/it\/prodotto\/silver-cherry-blossoms-k-over-bottles\/\" \/>\n<meta property=\"og:locale\" content=\"it_IT\" \/>\n<meta property=\"og:type\" content=\"article\" \/>\n<meta property=\"og:title\" content=\"Cherry Blossoms | K-OVER\" \/>\n<meta property=\"og:description\" content=\"Typologia Champagne cover  Materiale Argento Massiccio 999\/\u00b0\u00b0  2019, Italy\" \/>\n<meta property=\"og:url\" content=\"https:\/\/k-over.com\/it\/prodotto\/silver-cherry-blossoms-k-over-bottles\/\" \/>\n<meta property=\"og:site_name\" content=\"K-OVER\" \/>\n<meta property=\"article:modified_time\" content=\"2024-12-27T23:37:23+00:00\" \/>\n<meta property=\"og:image\" content=\"https:\/\/k-over.com\/wp-content\/uploads\/2020\/11\/Cherry-Blossoms-scaled.jpg\" \/>\n\t<meta property=\"og:image:width\" content=\"1702\" \/>\n\t<meta property=\"og:image:height\" content=\"2560\" \/>\n\t<meta property=\"og:image:type\" content=\"image\/jpeg\" \/>\n<meta name=\"twitter:card\" content=\"summary_large_image\" \/>\n<meta name=\"twitter:label1\" content=\"Tempo di lettura stimato\" \/>\n\t<meta name=\"twitter:data1\" content=\"3 minuti\" \/>\n<script type=\"application\/ld+json\" class=\"yoast-schema-graph\">{\"@context\":\"https:\\\/\\\/schema.org\",\"@graph\":[{\"@type\":\"WebPage\",\"@id\":\"https:\\\/\\\/k-over.com\\\/it\\\/prodotto\\\/silver-cherry-blossoms-k-over-bottles\\\/\",\"url\":\"https:\\\/\\\/k-over.com\\\/it\\\/prodotto\\\/silver-cherry-blossoms-k-over-bottles\\\/\",\"name\":\"Cherry Blossoms | K-OVER\",\"isPartOf\":{\"@id\":\"https:\\\/\\\/k-over.com\\\/?lang=en\\\/#website\"},\"primaryImageOfPage\":{\"@id\":\"https:\\\/\\\/k-over.com\\\/it\\\/prodotto\\\/silver-cherry-blossoms-k-over-bottles\\\/#primaryimage\"},\"image\":{\"@id\":\"https:\\\/\\\/k-over.com\\\/it\\\/prodotto\\\/silver-cherry-blossoms-k-over-bottles\\\/#primaryimage\"},\"thumbnailUrl\":\"https:\\\/\\\/k-over.com\\\/wp-content\\\/uploads\\\/2020\\\/11\\\/Cherry-Blossoms-scaled.jpg\",\"datePublished\":\"2023-10-28T07:49:46+00:00\",\"dateModified\":\"2024-12-27T23:37:23+00:00\",\"breadcrumb\":{\"@id\":\"https:\\\/\\\/k-over.com\\\/it\\\/prodotto\\\/silver-cherry-blossoms-k-over-bottles\\\/#breadcrumb\"},\"inLanguage\":\"it-IT\",\"potentialAction\":[{\"@type\":\"ReadAction\",\"target\":[\"https:\\\/\\\/k-over.com\\\/it\\\/prodotto\\\/silver-cherry-blossoms-k-over-bottles\\\/\"]}]},{\"@type\":\"ImageObject\",\"inLanguage\":\"it-IT\",\"@id\":\"https:\\\/\\\/k-over.com\\\/it\\\/prodotto\\\/silver-cherry-blossoms-k-over-bottles\\\/#primaryimage\",\"url\":\"https:\\\/\\\/k-over.com\\\/wp-content\\\/uploads\\\/2020\\\/11\\\/Cherry-Blossoms-scaled.jpg\",\"contentUrl\":\"https:\\\/\\\/k-over.com\\\/wp-content\\\/uploads\\\/2020\\\/11\\\/Cherry-Blossoms-scaled.jpg\",\"width\":1702,\"height\":2560,\"caption\":\"Front of Cherry Blossoms Champagne Bottle Cover\"},{\"@type\":\"BreadcrumbList\",\"@id\":\"https:\\\/\\\/k-over.com\\\/it\\\/prodotto\\\/silver-cherry-blossoms-k-over-bottles\\\/#breadcrumb\",\"itemListElement\":[{\"@type\":\"ListItem\",\"position\":1,\"name\":\"Home\",\"item\":\"https:\\\/\\\/k-over.com\\\/it\\\/\"},{\"@type\":\"ListItem\",\"position\":2,\"name\":\"Shop\",\"item\":\"https:\\\/\\\/k-over.com\\\/it\\\/shop\\\/\"},{\"@type\":\"ListItem\",\"position\":3,\"name\":\"Cherry Blossoms\"}]},{\"@type\":\"WebSite\",\"@id\":\"https:\\\/\\\/k-over.com\\\/?lang=en\\\/#website\",\"url\":\"https:\\\/\\\/k-over.com\\\/?lang=en\\\/\",\"name\":\"K-OVER\",\"description\":\"Made in Italy\",\"publisher\":{\"@id\":\"https:\\\/\\\/k-over.com\\\/?lang=en\\\/#organization\"},\"potentialAction\":[{\"@type\":\"SearchAction\",\"target\":{\"@type\":\"EntryPoint\",\"urlTemplate\":\"https:\\\/\\\/k-over.com\\\/?lang=en\\\/?s={search_term_string}\"},\"query-input\":{\"@type\":\"PropertyValueSpecification\",\"valueRequired\":true,\"valueName\":\"search_term_string\"}}],\"inLanguage\":\"it-IT\"},{\"@type\":\"Organization\",\"@id\":\"https:\\\/\\\/k-over.com\\\/?lang=en\\\/#organization\",\"name\":\"K-OVER\",\"url\":\"https:\\\/\\\/k-over.com\\\/?lang=en\\\/\",\"logo\":{\"@type\":\"ImageObject\",\"inLanguage\":\"it-IT\",\"@id\":\"https:\\\/\\\/k-over.com\\\/?lang=en\\\/#\\\/schema\\\/logo\\\/image\\\/\",\"url\":\"https:\\\/\\\/k-over.com\\\/wp-content\\\/uploads\\\/2023\\\/09\\\/Layer-1.svg\",\"contentUrl\":\"https:\\\/\\\/k-over.com\\\/wp-content\\\/uploads\\\/2023\\\/09\\\/Layer-1.svg\",\"width\":47,\"height\":101,\"caption\":\"K-OVER\"},\"image\":{\"@id\":\"https:\\\/\\\/k-over.com\\\/?lang=en\\\/#\\\/schema\\\/logo\\\/image\\\/\"}}]}<\/script>\n<!-- \/ Yoast SEO plugin. -->","yoast_head_json":{"title":"Cherry Blossoms | K-OVER","robots":{"index":"index","follow":"follow","max-snippet":"max-snippet:-1","max-image-preview":"max-image-preview:large","max-video-preview":"max-video-preview:-1"},"canonical":"https:\/\/k-over.com\/it\/prodotto\/silver-cherry-blossoms-k-over-bottles\/","og_locale":"it_IT","og_type":"article","og_title":"Cherry Blossoms | K-OVER","og_description":"Typologia Champagne cover  Materiale Argento Massiccio 999\/\u00b0\u00b0  2019, Italy","og_url":"https:\/\/k-over.com\/it\/prodotto\/silver-cherry-blossoms-k-over-bottles\/","og_site_name":"K-OVER","article_modified_time":"2024-12-27T23:37:23+00:00","og_image":[{"width":1702,"height":2560,"url":"https:\/\/k-over.com\/wp-content\/uploads\/2020\/11\/Cherry-Blossoms-scaled.jpg","type":"image\/jpeg"}],"twitter_card":"summary_large_image","twitter_misc":{"Tempo di lettura stimato":"3 minuti"},"schema":{"@context":"https:\/\/schema.org","@graph":[{"@type":"WebPage","@id":"https:\/\/k-over.com\/it\/prodotto\/silver-cherry-blossoms-k-over-bottles\/","url":"https:\/\/k-over.com\/it\/prodotto\/silver-cherry-blossoms-k-over-bottles\/","name":"Cherry Blossoms | K-OVER","isPartOf":{"@id":"https:\/\/k-over.com\/?lang=en\/#website"},"primaryImageOfPage":{"@id":"https:\/\/k-over.com\/it\/prodotto\/silver-cherry-blossoms-k-over-bottles\/#primaryimage"},"image":{"@id":"https:\/\/k-over.com\/it\/prodotto\/silver-cherry-blossoms-k-over-bottles\/#primaryimage"},"thumbnailUrl":"https:\/\/k-over.com\/wp-content\/uploads\/2020\/11\/Cherry-Blossoms-scaled.jpg","datePublished":"2023-10-28T07:49:46+00:00","dateModified":"2024-12-27T23:37:23+00:00","breadcrumb":{"@id":"https:\/\/k-over.com\/it\/prodotto\/silver-cherry-blossoms-k-over-bottles\/#breadcrumb"},"inLanguage":"it-IT","potentialAction":[{"@type":"ReadAction","target":["https:\/\/k-over.com\/it\/prodotto\/silver-cherry-blossoms-k-over-bottles\/"]}]},{"@type":"ImageObject","inLanguage":"it-IT","@id":"https:\/\/k-over.com\/it\/prodotto\/silver-cherry-blossoms-k-over-bottles\/#primaryimage","url":"https:\/\/k-over.com\/wp-content\/uploads\/2020\/11\/Cherry-Blossoms-scaled.jpg","contentUrl":"https:\/\/k-over.com\/wp-content\/uploads\/2020\/11\/Cherry-Blossoms-scaled.jpg","width":1702,"height":2560,"caption":"Front of Cherry Blossoms Champagne Bottle Cover"},{"@type":"BreadcrumbList","@id":"https:\/\/k-over.com\/it\/prodotto\/silver-cherry-blossoms-k-over-bottles\/#breadcrumb","itemListElement":[{"@type":"ListItem","position":1,"name":"Home","item":"https:\/\/k-over.com\/it\/"},{"@type":"ListItem","position":2,"name":"Shop","item":"https:\/\/k-over.com\/it\/shop\/"},{"@type":"ListItem","position":3,"name":"Cherry Blossoms"}]},{"@type":"WebSite","@id":"https:\/\/k-over.com\/?lang=en\/#website","url":"https:\/\/k-over.com\/?lang=en\/","name":"K-OVER","description":"Made in Italy","publisher":{"@id":"https:\/\/k-over.com\/?lang=en\/#organization"},"potentialAction":[{"@type":"SearchAction","target":{"@type":"EntryPoint","urlTemplate":"https:\/\/k-over.com\/?lang=en\/?s={search_term_string}"},"query-input":{"@type":"PropertyValueSpecification","valueRequired":true,"valueName":"search_term_string"}}],"inLanguage":"it-IT"},{"@type":"Organization","@id":"https:\/\/k-over.com\/?lang=en\/#organization","name":"K-OVER","url":"https:\/\/k-over.com\/?lang=en\/","logo":{"@type":"ImageObject","inLanguage":"it-IT","@id":"https:\/\/k-over.com\/?lang=en\/#\/schema\/logo\/image\/","url":"https:\/\/k-over.com\/wp-content\/uploads\/2023\/09\/Layer-1.svg","contentUrl":"https:\/\/k-over.com\/wp-content\/uploads\/2023\/09\/Layer-1.svg","width":47,"height":101,"caption":"K-OVER"},"image":{"@id":"https:\/\/k-over.com\/?lang=en\/#\/schema\/logo\/image\/"}}]}},"mfb_rest_fields":["title","yoast_head","yoast_head_json"],"_links":{"self":[{"href":"https:\/\/k-over.com\/it\/wp-json\/wp\/v2\/product\/2001","targetHints":{"allow":["GET"]}}],"collection":[{"href":"https:\/\/k-over.com\/it\/wp-json\/wp\/v2\/product"}],"about":[{"href":"https:\/\/k-over.com\/it\/wp-json\/wp\/v2\/types\/product"}],"wp:featuredmedia":[{"embeddable":true,"href":"https:\/\/k-over.com\/it\/wp-json\/wp\/v2\/media\/4138"}],"wp:attachment":[{"href":"https:\/\/k-over.com\/it\/wp-json\/wp\/v2\/media?parent=2001"}],"wp:term":[{"taxonomy":"product_brand","embeddable":true,"href":"https:\/\/k-over.com\/it\/wp-json\/wp\/v2\/product_brand?post=2001"},{"taxonomy":"product_cat","embeddable":true,"href":"https:\/\/k-over.com\/it\/wp-json\/wp\/v2\/product_cat?post=2001"},{"taxonomy":"product_tag","embeddable":true,"href":"https:\/\/k-over.com\/it\/wp-json\/wp\/v2\/product_tag?post=2001"}],"curies":[{"name":"wp","href":"https:\/\/api.w.org\/{rel}","templated":true}]}}