{"id":2002,"date":"2023-10-29T09:49:46","date_gmt":"2023-10-29T08:49:46","guid":{"rendered":"https:\/\/k-over.com\/?post_type=product&#038;p=2002"},"modified":"2024-12-28T00:37:23","modified_gmt":"2024-12-27T23:37:23","slug":"silver-battaglia-di-porta-camollia-k-over-bottles","status":"publish","type":"product","link":"https:\/\/k-over.com\/it\/prodotto\/silver-battaglia-di-porta-camollia-k-over-bottles\/","title":{"rendered":"Battaglia di Porta Camollia"},"content":{"rendered":"<p>&nbsp;<\/p>\n<div style=\"width: 1920px;\" class=\"wp-video\"><video class=\"wp-video-shortcode\" id=\"video-2002-1\" width=\"1920\" height=\"1080\" preload=\"metadata\" controls=\"controls\"><source type=\"video\/mp4\" src=\"https:\/\/k-over.com\/wp-content\/uploads\/2020\/11\/Battaglia-di-Camollia-360\u00b0-video.mp4?_=1\" \/><a href=\"https:\/\/k-over.com\/wp-content\/uploads\/2020\/11\/Battaglia-di-Camollia-360\u00b0-video.mp4\">https:\/\/k-over.com\/wp-content\/uploads\/2020\/11\/Battaglia-di-Camollia-360\u00b0-video.mp4<\/a><\/video><\/div>\n<p>&nbsp;<\/p>\n<p>Questa preziosa glacette \u00e8 una vera opera d&#8217;arte. Infatti, siamo riusciti a riprodurre il famoso affresco &#8220;Battaglia di Porta Camollia&#8221; (di Giorgio Vasari) su un K-OVER in puro argento 999\/\u00b0\u00b0. L&#8217;artista ha raffigurato ci\u00f2 che accadde durante la notte del 26 gennaio 1554: l&#8217;attacco di uno dei forti senesi, vicino a Porta Camollia, che segn\u00f2 l&#8217;inizio della guerra tra Siena e Firenze.<\/p>\n<p>Il K-OVER \u00e8 stato completamente realizzato a mano da Giuliano Foglia, un maestro orafo fiorentino. Il processo di produzione ha richiesto diversi mesi e le tecniche utilizzate sono il sovrapposizionamento e la cesellatura. Il valore fondamentale del prodotto \u00e8 dato dalla sua perfezione artistica. Infatti, l&#8217;artista ha lavorato un unico pezzo d&#8217;argento e la complessit\u00e0 del compito \u00e8 stata aumentata dal fatto che manca il lato rovescio. \u00c8 inoltre importante sottolineare la grande attenzione nella cesellatura dei corpi umani. In futuro, sar\u00e0 difficile trovare un artista cos\u00ec talentuoso.<\/p>\n<p>Questo capolavoro \u00e8 stato esposto al Four Season (2019, Firenze), al Cannes Yachting Festival (2019, Cannes) e a Origin (2019, Milano).<\/p>\n<p><strong>Artist information<\/strong><\/p>\n<p>Giuliano Foglia \u00e8 nato nel 1947 a Firenze. Negli anni &#8217;60, nonostante la sua giovane et\u00e0, Giuliano inizi\u00f2 a lavorare con suo padre nel laboratorio di famiglia. L\u00ec, ha imparato a progettare, sovrapporre e cesellare. Durante la sua lunga carriera ha realizzato Madonne, scene settecentesche e fontane. I suoi capolavori sono il Calice di San Galgano e le Coppe per il Gran Premio di San Marino (F1). Grazie alla sua lunga esperienza, oggi \u00e8 considerato uno dei migliori cesellatori in Italia. Di recente ha lavorato con K-Over per il progetto Opere d&#8217;Arte.<\/p>\n<p><strong>Technical features<\/strong><\/p>\n<p>K-OVER \u00e8 un marchio di P.M.P Firenze, un&#8217;azienda con oltre 40 anni di esperienza nel settore dell&#8217;argenteria. Le nostre coperture mantengono le vostre preziose bottiglie di champagne fresche fino a 2 ore.<\/p>\n<p>K-OVER \u00e8 riutilizzabile, svitando il tappo in basso, \u00e8 possibile cambiare facilmente la bottiglia. Ogni copertura per champagne \u00e8 unica ed \u00e8 stata esposta in eventi artistici e culturali o lanci privati di lusso. I K-OVER sono compatibili con bottiglie di champagne come Moet Et Chandon, Veuve Clicquot, Cristal, Pol Roger, Piper, Perrier Jouet, Taittinger, Mumm, Ferrari e Berlucchi.<\/p>\n<p>Tutte le nostre coperture per champagne e vino sono realizzate in argento massiccio 999\/\u00b0\u00b0, a differenza dell&#8217;uso tipico dell&#8217;argento sterling nell&#8217;argenteria. Questa scelta unica \u00e8 guidata da tre ragioni convincenti: vogliamo fornire ai nostri clienti un prodotto di alto valore e unico. La resistenza dell&#8217;argento puro all&#8217;ossidazione lo rende pi\u00f9 facile da pulire e lucidare.<\/p>\n<p>Dimensioni: diametro 10,5 cm<br \/>\nMateriale: Argento 999\/\u00b0\u00b0<br \/>\nPeso: 650 g<br \/>\nAltezza: 25,5 cm<\/p>\n","protected":false},"excerpt":{"rendered":"<p><strong>Typologia<br \/>\n<\/strong>Champagne cover<\/p>\n<p><strong>Materiale<br \/>\n<\/strong>Argento Massiccio 999\/\u00b0\u00b0<\/p>\n<p><strong>2019, Italy<\/strong><\/p>\n","protected":false},"featured_media":4542,"template":"","meta":{"_acf_changed":false,"_crdt_document":"","inline_featured_image":false},"product_brand":[],"product_cat":[306],"product_tag":[307],"class_list":{"0":"post-2002","1":"product","2":"type-product","3":"status-publish","4":"has-post-thumbnail","6":"product_cat-champagne-cover-it","7":"product_tag-opere-darte","9":"first","10":"instock","11":"taxable","12":"shipping-taxable","13":"purchasable","14":"product-type-simple"},"acf":[],"mb":[],"yoast_head":"<!-- This site is optimized with the Yoast SEO plugin v27.3 - https:\/\/yoast.com\/product\/yoast-seo-wordpress\/ -->\n<title>Battaglia di Porta Camollia | K-OVER<\/title>\n<meta name=\"robots\" content=\"index, follow, max-snippet:-1, max-image-preview:large, max-video-preview:-1\" \/>\n<link rel=\"canonical\" href=\"https:\/\/k-over.com\/it\/prodotto\/silver-battaglia-di-porta-camollia-k-over-bottles\/\" \/>\n<meta property=\"og:locale\" content=\"it_IT\" \/>\n<meta property=\"og:type\" content=\"article\" \/>\n<meta property=\"og:title\" content=\"Battaglia di Porta Camollia | K-OVER\" \/>\n<meta property=\"og:description\" content=\"Typologia Champagne cover  Materiale Argento Massiccio 999\/\u00b0\u00b0  2019, Italy\" \/>\n<meta property=\"og:url\" content=\"https:\/\/k-over.com\/it\/prodotto\/silver-battaglia-di-porta-camollia-k-over-bottles\/\" \/>\n<meta property=\"og:site_name\" content=\"K-OVER\" \/>\n<meta property=\"article:modified_time\" content=\"2024-12-27T23:37:23+00:00\" \/>\n<meta property=\"og:image\" content=\"https:\/\/k-over.com\/wp-content\/uploads\/2020\/11\/Battaglia_Porta_Camomilla_Front.jpg\" \/>\n\t<meta property=\"og:image:width\" content=\"997\" \/>\n\t<meta property=\"og:image:height\" content=\"1500\" \/>\n\t<meta property=\"og:image:type\" content=\"image\/jpeg\" \/>\n<meta name=\"twitter:card\" content=\"summary_large_image\" \/>\n<meta name=\"twitter:label1\" content=\"Tempo di lettura stimato\" \/>\n\t<meta name=\"twitter:data1\" content=\"3 minuti\" \/>\n<script type=\"application\/ld+json\" class=\"yoast-schema-graph\">{\"@context\":\"https:\\\/\\\/schema.org\",\"@graph\":[{\"@type\":\"WebPage\",\"@id\":\"https:\\\/\\\/k-over.com\\\/it\\\/prodotto\\\/silver-battaglia-di-porta-camollia-k-over-bottles\\\/\",\"url\":\"https:\\\/\\\/k-over.com\\\/it\\\/prodotto\\\/silver-battaglia-di-porta-camollia-k-over-bottles\\\/\",\"name\":\"Battaglia di Porta Camollia | K-OVER\",\"isPartOf\":{\"@id\":\"https:\\\/\\\/k-over.com\\\/?lang=en\\\/#website\"},\"primaryImageOfPage\":{\"@id\":\"https:\\\/\\\/k-over.com\\\/it\\\/prodotto\\\/silver-battaglia-di-porta-camollia-k-over-bottles\\\/#primaryimage\"},\"image\":{\"@id\":\"https:\\\/\\\/k-over.com\\\/it\\\/prodotto\\\/silver-battaglia-di-porta-camollia-k-over-bottles\\\/#primaryimage\"},\"thumbnailUrl\":\"https:\\\/\\\/k-over.com\\\/wp-content\\\/uploads\\\/2020\\\/11\\\/Battaglia_Porta_Camomilla_Front.jpg\",\"datePublished\":\"2023-10-29T08:49:46+00:00\",\"dateModified\":\"2024-12-27T23:37:23+00:00\",\"breadcrumb\":{\"@id\":\"https:\\\/\\\/k-over.com\\\/it\\\/prodotto\\\/silver-battaglia-di-porta-camollia-k-over-bottles\\\/#breadcrumb\"},\"inLanguage\":\"it-IT\",\"potentialAction\":[{\"@type\":\"ReadAction\",\"target\":[\"https:\\\/\\\/k-over.com\\\/it\\\/prodotto\\\/silver-battaglia-di-porta-camollia-k-over-bottles\\\/\"]}]},{\"@type\":\"ImageObject\",\"inLanguage\":\"it-IT\",\"@id\":\"https:\\\/\\\/k-over.com\\\/it\\\/prodotto\\\/silver-battaglia-di-porta-camollia-k-over-bottles\\\/#primaryimage\",\"url\":\"https:\\\/\\\/k-over.com\\\/wp-content\\\/uploads\\\/2020\\\/11\\\/Battaglia_Porta_Camomilla_Front.jpg\",\"contentUrl\":\"https:\\\/\\\/k-over.com\\\/wp-content\\\/uploads\\\/2020\\\/11\\\/Battaglia_Porta_Camomilla_Front.jpg\",\"width\":997,\"height\":1500,\"caption\":\"Front of the Champagne bottle cover \\\"Battaglia di Porta Camollia\\\"\"},{\"@type\":\"BreadcrumbList\",\"@id\":\"https:\\\/\\\/k-over.com\\\/it\\\/prodotto\\\/silver-battaglia-di-porta-camollia-k-over-bottles\\\/#breadcrumb\",\"itemListElement\":[{\"@type\":\"ListItem\",\"position\":1,\"name\":\"Home\",\"item\":\"https:\\\/\\\/k-over.com\\\/it\\\/\"},{\"@type\":\"ListItem\",\"position\":2,\"name\":\"Shop\",\"item\":\"https:\\\/\\\/k-over.com\\\/it\\\/shop\\\/\"},{\"@type\":\"ListItem\",\"position\":3,\"name\":\"Battaglia di Porta Camollia\"}]},{\"@type\":\"WebSite\",\"@id\":\"https:\\\/\\\/k-over.com\\\/?lang=en\\\/#website\",\"url\":\"https:\\\/\\\/k-over.com\\\/?lang=en\\\/\",\"name\":\"K-OVER\",\"description\":\"Made in Italy\",\"publisher\":{\"@id\":\"https:\\\/\\\/k-over.com\\\/?lang=en\\\/#organization\"},\"potentialAction\":[{\"@type\":\"SearchAction\",\"target\":{\"@type\":\"EntryPoint\",\"urlTemplate\":\"https:\\\/\\\/k-over.com\\\/?lang=en\\\/?s={search_term_string}\"},\"query-input\":{\"@type\":\"PropertyValueSpecification\",\"valueRequired\":true,\"valueName\":\"search_term_string\"}}],\"inLanguage\":\"it-IT\"},{\"@type\":\"Organization\",\"@id\":\"https:\\\/\\\/k-over.com\\\/?lang=en\\\/#organization\",\"name\":\"K-OVER\",\"url\":\"https:\\\/\\\/k-over.com\\\/?lang=en\\\/\",\"logo\":{\"@type\":\"ImageObject\",\"inLanguage\":\"it-IT\",\"@id\":\"https:\\\/\\\/k-over.com\\\/?lang=en\\\/#\\\/schema\\\/logo\\\/image\\\/\",\"url\":\"https:\\\/\\\/k-over.com\\\/wp-content\\\/uploads\\\/2023\\\/09\\\/Layer-1.svg\",\"contentUrl\":\"https:\\\/\\\/k-over.com\\\/wp-content\\\/uploads\\\/2023\\\/09\\\/Layer-1.svg\",\"width\":47,\"height\":101,\"caption\":\"K-OVER\"},\"image\":{\"@id\":\"https:\\\/\\\/k-over.com\\\/?lang=en\\\/#\\\/schema\\\/logo\\\/image\\\/\"}}]}<\/script>\n<!-- \/ Yoast SEO plugin. -->","yoast_head_json":{"title":"Battaglia di Porta Camollia | K-OVER","robots":{"index":"index","follow":"follow","max-snippet":"max-snippet:-1","max-image-preview":"max-image-preview:large","max-video-preview":"max-video-preview:-1"},"canonical":"https:\/\/k-over.com\/it\/prodotto\/silver-battaglia-di-porta-camollia-k-over-bottles\/","og_locale":"it_IT","og_type":"article","og_title":"Battaglia di Porta Camollia | K-OVER","og_description":"Typologia Champagne cover  Materiale Argento Massiccio 999\/\u00b0\u00b0  2019, Italy","og_url":"https:\/\/k-over.com\/it\/prodotto\/silver-battaglia-di-porta-camollia-k-over-bottles\/","og_site_name":"K-OVER","article_modified_time":"2024-12-27T23:37:23+00:00","og_image":[{"width":997,"height":1500,"url":"https:\/\/k-over.com\/wp-content\/uploads\/2020\/11\/Battaglia_Porta_Camomilla_Front.jpg","type":"image\/jpeg"}],"twitter_card":"summary_large_image","twitter_misc":{"Tempo di lettura stimato":"3 minuti"},"schema":{"@context":"https:\/\/schema.org","@graph":[{"@type":"WebPage","@id":"https:\/\/k-over.com\/it\/prodotto\/silver-battaglia-di-porta-camollia-k-over-bottles\/","url":"https:\/\/k-over.com\/it\/prodotto\/silver-battaglia-di-porta-camollia-k-over-bottles\/","name":"Battaglia di Porta Camollia | K-OVER","isPartOf":{"@id":"https:\/\/k-over.com\/?lang=en\/#website"},"primaryImageOfPage":{"@id":"https:\/\/k-over.com\/it\/prodotto\/silver-battaglia-di-porta-camollia-k-over-bottles\/#primaryimage"},"image":{"@id":"https:\/\/k-over.com\/it\/prodotto\/silver-battaglia-di-porta-camollia-k-over-bottles\/#primaryimage"},"thumbnailUrl":"https:\/\/k-over.com\/wp-content\/uploads\/2020\/11\/Battaglia_Porta_Camomilla_Front.jpg","datePublished":"2023-10-29T08:49:46+00:00","dateModified":"2024-12-27T23:37:23+00:00","breadcrumb":{"@id":"https:\/\/k-over.com\/it\/prodotto\/silver-battaglia-di-porta-camollia-k-over-bottles\/#breadcrumb"},"inLanguage":"it-IT","potentialAction":[{"@type":"ReadAction","target":["https:\/\/k-over.com\/it\/prodotto\/silver-battaglia-di-porta-camollia-k-over-bottles\/"]}]},{"@type":"ImageObject","inLanguage":"it-IT","@id":"https:\/\/k-over.com\/it\/prodotto\/silver-battaglia-di-porta-camollia-k-over-bottles\/#primaryimage","url":"https:\/\/k-over.com\/wp-content\/uploads\/2020\/11\/Battaglia_Porta_Camomilla_Front.jpg","contentUrl":"https:\/\/k-over.com\/wp-content\/uploads\/2020\/11\/Battaglia_Porta_Camomilla_Front.jpg","width":997,"height":1500,"caption":"Front of the Champagne bottle cover \"Battaglia di Porta Camollia\""},{"@type":"BreadcrumbList","@id":"https:\/\/k-over.com\/it\/prodotto\/silver-battaglia-di-porta-camollia-k-over-bottles\/#breadcrumb","itemListElement":[{"@type":"ListItem","position":1,"name":"Home","item":"https:\/\/k-over.com\/it\/"},{"@type":"ListItem","position":2,"name":"Shop","item":"https:\/\/k-over.com\/it\/shop\/"},{"@type":"ListItem","position":3,"name":"Battaglia di Porta Camollia"}]},{"@type":"WebSite","@id":"https:\/\/k-over.com\/?lang=en\/#website","url":"https:\/\/k-over.com\/?lang=en\/","name":"K-OVER","description":"Made in Italy","publisher":{"@id":"https:\/\/k-over.com\/?lang=en\/#organization"},"potentialAction":[{"@type":"SearchAction","target":{"@type":"EntryPoint","urlTemplate":"https:\/\/k-over.com\/?lang=en\/?s={search_term_string}"},"query-input":{"@type":"PropertyValueSpecification","valueRequired":true,"valueName":"search_term_string"}}],"inLanguage":"it-IT"},{"@type":"Organization","@id":"https:\/\/k-over.com\/?lang=en\/#organization","name":"K-OVER","url":"https:\/\/k-over.com\/?lang=en\/","logo":{"@type":"ImageObject","inLanguage":"it-IT","@id":"https:\/\/k-over.com\/?lang=en\/#\/schema\/logo\/image\/","url":"https:\/\/k-over.com\/wp-content\/uploads\/2023\/09\/Layer-1.svg","contentUrl":"https:\/\/k-over.com\/wp-content\/uploads\/2023\/09\/Layer-1.svg","width":47,"height":101,"caption":"K-OVER"},"image":{"@id":"https:\/\/k-over.com\/?lang=en\/#\/schema\/logo\/image\/"}}]}},"mfb_rest_fields":["title","yoast_head","yoast_head_json"],"_links":{"self":[{"href":"https:\/\/k-over.com\/it\/wp-json\/wp\/v2\/product\/2002","targetHints":{"allow":["GET"]}}],"collection":[{"href":"https:\/\/k-over.com\/it\/wp-json\/wp\/v2\/product"}],"about":[{"href":"https:\/\/k-over.com\/it\/wp-json\/wp\/v2\/types\/product"}],"wp:featuredmedia":[{"embeddable":true,"href":"https:\/\/k-over.com\/it\/wp-json\/wp\/v2\/media\/4542"}],"wp:attachment":[{"href":"https:\/\/k-over.com\/it\/wp-json\/wp\/v2\/media?parent=2002"}],"wp:term":[{"taxonomy":"product_brand","embeddable":true,"href":"https:\/\/k-over.com\/it\/wp-json\/wp\/v2\/product_brand?post=2002"},{"taxonomy":"product_cat","embeddable":true,"href":"https:\/\/k-over.com\/it\/wp-json\/wp\/v2\/product_cat?post=2002"},{"taxonomy":"product_tag","embeddable":true,"href":"https:\/\/k-over.com\/it\/wp-json\/wp\/v2\/product_tag?post=2002"}],"curies":[{"name":"wp","href":"https:\/\/api.w.org\/{rel}","templated":true}]}}