{"id":2076,"date":"2023-10-25T09:28:48","date_gmt":"2023-10-25T07:28:48","guid":{"rendered":"https:\/\/k-over.com\/?post_type=product&#038;p=2076"},"modified":"2024-12-28T00:37:23","modified_gmt":"2024-12-27T23:37:23","slug":"silver-american-dream-k-over-bottles","status":"publish","type":"product","link":"https:\/\/k-over.com\/it\/prodotto\/silver-american-dream-k-over-bottles\/","title":{"rendered":"American Dream"},"content":{"rendered":"<p>&nbsp;<\/p>\n<div style=\"width: 1920px;\" class=\"wp-video\"><video class=\"wp-video-shortcode\" id=\"video-2076-1\" width=\"1920\" height=\"1080\" preload=\"metadata\" controls=\"controls\"><source type=\"video\/mp4\" src=\"https:\/\/k-over.com\/wp-content\/uploads\/2020\/12\/American-dream-360\u00b0-video.mp4?_=1\" \/><a href=\"https:\/\/k-over.com\/wp-content\/uploads\/2020\/12\/American-dream-360\u00b0-video.mp4\">https:\/\/k-over.com\/wp-content\/uploads\/2020\/12\/American-dream-360\u00b0-video.mp4<\/a><\/video><\/div>\n<p>&nbsp;<\/p>\n<p>Il K-OVER American Dream, ispirato ai simboli americani iconici, \u00e8 un vero capolavoro. Questa glacette della nostra collezione Opere D&#8217;arte \u00e8 stato magistralmente realizzato dall&#8217;artista per assomigliare al Campidoglio degli Stati Uniti utilizzando puro argento 999\/\u00b0\u00b0.<\/p>\n<p>La parte superiore del coperchio presenta una dettagliata replica della cupola del Campidoglio, mentre il suo valore \u00e8 ulteriormente aumentato da una rappresentazione meticolosamente cesellata della Statua della Libert\u00e0, simbolo duraturo della libert\u00e0 americana. Quest&#8217;opera \u00e8 ulteriormente adornata dalle Stelle e Strisce della bandiera degli U.S.A. Sul lato opposto, l&#8217;artista ha cesellato un&#8217;immagine dell&#8217;aquila dalla testa bianca, simbolo di regalit\u00e0, forza ed endurance.<\/p>\n<p>Ogni centimetro di questo coperchio \u00e8 il risultato di un&#8217;attenta maestria di Lorenzo Foglia, un maestro orafo fiorentino. Durante diversi mesi, il processo di produzione ha coinvolto tecniche avanzate come l&#8217;overhanging e il chasing. Notabilmente, l&#8217;artista ha iniziato con un singolo pezzo d&#8217;argento, e la complessit\u00e0 del compito \u00e8 stata accentuata dall&#8217;assenza di un lato opposto. Una testimonianza della sua ineguagliabile arte \u00e8 l&#8217;attenzione meticolosa ai dettagli evidente in ogni caratteristica; questo K-OVER si distingue come un capolavoro unico nel suo genere.<\/p>\n<p><strong>Artist information<\/strong><\/p>\n<p><span style=\"font-weight: 400;\">Lorenzo Foglia, nato a Viareggio nel 1971, \u00e8 cresciuto nel laboratorio di famiglia e, ancora molto giovane, ha iniziato a lavorare l\u00ec insieme a suo padre e suo nonno. L\u00ec, ha studiato l&#8217;arte della lavorazione dei metalli e ha imparato le tecniche di sbalzo e cesello. Durante la sua carriera ha creato mobili e gioielli per le Case Reali d&#8217;Europa, il teatro e il cinema. Ha vinto due volte il concorso internazionale &#8220;Art in a jewel&#8221;, promosso da Florence Gift Mart. \u00c8 Presidente degli Orafi della citt\u00e0 di Firenze ed \u00e8 Maestro Artigiano riconosciuto dalla Regione Toscana, Artigiano OMA e Maestro d&#8217;Arte e Mestiere per la Fondazione Cologni di Milano.<\/span><\/p>\n<p><span style=\"font-weight: 400;\">Recentemente, ha lavorato con K-OVER per il progetto Opere d&#8217;Arte. Ha firmato tutti i copri-champagne che ha cesellato.<\/span><\/p>\n<p><strong>Technical features<\/strong><\/p>\n<p>K-OVER \u00e8 un marchio di P.M.P Firenze, un&#8217;azienda con oltre 40 anni di esperienza nel settore dell&#8217;argenteria. Le nostre coperture mantengono le vostre preziose bottiglie di champagne fresche fino a 2 ore.<\/p>\n<p>K-OVER \u00e8 riutilizzabile, svitando il tappo in basso, \u00e8 possibile cambiare facilmente la bottiglia. Ogni copertura per champagne \u00e8 unica ed \u00e8 stata esposta in eventi artistici e culturali o lanci privati di lusso. I K-OVER sono compatibili con bottiglie di champagne come Moet Et Chandon, Veuve Clicquot, Cristal, Pol Roger, Piper, Perrier Jouet, Taittinger, Mumm, Ferrari e Berlucchi.<\/p>\n<p>Tutte le nostre glacette per champagne e vino sono realizzate in argento massiccio 999\/\u00b0\u00b0, a differenza dell&#8217;uso tipico dell&#8217;argento sterling nell&#8217;argenteria. Questa scelta unica \u00e8 guidata da tre ragioni convincenti, vogliamo fornire ai nostri clienti un prodotto di alto valore e unico. La resistenza dell&#8217;argento puro all&#8217;ossidazione lo rende pi\u00f9 facile da pulire e lucidare. In ultimo, le propriet\u00e0 antibatteriche dell&#8217;argento ne assicurano l&#8217;uso sicuro con alimenti e bevande.<\/p>\n<p>Dimensioni: Diametro 10,5 cm<br \/>\nMateriale: Argento 999\/\u00b0\u00b0<br \/>\nPeso: 650 g<br \/>\nAltezza: 25,5 cm<\/p>\n","protected":false},"excerpt":{"rendered":"<p><strong>Typologia<\/strong><br \/>\nChampagne cover<\/p>\n<p><strong>Materiale<\/strong><br \/>\nArgento Massiccio 999\/\u00b0\u00b0<\/p>\n<p><strong>2019, Italy<\/strong><\/p>\n","protected":false},"featured_media":5733,"template":"","meta":{"_acf_changed":false,"_crdt_document":"","inline_featured_image":false},"product_brand":[],"product_cat":[306],"product_tag":[],"class_list":{"0":"post-2076","1":"product","2":"type-product","3":"status-publish","4":"has-post-thumbnail","6":"product_cat-champagne-cover-it","8":"first","9":"outofstock","10":"taxable","11":"shipping-taxable","12":"purchasable","13":"product-type-simple"},"acf":[],"mb":[],"yoast_head":"<!-- This site is optimized with the Yoast SEO plugin v27.3 - https:\/\/yoast.com\/product\/yoast-seo-wordpress\/ -->\n<title>American Dream | K-OVER<\/title>\n<meta name=\"robots\" content=\"index, follow, max-snippet:-1, max-image-preview:large, max-video-preview:-1\" \/>\n<link rel=\"canonical\" href=\"https:\/\/k-over.com\/it\/prodotto\/silver-american-dream-k-over-bottles\/\" \/>\n<meta property=\"og:locale\" content=\"it_IT\" \/>\n<meta property=\"og:type\" content=\"article\" \/>\n<meta property=\"og:title\" content=\"American Dream | K-OVER\" \/>\n<meta property=\"og:description\" content=\"Typologia Champagne cover  Materiale Argento Massiccio 999\/\u00b0\u00b0  2019, Italy\" \/>\n<meta property=\"og:url\" content=\"https:\/\/k-over.com\/it\/prodotto\/silver-american-dream-k-over-bottles\/\" \/>\n<meta property=\"og:site_name\" content=\"K-OVER\" \/>\n<meta property=\"article:modified_time\" content=\"2024-12-27T23:37:23+00:00\" \/>\n<meta property=\"og:image\" content=\"https:\/\/k-over.com\/wp-content\/uploads\/2020\/12\/American-Dream-Edited.png\" \/>\n\t<meta property=\"og:image:width\" content=\"960\" \/>\n\t<meta property=\"og:image:height\" content=\"1444\" \/>\n\t<meta property=\"og:image:type\" content=\"image\/png\" \/>\n<meta name=\"twitter:card\" content=\"summary_large_image\" \/>\n<meta name=\"twitter:label1\" content=\"Tempo di lettura stimato\" \/>\n\t<meta name=\"twitter:data1\" content=\"3 minuti\" \/>\n<script type=\"application\/ld+json\" class=\"yoast-schema-graph\">{\"@context\":\"https:\\\/\\\/schema.org\",\"@graph\":[{\"@type\":\"WebPage\",\"@id\":\"https:\\\/\\\/k-over.com\\\/it\\\/prodotto\\\/silver-american-dream-k-over-bottles\\\/\",\"url\":\"https:\\\/\\\/k-over.com\\\/it\\\/prodotto\\\/silver-american-dream-k-over-bottles\\\/\",\"name\":\"American Dream | K-OVER\",\"isPartOf\":{\"@id\":\"https:\\\/\\\/k-over.com\\\/?lang=en\\\/#website\"},\"primaryImageOfPage\":{\"@id\":\"https:\\\/\\\/k-over.com\\\/it\\\/prodotto\\\/silver-american-dream-k-over-bottles\\\/#primaryimage\"},\"image\":{\"@id\":\"https:\\\/\\\/k-over.com\\\/it\\\/prodotto\\\/silver-american-dream-k-over-bottles\\\/#primaryimage\"},\"thumbnailUrl\":\"https:\\\/\\\/k-over.com\\\/wp-content\\\/uploads\\\/2020\\\/12\\\/American-Dream-Edited.png\",\"datePublished\":\"2023-10-25T07:28:48+00:00\",\"dateModified\":\"2024-12-27T23:37:23+00:00\",\"breadcrumb\":{\"@id\":\"https:\\\/\\\/k-over.com\\\/it\\\/prodotto\\\/silver-american-dream-k-over-bottles\\\/#breadcrumb\"},\"inLanguage\":\"it-IT\",\"potentialAction\":[{\"@type\":\"ReadAction\",\"target\":[\"https:\\\/\\\/k-over.com\\\/it\\\/prodotto\\\/silver-american-dream-k-over-bottles\\\/\"]}]},{\"@type\":\"ImageObject\",\"inLanguage\":\"it-IT\",\"@id\":\"https:\\\/\\\/k-over.com\\\/it\\\/prodotto\\\/silver-american-dream-k-over-bottles\\\/#primaryimage\",\"url\":\"https:\\\/\\\/k-over.com\\\/wp-content\\\/uploads\\\/2020\\\/12\\\/American-Dream-Edited.png\",\"contentUrl\":\"https:\\\/\\\/k-over.com\\\/wp-content\\\/uploads\\\/2020\\\/12\\\/American-Dream-Edited.png\",\"width\":960,\"height\":1444,\"caption\":\"American Dream Back detail\"},{\"@type\":\"BreadcrumbList\",\"@id\":\"https:\\\/\\\/k-over.com\\\/it\\\/prodotto\\\/silver-american-dream-k-over-bottles\\\/#breadcrumb\",\"itemListElement\":[{\"@type\":\"ListItem\",\"position\":1,\"name\":\"Home\",\"item\":\"https:\\\/\\\/k-over.com\\\/it\\\/\"},{\"@type\":\"ListItem\",\"position\":2,\"name\":\"Shop\",\"item\":\"https:\\\/\\\/k-over.com\\\/it\\\/shop\\\/\"},{\"@type\":\"ListItem\",\"position\":3,\"name\":\"American Dream\"}]},{\"@type\":\"WebSite\",\"@id\":\"https:\\\/\\\/k-over.com\\\/?lang=en\\\/#website\",\"url\":\"https:\\\/\\\/k-over.com\\\/?lang=en\\\/\",\"name\":\"K-OVER\",\"description\":\"Made in Italy\",\"publisher\":{\"@id\":\"https:\\\/\\\/k-over.com\\\/?lang=en\\\/#organization\"},\"potentialAction\":[{\"@type\":\"SearchAction\",\"target\":{\"@type\":\"EntryPoint\",\"urlTemplate\":\"https:\\\/\\\/k-over.com\\\/?lang=en\\\/?s={search_term_string}\"},\"query-input\":{\"@type\":\"PropertyValueSpecification\",\"valueRequired\":true,\"valueName\":\"search_term_string\"}}],\"inLanguage\":\"it-IT\"},{\"@type\":\"Organization\",\"@id\":\"https:\\\/\\\/k-over.com\\\/?lang=en\\\/#organization\",\"name\":\"K-OVER\",\"url\":\"https:\\\/\\\/k-over.com\\\/?lang=en\\\/\",\"logo\":{\"@type\":\"ImageObject\",\"inLanguage\":\"it-IT\",\"@id\":\"https:\\\/\\\/k-over.com\\\/?lang=en\\\/#\\\/schema\\\/logo\\\/image\\\/\",\"url\":\"https:\\\/\\\/k-over.com\\\/wp-content\\\/uploads\\\/2023\\\/09\\\/Layer-1.svg\",\"contentUrl\":\"https:\\\/\\\/k-over.com\\\/wp-content\\\/uploads\\\/2023\\\/09\\\/Layer-1.svg\",\"width\":47,\"height\":101,\"caption\":\"K-OVER\"},\"image\":{\"@id\":\"https:\\\/\\\/k-over.com\\\/?lang=en\\\/#\\\/schema\\\/logo\\\/image\\\/\"}}]}<\/script>\n<!-- \/ Yoast SEO plugin. -->","yoast_head_json":{"title":"American Dream | K-OVER","robots":{"index":"index","follow":"follow","max-snippet":"max-snippet:-1","max-image-preview":"max-image-preview:large","max-video-preview":"max-video-preview:-1"},"canonical":"https:\/\/k-over.com\/it\/prodotto\/silver-american-dream-k-over-bottles\/","og_locale":"it_IT","og_type":"article","og_title":"American Dream | K-OVER","og_description":"Typologia Champagne cover  Materiale Argento Massiccio 999\/\u00b0\u00b0  2019, Italy","og_url":"https:\/\/k-over.com\/it\/prodotto\/silver-american-dream-k-over-bottles\/","og_site_name":"K-OVER","article_modified_time":"2024-12-27T23:37:23+00:00","og_image":[{"width":960,"height":1444,"url":"https:\/\/k-over.com\/wp-content\/uploads\/2020\/12\/American-Dream-Edited.png","type":"image\/png"}],"twitter_card":"summary_large_image","twitter_misc":{"Tempo di lettura stimato":"3 minuti"},"schema":{"@context":"https:\/\/schema.org","@graph":[{"@type":"WebPage","@id":"https:\/\/k-over.com\/it\/prodotto\/silver-american-dream-k-over-bottles\/","url":"https:\/\/k-over.com\/it\/prodotto\/silver-american-dream-k-over-bottles\/","name":"American Dream | K-OVER","isPartOf":{"@id":"https:\/\/k-over.com\/?lang=en\/#website"},"primaryImageOfPage":{"@id":"https:\/\/k-over.com\/it\/prodotto\/silver-american-dream-k-over-bottles\/#primaryimage"},"image":{"@id":"https:\/\/k-over.com\/it\/prodotto\/silver-american-dream-k-over-bottles\/#primaryimage"},"thumbnailUrl":"https:\/\/k-over.com\/wp-content\/uploads\/2020\/12\/American-Dream-Edited.png","datePublished":"2023-10-25T07:28:48+00:00","dateModified":"2024-12-27T23:37:23+00:00","breadcrumb":{"@id":"https:\/\/k-over.com\/it\/prodotto\/silver-american-dream-k-over-bottles\/#breadcrumb"},"inLanguage":"it-IT","potentialAction":[{"@type":"ReadAction","target":["https:\/\/k-over.com\/it\/prodotto\/silver-american-dream-k-over-bottles\/"]}]},{"@type":"ImageObject","inLanguage":"it-IT","@id":"https:\/\/k-over.com\/it\/prodotto\/silver-american-dream-k-over-bottles\/#primaryimage","url":"https:\/\/k-over.com\/wp-content\/uploads\/2020\/12\/American-Dream-Edited.png","contentUrl":"https:\/\/k-over.com\/wp-content\/uploads\/2020\/12\/American-Dream-Edited.png","width":960,"height":1444,"caption":"American Dream Back detail"},{"@type":"BreadcrumbList","@id":"https:\/\/k-over.com\/it\/prodotto\/silver-american-dream-k-over-bottles\/#breadcrumb","itemListElement":[{"@type":"ListItem","position":1,"name":"Home","item":"https:\/\/k-over.com\/it\/"},{"@type":"ListItem","position":2,"name":"Shop","item":"https:\/\/k-over.com\/it\/shop\/"},{"@type":"ListItem","position":3,"name":"American Dream"}]},{"@type":"WebSite","@id":"https:\/\/k-over.com\/?lang=en\/#website","url":"https:\/\/k-over.com\/?lang=en\/","name":"K-OVER","description":"Made in Italy","publisher":{"@id":"https:\/\/k-over.com\/?lang=en\/#organization"},"potentialAction":[{"@type":"SearchAction","target":{"@type":"EntryPoint","urlTemplate":"https:\/\/k-over.com\/?lang=en\/?s={search_term_string}"},"query-input":{"@type":"PropertyValueSpecification","valueRequired":true,"valueName":"search_term_string"}}],"inLanguage":"it-IT"},{"@type":"Organization","@id":"https:\/\/k-over.com\/?lang=en\/#organization","name":"K-OVER","url":"https:\/\/k-over.com\/?lang=en\/","logo":{"@type":"ImageObject","inLanguage":"it-IT","@id":"https:\/\/k-over.com\/?lang=en\/#\/schema\/logo\/image\/","url":"https:\/\/k-over.com\/wp-content\/uploads\/2023\/09\/Layer-1.svg","contentUrl":"https:\/\/k-over.com\/wp-content\/uploads\/2023\/09\/Layer-1.svg","width":47,"height":101,"caption":"K-OVER"},"image":{"@id":"https:\/\/k-over.com\/?lang=en\/#\/schema\/logo\/image\/"}}]}},"mfb_rest_fields":["title","yoast_head","yoast_head_json"],"_links":{"self":[{"href":"https:\/\/k-over.com\/it\/wp-json\/wp\/v2\/product\/2076","targetHints":{"allow":["GET"]}}],"collection":[{"href":"https:\/\/k-over.com\/it\/wp-json\/wp\/v2\/product"}],"about":[{"href":"https:\/\/k-over.com\/it\/wp-json\/wp\/v2\/types\/product"}],"wp:featuredmedia":[{"embeddable":true,"href":"https:\/\/k-over.com\/it\/wp-json\/wp\/v2\/media\/5733"}],"wp:attachment":[{"href":"https:\/\/k-over.com\/it\/wp-json\/wp\/v2\/media?parent=2076"}],"wp:term":[{"taxonomy":"product_brand","embeddable":true,"href":"https:\/\/k-over.com\/it\/wp-json\/wp\/v2\/product_brand?post=2076"},{"taxonomy":"product_cat","embeddable":true,"href":"https:\/\/k-over.com\/it\/wp-json\/wp\/v2\/product_cat?post=2076"},{"taxonomy":"product_tag","embeddable":true,"href":"https:\/\/k-over.com\/it\/wp-json\/wp\/v2\/product_tag?post=2076"}],"curies":[{"name":"wp","href":"https:\/\/api.w.org\/{rel}","templated":true}]}}