{"id":2819,"date":"2023-10-28T10:28:06","date_gmt":"2023-10-28T08:28:06","guid":{"rendered":"https:\/\/k-over.com\/?post_type=product&#038;p=2819"},"modified":"2024-12-28T00:37:25","modified_gmt":"2024-12-27T23:37:25","slug":"pine-cone","status":"publish","type":"product","link":"https:\/\/k-over.com\/it\/prodotto\/pine-cone\/","title":{"rendered":"Pine Cone"},"content":{"rendered":"<p>&nbsp;<\/p>\n<div style=\"width: 1920px;\" class=\"wp-video\"><video class=\"wp-video-shortcode\" id=\"video-2819-1\" width=\"1920\" height=\"1080\" preload=\"metadata\" controls=\"controls\"><source type=\"video\/mp4\" src=\"https:\/\/k-over.com\/wp-content\/uploads\/2021\/12\/Pine-cone-video.mp4?_=1\" \/><a href=\"https:\/\/k-over.com\/wp-content\/uploads\/2021\/12\/Pine-cone-video.mp4\">https:\/\/k-over.com\/wp-content\/uploads\/2021\/12\/Pine-cone-video.mp4<\/a><\/video><\/div>\n<p>&nbsp;<\/p>\n<p>La nostra preziosa glacette per champagne \u00e8 un capolavoro creato per esaltare la tua esperienza a tavola. Realizzato in puro argento 999\/\u00b0\u00b0, il nostro K-OVER \u00e8 stato meticolosamente modellato in una dettagliata pigna, garantendo che il tuo champagne rimanga fresco con stile. Traendo ispirazione dalla cultura greca antica, la pigna simboleggia longevit\u00e0 ed eternit\u00e0. Inoltre, rappresenta l&#8217;uovo cosmico, associato alla nascita della creazione e alla genesi di tutta l&#8217;esistenza. Immaginiamo i nostri clienti utilizzare questo<br \/>\nsquisito K-OVER per segnare i momenti pi\u00f9 significativi della vita.<\/p>\n<p>Ogni glacette \u00e8 opera di Giuliano Foglia, un maestro orafo fiorentino. Estendendosi per diversi mesi, il processo di produzione ha coinvolto tecniche intricate come l&#8217;overhang e il chasing. L&#8217;essenza di questo prodotto risiede nella sua precisione artistica; realizzato da un unico pezzo d&#8217;argento, la sua complessit\u00e0 \u00e8 accentuata dall&#8217;assenza di un lato inverso. L&#8217;attenzione meticolosa ai dettagli risalta in modo prominente. Trovare un artista con una tale abilit\u00e0 ineguagliabile diventer\u00e0 sempre pi\u00f9 raro in futuro.<\/p>\n<p><strong>Artist information<\/strong><\/p>\n<p><span style=\"font-weight: 400;\">Giuliano Foglia \u00e8 nato nel 1947 a Firenze. Negli anni &#8217;60, nonostante la sua giovane et\u00e0, Giuliano inizi\u00f2 a lavorare con suo padre nel laboratorio di famiglia. L\u00ec, ha imparato a progettare, sovrapporre e cesellare. Durante la sua lunga carriera ha realizzato Madonne, scene settecentesche e fontane. I suoi capolavori sono il Calice di San Galgano e le Coppe per il Gran Premio di San Marino (F1). Grazie alla sua lunga esperienza, oggi \u00e8 considerato uno dei migliori cesellatori in Italia. Recentemente sta lavorando con K-Over per il progetto Opere d&#8217;arte.<\/span><\/p>\n<p><strong>Technical features<\/strong><\/p>\n<p>K-OVER \u00e8 un marchio di P.M.P Firenze, un&#8217;azienda con oltre 40 anni di esperienza nel settore dell&#8217;argenteria. Le nostre coperture mantengono le vostre preziose bottiglie di champagne fresche fino a 2 ore.<\/p>\n<p>K-OVER \u00e8 riutilizzabile, svitando il tappo in basso, \u00e8 possibile cambiare facilmente la bottiglia. Ogni copertura per champagne \u00e8 unica ed \u00e8 stata esposta in eventi artistici e culturali o lanci privati di lusso. I K-OVER sono compatibili con bottiglie di champagne come Moet Et Chandon, Veuve Clicquot, Cristal, Pol Roger, Piper, Perrier Jouet, Taittinger, Mumm, Ferrari e Berlucchi.<\/p>\n<p>Tutte le nostre glacette champagne e vino sono realizzate in argento massiccio 999\/\u00b0\u00b0, a differenza dell&#8217;uso tipico dell&#8217;argento sterling nell&#8217;argenteria. Questa scelta unica \u00e8 guidata da tre ragioni convincenti, vogliamo fornire ai nostri clienti un prodotto di alto valore e unico. La resistenza dell&#8217;argento puro all&#8217;ossidazione lo rende pi\u00f9 facile da pulire e lucidare. In ultimo, le propriet\u00e0 antibatteriche dell&#8217;argento ne assicurano l&#8217;uso sicuro con alimenti e bevande.<\/p>\n<p>Dimensioni: Diametro 10,5 cm<br \/>\nMateriale: Argento 999\/\u00b0\u00b0<br \/>\nPeso: 650 g<br \/>\nAltezza: 25,5 cm<\/p>\n","protected":false},"excerpt":{"rendered":"<p><strong>Typologia<br \/>\n<\/strong>Champagne cover<\/p>\n<p><strong>Materiale<br \/>\n<\/strong>Argento Massiccio 999\/\u00b0\u00b0<\/p>\n<p><strong>2019, Italy<\/strong><\/p>\n","protected":false},"featured_media":5719,"template":"","meta":{"_acf_changed":false,"_crdt_document":"","inline_featured_image":false},"product_brand":[],"product_cat":[306],"product_tag":[238],"class_list":{"0":"post-2819","1":"product","2":"type-product","3":"status-publish","4":"has-post-thumbnail","6":"product_cat-champagne-cover-it","7":"product_tag-natura","9":"first","10":"outofstock","11":"taxable","12":"shipping-taxable","13":"purchasable","14":"product-type-simple"},"acf":[],"mb":[],"yoast_head":"<!-- This site is optimized with the Yoast SEO plugin v27.3 - https:\/\/yoast.com\/product\/yoast-seo-wordpress\/ -->\n<title>Pine Cone | K-OVER<\/title>\n<meta name=\"robots\" content=\"index, follow, max-snippet:-1, max-image-preview:large, max-video-preview:-1\" \/>\n<link rel=\"canonical\" href=\"https:\/\/k-over.com\/it\/prodotto\/pine-cone\/\" \/>\n<meta property=\"og:locale\" content=\"it_IT\" \/>\n<meta property=\"og:type\" content=\"article\" \/>\n<meta property=\"og:title\" content=\"Pine Cone | K-OVER\" \/>\n<meta property=\"og:description\" content=\"Typologia Champagne cover  Materiale Argento Massiccio 999\/\u00b0\u00b0  2019, Italy\" \/>\n<meta property=\"og:url\" content=\"https:\/\/k-over.com\/it\/prodotto\/pine-cone\/\" \/>\n<meta property=\"og:site_name\" content=\"K-OVER\" \/>\n<meta property=\"article:modified_time\" content=\"2024-12-27T23:37:25+00:00\" \/>\n<meta property=\"og:image\" content=\"https:\/\/k-over.com\/wp-content\/uploads\/2021\/12\/Pine-Cone-Edited.png\" \/>\n\t<meta property=\"og:image:width\" content=\"960\" \/>\n\t<meta property=\"og:image:height\" content=\"1444\" \/>\n\t<meta property=\"og:image:type\" content=\"image\/png\" \/>\n<meta name=\"twitter:card\" content=\"summary_large_image\" \/>\n<meta name=\"twitter:label1\" content=\"Tempo di lettura stimato\" \/>\n\t<meta name=\"twitter:data1\" content=\"3 minuti\" \/>\n<script type=\"application\/ld+json\" class=\"yoast-schema-graph\">{\"@context\":\"https:\\\/\\\/schema.org\",\"@graph\":[{\"@type\":\"WebPage\",\"@id\":\"https:\\\/\\\/k-over.com\\\/it\\\/prodotto\\\/pine-cone\\\/\",\"url\":\"https:\\\/\\\/k-over.com\\\/it\\\/prodotto\\\/pine-cone\\\/\",\"name\":\"Pine Cone | K-OVER\",\"isPartOf\":{\"@id\":\"https:\\\/\\\/k-over.com\\\/?lang=en\\\/#website\"},\"primaryImageOfPage\":{\"@id\":\"https:\\\/\\\/k-over.com\\\/it\\\/prodotto\\\/pine-cone\\\/#primaryimage\"},\"image\":{\"@id\":\"https:\\\/\\\/k-over.com\\\/it\\\/prodotto\\\/pine-cone\\\/#primaryimage\"},\"thumbnailUrl\":\"https:\\\/\\\/k-over.com\\\/wp-content\\\/uploads\\\/2021\\\/12\\\/Pine-Cone-Edited.png\",\"datePublished\":\"2023-10-28T08:28:06+00:00\",\"dateModified\":\"2024-12-27T23:37:25+00:00\",\"breadcrumb\":{\"@id\":\"https:\\\/\\\/k-over.com\\\/it\\\/prodotto\\\/pine-cone\\\/#breadcrumb\"},\"inLanguage\":\"it-IT\",\"potentialAction\":[{\"@type\":\"ReadAction\",\"target\":[\"https:\\\/\\\/k-over.com\\\/it\\\/prodotto\\\/pine-cone\\\/\"]}]},{\"@type\":\"ImageObject\",\"inLanguage\":\"it-IT\",\"@id\":\"https:\\\/\\\/k-over.com\\\/it\\\/prodotto\\\/pine-cone\\\/#primaryimage\",\"url\":\"https:\\\/\\\/k-over.com\\\/wp-content\\\/uploads\\\/2021\\\/12\\\/Pine-Cone-Edited.png\",\"contentUrl\":\"https:\\\/\\\/k-over.com\\\/wp-content\\\/uploads\\\/2021\\\/12\\\/Pine-Cone-Edited.png\",\"width\":960,\"height\":1444,\"caption\":\"Pine Cone Champagne Bottle Cover\"},{\"@type\":\"BreadcrumbList\",\"@id\":\"https:\\\/\\\/k-over.com\\\/it\\\/prodotto\\\/pine-cone\\\/#breadcrumb\",\"itemListElement\":[{\"@type\":\"ListItem\",\"position\":1,\"name\":\"Home\",\"item\":\"https:\\\/\\\/k-over.com\\\/it\\\/\"},{\"@type\":\"ListItem\",\"position\":2,\"name\":\"Shop\",\"item\":\"https:\\\/\\\/k-over.com\\\/it\\\/shop\\\/\"},{\"@type\":\"ListItem\",\"position\":3,\"name\":\"Pine Cone\"}]},{\"@type\":\"WebSite\",\"@id\":\"https:\\\/\\\/k-over.com\\\/?lang=en\\\/#website\",\"url\":\"https:\\\/\\\/k-over.com\\\/?lang=en\\\/\",\"name\":\"K-OVER\",\"description\":\"Made in Italy\",\"publisher\":{\"@id\":\"https:\\\/\\\/k-over.com\\\/?lang=en\\\/#organization\"},\"potentialAction\":[{\"@type\":\"SearchAction\",\"target\":{\"@type\":\"EntryPoint\",\"urlTemplate\":\"https:\\\/\\\/k-over.com\\\/?lang=en\\\/?s={search_term_string}\"},\"query-input\":{\"@type\":\"PropertyValueSpecification\",\"valueRequired\":true,\"valueName\":\"search_term_string\"}}],\"inLanguage\":\"it-IT\"},{\"@type\":\"Organization\",\"@id\":\"https:\\\/\\\/k-over.com\\\/?lang=en\\\/#organization\",\"name\":\"K-OVER\",\"url\":\"https:\\\/\\\/k-over.com\\\/?lang=en\\\/\",\"logo\":{\"@type\":\"ImageObject\",\"inLanguage\":\"it-IT\",\"@id\":\"https:\\\/\\\/k-over.com\\\/?lang=en\\\/#\\\/schema\\\/logo\\\/image\\\/\",\"url\":\"https:\\\/\\\/k-over.com\\\/wp-content\\\/uploads\\\/2023\\\/09\\\/Layer-1.svg\",\"contentUrl\":\"https:\\\/\\\/k-over.com\\\/wp-content\\\/uploads\\\/2023\\\/09\\\/Layer-1.svg\",\"width\":47,\"height\":101,\"caption\":\"K-OVER\"},\"image\":{\"@id\":\"https:\\\/\\\/k-over.com\\\/?lang=en\\\/#\\\/schema\\\/logo\\\/image\\\/\"}}]}<\/script>\n<!-- \/ Yoast SEO plugin. -->","yoast_head_json":{"title":"Pine Cone | K-OVER","robots":{"index":"index","follow":"follow","max-snippet":"max-snippet:-1","max-image-preview":"max-image-preview:large","max-video-preview":"max-video-preview:-1"},"canonical":"https:\/\/k-over.com\/it\/prodotto\/pine-cone\/","og_locale":"it_IT","og_type":"article","og_title":"Pine Cone | K-OVER","og_description":"Typologia Champagne cover  Materiale Argento Massiccio 999\/\u00b0\u00b0  2019, Italy","og_url":"https:\/\/k-over.com\/it\/prodotto\/pine-cone\/","og_site_name":"K-OVER","article_modified_time":"2024-12-27T23:37:25+00:00","og_image":[{"width":960,"height":1444,"url":"https:\/\/k-over.com\/wp-content\/uploads\/2021\/12\/Pine-Cone-Edited.png","type":"image\/png"}],"twitter_card":"summary_large_image","twitter_misc":{"Tempo di lettura stimato":"3 minuti"},"schema":{"@context":"https:\/\/schema.org","@graph":[{"@type":"WebPage","@id":"https:\/\/k-over.com\/it\/prodotto\/pine-cone\/","url":"https:\/\/k-over.com\/it\/prodotto\/pine-cone\/","name":"Pine Cone | K-OVER","isPartOf":{"@id":"https:\/\/k-over.com\/?lang=en\/#website"},"primaryImageOfPage":{"@id":"https:\/\/k-over.com\/it\/prodotto\/pine-cone\/#primaryimage"},"image":{"@id":"https:\/\/k-over.com\/it\/prodotto\/pine-cone\/#primaryimage"},"thumbnailUrl":"https:\/\/k-over.com\/wp-content\/uploads\/2021\/12\/Pine-Cone-Edited.png","datePublished":"2023-10-28T08:28:06+00:00","dateModified":"2024-12-27T23:37:25+00:00","breadcrumb":{"@id":"https:\/\/k-over.com\/it\/prodotto\/pine-cone\/#breadcrumb"},"inLanguage":"it-IT","potentialAction":[{"@type":"ReadAction","target":["https:\/\/k-over.com\/it\/prodotto\/pine-cone\/"]}]},{"@type":"ImageObject","inLanguage":"it-IT","@id":"https:\/\/k-over.com\/it\/prodotto\/pine-cone\/#primaryimage","url":"https:\/\/k-over.com\/wp-content\/uploads\/2021\/12\/Pine-Cone-Edited.png","contentUrl":"https:\/\/k-over.com\/wp-content\/uploads\/2021\/12\/Pine-Cone-Edited.png","width":960,"height":1444,"caption":"Pine Cone Champagne Bottle Cover"},{"@type":"BreadcrumbList","@id":"https:\/\/k-over.com\/it\/prodotto\/pine-cone\/#breadcrumb","itemListElement":[{"@type":"ListItem","position":1,"name":"Home","item":"https:\/\/k-over.com\/it\/"},{"@type":"ListItem","position":2,"name":"Shop","item":"https:\/\/k-over.com\/it\/shop\/"},{"@type":"ListItem","position":3,"name":"Pine Cone"}]},{"@type":"WebSite","@id":"https:\/\/k-over.com\/?lang=en\/#website","url":"https:\/\/k-over.com\/?lang=en\/","name":"K-OVER","description":"Made in Italy","publisher":{"@id":"https:\/\/k-over.com\/?lang=en\/#organization"},"potentialAction":[{"@type":"SearchAction","target":{"@type":"EntryPoint","urlTemplate":"https:\/\/k-over.com\/?lang=en\/?s={search_term_string}"},"query-input":{"@type":"PropertyValueSpecification","valueRequired":true,"valueName":"search_term_string"}}],"inLanguage":"it-IT"},{"@type":"Organization","@id":"https:\/\/k-over.com\/?lang=en\/#organization","name":"K-OVER","url":"https:\/\/k-over.com\/?lang=en\/","logo":{"@type":"ImageObject","inLanguage":"it-IT","@id":"https:\/\/k-over.com\/?lang=en\/#\/schema\/logo\/image\/","url":"https:\/\/k-over.com\/wp-content\/uploads\/2023\/09\/Layer-1.svg","contentUrl":"https:\/\/k-over.com\/wp-content\/uploads\/2023\/09\/Layer-1.svg","width":47,"height":101,"caption":"K-OVER"},"image":{"@id":"https:\/\/k-over.com\/?lang=en\/#\/schema\/logo\/image\/"}}]}},"mfb_rest_fields":["title","yoast_head","yoast_head_json"],"_links":{"self":[{"href":"https:\/\/k-over.com\/it\/wp-json\/wp\/v2\/product\/2819","targetHints":{"allow":["GET"]}}],"collection":[{"href":"https:\/\/k-over.com\/it\/wp-json\/wp\/v2\/product"}],"about":[{"href":"https:\/\/k-over.com\/it\/wp-json\/wp\/v2\/types\/product"}],"wp:featuredmedia":[{"embeddable":true,"href":"https:\/\/k-over.com\/it\/wp-json\/wp\/v2\/media\/5719"}],"wp:attachment":[{"href":"https:\/\/k-over.com\/it\/wp-json\/wp\/v2\/media?parent=2819"}],"wp:term":[{"taxonomy":"product_brand","embeddable":true,"href":"https:\/\/k-over.com\/it\/wp-json\/wp\/v2\/product_brand?post=2819"},{"taxonomy":"product_cat","embeddable":true,"href":"https:\/\/k-over.com\/it\/wp-json\/wp\/v2\/product_cat?post=2819"},{"taxonomy":"product_tag","embeddable":true,"href":"https:\/\/k-over.com\/it\/wp-json\/wp\/v2\/product_tag?post=2819"}],"curies":[{"name":"wp","href":"https:\/\/api.w.org\/{rel}","templated":true}]}}