{"id":2921,"date":"2023-10-28T09:46:21","date_gmt":"2023-10-28T07:46:21","guid":{"rendered":"https:\/\/k-over.com\/?post_type=product&#038;p=2921"},"modified":"2024-12-28T00:37:26","modified_gmt":"2024-12-27T23:37:26","slug":"silver-acquarium","status":"publish","type":"product","link":"https:\/\/k-over.com\/it\/prodotto\/silver-acquarium\/","title":{"rendered":"Acquarium"},"content":{"rendered":"<p>&nbsp;<\/p>\n<p><iframe loading=\"lazy\" title=\"K-OVER - Acquarium - FHD\" src=\"https:\/\/player.vimeo.com\/video\/839691458?title=0&amp;byline=0&amp;portrait=0&amp;speed=0&amp;badge=0&amp;autopause=0&amp;player_id=0&amp;app_id=58479\" width=\"1920\" height=\"1080\" frameborder=\"0\" allowfullscreen=\"allowfullscreen\"><\/iframe><\/p>\n<p>&nbsp;<\/p>\n<p>Il K-OVER \u00e8 stato realizzato da un artista fiorentino che ha voluto riprodurre un acquario tropicale. Ha cesellato pesci, granchi, meduse e coralli su un K-OVER in puro argento 999\/\u00b0\u00b0. Il K-OVER \u00e8 stato completamente realizzato a mano da Giuliano Foglia ed \u00e8 importante sottolineare l&#8217;effetto tridimensionale ottenuto nel cesellare tutti i componenti. Inoltre, il K-over \u00e8 stato dipinto con vernice blu per creare un&#8217;atmosfera pi\u00f9 calda. La combinazione di cesello e pittura \u00e8 un&#8217;assoluta novit\u00e0.<\/p>\n<p><strong>Artist information<\/strong><\/p>\n<p>Giuliano Foglia \u00e8 nato nel 1947 a Firenze. Negli anni &#8217;60, nonostante la sua giovane et\u00e0, Giuliano inizi\u00f2 a lavorare con suo padre nel laboratorio di famiglia. L\u00ec, ha imparato a progettare, sovrapporre e cesellare. Durante la sua lunga carriera ha realizzato Madonne, scene settecentesche e fontane. I suoi capolavori sono il Calice di San Galgano e le Coppe per il Gran Premio di San Marino (F1). Grazie alla sua lunga esperienza, oggi \u00e8 considerato uno dei migliori cesellatori in Italia. Di recente ha lavorato con K-Over per il progetto Opere d&#8217;Arte.<\/p>\n<p><strong>Technical features<\/strong><\/p>\n<p>K-OVER \u00e8 un marchio di P.M.P Firenze, un&#8217;azienda con oltre 40 anni di esperienza nel settore dell&#8217;argenteria. Le nostre coperture mantengono le vostre preziose bottiglie di champagne fresche fino a 2 ore.<\/p>\n<p>K-OVER \u00e8 riutilizzabile, svitando il tappo in basso, \u00e8 possibile cambiare facilmente la bottiglia. Ogni copertura per champagne \u00e8 unica ed \u00e8 stata esposta in eventi artistici e culturali o lanci privati di lusso. I K-OVER sono compatibili con bottiglie di champagne come Moet Et Chandon, Veuve Clicquot, Cristal, Pol Roger, Piper, Perrier Jouet, Taittinger, Mumm, Ferrari e Berlucchi.<\/p>\n<p>Tutte le nostre glacette per champagne e vino sono realizzate in argento massiccio 999\/\u00b0\u00b0, a differenza dell&#8217;uso tipico dell&#8217;argento sterling nell&#8217;argenteria. Questa scelta unica \u00e8 guidata da tre ragioni convincenti, vogliamo fornire ai nostri clienti un prodotto di alto valore e unico. La resistenza dell&#8217;argento puro all&#8217;ossidazione lo rende pi\u00f9 facile da pulire e lucidare.<\/p>\n<p>Dimensioni: diametro 10,5 cm<br \/>\nMateriale: Argento 999\/\u00b0\u00b0<br \/>\nPeso: 650 g<br \/>\nAltezza: 25,5 cm<\/p>\n","protected":false},"excerpt":{"rendered":"<p><strong>Typologia<br \/>\n<\/strong>Champagne cover<\/p>\n<p><strong>Materiale<br \/>\n<\/strong>Argento Massiccio 999\/\u00b0\u00b0<\/p>\n<p><strong>2019, Italy<\/strong><\/p>\n","protected":false},"featured_media":4334,"template":"","meta":{"_acf_changed":false,"_crdt_document":"","inline_featured_image":false},"product_brand":[],"product_cat":[306],"product_tag":[238],"class_list":{"0":"post-2921","1":"product","2":"type-product","3":"status-publish","4":"has-post-thumbnail","6":"product_cat-champagne-cover-it","7":"product_tag-natura","9":"first","10":"instock","11":"taxable","12":"shipping-taxable","13":"purchasable","14":"product-type-simple"},"acf":[],"mb":[],"yoast_head":"<!-- This site is optimized with the Yoast SEO plugin v27.3 - https:\/\/yoast.com\/product\/yoast-seo-wordpress\/ -->\n<title>Acquarium | K-OVER<\/title>\n<meta name=\"robots\" content=\"index, follow, max-snippet:-1, max-image-preview:large, max-video-preview:-1\" \/>\n<link rel=\"canonical\" href=\"https:\/\/k-over.com\/it\/prodotto\/silver-acquarium\/\" \/>\n<meta property=\"og:locale\" content=\"it_IT\" \/>\n<meta property=\"og:type\" content=\"article\" \/>\n<meta property=\"og:title\" content=\"Acquarium | K-OVER\" \/>\n<meta property=\"og:description\" content=\"Typologia Champagne cover  Materiale Argento Massiccio 999\/\u00b0\u00b0  2019, Italy\" \/>\n<meta property=\"og:url\" content=\"https:\/\/k-over.com\/it\/prodotto\/silver-acquarium\/\" \/>\n<meta property=\"og:site_name\" content=\"K-OVER\" \/>\n<meta property=\"article:modified_time\" content=\"2024-12-27T23:37:26+00:00\" \/>\n<meta property=\"og:image\" content=\"https:\/\/k-over.com\/wp-content\/uploads\/2021\/12\/Acquarium-scaled.jpg\" \/>\n\t<meta property=\"og:image:width\" content=\"1702\" \/>\n\t<meta property=\"og:image:height\" content=\"2560\" \/>\n\t<meta property=\"og:image:type\" content=\"image\/jpeg\" \/>\n<meta name=\"twitter:card\" content=\"summary_large_image\" \/>\n<meta name=\"twitter:label1\" content=\"Tempo di lettura stimato\" \/>\n\t<meta name=\"twitter:data1\" content=\"2 minuti\" \/>\n<script type=\"application\/ld+json\" class=\"yoast-schema-graph\">{\"@context\":\"https:\\\/\\\/schema.org\",\"@graph\":[{\"@type\":\"WebPage\",\"@id\":\"https:\\\/\\\/k-over.com\\\/it\\\/prodotto\\\/silver-acquarium\\\/\",\"url\":\"https:\\\/\\\/k-over.com\\\/it\\\/prodotto\\\/silver-acquarium\\\/\",\"name\":\"Acquarium | K-OVER\",\"isPartOf\":{\"@id\":\"https:\\\/\\\/k-over.com\\\/?lang=en\\\/#website\"},\"primaryImageOfPage\":{\"@id\":\"https:\\\/\\\/k-over.com\\\/it\\\/prodotto\\\/silver-acquarium\\\/#primaryimage\"},\"image\":{\"@id\":\"https:\\\/\\\/k-over.com\\\/it\\\/prodotto\\\/silver-acquarium\\\/#primaryimage\"},\"thumbnailUrl\":\"https:\\\/\\\/k-over.com\\\/wp-content\\\/uploads\\\/2021\\\/12\\\/Acquarium-scaled.jpg\",\"datePublished\":\"2023-10-28T07:46:21+00:00\",\"dateModified\":\"2024-12-27T23:37:26+00:00\",\"breadcrumb\":{\"@id\":\"https:\\\/\\\/k-over.com\\\/it\\\/prodotto\\\/silver-acquarium\\\/#breadcrumb\"},\"inLanguage\":\"it-IT\",\"potentialAction\":[{\"@type\":\"ReadAction\",\"target\":[\"https:\\\/\\\/k-over.com\\\/it\\\/prodotto\\\/silver-acquarium\\\/\"]}]},{\"@type\":\"ImageObject\",\"inLanguage\":\"it-IT\",\"@id\":\"https:\\\/\\\/k-over.com\\\/it\\\/prodotto\\\/silver-acquarium\\\/#primaryimage\",\"url\":\"https:\\\/\\\/k-over.com\\\/wp-content\\\/uploads\\\/2021\\\/12\\\/Acquarium-scaled.jpg\",\"contentUrl\":\"https:\\\/\\\/k-over.com\\\/wp-content\\\/uploads\\\/2021\\\/12\\\/Acquarium-scaled.jpg\",\"width\":1702,\"height\":2560,\"caption\":\"Detail of Acquarium Champagne Bottle Cover\"},{\"@type\":\"BreadcrumbList\",\"@id\":\"https:\\\/\\\/k-over.com\\\/it\\\/prodotto\\\/silver-acquarium\\\/#breadcrumb\",\"itemListElement\":[{\"@type\":\"ListItem\",\"position\":1,\"name\":\"Home\",\"item\":\"https:\\\/\\\/k-over.com\\\/it\\\/\"},{\"@type\":\"ListItem\",\"position\":2,\"name\":\"Shop\",\"item\":\"https:\\\/\\\/k-over.com\\\/it\\\/shop\\\/\"},{\"@type\":\"ListItem\",\"position\":3,\"name\":\"Acquarium\"}]},{\"@type\":\"WebSite\",\"@id\":\"https:\\\/\\\/k-over.com\\\/?lang=en\\\/#website\",\"url\":\"https:\\\/\\\/k-over.com\\\/?lang=en\\\/\",\"name\":\"K-OVER\",\"description\":\"Made in Italy\",\"publisher\":{\"@id\":\"https:\\\/\\\/k-over.com\\\/?lang=en\\\/#organization\"},\"potentialAction\":[{\"@type\":\"SearchAction\",\"target\":{\"@type\":\"EntryPoint\",\"urlTemplate\":\"https:\\\/\\\/k-over.com\\\/?lang=en\\\/?s={search_term_string}\"},\"query-input\":{\"@type\":\"PropertyValueSpecification\",\"valueRequired\":true,\"valueName\":\"search_term_string\"}}],\"inLanguage\":\"it-IT\"},{\"@type\":\"Organization\",\"@id\":\"https:\\\/\\\/k-over.com\\\/?lang=en\\\/#organization\",\"name\":\"K-OVER\",\"url\":\"https:\\\/\\\/k-over.com\\\/?lang=en\\\/\",\"logo\":{\"@type\":\"ImageObject\",\"inLanguage\":\"it-IT\",\"@id\":\"https:\\\/\\\/k-over.com\\\/?lang=en\\\/#\\\/schema\\\/logo\\\/image\\\/\",\"url\":\"https:\\\/\\\/k-over.com\\\/wp-content\\\/uploads\\\/2023\\\/09\\\/Layer-1.svg\",\"contentUrl\":\"https:\\\/\\\/k-over.com\\\/wp-content\\\/uploads\\\/2023\\\/09\\\/Layer-1.svg\",\"width\":47,\"height\":101,\"caption\":\"K-OVER\"},\"image\":{\"@id\":\"https:\\\/\\\/k-over.com\\\/?lang=en\\\/#\\\/schema\\\/logo\\\/image\\\/\"}}]}<\/script>\n<!-- \/ Yoast SEO plugin. -->","yoast_head_json":{"title":"Acquarium | K-OVER","robots":{"index":"index","follow":"follow","max-snippet":"max-snippet:-1","max-image-preview":"max-image-preview:large","max-video-preview":"max-video-preview:-1"},"canonical":"https:\/\/k-over.com\/it\/prodotto\/silver-acquarium\/","og_locale":"it_IT","og_type":"article","og_title":"Acquarium | K-OVER","og_description":"Typologia Champagne cover  Materiale Argento Massiccio 999\/\u00b0\u00b0  2019, Italy","og_url":"https:\/\/k-over.com\/it\/prodotto\/silver-acquarium\/","og_site_name":"K-OVER","article_modified_time":"2024-12-27T23:37:26+00:00","og_image":[{"width":1702,"height":2560,"url":"https:\/\/k-over.com\/wp-content\/uploads\/2021\/12\/Acquarium-scaled.jpg","type":"image\/jpeg"}],"twitter_card":"summary_large_image","twitter_misc":{"Tempo di lettura stimato":"2 minuti"},"schema":{"@context":"https:\/\/schema.org","@graph":[{"@type":"WebPage","@id":"https:\/\/k-over.com\/it\/prodotto\/silver-acquarium\/","url":"https:\/\/k-over.com\/it\/prodotto\/silver-acquarium\/","name":"Acquarium | K-OVER","isPartOf":{"@id":"https:\/\/k-over.com\/?lang=en\/#website"},"primaryImageOfPage":{"@id":"https:\/\/k-over.com\/it\/prodotto\/silver-acquarium\/#primaryimage"},"image":{"@id":"https:\/\/k-over.com\/it\/prodotto\/silver-acquarium\/#primaryimage"},"thumbnailUrl":"https:\/\/k-over.com\/wp-content\/uploads\/2021\/12\/Acquarium-scaled.jpg","datePublished":"2023-10-28T07:46:21+00:00","dateModified":"2024-12-27T23:37:26+00:00","breadcrumb":{"@id":"https:\/\/k-over.com\/it\/prodotto\/silver-acquarium\/#breadcrumb"},"inLanguage":"it-IT","potentialAction":[{"@type":"ReadAction","target":["https:\/\/k-over.com\/it\/prodotto\/silver-acquarium\/"]}]},{"@type":"ImageObject","inLanguage":"it-IT","@id":"https:\/\/k-over.com\/it\/prodotto\/silver-acquarium\/#primaryimage","url":"https:\/\/k-over.com\/wp-content\/uploads\/2021\/12\/Acquarium-scaled.jpg","contentUrl":"https:\/\/k-over.com\/wp-content\/uploads\/2021\/12\/Acquarium-scaled.jpg","width":1702,"height":2560,"caption":"Detail of Acquarium Champagne Bottle Cover"},{"@type":"BreadcrumbList","@id":"https:\/\/k-over.com\/it\/prodotto\/silver-acquarium\/#breadcrumb","itemListElement":[{"@type":"ListItem","position":1,"name":"Home","item":"https:\/\/k-over.com\/it\/"},{"@type":"ListItem","position":2,"name":"Shop","item":"https:\/\/k-over.com\/it\/shop\/"},{"@type":"ListItem","position":3,"name":"Acquarium"}]},{"@type":"WebSite","@id":"https:\/\/k-over.com\/?lang=en\/#website","url":"https:\/\/k-over.com\/?lang=en\/","name":"K-OVER","description":"Made in Italy","publisher":{"@id":"https:\/\/k-over.com\/?lang=en\/#organization"},"potentialAction":[{"@type":"SearchAction","target":{"@type":"EntryPoint","urlTemplate":"https:\/\/k-over.com\/?lang=en\/?s={search_term_string}"},"query-input":{"@type":"PropertyValueSpecification","valueRequired":true,"valueName":"search_term_string"}}],"inLanguage":"it-IT"},{"@type":"Organization","@id":"https:\/\/k-over.com\/?lang=en\/#organization","name":"K-OVER","url":"https:\/\/k-over.com\/?lang=en\/","logo":{"@type":"ImageObject","inLanguage":"it-IT","@id":"https:\/\/k-over.com\/?lang=en\/#\/schema\/logo\/image\/","url":"https:\/\/k-over.com\/wp-content\/uploads\/2023\/09\/Layer-1.svg","contentUrl":"https:\/\/k-over.com\/wp-content\/uploads\/2023\/09\/Layer-1.svg","width":47,"height":101,"caption":"K-OVER"},"image":{"@id":"https:\/\/k-over.com\/?lang=en\/#\/schema\/logo\/image\/"}}]}},"mfb_rest_fields":["title","yoast_head","yoast_head_json"],"_links":{"self":[{"href":"https:\/\/k-over.com\/it\/wp-json\/wp\/v2\/product\/2921","targetHints":{"allow":["GET"]}}],"collection":[{"href":"https:\/\/k-over.com\/it\/wp-json\/wp\/v2\/product"}],"about":[{"href":"https:\/\/k-over.com\/it\/wp-json\/wp\/v2\/types\/product"}],"wp:featuredmedia":[{"embeddable":true,"href":"https:\/\/k-over.com\/it\/wp-json\/wp\/v2\/media\/4334"}],"wp:attachment":[{"href":"https:\/\/k-over.com\/it\/wp-json\/wp\/v2\/media?parent=2921"}],"wp:term":[{"taxonomy":"product_brand","embeddable":true,"href":"https:\/\/k-over.com\/it\/wp-json\/wp\/v2\/product_brand?post=2921"},{"taxonomy":"product_cat","embeddable":true,"href":"https:\/\/k-over.com\/it\/wp-json\/wp\/v2\/product_cat?post=2921"},{"taxonomy":"product_tag","embeddable":true,"href":"https:\/\/k-over.com\/it\/wp-json\/wp\/v2\/product_tag?post=2921"}],"curies":[{"name":"wp","href":"https:\/\/api.w.org\/{rel}","templated":true}]}}