{"id":2930,"date":"2023-10-28T10:38:56","date_gmt":"2023-10-28T08:38:56","guid":{"rendered":"https:\/\/k-over.com\/?post_type=product&#038;p=2930"},"modified":"2024-12-28T00:37:26","modified_gmt":"2024-12-27T23:37:26","slug":"silver-wood-in-autumn","status":"publish","type":"product","link":"https:\/\/k-over.com\/it\/prodotto\/silver-wood-in-autumn\/","title":{"rendered":"Wood in Autumn"},"content":{"rendered":"<p>Wood in Autumn \u00e8 una stupenda e unica K-Over per bottiglie di Champagne realizza in argento massiccio 999% dal nostro maestro argentiere Stefano Vigni. Questa cover appartiene alla nostra collezione natura e l\u2019immagine sapientemente riprodotta \u00e8 quella di un bosco con i tipici colori autunnali, gli alberi sono spogli e sul terreno vediamo un manto di foglie ingiallite. I colori sono tenui, creano un\u2019atmosfera velata e silenziosa. uno stile artistico decisamente nuovo e originale, rappresentare un&#8217;immagine della natura utilizzando un oggetto di valore e funzionale, una vera alternativa all&#8217;argenteria tradizionale.<\/p>\n<p>Le tecniche usate per la realizzazione di questa opera sono lo sbalzo, il cesello e la doratura per la quale \u00e8 stato utilizzato oro 24Kt.<\/p>\n<p>Il valore di questa K-Over \u00e8 dato sia dall\u2019utilizzo di metallo prezioso certificato e naturalmente anche dal lavoro attento e minuzioso del maestro argentiere che per realizzarla ha impiegato diversi mesi.<\/p>\n<p>Il nostro intento \u00e8 quello di trasformare il vasto mercato dei regali, oggettistica per la casa e la tavola di alta gamma offrendo un qualcosa di alternativo al solito investimento in metalli preziosi. I nostri artigiani hanno anni di esperienza nella lavorazione dei metalli pi\u00f9 nobili. Usano solo materia prima di alta qualit\u00e0 quali argento massiccio 999% , oro 24kt e bronzo delle leghe pi\u00f9 pure. Ogni prodotto \u00e8 certificato e la garanzia viene fornita al momento dell\u2019acquisto.<\/p>\n<p><strong>Artist information<\/strong><\/p>\n<p>Stefano Vigni \u00e8 nato a Firenze nel 1952. All&#8217;et\u00e0 di 14 anni ha iniziato a lavorare nelle pi\u00f9 prestigiose botteghe artigiane di Firenze e ha sviluppato non solo una grande abilit\u00e0 manuale ma anche un gusto raffinato creando opere di grande valore e di unica bellezza. Questo gli ha permesso di realizzare opere e progetti importanti per aziende quali\u00a0 Tiffany e Bulgari. In seguito, Stefano \u00e8 stato nominato &#8220;Faberg\u00e9 WorkMaster&#8221; per la sua abilit\u00e0 nel realizzare opere ispirate a questo metodo di lavorazione noto in tutto il mondo. Lavora con K-Over da diversi anni e ha realizzato cover per le collezioni arte e natura.<\/p>\n<p><strong>Technical features<\/strong><\/p>\n<p>K-OVER \u00e8 il nuovo brand di P.M.P Firenze, azienda con oltre 40 anni di esperienza nel settore dell\u2019argenteria. Forti di questa nostra competenza abbiamo sviluppato un nuovo prodotto: un moderno secchiello per bottiglie di champagne, alternativo alla pi\u00f9 comune glacette, che pu\u00f2 essere utilizzato infinite volte, la bottiglia si cambia svitando il tappo posizionato sul fondo. Immettendo una bottiglia di champagne gi\u00e0 a temperatura questa viene mantenuta per circa 2 ore grazie a uno speciale tessuto termico inserito all\u2019interno della K-Over. La maggior parte delle K-Over che appartengono alla collezione arte sono pezzi unici, questo le rende ancora pi\u00f9 preziose.<\/p>\n<p>Tutte le nostre cover per bottiglie di champagne e vino sono realizzate in argento massiccio 999\/\u00b0\u00b0 al contrario dell\u2019argenteria di uso comune per la quale viene utilizzato argento 925\/\u00b0\u00b0. Questa scelta \u00e8 guidata da tre motivi molto importanti. Vogliamo fornire ai nostri clienti un prodotto unico e di alto valore, la resistenza dell&#8217;argento puro all&#8217;ossidazione lo rende pi\u00f9 facile da pulire e lucidare, in ultimo le propriet\u00e0 antibatteriche dell&#8217;argento ne assicurano l&#8217;uso sicuro con alimenti e bevande. Le nostre cover non sono solo belle e di grande valore ma molto semplici da utilizzare, pratiche da pulire e utilizzabili in ogni occasione. Arricchiscono la vostra tavola e possono essere esibite come un complemento d\u2019arredo di alta gamma.<\/p>\n<p>Le nostre cover sono utilizzabili per bottiglie champagne di forma champenoise come ad esempio: Mo\u00ebt Et Chandon, Veuve Clicquot, Cristal, Pol Roger, Piper-Heidsieck, Perrier Jou\u00ebt, Taittinger, Mumm, Ferrari, Berlucchi.<\/p>\n<p>&nbsp;<\/p>\n<p>Dimensioni: Diametro 10,5 cm<br \/>\nMateriale: Argento 999\/\u00b0\u00b0<br \/>\nPeso: 650 g<br \/>\nAltezza: 25,5 cm<\/p>\n","protected":false},"excerpt":{"rendered":"<p><strong>Typologia<br \/>\n<\/strong>Champagne cover<\/p>\n<p><strong>Materiale<br \/>\n<\/strong>Argento Massiccio 999\/\u00b0\u00b0<\/p>\n<p><strong>2019, Italy<\/strong><\/p>\n","protected":false},"featured_media":5897,"template":"","meta":{"_acf_changed":false,"_crdt_document":"","inline_featured_image":false},"product_brand":[],"product_cat":[306],"product_tag":[238],"class_list":{"0":"post-2930","1":"product","2":"type-product","3":"status-publish","4":"has-post-thumbnail","6":"product_cat-champagne-cover-it","7":"product_tag-natura","9":"first","10":"instock","11":"taxable","12":"shipping-taxable","13":"purchasable","14":"product-type-simple"},"acf":[],"mb":[],"yoast_head":"<!-- This site is optimized with the Yoast SEO plugin v27.3 - https:\/\/yoast.com\/product\/yoast-seo-wordpress\/ -->\n<title>Wood in Autumn | K-OVER<\/title>\n<meta name=\"robots\" content=\"index, follow, max-snippet:-1, max-image-preview:large, max-video-preview:-1\" \/>\n<link rel=\"canonical\" href=\"https:\/\/k-over.com\/it\/prodotto\/silver-wood-in-autumn\/\" \/>\n<meta property=\"og:locale\" content=\"it_IT\" \/>\n<meta property=\"og:type\" content=\"article\" \/>\n<meta property=\"og:title\" content=\"Wood in Autumn | K-OVER\" \/>\n<meta property=\"og:description\" content=\"Typologia Champagne cover  Materiale Argento Massiccio 999\/\u00b0\u00b0  2019, Italy\" \/>\n<meta property=\"og:url\" content=\"https:\/\/k-over.com\/it\/prodotto\/silver-wood-in-autumn\/\" \/>\n<meta property=\"og:site_name\" content=\"K-OVER\" \/>\n<meta property=\"article:modified_time\" content=\"2024-12-27T23:37:26+00:00\" \/>\n<meta property=\"og:image\" content=\"https:\/\/k-over.com\/wp-content\/uploads\/2021\/12\/Wood-In-Autumn_Front.jpg\" \/>\n\t<meta property=\"og:image:width\" content=\"997\" \/>\n\t<meta property=\"og:image:height\" content=\"1500\" \/>\n\t<meta property=\"og:image:type\" content=\"image\/jpeg\" \/>\n<meta name=\"twitter:card\" content=\"summary_large_image\" \/>\n<meta name=\"twitter:label1\" content=\"Tempo di lettura stimato\" \/>\n\t<meta name=\"twitter:data1\" content=\"4 minuti\" \/>\n<script type=\"application\/ld+json\" class=\"yoast-schema-graph\">{\"@context\":\"https:\\\/\\\/schema.org\",\"@graph\":[{\"@type\":\"WebPage\",\"@id\":\"https:\\\/\\\/k-over.com\\\/it\\\/prodotto\\\/silver-wood-in-autumn\\\/\",\"url\":\"https:\\\/\\\/k-over.com\\\/it\\\/prodotto\\\/silver-wood-in-autumn\\\/\",\"name\":\"Wood in Autumn | K-OVER\",\"isPartOf\":{\"@id\":\"https:\\\/\\\/k-over.com\\\/?lang=en\\\/#website\"},\"primaryImageOfPage\":{\"@id\":\"https:\\\/\\\/k-over.com\\\/it\\\/prodotto\\\/silver-wood-in-autumn\\\/#primaryimage\"},\"image\":{\"@id\":\"https:\\\/\\\/k-over.com\\\/it\\\/prodotto\\\/silver-wood-in-autumn\\\/#primaryimage\"},\"thumbnailUrl\":\"https:\\\/\\\/k-over.com\\\/wp-content\\\/uploads\\\/2021\\\/12\\\/Wood-In-Autumn_Front.jpg\",\"datePublished\":\"2023-10-28T08:38:56+00:00\",\"dateModified\":\"2024-12-27T23:37:26+00:00\",\"breadcrumb\":{\"@id\":\"https:\\\/\\\/k-over.com\\\/it\\\/prodotto\\\/silver-wood-in-autumn\\\/#breadcrumb\"},\"inLanguage\":\"it-IT\",\"potentialAction\":[{\"@type\":\"ReadAction\",\"target\":[\"https:\\\/\\\/k-over.com\\\/it\\\/prodotto\\\/silver-wood-in-autumn\\\/\"]}]},{\"@type\":\"ImageObject\",\"inLanguage\":\"it-IT\",\"@id\":\"https:\\\/\\\/k-over.com\\\/it\\\/prodotto\\\/silver-wood-in-autumn\\\/#primaryimage\",\"url\":\"https:\\\/\\\/k-over.com\\\/wp-content\\\/uploads\\\/2021\\\/12\\\/Wood-In-Autumn_Front.jpg\",\"contentUrl\":\"https:\\\/\\\/k-over.com\\\/wp-content\\\/uploads\\\/2021\\\/12\\\/Wood-In-Autumn_Front.jpg\",\"width\":997,\"height\":1500,\"caption\":\"Front of champagne bottle cover Wood in Autumn\"},{\"@type\":\"BreadcrumbList\",\"@id\":\"https:\\\/\\\/k-over.com\\\/it\\\/prodotto\\\/silver-wood-in-autumn\\\/#breadcrumb\",\"itemListElement\":[{\"@type\":\"ListItem\",\"position\":1,\"name\":\"Home\",\"item\":\"https:\\\/\\\/k-over.com\\\/it\\\/\"},{\"@type\":\"ListItem\",\"position\":2,\"name\":\"Shop\",\"item\":\"https:\\\/\\\/k-over.com\\\/it\\\/shop\\\/\"},{\"@type\":\"ListItem\",\"position\":3,\"name\":\"Wood in Autumn\"}]},{\"@type\":\"WebSite\",\"@id\":\"https:\\\/\\\/k-over.com\\\/?lang=en\\\/#website\",\"url\":\"https:\\\/\\\/k-over.com\\\/?lang=en\\\/\",\"name\":\"K-OVER\",\"description\":\"Made in Italy\",\"publisher\":{\"@id\":\"https:\\\/\\\/k-over.com\\\/?lang=en\\\/#organization\"},\"potentialAction\":[{\"@type\":\"SearchAction\",\"target\":{\"@type\":\"EntryPoint\",\"urlTemplate\":\"https:\\\/\\\/k-over.com\\\/?lang=en\\\/?s={search_term_string}\"},\"query-input\":{\"@type\":\"PropertyValueSpecification\",\"valueRequired\":true,\"valueName\":\"search_term_string\"}}],\"inLanguage\":\"it-IT\"},{\"@type\":\"Organization\",\"@id\":\"https:\\\/\\\/k-over.com\\\/?lang=en\\\/#organization\",\"name\":\"K-OVER\",\"url\":\"https:\\\/\\\/k-over.com\\\/?lang=en\\\/\",\"logo\":{\"@type\":\"ImageObject\",\"inLanguage\":\"it-IT\",\"@id\":\"https:\\\/\\\/k-over.com\\\/?lang=en\\\/#\\\/schema\\\/logo\\\/image\\\/\",\"url\":\"https:\\\/\\\/k-over.com\\\/wp-content\\\/uploads\\\/2023\\\/09\\\/Layer-1.svg\",\"contentUrl\":\"https:\\\/\\\/k-over.com\\\/wp-content\\\/uploads\\\/2023\\\/09\\\/Layer-1.svg\",\"width\":47,\"height\":101,\"caption\":\"K-OVER\"},\"image\":{\"@id\":\"https:\\\/\\\/k-over.com\\\/?lang=en\\\/#\\\/schema\\\/logo\\\/image\\\/\"}}]}<\/script>\n<!-- \/ Yoast SEO plugin. -->","yoast_head_json":{"title":"Wood in Autumn | K-OVER","robots":{"index":"index","follow":"follow","max-snippet":"max-snippet:-1","max-image-preview":"max-image-preview:large","max-video-preview":"max-video-preview:-1"},"canonical":"https:\/\/k-over.com\/it\/prodotto\/silver-wood-in-autumn\/","og_locale":"it_IT","og_type":"article","og_title":"Wood in Autumn | K-OVER","og_description":"Typologia Champagne cover  Materiale Argento Massiccio 999\/\u00b0\u00b0  2019, Italy","og_url":"https:\/\/k-over.com\/it\/prodotto\/silver-wood-in-autumn\/","og_site_name":"K-OVER","article_modified_time":"2024-12-27T23:37:26+00:00","og_image":[{"width":997,"height":1500,"url":"https:\/\/k-over.com\/wp-content\/uploads\/2021\/12\/Wood-In-Autumn_Front.jpg","type":"image\/jpeg"}],"twitter_card":"summary_large_image","twitter_misc":{"Tempo di lettura stimato":"4 minuti"},"schema":{"@context":"https:\/\/schema.org","@graph":[{"@type":"WebPage","@id":"https:\/\/k-over.com\/it\/prodotto\/silver-wood-in-autumn\/","url":"https:\/\/k-over.com\/it\/prodotto\/silver-wood-in-autumn\/","name":"Wood in Autumn | K-OVER","isPartOf":{"@id":"https:\/\/k-over.com\/?lang=en\/#website"},"primaryImageOfPage":{"@id":"https:\/\/k-over.com\/it\/prodotto\/silver-wood-in-autumn\/#primaryimage"},"image":{"@id":"https:\/\/k-over.com\/it\/prodotto\/silver-wood-in-autumn\/#primaryimage"},"thumbnailUrl":"https:\/\/k-over.com\/wp-content\/uploads\/2021\/12\/Wood-In-Autumn_Front.jpg","datePublished":"2023-10-28T08:38:56+00:00","dateModified":"2024-12-27T23:37:26+00:00","breadcrumb":{"@id":"https:\/\/k-over.com\/it\/prodotto\/silver-wood-in-autumn\/#breadcrumb"},"inLanguage":"it-IT","potentialAction":[{"@type":"ReadAction","target":["https:\/\/k-over.com\/it\/prodotto\/silver-wood-in-autumn\/"]}]},{"@type":"ImageObject","inLanguage":"it-IT","@id":"https:\/\/k-over.com\/it\/prodotto\/silver-wood-in-autumn\/#primaryimage","url":"https:\/\/k-over.com\/wp-content\/uploads\/2021\/12\/Wood-In-Autumn_Front.jpg","contentUrl":"https:\/\/k-over.com\/wp-content\/uploads\/2021\/12\/Wood-In-Autumn_Front.jpg","width":997,"height":1500,"caption":"Front of champagne bottle cover Wood in Autumn"},{"@type":"BreadcrumbList","@id":"https:\/\/k-over.com\/it\/prodotto\/silver-wood-in-autumn\/#breadcrumb","itemListElement":[{"@type":"ListItem","position":1,"name":"Home","item":"https:\/\/k-over.com\/it\/"},{"@type":"ListItem","position":2,"name":"Shop","item":"https:\/\/k-over.com\/it\/shop\/"},{"@type":"ListItem","position":3,"name":"Wood in Autumn"}]},{"@type":"WebSite","@id":"https:\/\/k-over.com\/?lang=en\/#website","url":"https:\/\/k-over.com\/?lang=en\/","name":"K-OVER","description":"Made in Italy","publisher":{"@id":"https:\/\/k-over.com\/?lang=en\/#organization"},"potentialAction":[{"@type":"SearchAction","target":{"@type":"EntryPoint","urlTemplate":"https:\/\/k-over.com\/?lang=en\/?s={search_term_string}"},"query-input":{"@type":"PropertyValueSpecification","valueRequired":true,"valueName":"search_term_string"}}],"inLanguage":"it-IT"},{"@type":"Organization","@id":"https:\/\/k-over.com\/?lang=en\/#organization","name":"K-OVER","url":"https:\/\/k-over.com\/?lang=en\/","logo":{"@type":"ImageObject","inLanguage":"it-IT","@id":"https:\/\/k-over.com\/?lang=en\/#\/schema\/logo\/image\/","url":"https:\/\/k-over.com\/wp-content\/uploads\/2023\/09\/Layer-1.svg","contentUrl":"https:\/\/k-over.com\/wp-content\/uploads\/2023\/09\/Layer-1.svg","width":47,"height":101,"caption":"K-OVER"},"image":{"@id":"https:\/\/k-over.com\/?lang=en\/#\/schema\/logo\/image\/"}}]}},"mfb_rest_fields":["title","yoast_head","yoast_head_json"],"_links":{"self":[{"href":"https:\/\/k-over.com\/it\/wp-json\/wp\/v2\/product\/2930","targetHints":{"allow":["GET"]}}],"collection":[{"href":"https:\/\/k-over.com\/it\/wp-json\/wp\/v2\/product"}],"about":[{"href":"https:\/\/k-over.com\/it\/wp-json\/wp\/v2\/types\/product"}],"wp:featuredmedia":[{"embeddable":true,"href":"https:\/\/k-over.com\/it\/wp-json\/wp\/v2\/media\/5897"}],"wp:attachment":[{"href":"https:\/\/k-over.com\/it\/wp-json\/wp\/v2\/media?parent=2930"}],"wp:term":[{"taxonomy":"product_brand","embeddable":true,"href":"https:\/\/k-over.com\/it\/wp-json\/wp\/v2\/product_brand?post=2930"},{"taxonomy":"product_cat","embeddable":true,"href":"https:\/\/k-over.com\/it\/wp-json\/wp\/v2\/product_cat?post=2930"},{"taxonomy":"product_tag","embeddable":true,"href":"https:\/\/k-over.com\/it\/wp-json\/wp\/v2\/product_tag?post=2930"}],"curies":[{"name":"wp","href":"https:\/\/api.w.org\/{rel}","templated":true}]}}