{"id":3108,"date":"2023-10-27T09:58:50","date_gmt":"2023-10-27T07:58:50","guid":{"rendered":"https:\/\/k-over.com\/?post_type=product&#038;p=3108"},"modified":"2024-12-28T00:37:27","modified_gmt":"2024-12-27T23:37:27","slug":"silver-wine-sunlight","status":"publish","type":"product","link":"https:\/\/k-over.com\/it\/prodotto\/silver-wine-sunlight\/","title":{"rendered":"Silver Wine &#8220;Sun Light&#8221;"},"content":{"rendered":"<p>Il valore di questo Wine K-OVER risiede nelle tecniche innovative che sono state utilizzate nella sua produzione. Come si pu\u00f2 vedere chiaramente dalle immagini, la superficie del K-OVER brilla come il sole. Questa texture innovativa offre anche un vantaggio tecnico: quando tocchi la cover, non rimane alcuna impronta. Il K-OVER \u00e8 perfetto per festeggiare eventi speciali come matrimoni, Capodanno e compleanni.<\/p>\n<p>Il K-OVER \u00e8 stato realizzato completamente a mano da Marco Fedi, maestro orafo fiorentino. Il processo di produzione \u00e8 durato poche settimane e le tecniche utilizzate sono la filatura e l&#8217;incisione.<\/p>\n<p><strong>Artist information<\/strong><\/p>\n<p><span style=\"font-weight: 400;\">Marco Fedi ha iniziato la sua carriera negli anni &#8217;80, acquisendo una preziosa esperienza lavorando presso prestigiosi laboratori a Firenze. Le sue eccezionali abilit\u00e0 sono state richieste da marchi di prestigio come Tiffany, Bulgari, Christofle e Cartier. Oggi, Marco Fedi collabora con orgoglio con K-OVER in progetti innovativi che includono K-OVER Memories e K-OVER Designs. Scopri l&#8217;eccezionale maestria artistica e le creazioni visionarie di questo abile artigiano.<\/span><\/p>\n<p><strong>Technical features<\/strong><\/p>\n<p><span style=\"font-weight: 400;\">K-OVER \u00e8 un marchio di P.M.P Firenze, un&#8217;azienda con una ricca eredit\u00e0 di oltre 40 anni nell&#8217;industria dell&#8217;argenteria. Questa vasta esperienza ha portato alla creazione di una copribottiglia rivoluzionaria. I nostri copribottiglia innovativi sono progettati per mantenere fresche le vostre preziose bottiglie di vino. Questi K-OVER sono riutilizzabili: \u00e8 sufficiente svitare il tappo nella parte inferiore per sostituire la bottiglia. Sono stati esposti solo in eventi pubblici e sono specificamente adatti per bottiglie Bordolesi europee.<\/span><\/p>\n<p><span style=\"font-weight: 400;\">In modo distintivo, ogni K-OVER \u00e8 realizzato in argento solido 999\/\u00b0\u00b0, una deviazione dall&#8217;argento sterling convenzionalmente usato nell&#8217;argenteria. Questa scelta \u00e8 radicata in tre considerazioni chiave. In primo luogo, sottolinea il nostro impegno a offrire prodotti di eccezionale valore. In secondo luogo, la maggiore purezza dell&#8217;argento riduce significativamente la probabilit\u00e0 di ossidazione, garantendo una manutenzione pi\u00f9 semplice. Infine, le propriet\u00e0 antibatteriche intrinseche dell&#8217;argento aumentano la sicurezza del prodotto.<\/span><\/p>\n<p>Diametro: 9 cm<br \/>\nMateriale: Argento 999\/\u00b0\u00b0<br \/>\nPeso: 650 g<br \/>\nAltezza: 33 cm<\/p>\n","protected":false},"excerpt":{"rendered":"<p><strong>Typologia<br \/>\n<\/strong>Wine cover<\/p>\n<p><strong>Materials<br \/>\n<\/strong>Argento Massiccio 999\/\u00b0\u00b0<\/p>\n<p><strong>2019, Italy<\/strong><\/p>\n","protected":false},"featured_media":3114,"template":"","meta":{"_acf_changed":false,"_crdt_document":"","inline_featured_image":false},"product_brand":[],"product_cat":[29],"product_tag":[239],"class_list":{"0":"post-3108","1":"product","2":"type-product","3":"status-publish","4":"has-post-thumbnail","6":"product_cat-wine-cover-it","7":"product_tag-matrimonio","9":"first","10":"instock","11":"taxable","12":"shipping-taxable","13":"purchasable","14":"product-type-simple"},"acf":[],"mb":[],"yoast_head":"<!-- This site is optimized with the Yoast SEO plugin v27.3 - https:\/\/yoast.com\/product\/yoast-seo-wordpress\/ -->\n<title>Silver Wine &quot;Sun Light&quot; | K-OVER<\/title>\n<meta name=\"robots\" content=\"index, follow, max-snippet:-1, max-image-preview:large, max-video-preview:-1\" \/>\n<link rel=\"canonical\" href=\"https:\/\/k-over.com\/it\/prodotto\/silver-wine-sunlight\/\" \/>\n<meta property=\"og:locale\" content=\"it_IT\" \/>\n<meta property=\"og:type\" content=\"article\" \/>\n<meta property=\"og:title\" content=\"Silver Wine &quot;Sun Light&quot; | K-OVER\" \/>\n<meta property=\"og:description\" content=\"Typologia Wine cover  Materials Argento Massiccio 999\/\u00b0\u00b0  2019, Italy\" \/>\n<meta property=\"og:url\" content=\"https:\/\/k-over.com\/it\/prodotto\/silver-wine-sunlight\/\" \/>\n<meta property=\"og:site_name\" content=\"K-OVER\" \/>\n<meta property=\"article:modified_time\" content=\"2024-12-27T23:37:27+00:00\" \/>\n<meta property=\"og:image\" content=\"https:\/\/k-over.com\/wp-content\/uploads\/2022\/01\/sunlight-wine-cover-1.site_.jpg\" \/>\n\t<meta property=\"og:image:width\" content=\"1280\" \/>\n\t<meta property=\"og:image:height\" content=\"1280\" \/>\n\t<meta property=\"og:image:type\" content=\"image\/jpeg\" \/>\n<meta name=\"twitter:card\" content=\"summary_large_image\" \/>\n<meta name=\"twitter:label1\" content=\"Tempo di lettura stimato\" \/>\n\t<meta name=\"twitter:data1\" content=\"2 minuti\" \/>\n<script type=\"application\/ld+json\" class=\"yoast-schema-graph\">{\"@context\":\"https:\\\/\\\/schema.org\",\"@graph\":[{\"@type\":\"WebPage\",\"@id\":\"https:\\\/\\\/k-over.com\\\/it\\\/prodotto\\\/silver-wine-sunlight\\\/\",\"url\":\"https:\\\/\\\/k-over.com\\\/it\\\/prodotto\\\/silver-wine-sunlight\\\/\",\"name\":\"Silver Wine \\\"Sun Light\\\" | K-OVER\",\"isPartOf\":{\"@id\":\"https:\\\/\\\/k-over.com\\\/?lang=en\\\/#website\"},\"primaryImageOfPage\":{\"@id\":\"https:\\\/\\\/k-over.com\\\/it\\\/prodotto\\\/silver-wine-sunlight\\\/#primaryimage\"},\"image\":{\"@id\":\"https:\\\/\\\/k-over.com\\\/it\\\/prodotto\\\/silver-wine-sunlight\\\/#primaryimage\"},\"thumbnailUrl\":\"https:\\\/\\\/k-over.com\\\/wp-content\\\/uploads\\\/2022\\\/01\\\/sunlight-wine-cover-1.site_.jpg\",\"datePublished\":\"2023-10-27T07:58:50+00:00\",\"dateModified\":\"2024-12-27T23:37:27+00:00\",\"breadcrumb\":{\"@id\":\"https:\\\/\\\/k-over.com\\\/it\\\/prodotto\\\/silver-wine-sunlight\\\/#breadcrumb\"},\"inLanguage\":\"it-IT\",\"potentialAction\":[{\"@type\":\"ReadAction\",\"target\":[\"https:\\\/\\\/k-over.com\\\/it\\\/prodotto\\\/silver-wine-sunlight\\\/\"]}]},{\"@type\":\"ImageObject\",\"inLanguage\":\"it-IT\",\"@id\":\"https:\\\/\\\/k-over.com\\\/it\\\/prodotto\\\/silver-wine-sunlight\\\/#primaryimage\",\"url\":\"https:\\\/\\\/k-over.com\\\/wp-content\\\/uploads\\\/2022\\\/01\\\/sunlight-wine-cover-1.site_.jpg\",\"contentUrl\":\"https:\\\/\\\/k-over.com\\\/wp-content\\\/uploads\\\/2022\\\/01\\\/sunlight-wine-cover-1.site_.jpg\",\"width\":1280,\"height\":1280},{\"@type\":\"BreadcrumbList\",\"@id\":\"https:\\\/\\\/k-over.com\\\/it\\\/prodotto\\\/silver-wine-sunlight\\\/#breadcrumb\",\"itemListElement\":[{\"@type\":\"ListItem\",\"position\":1,\"name\":\"Home\",\"item\":\"https:\\\/\\\/k-over.com\\\/it\\\/\"},{\"@type\":\"ListItem\",\"position\":2,\"name\":\"Shop\",\"item\":\"https:\\\/\\\/k-over.com\\\/it\\\/shop\\\/\"},{\"@type\":\"ListItem\",\"position\":3,\"name\":\"Silver Wine &#8220;Sun Light&#8221;\"}]},{\"@type\":\"WebSite\",\"@id\":\"https:\\\/\\\/k-over.com\\\/?lang=en\\\/#website\",\"url\":\"https:\\\/\\\/k-over.com\\\/?lang=en\\\/\",\"name\":\"K-OVER\",\"description\":\"Made in Italy\",\"publisher\":{\"@id\":\"https:\\\/\\\/k-over.com\\\/?lang=en\\\/#organization\"},\"potentialAction\":[{\"@type\":\"SearchAction\",\"target\":{\"@type\":\"EntryPoint\",\"urlTemplate\":\"https:\\\/\\\/k-over.com\\\/?lang=en\\\/?s={search_term_string}\"},\"query-input\":{\"@type\":\"PropertyValueSpecification\",\"valueRequired\":true,\"valueName\":\"search_term_string\"}}],\"inLanguage\":\"it-IT\"},{\"@type\":\"Organization\",\"@id\":\"https:\\\/\\\/k-over.com\\\/?lang=en\\\/#organization\",\"name\":\"K-OVER\",\"url\":\"https:\\\/\\\/k-over.com\\\/?lang=en\\\/\",\"logo\":{\"@type\":\"ImageObject\",\"inLanguage\":\"it-IT\",\"@id\":\"https:\\\/\\\/k-over.com\\\/?lang=en\\\/#\\\/schema\\\/logo\\\/image\\\/\",\"url\":\"https:\\\/\\\/k-over.com\\\/wp-content\\\/uploads\\\/2023\\\/09\\\/Layer-1.svg\",\"contentUrl\":\"https:\\\/\\\/k-over.com\\\/wp-content\\\/uploads\\\/2023\\\/09\\\/Layer-1.svg\",\"width\":47,\"height\":101,\"caption\":\"K-OVER\"},\"image\":{\"@id\":\"https:\\\/\\\/k-over.com\\\/?lang=en\\\/#\\\/schema\\\/logo\\\/image\\\/\"}}]}<\/script>\n<!-- \/ Yoast SEO plugin. -->","yoast_head_json":{"title":"Silver Wine \"Sun Light\" | K-OVER","robots":{"index":"index","follow":"follow","max-snippet":"max-snippet:-1","max-image-preview":"max-image-preview:large","max-video-preview":"max-video-preview:-1"},"canonical":"https:\/\/k-over.com\/it\/prodotto\/silver-wine-sunlight\/","og_locale":"it_IT","og_type":"article","og_title":"Silver Wine \"Sun Light\" | K-OVER","og_description":"Typologia Wine cover  Materials Argento Massiccio 999\/\u00b0\u00b0  2019, Italy","og_url":"https:\/\/k-over.com\/it\/prodotto\/silver-wine-sunlight\/","og_site_name":"K-OVER","article_modified_time":"2024-12-27T23:37:27+00:00","og_image":[{"width":1280,"height":1280,"url":"https:\/\/k-over.com\/wp-content\/uploads\/2022\/01\/sunlight-wine-cover-1.site_.jpg","type":"image\/jpeg"}],"twitter_card":"summary_large_image","twitter_misc":{"Tempo di lettura stimato":"2 minuti"},"schema":{"@context":"https:\/\/schema.org","@graph":[{"@type":"WebPage","@id":"https:\/\/k-over.com\/it\/prodotto\/silver-wine-sunlight\/","url":"https:\/\/k-over.com\/it\/prodotto\/silver-wine-sunlight\/","name":"Silver Wine \"Sun Light\" | K-OVER","isPartOf":{"@id":"https:\/\/k-over.com\/?lang=en\/#website"},"primaryImageOfPage":{"@id":"https:\/\/k-over.com\/it\/prodotto\/silver-wine-sunlight\/#primaryimage"},"image":{"@id":"https:\/\/k-over.com\/it\/prodotto\/silver-wine-sunlight\/#primaryimage"},"thumbnailUrl":"https:\/\/k-over.com\/wp-content\/uploads\/2022\/01\/sunlight-wine-cover-1.site_.jpg","datePublished":"2023-10-27T07:58:50+00:00","dateModified":"2024-12-27T23:37:27+00:00","breadcrumb":{"@id":"https:\/\/k-over.com\/it\/prodotto\/silver-wine-sunlight\/#breadcrumb"},"inLanguage":"it-IT","potentialAction":[{"@type":"ReadAction","target":["https:\/\/k-over.com\/it\/prodotto\/silver-wine-sunlight\/"]}]},{"@type":"ImageObject","inLanguage":"it-IT","@id":"https:\/\/k-over.com\/it\/prodotto\/silver-wine-sunlight\/#primaryimage","url":"https:\/\/k-over.com\/wp-content\/uploads\/2022\/01\/sunlight-wine-cover-1.site_.jpg","contentUrl":"https:\/\/k-over.com\/wp-content\/uploads\/2022\/01\/sunlight-wine-cover-1.site_.jpg","width":1280,"height":1280},{"@type":"BreadcrumbList","@id":"https:\/\/k-over.com\/it\/prodotto\/silver-wine-sunlight\/#breadcrumb","itemListElement":[{"@type":"ListItem","position":1,"name":"Home","item":"https:\/\/k-over.com\/it\/"},{"@type":"ListItem","position":2,"name":"Shop","item":"https:\/\/k-over.com\/it\/shop\/"},{"@type":"ListItem","position":3,"name":"Silver Wine &#8220;Sun Light&#8221;"}]},{"@type":"WebSite","@id":"https:\/\/k-over.com\/?lang=en\/#website","url":"https:\/\/k-over.com\/?lang=en\/","name":"K-OVER","description":"Made in Italy","publisher":{"@id":"https:\/\/k-over.com\/?lang=en\/#organization"},"potentialAction":[{"@type":"SearchAction","target":{"@type":"EntryPoint","urlTemplate":"https:\/\/k-over.com\/?lang=en\/?s={search_term_string}"},"query-input":{"@type":"PropertyValueSpecification","valueRequired":true,"valueName":"search_term_string"}}],"inLanguage":"it-IT"},{"@type":"Organization","@id":"https:\/\/k-over.com\/?lang=en\/#organization","name":"K-OVER","url":"https:\/\/k-over.com\/?lang=en\/","logo":{"@type":"ImageObject","inLanguage":"it-IT","@id":"https:\/\/k-over.com\/?lang=en\/#\/schema\/logo\/image\/","url":"https:\/\/k-over.com\/wp-content\/uploads\/2023\/09\/Layer-1.svg","contentUrl":"https:\/\/k-over.com\/wp-content\/uploads\/2023\/09\/Layer-1.svg","width":47,"height":101,"caption":"K-OVER"},"image":{"@id":"https:\/\/k-over.com\/?lang=en\/#\/schema\/logo\/image\/"}}]}},"mfb_rest_fields":["title","yoast_head","yoast_head_json"],"_links":{"self":[{"href":"https:\/\/k-over.com\/it\/wp-json\/wp\/v2\/product\/3108","targetHints":{"allow":["GET"]}}],"collection":[{"href":"https:\/\/k-over.com\/it\/wp-json\/wp\/v2\/product"}],"about":[{"href":"https:\/\/k-over.com\/it\/wp-json\/wp\/v2\/types\/product"}],"wp:featuredmedia":[{"embeddable":true,"href":"https:\/\/k-over.com\/it\/wp-json\/wp\/v2\/media\/3114"}],"wp:attachment":[{"href":"https:\/\/k-over.com\/it\/wp-json\/wp\/v2\/media?parent=3108"}],"wp:term":[{"taxonomy":"product_brand","embeddable":true,"href":"https:\/\/k-over.com\/it\/wp-json\/wp\/v2\/product_brand?post=3108"},{"taxonomy":"product_cat","embeddable":true,"href":"https:\/\/k-over.com\/it\/wp-json\/wp\/v2\/product_cat?post=3108"},{"taxonomy":"product_tag","embeddable":true,"href":"https:\/\/k-over.com\/it\/wp-json\/wp\/v2\/product_tag?post=3108"}],"curies":[{"name":"wp","href":"https:\/\/api.w.org\/{rel}","templated":true}]}}