{"id":3434,"date":"2023-10-27T09:18:03","date_gmt":"2023-10-27T07:18:03","guid":{"rendered":"https:\/\/k-over.com\/?post_type=product&#038;p=3434"},"modified":"2024-12-28T00:37:28","modified_gmt":"2024-12-27T23:37:28","slug":"silver-wine-silver","status":"publish","type":"product","link":"https:\/\/k-over.com\/it\/prodotto\/silver-wine-silver\/","title":{"rendered":"Silver Wine"},"content":{"rendered":"<p>Progetta il tuo K-OVER scegliendo le caratteristiche che ti piacciono e noi faremo il resto.<\/p>\n<p>Seleziona le funzionalit\u00e0 che ami tra quelle qui sotto e scrivici le tue idee. Ti rispediremo un progetto e, una volta concordato, procederemo con la realizzazione del tuo K-OVER. Il tempo minimo necessario per produrre il tuo K-OVER \u00e8 di 2 settimane, ma pu\u00f2 variare a seconda della complessit\u00e0 del progetto. Durante il processo produttivo sarai continuamente aggiornato con foto, video e informazioni sul lavoro che stiamo realizzando e sul maestro argentiere che se ne occuper\u00e0.<\/p>\n<p>Se hai qualche altra richiesta, scrivicela e cercheremo di fare del nostro meglio per soddisfare le tue aspettative.<\/p>\n<p><strong>Technical features:<\/strong><\/p>\n<p><span style=\"font-weight: 400;\">K-OVER is a pioneering brand from P.M.P Firenze, a company with a rich heritage with over 40 years in the silverware industry. This extensive experience has culminated in the creation of a revolutionary wine cover. Our innovative K-OVERs are designed to keep your cherished wine bottles chilled. These covers are reusable: simply unscrew the cap at the bottom to replace the bottle. They have been showcased only at public events and are tailored specifically for European Bordelaise bottles.<\/span><\/p>\n<p><span style=\"font-weight: 400;\">Distinctively, every K-OVER wine cover is crafted from 999\/\u00b0\u00b0 solid silver, a departure from the conventional sterling silver used in silverware. This choice is rooted in three key considerations. Firstly, it underscores our commitment to offering products of exceptional value. Secondly, the higher purity of silver significantly reduces the likelihood of oxidation, ensuring easier maintenance. Finally, silver&#8217;s inherent antibacterial properties enhance the safety of the product.<\/span><\/p>\n<p>Diametro: 9 cm<br \/>\nMateriale: Argento 999\/\u00b0\u00b0<br \/>\nPeso: 650 g<br \/>\nAltezza: 33 cm<\/p>\n","protected":false},"excerpt":{"rendered":"<p><strong>Typologia<br \/>\n<\/strong>Wine cover<\/p>\n<p><strong>Materiale<br \/>\n<\/strong>Argento Massiccio 999\/\u00b0\u00b0<\/p>\n<p><strong>2019, Italy<\/strong><\/p>\n","protected":false},"featured_media":5677,"template":"","meta":{"_acf_changed":false,"_crdt_document":"","inline_featured_image":false},"product_brand":[],"product_cat":[29],"product_tag":[239],"class_list":{"0":"post-3434","1":"product","2":"type-product","3":"status-publish","4":"has-post-thumbnail","6":"product_cat-wine-cover-it","7":"product_tag-matrimonio","9":"first","10":"instock","11":"taxable","12":"shipping-taxable","13":"purchasable","14":"product-type-simple"},"acf":[],"mb":[],"yoast_head":"<!-- This site is optimized with the Yoast SEO plugin v27.3 - https:\/\/yoast.com\/product\/yoast-seo-wordpress\/ -->\n<title>Silver Wine | K-OVER<\/title>\n<meta name=\"robots\" content=\"index, follow, max-snippet:-1, max-image-preview:large, max-video-preview:-1\" \/>\n<link rel=\"canonical\" href=\"https:\/\/k-over.com\/it\/prodotto\/silver-wine-silver\/\" \/>\n<meta property=\"og:locale\" content=\"it_IT\" \/>\n<meta property=\"og:type\" content=\"article\" \/>\n<meta property=\"og:title\" content=\"Silver Wine | K-OVER\" \/>\n<meta property=\"og:description\" content=\"Typologia Wine cover  Materiale Argento Massiccio 999\/\u00b0\u00b0  2019, Italy\" \/>\n<meta property=\"og:url\" content=\"https:\/\/k-over.com\/it\/prodotto\/silver-wine-silver\/\" \/>\n<meta property=\"og:site_name\" content=\"K-OVER\" \/>\n<meta property=\"article:modified_time\" content=\"2024-12-27T23:37:28+00:00\" \/>\n<meta property=\"og:image\" content=\"https:\/\/k-over.com\/wp-content\/uploads\/2022\/02\/Silver_Wine_Front-1.jpg\" \/>\n\t<meta property=\"og:image:width\" content=\"997\" \/>\n\t<meta property=\"og:image:height\" content=\"1500\" \/>\n\t<meta property=\"og:image:type\" content=\"image\/jpeg\" \/>\n<meta name=\"twitter:card\" content=\"summary_large_image\" \/>\n<meta name=\"twitter:label1\" content=\"Tempo di lettura stimato\" \/>\n\t<meta name=\"twitter:data1\" content=\"2 minuti\" \/>\n<script type=\"application\/ld+json\" class=\"yoast-schema-graph\">{\"@context\":\"https:\\\/\\\/schema.org\",\"@graph\":[{\"@type\":\"WebPage\",\"@id\":\"https:\\\/\\\/k-over.com\\\/it\\\/prodotto\\\/silver-wine-silver\\\/\",\"url\":\"https:\\\/\\\/k-over.com\\\/it\\\/prodotto\\\/silver-wine-silver\\\/\",\"name\":\"Silver Wine | K-OVER\",\"isPartOf\":{\"@id\":\"https:\\\/\\\/k-over.com\\\/?lang=en\\\/#website\"},\"primaryImageOfPage\":{\"@id\":\"https:\\\/\\\/k-over.com\\\/it\\\/prodotto\\\/silver-wine-silver\\\/#primaryimage\"},\"image\":{\"@id\":\"https:\\\/\\\/k-over.com\\\/it\\\/prodotto\\\/silver-wine-silver\\\/#primaryimage\"},\"thumbnailUrl\":\"https:\\\/\\\/k-over.com\\\/wp-content\\\/uploads\\\/2022\\\/02\\\/Silver_Wine_Front-1.jpg\",\"datePublished\":\"2023-10-27T07:18:03+00:00\",\"dateModified\":\"2024-12-27T23:37:28+00:00\",\"breadcrumb\":{\"@id\":\"https:\\\/\\\/k-over.com\\\/it\\\/prodotto\\\/silver-wine-silver\\\/#breadcrumb\"},\"inLanguage\":\"it-IT\",\"potentialAction\":[{\"@type\":\"ReadAction\",\"target\":[\"https:\\\/\\\/k-over.com\\\/it\\\/prodotto\\\/silver-wine-silver\\\/\"]}]},{\"@type\":\"ImageObject\",\"inLanguage\":\"it-IT\",\"@id\":\"https:\\\/\\\/k-over.com\\\/it\\\/prodotto\\\/silver-wine-silver\\\/#primaryimage\",\"url\":\"https:\\\/\\\/k-over.com\\\/wp-content\\\/uploads\\\/2022\\\/02\\\/Silver_Wine_Front-1.jpg\",\"contentUrl\":\"https:\\\/\\\/k-over.com\\\/wp-content\\\/uploads\\\/2022\\\/02\\\/Silver_Wine_Front-1.jpg\",\"width\":997,\"height\":1500,\"caption\":\"Front of Silver Wine bottle cover\"},{\"@type\":\"BreadcrumbList\",\"@id\":\"https:\\\/\\\/k-over.com\\\/it\\\/prodotto\\\/silver-wine-silver\\\/#breadcrumb\",\"itemListElement\":[{\"@type\":\"ListItem\",\"position\":1,\"name\":\"Home\",\"item\":\"https:\\\/\\\/k-over.com\\\/it\\\/\"},{\"@type\":\"ListItem\",\"position\":2,\"name\":\"Shop\",\"item\":\"https:\\\/\\\/k-over.com\\\/it\\\/shop\\\/\"},{\"@type\":\"ListItem\",\"position\":3,\"name\":\"Silver Wine\"}]},{\"@type\":\"WebSite\",\"@id\":\"https:\\\/\\\/k-over.com\\\/?lang=en\\\/#website\",\"url\":\"https:\\\/\\\/k-over.com\\\/?lang=en\\\/\",\"name\":\"K-OVER\",\"description\":\"Made in Italy\",\"publisher\":{\"@id\":\"https:\\\/\\\/k-over.com\\\/?lang=en\\\/#organization\"},\"potentialAction\":[{\"@type\":\"SearchAction\",\"target\":{\"@type\":\"EntryPoint\",\"urlTemplate\":\"https:\\\/\\\/k-over.com\\\/?lang=en\\\/?s={search_term_string}\"},\"query-input\":{\"@type\":\"PropertyValueSpecification\",\"valueRequired\":true,\"valueName\":\"search_term_string\"}}],\"inLanguage\":\"it-IT\"},{\"@type\":\"Organization\",\"@id\":\"https:\\\/\\\/k-over.com\\\/?lang=en\\\/#organization\",\"name\":\"K-OVER\",\"url\":\"https:\\\/\\\/k-over.com\\\/?lang=en\\\/\",\"logo\":{\"@type\":\"ImageObject\",\"inLanguage\":\"it-IT\",\"@id\":\"https:\\\/\\\/k-over.com\\\/?lang=en\\\/#\\\/schema\\\/logo\\\/image\\\/\",\"url\":\"https:\\\/\\\/k-over.com\\\/wp-content\\\/uploads\\\/2023\\\/09\\\/Layer-1.svg\",\"contentUrl\":\"https:\\\/\\\/k-over.com\\\/wp-content\\\/uploads\\\/2023\\\/09\\\/Layer-1.svg\",\"width\":47,\"height\":101,\"caption\":\"K-OVER\"},\"image\":{\"@id\":\"https:\\\/\\\/k-over.com\\\/?lang=en\\\/#\\\/schema\\\/logo\\\/image\\\/\"}}]}<\/script>\n<!-- \/ Yoast SEO plugin. -->","yoast_head_json":{"title":"Silver Wine | K-OVER","robots":{"index":"index","follow":"follow","max-snippet":"max-snippet:-1","max-image-preview":"max-image-preview:large","max-video-preview":"max-video-preview:-1"},"canonical":"https:\/\/k-over.com\/it\/prodotto\/silver-wine-silver\/","og_locale":"it_IT","og_type":"article","og_title":"Silver Wine | K-OVER","og_description":"Typologia Wine cover  Materiale Argento Massiccio 999\/\u00b0\u00b0  2019, Italy","og_url":"https:\/\/k-over.com\/it\/prodotto\/silver-wine-silver\/","og_site_name":"K-OVER","article_modified_time":"2024-12-27T23:37:28+00:00","og_image":[{"width":997,"height":1500,"url":"https:\/\/k-over.com\/wp-content\/uploads\/2022\/02\/Silver_Wine_Front-1.jpg","type":"image\/jpeg"}],"twitter_card":"summary_large_image","twitter_misc":{"Tempo di lettura stimato":"2 minuti"},"schema":{"@context":"https:\/\/schema.org","@graph":[{"@type":"WebPage","@id":"https:\/\/k-over.com\/it\/prodotto\/silver-wine-silver\/","url":"https:\/\/k-over.com\/it\/prodotto\/silver-wine-silver\/","name":"Silver Wine | K-OVER","isPartOf":{"@id":"https:\/\/k-over.com\/?lang=en\/#website"},"primaryImageOfPage":{"@id":"https:\/\/k-over.com\/it\/prodotto\/silver-wine-silver\/#primaryimage"},"image":{"@id":"https:\/\/k-over.com\/it\/prodotto\/silver-wine-silver\/#primaryimage"},"thumbnailUrl":"https:\/\/k-over.com\/wp-content\/uploads\/2022\/02\/Silver_Wine_Front-1.jpg","datePublished":"2023-10-27T07:18:03+00:00","dateModified":"2024-12-27T23:37:28+00:00","breadcrumb":{"@id":"https:\/\/k-over.com\/it\/prodotto\/silver-wine-silver\/#breadcrumb"},"inLanguage":"it-IT","potentialAction":[{"@type":"ReadAction","target":["https:\/\/k-over.com\/it\/prodotto\/silver-wine-silver\/"]}]},{"@type":"ImageObject","inLanguage":"it-IT","@id":"https:\/\/k-over.com\/it\/prodotto\/silver-wine-silver\/#primaryimage","url":"https:\/\/k-over.com\/wp-content\/uploads\/2022\/02\/Silver_Wine_Front-1.jpg","contentUrl":"https:\/\/k-over.com\/wp-content\/uploads\/2022\/02\/Silver_Wine_Front-1.jpg","width":997,"height":1500,"caption":"Front of Silver Wine bottle cover"},{"@type":"BreadcrumbList","@id":"https:\/\/k-over.com\/it\/prodotto\/silver-wine-silver\/#breadcrumb","itemListElement":[{"@type":"ListItem","position":1,"name":"Home","item":"https:\/\/k-over.com\/it\/"},{"@type":"ListItem","position":2,"name":"Shop","item":"https:\/\/k-over.com\/it\/shop\/"},{"@type":"ListItem","position":3,"name":"Silver Wine"}]},{"@type":"WebSite","@id":"https:\/\/k-over.com\/?lang=en\/#website","url":"https:\/\/k-over.com\/?lang=en\/","name":"K-OVER","description":"Made in Italy","publisher":{"@id":"https:\/\/k-over.com\/?lang=en\/#organization"},"potentialAction":[{"@type":"SearchAction","target":{"@type":"EntryPoint","urlTemplate":"https:\/\/k-over.com\/?lang=en\/?s={search_term_string}"},"query-input":{"@type":"PropertyValueSpecification","valueRequired":true,"valueName":"search_term_string"}}],"inLanguage":"it-IT"},{"@type":"Organization","@id":"https:\/\/k-over.com\/?lang=en\/#organization","name":"K-OVER","url":"https:\/\/k-over.com\/?lang=en\/","logo":{"@type":"ImageObject","inLanguage":"it-IT","@id":"https:\/\/k-over.com\/?lang=en\/#\/schema\/logo\/image\/","url":"https:\/\/k-over.com\/wp-content\/uploads\/2023\/09\/Layer-1.svg","contentUrl":"https:\/\/k-over.com\/wp-content\/uploads\/2023\/09\/Layer-1.svg","width":47,"height":101,"caption":"K-OVER"},"image":{"@id":"https:\/\/k-over.com\/?lang=en\/#\/schema\/logo\/image\/"}}]}},"mfb_rest_fields":["title","yoast_head","yoast_head_json"],"_links":{"self":[{"href":"https:\/\/k-over.com\/it\/wp-json\/wp\/v2\/product\/3434","targetHints":{"allow":["GET"]}}],"collection":[{"href":"https:\/\/k-over.com\/it\/wp-json\/wp\/v2\/product"}],"about":[{"href":"https:\/\/k-over.com\/it\/wp-json\/wp\/v2\/types\/product"}],"wp:featuredmedia":[{"embeddable":true,"href":"https:\/\/k-over.com\/it\/wp-json\/wp\/v2\/media\/5677"}],"wp:attachment":[{"href":"https:\/\/k-over.com\/it\/wp-json\/wp\/v2\/media?parent=3434"}],"wp:term":[{"taxonomy":"product_brand","embeddable":true,"href":"https:\/\/k-over.com\/it\/wp-json\/wp\/v2\/product_brand?post=3434"},{"taxonomy":"product_cat","embeddable":true,"href":"https:\/\/k-over.com\/it\/wp-json\/wp\/v2\/product_cat?post=3434"},{"taxonomy":"product_tag","embeddable":true,"href":"https:\/\/k-over.com\/it\/wp-json\/wp\/v2\/product_tag?post=3434"}],"curies":[{"name":"wp","href":"https:\/\/api.w.org\/{rel}","templated":true}]}}