{"id":4255,"date":"2023-10-29T17:51:06","date_gmt":"2023-10-29T16:51:06","guid":{"rendered":"https:\/\/k-over.com\/?post_type=product&#038;p=4255"},"modified":"2025-02-14T18:02:34","modified_gmt":"2025-02-14T17:02:34","slug":"rinascimento-works-of-art-collection","status":"publish","type":"product","link":"https:\/\/k-over.com\/it\/prodotto\/rinascimento-works-of-art-collection\/","title":{"rendered":"Rinascimento"},"content":{"rendered":"<p><iframe loading=\"lazy\" title=\"K-OVER - Rinascimento - FHD\" src=\"https:\/\/player.vimeo.com\/video\/840141605?title=0&amp;byline=0&amp;portrait=0&amp;speed=0&amp;badge=0&amp;autopause=0&amp;player_id=0&amp;app_id=58479\" width=\"1920\" height=\"1080\" frameborder=\"0\" allowfullscreen=\"allowfullscreen\"><\/iframe><\/p>\n<p>&nbsp;<\/p>\n<p>L\u2019artista ha preso spunto dallo stile ornato fiorentino. La famiglia Medici motore del rinascimento culturale europeo sosteneva una stretta connessione tra il microcosmo umano ed il macrocosmo naturale. Dall\u2019equilibrio tra questi elementi : acqua , fuoco, terra ed aria dipende la vita della specie umana e la sopravvivenza del cosmo.<\/p>\n<p>Creato a mano da Giuliano Foglia, un maestro orafo fiorentino, Rinascimento \u00e8 un testimonianza di molti mesi di artigianato dedicato utilizzando tecniche avanzate di sovrapposizione e cesello. La perfezione artistica di questa K-OVER per champagne \u00e8 il suo valore fondamentale. La complessit\u00e0 del lavoro con un singolo pezzo di argento, in particolare senza un lato inverso, sottolinea la complessit\u00e0 del compito. Da notare l&#8217;effetto tridimensionale realizzato attraverso il cesellato meticoloso di tutti i componenti.<\/p>\n<p>Esplora questo straordinario pezzo nella collezione K-OVER Art, dove l&#8217;ispirazione rinascimentale incontra l&#8217;innovazione moderna.<\/p>\n<p><strong>Artist information<\/strong><\/p>\n<p>Nato a Firenze nel 1947, Giuliano Foglia ha iniziato il suo viaggio nel mondo della lavorazione dei metalli negli anni &#8217;60 nel laboratorio di famiglia. Qui, ha perfezionato l&#8217;arte del design, della sovrapposizione e del cesello, portandolo a creare vari pezzi come Madonne, scene del XVIII secolo e fontane.<\/p>\n<p>Durante la sua illustre carriera, ha realizzato opere notevoli come il Calice di San Galgano e le Coppe per il Gran Premio di San Marino (F1). La sua dedizione alla sua arte lo ha stabilito come uno dei migliori cesellatori d&#8217;Italia.<\/p>\n<p>La recente collaborazione di Giuliano con K-OVER nel progetto &#8220;Opere d&#8217;arte&#8221; sottolinea il suo impegno per l&#8217;eccellenza e il design innovativo. Immergiti nell&#8217;esquisita artigianalit\u00e0 di Giuliano Foglia ed esplora le creazioni uniche di K-OVER.<\/p>\n<p><strong>Technical features<\/strong><br \/>\nK-OVER \u00e8 il nuovo brand di P.M.P Firenze, un\u2019azienda con oltre 40 anni di esperienza nel settore dell\u2019argenteria. Questa nostra competenza ci ha permesso di realizzare questa moderna glacette di forma innovativa, grazie a uno speciale tessuto termico inserito all&#8217;interno la temperatura delle bottiglie viene mantenuta fino a 2 ore.<br \/>\nK-OVER \u00e8 riutilizzabile, la bottiglia si cambia facilmente grazie a un meccanismo di svitatura posto sul fondo. Molte delle nostre K-Over sono pezzi unici, alcune di queste sono state esposte in occasione di prestigiose mostre d&#8217;arte, fiere internazionali nel campo della moda e del lusso e in eventi privati.  Sono compatibili con bottiglie di champagne come Moet Et Chandon, Veuve Clicquot, Cristal, Pol Roger, Piper, Perrier Jouet, Taittinger, Mumm, Ferrari e Berlucchi.<br \/>\nTutte le nostre K-OVER per champagne e vino sono realizzate in argento massiccio 999%, mentre solitamente per l&#8217;argenteria di uso comune viene utilizzato argento 925%. Questa scelta unica \u00e8 guidata da tre motivi molto importanti: vogliamo fornire ai nostri clienti un prodotto di alto valore e unico, la resistenza dell\u2019argento puro all\u2019ossidazione lo rende pi\u00f9 facile da pulire e lucidare, in ultimo, le propriet\u00e0 antibatteriche dell\u2019argento ne assicurano l\u2019uso sicuro con alimenti e bevande.<\/p>\n<p>Dimensioni: Diametro 10,5 cm<br \/>\nMateriale: Argento 999\/\u00b0\u00b0<br \/>\nPeso: 650 g<br \/>\nAltezza: 25,5 cm<\/p>\n","protected":false},"excerpt":{"rendered":"<p><strong>Typology<br \/>\n<\/strong>Champagne cover<\/p>\n<p><strong>Materials<br \/>\n<\/strong>Solid pure silver 999\/\u00b0\u00b0<\/p>\n<p><strong>2019, Italy<\/strong><\/p>\n","protected":false},"featured_media":4266,"template":"","meta":{"_acf_changed":false,"_crdt_document":"","inline_featured_image":false},"product_brand":[],"product_cat":[306],"product_tag":[307],"class_list":{"0":"post-4255","1":"product","2":"type-product","3":"status-publish","4":"has-post-thumbnail","6":"product_cat-champagne-cover-it","7":"product_tag-opere-darte","9":"first","10":"instock","11":"taxable","12":"shipping-taxable","13":"purchasable","14":"product-type-simple"},"acf":[],"mb":[],"yoast_head":"<!-- This site is optimized with the Yoast SEO plugin v27.3 - https:\/\/yoast.com\/product\/yoast-seo-wordpress\/ -->\n<title>Rinascimento | K-OVER<\/title>\n<meta name=\"robots\" content=\"index, follow, max-snippet:-1, max-image-preview:large, max-video-preview:-1\" \/>\n<link rel=\"canonical\" href=\"https:\/\/k-over.com\/it\/prodotto\/rinascimento-works-of-art-collection\/\" \/>\n<meta property=\"og:locale\" content=\"it_IT\" \/>\n<meta property=\"og:type\" content=\"article\" \/>\n<meta property=\"og:title\" content=\"Rinascimento | K-OVER\" \/>\n<meta property=\"og:description\" content=\"Typology Champagne cover  Materials Solid pure silver 999\/\u00b0\u00b0  2019, Italy\" \/>\n<meta property=\"og:url\" content=\"https:\/\/k-over.com\/it\/prodotto\/rinascimento-works-of-art-collection\/\" \/>\n<meta property=\"og:site_name\" content=\"K-OVER\" \/>\n<meta property=\"article:modified_time\" content=\"2025-02-14T17:02:34+00:00\" \/>\n<meta property=\"og:image\" content=\"https:\/\/k-over.com\/wp-content\/uploads\/2023\/06\/rinascimento-front-scaled.jpg\" \/>\n\t<meta property=\"og:image:width\" content=\"1702\" \/>\n\t<meta property=\"og:image:height\" content=\"2560\" \/>\n\t<meta property=\"og:image:type\" content=\"image\/jpeg\" \/>\n<meta name=\"twitter:card\" content=\"summary_large_image\" \/>\n<meta name=\"twitter:label1\" content=\"Tempo di lettura stimato\" \/>\n\t<meta name=\"twitter:data1\" content=\"3 minuti\" \/>\n<script type=\"application\/ld+json\" class=\"yoast-schema-graph\">{\"@context\":\"https:\\\/\\\/schema.org\",\"@graph\":[{\"@type\":\"WebPage\",\"@id\":\"https:\\\/\\\/k-over.com\\\/it\\\/prodotto\\\/rinascimento-works-of-art-collection\\\/\",\"url\":\"https:\\\/\\\/k-over.com\\\/it\\\/prodotto\\\/rinascimento-works-of-art-collection\\\/\",\"name\":\"Rinascimento | K-OVER\",\"isPartOf\":{\"@id\":\"https:\\\/\\\/k-over.com\\\/?lang=en\\\/#website\"},\"primaryImageOfPage\":{\"@id\":\"https:\\\/\\\/k-over.com\\\/it\\\/prodotto\\\/rinascimento-works-of-art-collection\\\/#primaryimage\"},\"image\":{\"@id\":\"https:\\\/\\\/k-over.com\\\/it\\\/prodotto\\\/rinascimento-works-of-art-collection\\\/#primaryimage\"},\"thumbnailUrl\":\"https:\\\/\\\/k-over.com\\\/wp-content\\\/uploads\\\/2023\\\/06\\\/rinascimento-front-scaled.jpg\",\"datePublished\":\"2023-10-29T16:51:06+00:00\",\"dateModified\":\"2025-02-14T17:02:34+00:00\",\"breadcrumb\":{\"@id\":\"https:\\\/\\\/k-over.com\\\/it\\\/prodotto\\\/rinascimento-works-of-art-collection\\\/#breadcrumb\"},\"inLanguage\":\"it-IT\",\"potentialAction\":[{\"@type\":\"ReadAction\",\"target\":[\"https:\\\/\\\/k-over.com\\\/it\\\/prodotto\\\/rinascimento-works-of-art-collection\\\/\"]}]},{\"@type\":\"ImageObject\",\"inLanguage\":\"it-IT\",\"@id\":\"https:\\\/\\\/k-over.com\\\/it\\\/prodotto\\\/rinascimento-works-of-art-collection\\\/#primaryimage\",\"url\":\"https:\\\/\\\/k-over.com\\\/wp-content\\\/uploads\\\/2023\\\/06\\\/rinascimento-front-scaled.jpg\",\"contentUrl\":\"https:\\\/\\\/k-over.com\\\/wp-content\\\/uploads\\\/2023\\\/06\\\/rinascimento-front-scaled.jpg\",\"width\":1702,\"height\":2560,\"caption\":\"Front of Rinascimento Champagne Bottle Cover\"},{\"@type\":\"BreadcrumbList\",\"@id\":\"https:\\\/\\\/k-over.com\\\/it\\\/prodotto\\\/rinascimento-works-of-art-collection\\\/#breadcrumb\",\"itemListElement\":[{\"@type\":\"ListItem\",\"position\":1,\"name\":\"Home\",\"item\":\"https:\\\/\\\/k-over.com\\\/it\\\/\"},{\"@type\":\"ListItem\",\"position\":2,\"name\":\"Shop\",\"item\":\"https:\\\/\\\/k-over.com\\\/it\\\/shop\\\/\"},{\"@type\":\"ListItem\",\"position\":3,\"name\":\"Rinascimento\"}]},{\"@type\":\"WebSite\",\"@id\":\"https:\\\/\\\/k-over.com\\\/?lang=en\\\/#website\",\"url\":\"https:\\\/\\\/k-over.com\\\/?lang=en\\\/\",\"name\":\"K-OVER\",\"description\":\"Made in Italy\",\"publisher\":{\"@id\":\"https:\\\/\\\/k-over.com\\\/?lang=en\\\/#organization\"},\"potentialAction\":[{\"@type\":\"SearchAction\",\"target\":{\"@type\":\"EntryPoint\",\"urlTemplate\":\"https:\\\/\\\/k-over.com\\\/?lang=en\\\/?s={search_term_string}\"},\"query-input\":{\"@type\":\"PropertyValueSpecification\",\"valueRequired\":true,\"valueName\":\"search_term_string\"}}],\"inLanguage\":\"it-IT\"},{\"@type\":\"Organization\",\"@id\":\"https:\\\/\\\/k-over.com\\\/?lang=en\\\/#organization\",\"name\":\"K-OVER\",\"url\":\"https:\\\/\\\/k-over.com\\\/?lang=en\\\/\",\"logo\":{\"@type\":\"ImageObject\",\"inLanguage\":\"it-IT\",\"@id\":\"https:\\\/\\\/k-over.com\\\/?lang=en\\\/#\\\/schema\\\/logo\\\/image\\\/\",\"url\":\"https:\\\/\\\/k-over.com\\\/wp-content\\\/uploads\\\/2023\\\/09\\\/Layer-1.svg\",\"contentUrl\":\"https:\\\/\\\/k-over.com\\\/wp-content\\\/uploads\\\/2023\\\/09\\\/Layer-1.svg\",\"width\":47,\"height\":101,\"caption\":\"K-OVER\"},\"image\":{\"@id\":\"https:\\\/\\\/k-over.com\\\/?lang=en\\\/#\\\/schema\\\/logo\\\/image\\\/\"}}]}<\/script>\n<!-- \/ Yoast SEO plugin. -->","yoast_head_json":{"title":"Rinascimento | K-OVER","robots":{"index":"index","follow":"follow","max-snippet":"max-snippet:-1","max-image-preview":"max-image-preview:large","max-video-preview":"max-video-preview:-1"},"canonical":"https:\/\/k-over.com\/it\/prodotto\/rinascimento-works-of-art-collection\/","og_locale":"it_IT","og_type":"article","og_title":"Rinascimento | K-OVER","og_description":"Typology Champagne cover  Materials Solid pure silver 999\/\u00b0\u00b0  2019, Italy","og_url":"https:\/\/k-over.com\/it\/prodotto\/rinascimento-works-of-art-collection\/","og_site_name":"K-OVER","article_modified_time":"2025-02-14T17:02:34+00:00","og_image":[{"width":1702,"height":2560,"url":"https:\/\/k-over.com\/wp-content\/uploads\/2023\/06\/rinascimento-front-scaled.jpg","type":"image\/jpeg"}],"twitter_card":"summary_large_image","twitter_misc":{"Tempo di lettura stimato":"3 minuti"},"schema":{"@context":"https:\/\/schema.org","@graph":[{"@type":"WebPage","@id":"https:\/\/k-over.com\/it\/prodotto\/rinascimento-works-of-art-collection\/","url":"https:\/\/k-over.com\/it\/prodotto\/rinascimento-works-of-art-collection\/","name":"Rinascimento | K-OVER","isPartOf":{"@id":"https:\/\/k-over.com\/?lang=en\/#website"},"primaryImageOfPage":{"@id":"https:\/\/k-over.com\/it\/prodotto\/rinascimento-works-of-art-collection\/#primaryimage"},"image":{"@id":"https:\/\/k-over.com\/it\/prodotto\/rinascimento-works-of-art-collection\/#primaryimage"},"thumbnailUrl":"https:\/\/k-over.com\/wp-content\/uploads\/2023\/06\/rinascimento-front-scaled.jpg","datePublished":"2023-10-29T16:51:06+00:00","dateModified":"2025-02-14T17:02:34+00:00","breadcrumb":{"@id":"https:\/\/k-over.com\/it\/prodotto\/rinascimento-works-of-art-collection\/#breadcrumb"},"inLanguage":"it-IT","potentialAction":[{"@type":"ReadAction","target":["https:\/\/k-over.com\/it\/prodotto\/rinascimento-works-of-art-collection\/"]}]},{"@type":"ImageObject","inLanguage":"it-IT","@id":"https:\/\/k-over.com\/it\/prodotto\/rinascimento-works-of-art-collection\/#primaryimage","url":"https:\/\/k-over.com\/wp-content\/uploads\/2023\/06\/rinascimento-front-scaled.jpg","contentUrl":"https:\/\/k-over.com\/wp-content\/uploads\/2023\/06\/rinascimento-front-scaled.jpg","width":1702,"height":2560,"caption":"Front of Rinascimento Champagne Bottle Cover"},{"@type":"BreadcrumbList","@id":"https:\/\/k-over.com\/it\/prodotto\/rinascimento-works-of-art-collection\/#breadcrumb","itemListElement":[{"@type":"ListItem","position":1,"name":"Home","item":"https:\/\/k-over.com\/it\/"},{"@type":"ListItem","position":2,"name":"Shop","item":"https:\/\/k-over.com\/it\/shop\/"},{"@type":"ListItem","position":3,"name":"Rinascimento"}]},{"@type":"WebSite","@id":"https:\/\/k-over.com\/?lang=en\/#website","url":"https:\/\/k-over.com\/?lang=en\/","name":"K-OVER","description":"Made in Italy","publisher":{"@id":"https:\/\/k-over.com\/?lang=en\/#organization"},"potentialAction":[{"@type":"SearchAction","target":{"@type":"EntryPoint","urlTemplate":"https:\/\/k-over.com\/?lang=en\/?s={search_term_string}"},"query-input":{"@type":"PropertyValueSpecification","valueRequired":true,"valueName":"search_term_string"}}],"inLanguage":"it-IT"},{"@type":"Organization","@id":"https:\/\/k-over.com\/?lang=en\/#organization","name":"K-OVER","url":"https:\/\/k-over.com\/?lang=en\/","logo":{"@type":"ImageObject","inLanguage":"it-IT","@id":"https:\/\/k-over.com\/?lang=en\/#\/schema\/logo\/image\/","url":"https:\/\/k-over.com\/wp-content\/uploads\/2023\/09\/Layer-1.svg","contentUrl":"https:\/\/k-over.com\/wp-content\/uploads\/2023\/09\/Layer-1.svg","width":47,"height":101,"caption":"K-OVER"},"image":{"@id":"https:\/\/k-over.com\/?lang=en\/#\/schema\/logo\/image\/"}}]}},"mfb_rest_fields":["title","yoast_head","yoast_head_json"],"_links":{"self":[{"href":"https:\/\/k-over.com\/it\/wp-json\/wp\/v2\/product\/4255","targetHints":{"allow":["GET"]}}],"collection":[{"href":"https:\/\/k-over.com\/it\/wp-json\/wp\/v2\/product"}],"about":[{"href":"https:\/\/k-over.com\/it\/wp-json\/wp\/v2\/types\/product"}],"wp:featuredmedia":[{"embeddable":true,"href":"https:\/\/k-over.com\/it\/wp-json\/wp\/v2\/media\/4266"}],"wp:attachment":[{"href":"https:\/\/k-over.com\/it\/wp-json\/wp\/v2\/media?parent=4255"}],"wp:term":[{"taxonomy":"product_brand","embeddable":true,"href":"https:\/\/k-over.com\/it\/wp-json\/wp\/v2\/product_brand?post=4255"},{"taxonomy":"product_cat","embeddable":true,"href":"https:\/\/k-over.com\/it\/wp-json\/wp\/v2\/product_cat?post=4255"},{"taxonomy":"product_tag","embeddable":true,"href":"https:\/\/k-over.com\/it\/wp-json\/wp\/v2\/product_tag?post=4255"}],"curies":[{"name":"wp","href":"https:\/\/api.w.org\/{rel}","templated":true}]}}