{"id":6383,"date":"2023-10-25T11:05:54","date_gmt":"2023-10-25T09:05:54","guid":{"rendered":"https:\/\/k-over.com\/?post_type=product&#038;p=6383"},"modified":"2024-12-28T00:37:31","modified_gmt":"2024-12-27T23:37:31","slug":"japan-memories","status":"publish","type":"product","link":"https:\/\/k-over.com\/it\/prodotto\/japan-memories\/","title":{"rendered":"Japan Memories"},"content":{"rendered":"<p>Questa glacette per vino fa parte con orgoglio della nostra collezione K-OVER design. Attingendo ispirazione dalla filosofia Kintsugi, l&#8217;artista ha trasformato questo K-OVER in puro argento 999\/\u00b0\u00b0 in un pezzo di design innovativo. Abbracciando l&#8217;ethos giapponese secondo cui il nostro passato ci modella, il design suggerisce che non dovremmo nasconderlo. Le linee dorate sulla copertura simbolizzano le nostre cicatrici, mentre l&#8217;intera copertura raffigura il percorso della nostra vita.<\/p>\n<p>Realizzato meticolosamente da Marco Fedi, un maestro orafo fiorentino, la produzione di questa creazione si \u00e8 protratta per diverse settimane. Utilizzando tecniche come la tornitura e l&#8217;incisione, l&#8217;artista ha manipolato un singolo pezzo d&#8217;argento, la cui complessit\u00e0 \u00e8 accentuata dall&#8217;assenza di un lato inverso.<\/p>\n<p><strong>Artist Information<\/strong><\/p>\n<p><span style=\"font-weight: 400;\">Marco Fedi ha iniziato la sua carriera negli anni &#8217;80, acquisendo una preziosa esperienza lavorando presso prestigiosi laboratori a Firenze. Le sue eccezionali abilit\u00e0 sono state richieste da marchi di prestigio come Tiffany, Bulgari, Christofle e Cartier. Oggi, Marco Fedi collabora con orgoglio con K-OVER in progetti innovativi che includono K-OVER Memories e K-OVER Designs. Scopri l&#8217;eccezionale maestria artistica e le creazioni visionarie di questo abile artigiano.<\/span><\/p>\n<p><strong>Technical Feature\u00a0<\/strong><\/p>\n<p><span style=\"font-weight: 400;\">K-OVER \u00e8 un marchio di P.M.P Firenze, un&#8217;azienda con una ricca eredit\u00e0 di oltre 40 anni nell&#8217;industria dell&#8217;argenteria. Questa vasta esperienza ha portato alla creazione di una copribottiglia rivoluzionaria. I nostri copribottiglia innovativi sono progettati per mantenere fresche le vostre preziose bottiglie di vino. Questi K-OVER sono riutilizzabili: \u00e8 sufficiente svitare il tappo nella parte inferiore per sostituire la bottiglia. Sono stati esposti solo in eventi pubblici e sono specificamente adatti per bottiglie Bordolesi europee.<\/span><\/p>\n<p><span style=\"font-weight: 400;\">In modo distintivo, ogni K-OVER \u00e8 realizzato in argento solido 999\/\u00b0\u00b0, una deviazione dall&#8217;argento sterling convenzionalmente usato nell&#8217;argenteria. Questa scelta \u00e8 radicata in tre considerazioni chiave. In primo luogo, sottolinea il nostro impegno a offrire prodotti di eccezionale valore. In secondo luogo, la maggiore purezza dell&#8217;argento riduce significativamente la probabilit\u00e0 di ossidazione, garantendo una manutenzione pi\u00f9 semplice. Infine, le propriet\u00e0 antibatteriche intrinseche dell&#8217;argento aumentano la sicurezza del prodotto.<\/span><\/p>\n<p><span style=\"font-weight: 400;\">Diametro: 9 cm<\/span><\/p>\n<p><span style=\"font-weight: 400;\">Materiale:\u00a0 Argento 999\/\u00b0\u00b0<\/span><\/p>\n<p><span style=\"font-weight: 400;\">Peso: 650 g<\/span><\/p>\n<p><span style=\"font-weight: 400;\">Altezza: 33 cm<\/span><\/p>\n","protected":false},"excerpt":{"rendered":"<p><strong>Typologia<br \/>\n<\/strong>Wine cover<\/p>\n<p><strong>Materiale<br \/>\n<\/strong>Argento Massiccio 999\/\u00b0\u00b0<\/p>\n<p><strong>2019, Italy<\/strong><\/p>\n","protected":false},"featured_media":6392,"template":"","meta":{"_acf_changed":false,"_crdt_document":"","inline_featured_image":false},"product_brand":[],"product_cat":[29],"product_tag":[256],"class_list":{"0":"post-6383","1":"product","2":"type-product","3":"status-publish","4":"has-post-thumbnail","6":"product_cat-wine-cover-it","7":"product_tag-aziendale","9":"first","10":"instock","11":"taxable","12":"shipping-taxable","13":"purchasable","14":"product-type-simple"},"acf":[],"mb":[],"yoast_head":"<!-- This site is optimized with the Yoast SEO plugin v27.3 - https:\/\/yoast.com\/product\/yoast-seo-wordpress\/ -->\n<title>Japan Memories | K-OVER<\/title>\n<meta name=\"robots\" content=\"index, follow, max-snippet:-1, max-image-preview:large, max-video-preview:-1\" \/>\n<link rel=\"canonical\" href=\"https:\/\/k-over.com\/it\/prodotto\/japan-memories\/\" \/>\n<meta property=\"og:locale\" content=\"it_IT\" \/>\n<meta property=\"og:type\" content=\"article\" \/>\n<meta property=\"og:title\" content=\"Japan Memories | K-OVER\" \/>\n<meta property=\"og:description\" content=\"Typologia Wine cover  Materiale Argento Massiccio 999\/\u00b0\u00b0  2019, Italy\" \/>\n<meta property=\"og:url\" content=\"https:\/\/k-over.com\/it\/prodotto\/japan-memories\/\" \/>\n<meta property=\"og:site_name\" content=\"K-OVER\" \/>\n<meta property=\"article:modified_time\" content=\"2024-12-27T23:37:31+00:00\" \/>\n<meta property=\"og:image\" content=\"https:\/\/k-over.com\/wp-content\/uploads\/2023\/11\/Kintsugi_Wine_Front.jpg\" \/>\n\t<meta property=\"og:image:width\" content=\"997\" \/>\n\t<meta property=\"og:image:height\" content=\"1500\" \/>\n\t<meta property=\"og:image:type\" content=\"image\/jpeg\" \/>\n<meta name=\"twitter:card\" content=\"summary_large_image\" \/>\n<meta name=\"twitter:label1\" content=\"Tempo di lettura stimato\" \/>\n\t<meta name=\"twitter:data1\" content=\"2 minuti\" \/>\n<script type=\"application\/ld+json\" class=\"yoast-schema-graph\">{\"@context\":\"https:\\\/\\\/schema.org\",\"@graph\":[{\"@type\":\"WebPage\",\"@id\":\"https:\\\/\\\/k-over.com\\\/it\\\/prodotto\\\/japan-memories\\\/\",\"url\":\"https:\\\/\\\/k-over.com\\\/it\\\/prodotto\\\/japan-memories\\\/\",\"name\":\"Japan Memories | K-OVER\",\"isPartOf\":{\"@id\":\"https:\\\/\\\/k-over.com\\\/?lang=en\\\/#website\"},\"primaryImageOfPage\":{\"@id\":\"https:\\\/\\\/k-over.com\\\/it\\\/prodotto\\\/japan-memories\\\/#primaryimage\"},\"image\":{\"@id\":\"https:\\\/\\\/k-over.com\\\/it\\\/prodotto\\\/japan-memories\\\/#primaryimage\"},\"thumbnailUrl\":\"https:\\\/\\\/k-over.com\\\/wp-content\\\/uploads\\\/2023\\\/11\\\/Kintsugi_Wine_Front.jpg\",\"datePublished\":\"2023-10-25T09:05:54+00:00\",\"dateModified\":\"2024-12-27T23:37:31+00:00\",\"breadcrumb\":{\"@id\":\"https:\\\/\\\/k-over.com\\\/it\\\/prodotto\\\/japan-memories\\\/#breadcrumb\"},\"inLanguage\":\"it-IT\",\"potentialAction\":[{\"@type\":\"ReadAction\",\"target\":[\"https:\\\/\\\/k-over.com\\\/it\\\/prodotto\\\/japan-memories\\\/\"]}]},{\"@type\":\"ImageObject\",\"inLanguage\":\"it-IT\",\"@id\":\"https:\\\/\\\/k-over.com\\\/it\\\/prodotto\\\/japan-memories\\\/#primaryimage\",\"url\":\"https:\\\/\\\/k-over.com\\\/wp-content\\\/uploads\\\/2023\\\/11\\\/Kintsugi_Wine_Front.jpg\",\"contentUrl\":\"https:\\\/\\\/k-over.com\\\/wp-content\\\/uploads\\\/2023\\\/11\\\/Kintsugi_Wine_Front.jpg\",\"width\":997,\"height\":1500,\"caption\":\"Kintsugi Wine - Japan Memories: elegant black wine bottle cover inspired by the Japanese art of Kintsugi, with delicate gold cracks enhancing its surface, symbolizing beauty in imperfection and the value of unique stories\"},{\"@type\":\"BreadcrumbList\",\"@id\":\"https:\\\/\\\/k-over.com\\\/it\\\/prodotto\\\/japan-memories\\\/#breadcrumb\",\"itemListElement\":[{\"@type\":\"ListItem\",\"position\":1,\"name\":\"Home\",\"item\":\"https:\\\/\\\/k-over.com\\\/it\\\/\"},{\"@type\":\"ListItem\",\"position\":2,\"name\":\"Shop\",\"item\":\"https:\\\/\\\/k-over.com\\\/it\\\/shop\\\/\"},{\"@type\":\"ListItem\",\"position\":3,\"name\":\"Japan Memories\"}]},{\"@type\":\"WebSite\",\"@id\":\"https:\\\/\\\/k-over.com\\\/?lang=en\\\/#website\",\"url\":\"https:\\\/\\\/k-over.com\\\/?lang=en\\\/\",\"name\":\"K-OVER\",\"description\":\"Made in Italy\",\"publisher\":{\"@id\":\"https:\\\/\\\/k-over.com\\\/?lang=en\\\/#organization\"},\"potentialAction\":[{\"@type\":\"SearchAction\",\"target\":{\"@type\":\"EntryPoint\",\"urlTemplate\":\"https:\\\/\\\/k-over.com\\\/?lang=en\\\/?s={search_term_string}\"},\"query-input\":{\"@type\":\"PropertyValueSpecification\",\"valueRequired\":true,\"valueName\":\"search_term_string\"}}],\"inLanguage\":\"it-IT\"},{\"@type\":\"Organization\",\"@id\":\"https:\\\/\\\/k-over.com\\\/?lang=en\\\/#organization\",\"name\":\"K-OVER\",\"url\":\"https:\\\/\\\/k-over.com\\\/?lang=en\\\/\",\"logo\":{\"@type\":\"ImageObject\",\"inLanguage\":\"it-IT\",\"@id\":\"https:\\\/\\\/k-over.com\\\/?lang=en\\\/#\\\/schema\\\/logo\\\/image\\\/\",\"url\":\"https:\\\/\\\/k-over.com\\\/wp-content\\\/uploads\\\/2023\\\/09\\\/Layer-1.svg\",\"contentUrl\":\"https:\\\/\\\/k-over.com\\\/wp-content\\\/uploads\\\/2023\\\/09\\\/Layer-1.svg\",\"width\":47,\"height\":101,\"caption\":\"K-OVER\"},\"image\":{\"@id\":\"https:\\\/\\\/k-over.com\\\/?lang=en\\\/#\\\/schema\\\/logo\\\/image\\\/\"}}]}<\/script>\n<!-- \/ Yoast SEO plugin. -->","yoast_head_json":{"title":"Japan Memories | K-OVER","robots":{"index":"index","follow":"follow","max-snippet":"max-snippet:-1","max-image-preview":"max-image-preview:large","max-video-preview":"max-video-preview:-1"},"canonical":"https:\/\/k-over.com\/it\/prodotto\/japan-memories\/","og_locale":"it_IT","og_type":"article","og_title":"Japan Memories | K-OVER","og_description":"Typologia Wine cover  Materiale Argento Massiccio 999\/\u00b0\u00b0  2019, Italy","og_url":"https:\/\/k-over.com\/it\/prodotto\/japan-memories\/","og_site_name":"K-OVER","article_modified_time":"2024-12-27T23:37:31+00:00","og_image":[{"width":997,"height":1500,"url":"https:\/\/k-over.com\/wp-content\/uploads\/2023\/11\/Kintsugi_Wine_Front.jpg","type":"image\/jpeg"}],"twitter_card":"summary_large_image","twitter_misc":{"Tempo di lettura stimato":"2 minuti"},"schema":{"@context":"https:\/\/schema.org","@graph":[{"@type":"WebPage","@id":"https:\/\/k-over.com\/it\/prodotto\/japan-memories\/","url":"https:\/\/k-over.com\/it\/prodotto\/japan-memories\/","name":"Japan Memories | K-OVER","isPartOf":{"@id":"https:\/\/k-over.com\/?lang=en\/#website"},"primaryImageOfPage":{"@id":"https:\/\/k-over.com\/it\/prodotto\/japan-memories\/#primaryimage"},"image":{"@id":"https:\/\/k-over.com\/it\/prodotto\/japan-memories\/#primaryimage"},"thumbnailUrl":"https:\/\/k-over.com\/wp-content\/uploads\/2023\/11\/Kintsugi_Wine_Front.jpg","datePublished":"2023-10-25T09:05:54+00:00","dateModified":"2024-12-27T23:37:31+00:00","breadcrumb":{"@id":"https:\/\/k-over.com\/it\/prodotto\/japan-memories\/#breadcrumb"},"inLanguage":"it-IT","potentialAction":[{"@type":"ReadAction","target":["https:\/\/k-over.com\/it\/prodotto\/japan-memories\/"]}]},{"@type":"ImageObject","inLanguage":"it-IT","@id":"https:\/\/k-over.com\/it\/prodotto\/japan-memories\/#primaryimage","url":"https:\/\/k-over.com\/wp-content\/uploads\/2023\/11\/Kintsugi_Wine_Front.jpg","contentUrl":"https:\/\/k-over.com\/wp-content\/uploads\/2023\/11\/Kintsugi_Wine_Front.jpg","width":997,"height":1500,"caption":"Kintsugi Wine - Japan Memories: elegant black wine bottle cover inspired by the Japanese art of Kintsugi, with delicate gold cracks enhancing its surface, symbolizing beauty in imperfection and the value of unique stories"},{"@type":"BreadcrumbList","@id":"https:\/\/k-over.com\/it\/prodotto\/japan-memories\/#breadcrumb","itemListElement":[{"@type":"ListItem","position":1,"name":"Home","item":"https:\/\/k-over.com\/it\/"},{"@type":"ListItem","position":2,"name":"Shop","item":"https:\/\/k-over.com\/it\/shop\/"},{"@type":"ListItem","position":3,"name":"Japan Memories"}]},{"@type":"WebSite","@id":"https:\/\/k-over.com\/?lang=en\/#website","url":"https:\/\/k-over.com\/?lang=en\/","name":"K-OVER","description":"Made in Italy","publisher":{"@id":"https:\/\/k-over.com\/?lang=en\/#organization"},"potentialAction":[{"@type":"SearchAction","target":{"@type":"EntryPoint","urlTemplate":"https:\/\/k-over.com\/?lang=en\/?s={search_term_string}"},"query-input":{"@type":"PropertyValueSpecification","valueRequired":true,"valueName":"search_term_string"}}],"inLanguage":"it-IT"},{"@type":"Organization","@id":"https:\/\/k-over.com\/?lang=en\/#organization","name":"K-OVER","url":"https:\/\/k-over.com\/?lang=en\/","logo":{"@type":"ImageObject","inLanguage":"it-IT","@id":"https:\/\/k-over.com\/?lang=en\/#\/schema\/logo\/image\/","url":"https:\/\/k-over.com\/wp-content\/uploads\/2023\/09\/Layer-1.svg","contentUrl":"https:\/\/k-over.com\/wp-content\/uploads\/2023\/09\/Layer-1.svg","width":47,"height":101,"caption":"K-OVER"},"image":{"@id":"https:\/\/k-over.com\/?lang=en\/#\/schema\/logo\/image\/"}}]}},"mfb_rest_fields":["title","yoast_head","yoast_head_json"],"_links":{"self":[{"href":"https:\/\/k-over.com\/it\/wp-json\/wp\/v2\/product\/6383","targetHints":{"allow":["GET"]}}],"collection":[{"href":"https:\/\/k-over.com\/it\/wp-json\/wp\/v2\/product"}],"about":[{"href":"https:\/\/k-over.com\/it\/wp-json\/wp\/v2\/types\/product"}],"wp:featuredmedia":[{"embeddable":true,"href":"https:\/\/k-over.com\/it\/wp-json\/wp\/v2\/media\/6392"}],"wp:attachment":[{"href":"https:\/\/k-over.com\/it\/wp-json\/wp\/v2\/media?parent=6383"}],"wp:term":[{"taxonomy":"product_brand","embeddable":true,"href":"https:\/\/k-over.com\/it\/wp-json\/wp\/v2\/product_brand?post=6383"},{"taxonomy":"product_cat","embeddable":true,"href":"https:\/\/k-over.com\/it\/wp-json\/wp\/v2\/product_cat?post=6383"},{"taxonomy":"product_tag","embeddable":true,"href":"https:\/\/k-over.com\/it\/wp-json\/wp\/v2\/product_tag?post=6383"}],"curies":[{"name":"wp","href":"https:\/\/api.w.org\/{rel}","templated":true}]}}