{"id":6440,"date":"2023-10-25T14:46:41","date_gmt":"2023-10-25T12:46:41","guid":{"rendered":"https:\/\/k-over.com\/?post_type=product&#038;p=6440"},"modified":"2024-12-28T00:37:31","modified_gmt":"2024-12-27T23:37:31","slug":"rushmore","status":"publish","type":"product","link":"https:\/\/k-over.com\/it\/prodotto\/rushmore\/","title":{"rendered":"Rushmore"},"content":{"rendered":"<p><span style=\"font-weight: 400;\">Lorenzo Foglia, maestro orafo di grande talento e con una profonda stima per la cultura rinascimentale, presenta un&#8217;opera d&#8217;arte distinta &#8211; il K-OVER &#8216;Volti Presidenziali&#8217; in argento massiccio. Attingendo ispirazione dall&#8217;iconico Monte Rushmore, Foglia scolpisce meticolosamente i volti dei rinomati presidenti americani. La sua dedizione per il dettaglio e l&#8217;ampia esperienza si concretizzano in questo pezzo unico che irradia creativit\u00e0 ed esclusivit\u00e0. Questo straordinario manufatto \u00e8 una testimonianza della bravura artistica di Foglia e un collezionabile ambito dagli intenditori di fine artigianato.<\/span><\/p>\n<p><strong>Artist Information<\/strong><\/p>\n<p><span style=\"font-weight: 400;\">Lorenzo Foglia, nato a Viareggio nel 1971, \u00e8 cresciuto nel laboratorio di famiglia e, ancora molto giovane, ha iniziato a lavorare l\u00ec insieme a suo padre e suo nonno. L\u00ec, ha studiato l&#8217;arte della lavorazione dei metalli e ha imparato le tecniche di sbalzo e cesello. Durante la sua carriera ha creato mobili e gioielli per le Case Reali d&#8217;Europa, il teatro e il cinema. Ha vinto due volte il concorso internazionale &#8220;Art in a jewel&#8221;, promosso da Florence Gift Mart. \u00c8 Presidente degli Orafi della citt\u00e0 di Firenze ed \u00e8 &#8220;Maestro Artigiano&#8221; riconosciuto dalla Regione Toscana, &#8220;Artigiano OMA&#8221; e &#8220;Maestro d&#8217;Arte e Mestiere&#8221; per la Fondazione Cologni di Milano.<\/span><\/p>\n<p><span style=\"font-weight: 400;\">Recentemente, ha lavorato con K-OVER per il progetto: Opere d&#8217;Arte. Ha firmato tutti i copri-champagne che ha cesellato.<\/span><\/p>\n<p><strong>Technical Features\u00a0<\/strong><\/p>\n<p><span style=\"font-weight: 400;\">K-OVER \u00e8 un marchio di P.M.P Firenze, un&#8217;azienda con oltre 40 anni di esperienza nel settore dell&#8217;argenteria. Le nostre glacette mantengono le vostre preziose bottiglie di champagne fresche fino a 2 ore.<\/span><\/p>\n<p><span style=\"font-weight: 400;\">K-OVER \u00e8 riutilizzabile, svitando il tappo in basso, \u00e8 possibile cambiare facilmente la bottiglia. Ogni copertura per champagne \u00e8 unica ed \u00e8 stata esposta in eventi artistici e culturali o lanci privati di lusso. I K-OVER sono compatibili con bottiglie di champagne come Moet Et Chandon, Veuve Clicquot, Cristal, Pol Roger, Piper, Perrier Jouet, Taittinger, Mumm, Ferrari e Berlucchi.<\/span><\/p>\n<p><span style=\"font-weight: 400;\">Tutte le nostre glacette per champagne e vino sono realizzate in argento massiccio 999\/\u00b0\u00b0, a differenza dell&#8217;uso tipico dell&#8217;argento sterling nell&#8217;argenteria. Questa scelta unica \u00e8 guidata da tre ragioni convincenti, vogliamo fornire ai nostri clienti un prodotto di alto valore e unico. La resistenza dell&#8217;argento puro all&#8217;ossidazione lo rende pi\u00f9 facile da pulire e lucidare. In ultimo, le propriet\u00e0 antibatteriche dell&#8217;argento ne assicurano l&#8217;uso sicuro con alimenti e bevande.<\/span><\/p>\n<p><span style=\"font-weight: 400;\">Dimensioni: Diametro 10,5 cm<\/span><\/p>\n<p><span style=\"font-weight: 400;\">Materiale: Argento 999\/\u00b0\u00b0<\/span><\/p>\n<p><span style=\"font-weight: 400;\">Peso: 650 g<\/span><\/p>\n<p><span style=\"font-weight: 400;\">Altezza: 25,5 cm<\/span><\/p>\n","protected":false},"excerpt":{"rendered":"<h4>Tipologia<\/h4>\n<p>Champagne Cover<\/p>\n<h4>Materiale<\/h4>\n<p>Argento Massiccio <span style=\"font-weight: 400;\"> 999\/\u00b0\u00b0<\/span><\/p>\n","protected":false},"featured_media":6453,"template":"","meta":{"_acf_changed":false,"_crdt_document":"","inline_featured_image":false},"product_brand":[],"product_cat":[306],"product_tag":[256],"class_list":{"0":"post-6440","1":"product","2":"type-product","3":"status-publish","4":"has-post-thumbnail","6":"product_cat-champagne-cover-it","7":"product_tag-aziendale","9":"first","10":"instock","11":"taxable","12":"shipping-taxable","13":"purchasable","14":"product-type-simple"},"acf":[],"mb":[],"yoast_head":"<!-- This site is optimized with the Yoast SEO plugin v27.3 - https:\/\/yoast.com\/product\/yoast-seo-wordpress\/ -->\n<title>Rushmore | K-OVER<\/title>\n<meta name=\"robots\" content=\"index, follow, max-snippet:-1, max-image-preview:large, max-video-preview:-1\" \/>\n<link rel=\"canonical\" href=\"https:\/\/k-over.com\/it\/prodotto\/rushmore\/\" \/>\n<meta property=\"og:locale\" content=\"it_IT\" \/>\n<meta property=\"og:type\" content=\"article\" \/>\n<meta property=\"og:title\" content=\"Rushmore | K-OVER\" \/>\n<meta property=\"og:description\" content=\"Tipologia Champagne Cover Materiale Argento Massiccio 999\/\u00b0\u00b0\" \/>\n<meta property=\"og:url\" content=\"https:\/\/k-over.com\/it\/prodotto\/rushmore\/\" \/>\n<meta property=\"og:site_name\" content=\"K-OVER\" \/>\n<meta property=\"article:modified_time\" content=\"2024-12-27T23:37:31+00:00\" \/>\n<meta property=\"og:image\" content=\"https:\/\/k-over.com\/wp-content\/uploads\/2023\/11\/Rushmore_Front.jpg\" \/>\n\t<meta property=\"og:image:width\" content=\"997\" \/>\n\t<meta property=\"og:image:height\" content=\"1500\" \/>\n\t<meta property=\"og:image:type\" content=\"image\/jpeg\" \/>\n<meta name=\"twitter:card\" content=\"summary_large_image\" \/>\n<meta name=\"twitter:label1\" content=\"Tempo di lettura stimato\" \/>\n\t<meta name=\"twitter:data1\" content=\"3 minuti\" \/>\n<script type=\"application\/ld+json\" class=\"yoast-schema-graph\">{\"@context\":\"https:\\\/\\\/schema.org\",\"@graph\":[{\"@type\":\"WebPage\",\"@id\":\"https:\\\/\\\/k-over.com\\\/it\\\/prodotto\\\/rushmore\\\/\",\"url\":\"https:\\\/\\\/k-over.com\\\/it\\\/prodotto\\\/rushmore\\\/\",\"name\":\"Rushmore | K-OVER\",\"isPartOf\":{\"@id\":\"https:\\\/\\\/k-over.com\\\/?lang=en\\\/#website\"},\"primaryImageOfPage\":{\"@id\":\"https:\\\/\\\/k-over.com\\\/it\\\/prodotto\\\/rushmore\\\/#primaryimage\"},\"image\":{\"@id\":\"https:\\\/\\\/k-over.com\\\/it\\\/prodotto\\\/rushmore\\\/#primaryimage\"},\"thumbnailUrl\":\"https:\\\/\\\/k-over.com\\\/wp-content\\\/uploads\\\/2023\\\/11\\\/Rushmore_Front.jpg\",\"datePublished\":\"2023-10-25T12:46:41+00:00\",\"dateModified\":\"2024-12-27T23:37:31+00:00\",\"breadcrumb\":{\"@id\":\"https:\\\/\\\/k-over.com\\\/it\\\/prodotto\\\/rushmore\\\/#breadcrumb\"},\"inLanguage\":\"it-IT\",\"potentialAction\":[{\"@type\":\"ReadAction\",\"target\":[\"https:\\\/\\\/k-over.com\\\/it\\\/prodotto\\\/rushmore\\\/\"]}]},{\"@type\":\"ImageObject\",\"inLanguage\":\"it-IT\",\"@id\":\"https:\\\/\\\/k-over.com\\\/it\\\/prodotto\\\/rushmore\\\/#primaryimage\",\"url\":\"https:\\\/\\\/k-over.com\\\/wp-content\\\/uploads\\\/2023\\\/11\\\/Rushmore_Front.jpg\",\"contentUrl\":\"https:\\\/\\\/k-over.com\\\/wp-content\\\/uploads\\\/2023\\\/11\\\/Rushmore_Front.jpg\",\"width\":997,\"height\":1500,\"caption\":\"Artistic silver champagne bottle cover, finely engraved with expressive human faces emerging from textured surfaces, creating a sculptural effect that blends contemporary design and traditional craftsmanship.\"},{\"@type\":\"BreadcrumbList\",\"@id\":\"https:\\\/\\\/k-over.com\\\/it\\\/prodotto\\\/rushmore\\\/#breadcrumb\",\"itemListElement\":[{\"@type\":\"ListItem\",\"position\":1,\"name\":\"Home\",\"item\":\"https:\\\/\\\/k-over.com\\\/it\\\/\"},{\"@type\":\"ListItem\",\"position\":2,\"name\":\"Shop\",\"item\":\"https:\\\/\\\/k-over.com\\\/it\\\/shop\\\/\"},{\"@type\":\"ListItem\",\"position\":3,\"name\":\"Rushmore\"}]},{\"@type\":\"WebSite\",\"@id\":\"https:\\\/\\\/k-over.com\\\/?lang=en\\\/#website\",\"url\":\"https:\\\/\\\/k-over.com\\\/?lang=en\\\/\",\"name\":\"K-OVER\",\"description\":\"Made in Italy\",\"publisher\":{\"@id\":\"https:\\\/\\\/k-over.com\\\/?lang=en\\\/#organization\"},\"potentialAction\":[{\"@type\":\"SearchAction\",\"target\":{\"@type\":\"EntryPoint\",\"urlTemplate\":\"https:\\\/\\\/k-over.com\\\/?lang=en\\\/?s={search_term_string}\"},\"query-input\":{\"@type\":\"PropertyValueSpecification\",\"valueRequired\":true,\"valueName\":\"search_term_string\"}}],\"inLanguage\":\"it-IT\"},{\"@type\":\"Organization\",\"@id\":\"https:\\\/\\\/k-over.com\\\/?lang=en\\\/#organization\",\"name\":\"K-OVER\",\"url\":\"https:\\\/\\\/k-over.com\\\/?lang=en\\\/\",\"logo\":{\"@type\":\"ImageObject\",\"inLanguage\":\"it-IT\",\"@id\":\"https:\\\/\\\/k-over.com\\\/?lang=en\\\/#\\\/schema\\\/logo\\\/image\\\/\",\"url\":\"https:\\\/\\\/k-over.com\\\/wp-content\\\/uploads\\\/2023\\\/09\\\/Layer-1.svg\",\"contentUrl\":\"https:\\\/\\\/k-over.com\\\/wp-content\\\/uploads\\\/2023\\\/09\\\/Layer-1.svg\",\"width\":47,\"height\":101,\"caption\":\"K-OVER\"},\"image\":{\"@id\":\"https:\\\/\\\/k-over.com\\\/?lang=en\\\/#\\\/schema\\\/logo\\\/image\\\/\"}}]}<\/script>\n<!-- \/ Yoast SEO plugin. -->","yoast_head_json":{"title":"Rushmore | K-OVER","robots":{"index":"index","follow":"follow","max-snippet":"max-snippet:-1","max-image-preview":"max-image-preview:large","max-video-preview":"max-video-preview:-1"},"canonical":"https:\/\/k-over.com\/it\/prodotto\/rushmore\/","og_locale":"it_IT","og_type":"article","og_title":"Rushmore | K-OVER","og_description":"Tipologia Champagne Cover Materiale Argento Massiccio 999\/\u00b0\u00b0","og_url":"https:\/\/k-over.com\/it\/prodotto\/rushmore\/","og_site_name":"K-OVER","article_modified_time":"2024-12-27T23:37:31+00:00","og_image":[{"width":997,"height":1500,"url":"https:\/\/k-over.com\/wp-content\/uploads\/2023\/11\/Rushmore_Front.jpg","type":"image\/jpeg"}],"twitter_card":"summary_large_image","twitter_misc":{"Tempo di lettura stimato":"3 minuti"},"schema":{"@context":"https:\/\/schema.org","@graph":[{"@type":"WebPage","@id":"https:\/\/k-over.com\/it\/prodotto\/rushmore\/","url":"https:\/\/k-over.com\/it\/prodotto\/rushmore\/","name":"Rushmore | K-OVER","isPartOf":{"@id":"https:\/\/k-over.com\/?lang=en\/#website"},"primaryImageOfPage":{"@id":"https:\/\/k-over.com\/it\/prodotto\/rushmore\/#primaryimage"},"image":{"@id":"https:\/\/k-over.com\/it\/prodotto\/rushmore\/#primaryimage"},"thumbnailUrl":"https:\/\/k-over.com\/wp-content\/uploads\/2023\/11\/Rushmore_Front.jpg","datePublished":"2023-10-25T12:46:41+00:00","dateModified":"2024-12-27T23:37:31+00:00","breadcrumb":{"@id":"https:\/\/k-over.com\/it\/prodotto\/rushmore\/#breadcrumb"},"inLanguage":"it-IT","potentialAction":[{"@type":"ReadAction","target":["https:\/\/k-over.com\/it\/prodotto\/rushmore\/"]}]},{"@type":"ImageObject","inLanguage":"it-IT","@id":"https:\/\/k-over.com\/it\/prodotto\/rushmore\/#primaryimage","url":"https:\/\/k-over.com\/wp-content\/uploads\/2023\/11\/Rushmore_Front.jpg","contentUrl":"https:\/\/k-over.com\/wp-content\/uploads\/2023\/11\/Rushmore_Front.jpg","width":997,"height":1500,"caption":"Artistic silver champagne bottle cover, finely engraved with expressive human faces emerging from textured surfaces, creating a sculptural effect that blends contemporary design and traditional craftsmanship."},{"@type":"BreadcrumbList","@id":"https:\/\/k-over.com\/it\/prodotto\/rushmore\/#breadcrumb","itemListElement":[{"@type":"ListItem","position":1,"name":"Home","item":"https:\/\/k-over.com\/it\/"},{"@type":"ListItem","position":2,"name":"Shop","item":"https:\/\/k-over.com\/it\/shop\/"},{"@type":"ListItem","position":3,"name":"Rushmore"}]},{"@type":"WebSite","@id":"https:\/\/k-over.com\/?lang=en\/#website","url":"https:\/\/k-over.com\/?lang=en\/","name":"K-OVER","description":"Made in Italy","publisher":{"@id":"https:\/\/k-over.com\/?lang=en\/#organization"},"potentialAction":[{"@type":"SearchAction","target":{"@type":"EntryPoint","urlTemplate":"https:\/\/k-over.com\/?lang=en\/?s={search_term_string}"},"query-input":{"@type":"PropertyValueSpecification","valueRequired":true,"valueName":"search_term_string"}}],"inLanguage":"it-IT"},{"@type":"Organization","@id":"https:\/\/k-over.com\/?lang=en\/#organization","name":"K-OVER","url":"https:\/\/k-over.com\/?lang=en\/","logo":{"@type":"ImageObject","inLanguage":"it-IT","@id":"https:\/\/k-over.com\/?lang=en\/#\/schema\/logo\/image\/","url":"https:\/\/k-over.com\/wp-content\/uploads\/2023\/09\/Layer-1.svg","contentUrl":"https:\/\/k-over.com\/wp-content\/uploads\/2023\/09\/Layer-1.svg","width":47,"height":101,"caption":"K-OVER"},"image":{"@id":"https:\/\/k-over.com\/?lang=en\/#\/schema\/logo\/image\/"}}]}},"mfb_rest_fields":["title","yoast_head","yoast_head_json"],"_links":{"self":[{"href":"https:\/\/k-over.com\/it\/wp-json\/wp\/v2\/product\/6440","targetHints":{"allow":["GET"]}}],"collection":[{"href":"https:\/\/k-over.com\/it\/wp-json\/wp\/v2\/product"}],"about":[{"href":"https:\/\/k-over.com\/it\/wp-json\/wp\/v2\/types\/product"}],"wp:featuredmedia":[{"embeddable":true,"href":"https:\/\/k-over.com\/it\/wp-json\/wp\/v2\/media\/6453"}],"wp:attachment":[{"href":"https:\/\/k-over.com\/it\/wp-json\/wp\/v2\/media?parent=6440"}],"wp:term":[{"taxonomy":"product_brand","embeddable":true,"href":"https:\/\/k-over.com\/it\/wp-json\/wp\/v2\/product_brand?post=6440"},{"taxonomy":"product_cat","embeddable":true,"href":"https:\/\/k-over.com\/it\/wp-json\/wp\/v2\/product_cat?post=6440"},{"taxonomy":"product_tag","embeddable":true,"href":"https:\/\/k-over.com\/it\/wp-json\/wp\/v2\/product_tag?post=6440"}],"curies":[{"name":"wp","href":"https:\/\/api.w.org\/{rel}","templated":true}]}}