{"id":7161,"date":"2024-04-22T12:51:58","date_gmt":"2024-04-22T10:51:58","guid":{"rendered":"https:\/\/k-over.com\/prodotto\/timone\/"},"modified":"2024-12-28T00:37:33","modified_gmt":"2024-12-27T23:37:33","slug":"timone","status":"publish","type":"product","link":"https:\/\/k-over.com\/it\/prodotto\/timone\/","title":{"rendered":"Timone"},"content":{"rendered":"<p><span style=\"font-weight: 400;\">La K-OVER Timone fa parte della nostra collezione \u201cSu misura\u201d. Interamente realizzata a mano dal maestro argentiere Marco Fedi vuole essere un\u2019opera moderna, perfetta per far parte dell\u2019arredamento di uno yacht lussuoso o di una villa al mare ma anche di un prestigioso appartamento di citt\u00e0. Il timone \u00e8 l\u2019organo che serve per governare la nave, per guidarla sulla rotta scelta e per evitare che gli ostacoli si presentino sul cammino. I suoi significati simbolici rappresentano l\u2019amore per l\u2019avventura e i viaggi.\u00a0 E\u2019 simbolo di leadership e guida, il timoniere \u00e8 una persona di cui ci si pu\u00f2 fidare. Evoca il mare e le sue meraviglie.\u00a0 La K-OVER Timone \u00e8 il regalo perfetto da offrire a qualcuno per noi molto importante, acquistarla per noi stessi un tributo al nostro amore per l\u2019avventura. Realizzata in argento massiccio 999 e magistralmente cesellata \u00e8 un\u2019opera moderna e di gran valore. La banda dorata posta sotto il timone pu\u00f2 essere utilizzata per un\u2019incisione personalizzata.<\/span><\/p>\n<p><strong>Artist Information\u00a0<\/strong><\/p>\n<p><span style=\"font-weight: 400;\">Marco Fedi ha iniziato la sua carriera negli anni &#8217;80, acquisendo una preziosa esperienza lavorando presso prestigiosi laboratori a Firenze. Le sue eccezionali abilit\u00e0 sono state richieste da marchi di prestigio come Tiffany, Bulgari, Christofle e Cartier. Oggi, Marco Fedi collabora con orgoglio con K-OVER in progetti innovativi che includono K-OVER Memories e K-OVER Designs. Scopri l&#8217;eccezionale maestria artistica e le creazioni visionarie di questo abile artigiano.<\/span><\/p>\n<p><strong>Technical Features <\/strong><\/p>\n<p>K-OVER \u00e8 un marchio di P.M.P Firenze, un&#8217;azienda con oltre 40 anni di esperienza nel settore dell&#8217;argenteria. Le nostre coperture mantengono le vostre preziose bottiglie di champagne fresche fino a 2 ore.<br \/>\nK-OVER \u00e8 riutilizzabile, svitando il tappo in basso, \u00e8 possibile cambiare facilmente la bottiglia. Ogni copertura per champagne \u00e8 unica ed \u00e8 stata esposta in eventi artistici e culturali o lanci privati di lusso. I K-OVER sono compatibili con bottiglie di champagne come Moet Et Chandon, Veuve Clicquot, Cristal, Pol Roger, Piper, Perrier Jouet, Taittinger, Mumm, Ferrari e Berlucchi.<br \/>\nTutte le nostre coperture per champagne e vino sono realizzate in argento massiccio 999\/\u00b0\u00b0, a differenza dell&#8217;uso tipico dell&#8217;argento sterling nell&#8217;argenteria. Questa scelta unica \u00e8 guidata da tre ragioni convincenti, vogliamo fornire ai nostri clienti un prodotto di alto valore e unico. La resistenza dell&#8217;argento puro all&#8217;ossidazione lo rende pi\u00f9 facile da pulire e lucidare. In ultimo, le propriet\u00e0 antibatteriche dell&#8217;argento ne assicurano l&#8217;uso sicuro con alimenti e bevande.<\/p>\n<p>Dimensioni: Diametro 10,5 cm<br \/>\nMateriale: Argento 999\/\u00b0\u00b0<br \/>\nPeso: 650 g<br \/>\nAltezza: 25,5 cm<\/p>\n","protected":false},"excerpt":{"rendered":"<p><strong>Typology<br \/>\n<\/strong>Champagne cover<\/p>\n<p><strong>Materials<br \/>\n<\/strong>Solid pure silver 999\/\u00b0\u00b0<\/p>\n<p><strong>2024, Italy<\/strong><\/p>\n","protected":false},"featured_media":9872,"template":"","meta":{"_acf_changed":false,"_crdt_document":"","inline_featured_image":false},"product_brand":[],"product_cat":[306],"product_tag":[],"class_list":{"0":"post-7161","1":"product","2":"type-product","3":"status-publish","4":"has-post-thumbnail","6":"product_cat-champagne-cover-it","8":"first","9":"instock","10":"taxable","11":"shipping-taxable","12":"purchasable","13":"product-type-simple"},"acf":[],"mb":[],"yoast_head":"<!-- This site is optimized with the Yoast SEO plugin v27.3 - https:\/\/yoast.com\/product\/yoast-seo-wordpress\/ -->\n<title>Timone | K-OVER<\/title>\n<meta name=\"robots\" content=\"index, follow, max-snippet:-1, max-image-preview:large, max-video-preview:-1\" \/>\n<link rel=\"canonical\" href=\"https:\/\/k-over.com\/it\/prodotto\/timone\/\" \/>\n<meta property=\"og:locale\" content=\"it_IT\" \/>\n<meta property=\"og:type\" content=\"article\" \/>\n<meta property=\"og:title\" content=\"Timone | K-OVER\" \/>\n<meta property=\"og:description\" content=\"Typology Champagne cover  Materials Solid pure silver 999\/\u00b0\u00b0  2024, Italy\" \/>\n<meta property=\"og:url\" content=\"https:\/\/k-over.com\/it\/prodotto\/timone\/\" \/>\n<meta property=\"og:site_name\" content=\"K-OVER\" \/>\n<meta property=\"article:modified_time\" content=\"2024-12-27T23:37:33+00:00\" \/>\n<meta property=\"og:image\" content=\"https:\/\/k-over.com\/wp-content\/uploads\/2024\/04\/Timone-Cover-Front-view-scaled.jpg\" \/>\n\t<meta property=\"og:image:width\" content=\"1702\" \/>\n\t<meta property=\"og:image:height\" content=\"2560\" \/>\n\t<meta property=\"og:image:type\" content=\"image\/jpeg\" \/>\n<meta name=\"twitter:card\" content=\"summary_large_image\" \/>\n<meta name=\"twitter:label1\" content=\"Tempo di lettura stimato\" \/>\n\t<meta name=\"twitter:data1\" content=\"2 minuti\" \/>\n<script type=\"application\/ld+json\" class=\"yoast-schema-graph\">{\"@context\":\"https:\\\/\\\/schema.org\",\"@graph\":[{\"@type\":\"WebPage\",\"@id\":\"https:\\\/\\\/k-over.com\\\/it\\\/prodotto\\\/timone\\\/\",\"url\":\"https:\\\/\\\/k-over.com\\\/it\\\/prodotto\\\/timone\\\/\",\"name\":\"Timone | K-OVER\",\"isPartOf\":{\"@id\":\"https:\\\/\\\/k-over.com\\\/?lang=en\\\/#website\"},\"primaryImageOfPage\":{\"@id\":\"https:\\\/\\\/k-over.com\\\/it\\\/prodotto\\\/timone\\\/#primaryimage\"},\"image\":{\"@id\":\"https:\\\/\\\/k-over.com\\\/it\\\/prodotto\\\/timone\\\/#primaryimage\"},\"thumbnailUrl\":\"https:\\\/\\\/k-over.com\\\/wp-content\\\/uploads\\\/2025\\\/01\\\/Timone_Front-min.jpg\",\"datePublished\":\"2024-04-22T10:51:58+00:00\",\"dateModified\":\"2024-12-27T23:37:33+00:00\",\"breadcrumb\":{\"@id\":\"https:\\\/\\\/k-over.com\\\/it\\\/prodotto\\\/timone\\\/#breadcrumb\"},\"inLanguage\":\"it-IT\",\"potentialAction\":[{\"@type\":\"ReadAction\",\"target\":[\"https:\\\/\\\/k-over.com\\\/it\\\/prodotto\\\/timone\\\/\"]}]},{\"@type\":\"ImageObject\",\"inLanguage\":\"it-IT\",\"@id\":\"https:\\\/\\\/k-over.com\\\/it\\\/prodotto\\\/timone\\\/#primaryimage\",\"url\":\"https:\\\/\\\/k-over.com\\\/wp-content\\\/uploads\\\/2025\\\/01\\\/Timone_Front-min.jpg\",\"contentUrl\":\"https:\\\/\\\/k-over.com\\\/wp-content\\\/uploads\\\/2025\\\/01\\\/Timone_Front-min.jpg\",\"width\":1000,\"height\":1500,\"caption\":\"Timone Champagne Bottle Cover detail\"},{\"@type\":\"BreadcrumbList\",\"@id\":\"https:\\\/\\\/k-over.com\\\/it\\\/prodotto\\\/timone\\\/#breadcrumb\",\"itemListElement\":[{\"@type\":\"ListItem\",\"position\":1,\"name\":\"Home\",\"item\":\"https:\\\/\\\/k-over.com\\\/it\\\/\"},{\"@type\":\"ListItem\",\"position\":2,\"name\":\"Shop\",\"item\":\"https:\\\/\\\/k-over.com\\\/it\\\/shop\\\/\"},{\"@type\":\"ListItem\",\"position\":3,\"name\":\"Timone\"}]},{\"@type\":\"WebSite\",\"@id\":\"https:\\\/\\\/k-over.com\\\/?lang=en\\\/#website\",\"url\":\"https:\\\/\\\/k-over.com\\\/?lang=en\\\/\",\"name\":\"K-OVER\",\"description\":\"Made in Italy\",\"publisher\":{\"@id\":\"https:\\\/\\\/k-over.com\\\/?lang=en\\\/#organization\"},\"potentialAction\":[{\"@type\":\"SearchAction\",\"target\":{\"@type\":\"EntryPoint\",\"urlTemplate\":\"https:\\\/\\\/k-over.com\\\/?lang=en\\\/?s={search_term_string}\"},\"query-input\":{\"@type\":\"PropertyValueSpecification\",\"valueRequired\":true,\"valueName\":\"search_term_string\"}}],\"inLanguage\":\"it-IT\"},{\"@type\":\"Organization\",\"@id\":\"https:\\\/\\\/k-over.com\\\/?lang=en\\\/#organization\",\"name\":\"K-OVER\",\"url\":\"https:\\\/\\\/k-over.com\\\/?lang=en\\\/\",\"logo\":{\"@type\":\"ImageObject\",\"inLanguage\":\"it-IT\",\"@id\":\"https:\\\/\\\/k-over.com\\\/?lang=en\\\/#\\\/schema\\\/logo\\\/image\\\/\",\"url\":\"https:\\\/\\\/k-over.com\\\/wp-content\\\/uploads\\\/2023\\\/09\\\/Layer-1.svg\",\"contentUrl\":\"https:\\\/\\\/k-over.com\\\/wp-content\\\/uploads\\\/2023\\\/09\\\/Layer-1.svg\",\"width\":47,\"height\":101,\"caption\":\"K-OVER\"},\"image\":{\"@id\":\"https:\\\/\\\/k-over.com\\\/?lang=en\\\/#\\\/schema\\\/logo\\\/image\\\/\"}}]}<\/script>\n<!-- \/ Yoast SEO plugin. -->","yoast_head_json":{"title":"Timone | K-OVER","robots":{"index":"index","follow":"follow","max-snippet":"max-snippet:-1","max-image-preview":"max-image-preview:large","max-video-preview":"max-video-preview:-1"},"canonical":"https:\/\/k-over.com\/it\/prodotto\/timone\/","og_locale":"it_IT","og_type":"article","og_title":"Timone | K-OVER","og_description":"Typology Champagne cover  Materials Solid pure silver 999\/\u00b0\u00b0  2024, Italy","og_url":"https:\/\/k-over.com\/it\/prodotto\/timone\/","og_site_name":"K-OVER","article_modified_time":"2024-12-27T23:37:33+00:00","og_image":[{"width":1702,"height":2560,"url":"https:\/\/k-over.com\/wp-content\/uploads\/2024\/04\/Timone-Cover-Front-view-scaled.jpg","type":"image\/jpeg"}],"twitter_card":"summary_large_image","twitter_misc":{"Tempo di lettura stimato":"2 minuti"},"schema":{"@context":"https:\/\/schema.org","@graph":[{"@type":"WebPage","@id":"https:\/\/k-over.com\/it\/prodotto\/timone\/","url":"https:\/\/k-over.com\/it\/prodotto\/timone\/","name":"Timone | K-OVER","isPartOf":{"@id":"https:\/\/k-over.com\/?lang=en\/#website"},"primaryImageOfPage":{"@id":"https:\/\/k-over.com\/it\/prodotto\/timone\/#primaryimage"},"image":{"@id":"https:\/\/k-over.com\/it\/prodotto\/timone\/#primaryimage"},"thumbnailUrl":"https:\/\/k-over.com\/wp-content\/uploads\/2025\/01\/Timone_Front-min.jpg","datePublished":"2024-04-22T10:51:58+00:00","dateModified":"2024-12-27T23:37:33+00:00","breadcrumb":{"@id":"https:\/\/k-over.com\/it\/prodotto\/timone\/#breadcrumb"},"inLanguage":"it-IT","potentialAction":[{"@type":"ReadAction","target":["https:\/\/k-over.com\/it\/prodotto\/timone\/"]}]},{"@type":"ImageObject","inLanguage":"it-IT","@id":"https:\/\/k-over.com\/it\/prodotto\/timone\/#primaryimage","url":"https:\/\/k-over.com\/wp-content\/uploads\/2025\/01\/Timone_Front-min.jpg","contentUrl":"https:\/\/k-over.com\/wp-content\/uploads\/2025\/01\/Timone_Front-min.jpg","width":1000,"height":1500,"caption":"Timone Champagne Bottle Cover detail"},{"@type":"BreadcrumbList","@id":"https:\/\/k-over.com\/it\/prodotto\/timone\/#breadcrumb","itemListElement":[{"@type":"ListItem","position":1,"name":"Home","item":"https:\/\/k-over.com\/it\/"},{"@type":"ListItem","position":2,"name":"Shop","item":"https:\/\/k-over.com\/it\/shop\/"},{"@type":"ListItem","position":3,"name":"Timone"}]},{"@type":"WebSite","@id":"https:\/\/k-over.com\/?lang=en\/#website","url":"https:\/\/k-over.com\/?lang=en\/","name":"K-OVER","description":"Made in Italy","publisher":{"@id":"https:\/\/k-over.com\/?lang=en\/#organization"},"potentialAction":[{"@type":"SearchAction","target":{"@type":"EntryPoint","urlTemplate":"https:\/\/k-over.com\/?lang=en\/?s={search_term_string}"},"query-input":{"@type":"PropertyValueSpecification","valueRequired":true,"valueName":"search_term_string"}}],"inLanguage":"it-IT"},{"@type":"Organization","@id":"https:\/\/k-over.com\/?lang=en\/#organization","name":"K-OVER","url":"https:\/\/k-over.com\/?lang=en\/","logo":{"@type":"ImageObject","inLanguage":"it-IT","@id":"https:\/\/k-over.com\/?lang=en\/#\/schema\/logo\/image\/","url":"https:\/\/k-over.com\/wp-content\/uploads\/2023\/09\/Layer-1.svg","contentUrl":"https:\/\/k-over.com\/wp-content\/uploads\/2023\/09\/Layer-1.svg","width":47,"height":101,"caption":"K-OVER"},"image":{"@id":"https:\/\/k-over.com\/?lang=en\/#\/schema\/logo\/image\/"}}]}},"mfb_rest_fields":["title","yoast_head","yoast_head_json"],"_links":{"self":[{"href":"https:\/\/k-over.com\/it\/wp-json\/wp\/v2\/product\/7161","targetHints":{"allow":["GET"]}}],"collection":[{"href":"https:\/\/k-over.com\/it\/wp-json\/wp\/v2\/product"}],"about":[{"href":"https:\/\/k-over.com\/it\/wp-json\/wp\/v2\/types\/product"}],"wp:featuredmedia":[{"embeddable":true,"href":"https:\/\/k-over.com\/it\/wp-json\/wp\/v2\/media\/9872"}],"wp:attachment":[{"href":"https:\/\/k-over.com\/it\/wp-json\/wp\/v2\/media?parent=7161"}],"wp:term":[{"taxonomy":"product_brand","embeddable":true,"href":"https:\/\/k-over.com\/it\/wp-json\/wp\/v2\/product_brand?post=7161"},{"taxonomy":"product_cat","embeddable":true,"href":"https:\/\/k-over.com\/it\/wp-json\/wp\/v2\/product_cat?post=7161"},{"taxonomy":"product_tag","embeddable":true,"href":"https:\/\/k-over.com\/it\/wp-json\/wp\/v2\/product_tag?post=7161"}],"curies":[{"name":"wp","href":"https:\/\/api.w.org\/{rel}","templated":true}]}}