{"id":7165,"date":"2024-04-22T13:43:51","date_gmt":"2024-04-22T11:43:51","guid":{"rendered":"https:\/\/k-over.com\/prodotto\/spirit\/"},"modified":"2024-12-28T00:37:33","modified_gmt":"2024-12-27T23:37:33","slug":"spirit","status":"publish","type":"product","link":"https:\/\/k-over.com\/it\/prodotto\/spirit\/","title":{"rendered":"Spirit"},"content":{"rendered":"<p><span style=\"font-weight: 400;\">La K-OVER Spirit fa parte della nostra collezione \u201cNatura\u201d. E\u2019 stata interamente realizzata a mano dal maestro argentiere Lorenzo Foglia che ha voluto rappresentare un animale libero e fiero come il cavallo.\u00a0 Il cavallo \u00e8 un animale complesso e affascinante, forte e potente, rappresentato nelle opere d\u2019arte lungo tutto il corso della storia. Da lungo tempo accompagna la vita dell\u2019uomo con il quale riesce ad instaurare un rapporto basato sul rispetto reciproco, il legame tra cavallo e cavaliere si basa su sentimenti veri e sinceri. Con questa stupenda K-OVER l\u2019artista vuole rendere omaggio alla profondit\u00e0 dei sentimenti pi\u00f9 nobili. Sulla superficie della nostra K-OVER Spirit sono rappresentati dei cavalli che corrono liberi e selvaggi magistralmente cesellati dal maestro Foglia utilizzando argento 999%. La K-OVER Spirit \u00e8 un pezzo unico e la sua realizzazione ha richiesto diversi mesi per la complessit\u00e0 del disegno e la finitura della superficie, le tecniche utilizzate sono lo sbalzo e il cesello.<\/span><\/p>\n<p><strong>Artist Information<\/strong><\/p>\n<p>Lorenzo Foglia, nato a Viareggio nel 1971, \u00e8 cresciuto nel laboratorio di famiglia e, ancora molto giovane, ha iniziato a lavorare l\u00ec insieme a suo padre e suo nonno. L\u00ec, ha studiato l&#8217;arte della lavorazione dei metalli e ha imparato le tecniche di sbalzo e cesello. Durante la sua carriera ha creato mobili e gioielli per le Case Reali d&#8217;Europa, il teatro e il cinema. Ha vinto due volte il concorso internazionale &#8220;Art in a jewel&#8221;, promosso da Florence Gift Mart. \u00c8 Presidente degli Orafi della citt\u00e0 di Firenze ed \u00e8 &#8220;Maestro Artigiano&#8221; riconosciuto dalla Regione Toscana, &#8220;Artigiano OMA&#8221; e &#8220;Maestro d&#8217;Arte e Mestiere&#8221; per la Fondazione Cologni di Milano.<\/p>\n<p>Recentemente, ha lavorato con K-OVER per il progetto: Opere d&#8217;Arte. Ha firmato tutti i copri-champagne che ha cesellato.<\/p>\n<p><strong>Technical Features<\/strong><\/p>\n<p>K-OVER \u00e8 un marchio di P.M.P Firenze, un&#8217;azienda con oltre 40 anni di esperienza nel settore dell&#8217;argenteria. Le nostre coperture mantengono le vostre preziose bottiglie di champagne fresche fino a 2 ore.<br \/>\nK-OVER \u00e8 riutilizzabile, svitando il tappo in basso, \u00e8 possibile cambiare facilmente la bottiglia. Ogni copertura per champagne \u00e8 unica ed \u00e8 stata esposta in eventi artistici e culturali o lanci privati di lusso. I K-OVER sono compatibili con bottiglie di champagne come Moet Et Chandon, Veuve Clicquot, Cristal, Pol Roger, Piper, Perrier Jouet, Taittinger, Mumm, Ferrari e Berlucchi.<br \/>\nTutte le nostre coperture per champagne e vino sono realizzate in argento massiccio 999\/\u00b0\u00b0, a differenza dell&#8217;uso tipico dell&#8217;argento sterling nell&#8217;argenteria. Questa scelta unica \u00e8 guidata da tre ragioni convincenti, vogliamo fornire ai nostri clienti un prodotto di alto valore e unico. La resistenza dell&#8217;argento puro all&#8217;ossidazione lo rende pi\u00f9 facile da pulire e lucidare. In ultimo, le propriet\u00e0 antibatteriche dell&#8217;argento ne assicurano l&#8217;uso sicuro con alimenti e bevande.<\/p>\n<p>Dimensioni: Diametro 10,5 cm<br \/>\nMateriale: Argento 999\/\u00b0\u00b0<br \/>\nPeso: 650 g<br \/>\nAltezza: 25,5 cm<\/p>\n","protected":false},"excerpt":{"rendered":"<p><strong>Typology<br \/>\n<\/strong>Champagne cover<\/p>\n<p><strong>Materials<br \/>\n<\/strong>Solid pure silver 999\/\u00b0\u00b0<\/p>\n<p><strong>2024, Italy<\/strong><\/p>\n","protected":false},"featured_media":9850,"template":"","meta":{"_acf_changed":false,"_crdt_document":"","inline_featured_image":false},"product_brand":[],"product_cat":[306],"product_tag":[],"class_list":{"0":"post-7165","1":"product","2":"type-product","3":"status-publish","4":"has-post-thumbnail","6":"product_cat-champagne-cover-it","8":"first","9":"instock","10":"taxable","11":"shipping-taxable","12":"purchasable","13":"product-type-simple"},"acf":[],"mb":[],"yoast_head":"<!-- This site is optimized with the Yoast SEO plugin v27.3 - https:\/\/yoast.com\/product\/yoast-seo-wordpress\/ -->\n<title>Spirit Champagne Bottle Cover | K-OVER<\/title>\n<meta name=\"description\" content=\"At K-OVER, we use the purest metals to handcraft our wine and champagne covers. Discover Spirit, our champagne bottle cover made with 999 Silver.\" \/>\n<meta name=\"robots\" content=\"index, follow, max-snippet:-1, max-image-preview:large, max-video-preview:-1\" \/>\n<link rel=\"canonical\" href=\"https:\/\/k-over.com\/it\/prodotto\/spirit\/\" \/>\n<meta property=\"og:locale\" content=\"it_IT\" \/>\n<meta property=\"og:type\" content=\"article\" \/>\n<meta property=\"og:title\" content=\"Spirit Champagne Bottle Cover | K-OVER\" \/>\n<meta property=\"og:description\" content=\"At K-OVER, we use the purest metals to handcraft our wine and champagne covers. Discover Spirit, our champagne bottle cover made with 999 Silver.\" \/>\n<meta property=\"og:url\" content=\"https:\/\/k-over.com\/it\/prodotto\/spirit\/\" \/>\n<meta property=\"og:site_name\" content=\"K-OVER\" \/>\n<meta property=\"article:modified_time\" content=\"2024-12-27T23:37:33+00:00\" \/>\n<meta property=\"og:image\" content=\"https:\/\/k-over.com\/wp-content\/uploads\/2024\/04\/Spirit-cover-Front-scaled.jpg\" \/>\n\t<meta property=\"og:image:width\" content=\"1702\" \/>\n\t<meta property=\"og:image:height\" content=\"2560\" \/>\n\t<meta property=\"og:image:type\" content=\"image\/jpeg\" \/>\n<meta name=\"twitter:card\" content=\"summary_large_image\" \/>\n<meta name=\"twitter:label1\" content=\"Tempo di lettura stimato\" \/>\n\t<meta name=\"twitter:data1\" content=\"3 minuti\" \/>\n<script type=\"application\/ld+json\" class=\"yoast-schema-graph\">{\"@context\":\"https:\\\/\\\/schema.org\",\"@graph\":[{\"@type\":\"WebPage\",\"@id\":\"https:\\\/\\\/k-over.com\\\/it\\\/prodotto\\\/spirit\\\/\",\"url\":\"https:\\\/\\\/k-over.com\\\/it\\\/prodotto\\\/spirit\\\/\",\"name\":\"Spirit Champagne Bottle Cover | K-OVER\",\"isPartOf\":{\"@id\":\"https:\\\/\\\/k-over.com\\\/?lang=en\\\/#website\"},\"primaryImageOfPage\":{\"@id\":\"https:\\\/\\\/k-over.com\\\/it\\\/prodotto\\\/spirit\\\/#primaryimage\"},\"image\":{\"@id\":\"https:\\\/\\\/k-over.com\\\/it\\\/prodotto\\\/spirit\\\/#primaryimage\"},\"thumbnailUrl\":\"https:\\\/\\\/k-over.com\\\/wp-content\\\/uploads\\\/2025\\\/01\\\/Spirit_Front-min.jpg\",\"datePublished\":\"2024-04-22T11:43:51+00:00\",\"dateModified\":\"2024-12-27T23:37:33+00:00\",\"description\":\"At K-OVER, we use the purest metals to handcraft our wine and champagne covers. Discover Spirit, our champagne bottle cover made with 999 Silver.\",\"breadcrumb\":{\"@id\":\"https:\\\/\\\/k-over.com\\\/it\\\/prodotto\\\/spirit\\\/#breadcrumb\"},\"inLanguage\":\"it-IT\",\"potentialAction\":[{\"@type\":\"ReadAction\",\"target\":[\"https:\\\/\\\/k-over.com\\\/it\\\/prodotto\\\/spirit\\\/\"]}]},{\"@type\":\"ImageObject\",\"inLanguage\":\"it-IT\",\"@id\":\"https:\\\/\\\/k-over.com\\\/it\\\/prodotto\\\/spirit\\\/#primaryimage\",\"url\":\"https:\\\/\\\/k-over.com\\\/wp-content\\\/uploads\\\/2025\\\/01\\\/Spirit_Front-min.jpg\",\"contentUrl\":\"https:\\\/\\\/k-over.com\\\/wp-content\\\/uploads\\\/2025\\\/01\\\/Spirit_Front-min.jpg\",\"width\":1000,\"height\":1500,\"caption\":\"Spirit Champagne Bottle Cover front\"},{\"@type\":\"BreadcrumbList\",\"@id\":\"https:\\\/\\\/k-over.com\\\/it\\\/prodotto\\\/spirit\\\/#breadcrumb\",\"itemListElement\":[{\"@type\":\"ListItem\",\"position\":1,\"name\":\"Home\",\"item\":\"https:\\\/\\\/k-over.com\\\/it\\\/\"},{\"@type\":\"ListItem\",\"position\":2,\"name\":\"Shop\",\"item\":\"https:\\\/\\\/k-over.com\\\/it\\\/shop\\\/\"},{\"@type\":\"ListItem\",\"position\":3,\"name\":\"Spirit\"}]},{\"@type\":\"WebSite\",\"@id\":\"https:\\\/\\\/k-over.com\\\/?lang=en\\\/#website\",\"url\":\"https:\\\/\\\/k-over.com\\\/?lang=en\\\/\",\"name\":\"K-OVER\",\"description\":\"Made in Italy\",\"publisher\":{\"@id\":\"https:\\\/\\\/k-over.com\\\/?lang=en\\\/#organization\"},\"potentialAction\":[{\"@type\":\"SearchAction\",\"target\":{\"@type\":\"EntryPoint\",\"urlTemplate\":\"https:\\\/\\\/k-over.com\\\/?lang=en\\\/?s={search_term_string}\"},\"query-input\":{\"@type\":\"PropertyValueSpecification\",\"valueRequired\":true,\"valueName\":\"search_term_string\"}}],\"inLanguage\":\"it-IT\"},{\"@type\":\"Organization\",\"@id\":\"https:\\\/\\\/k-over.com\\\/?lang=en\\\/#organization\",\"name\":\"K-OVER\",\"url\":\"https:\\\/\\\/k-over.com\\\/?lang=en\\\/\",\"logo\":{\"@type\":\"ImageObject\",\"inLanguage\":\"it-IT\",\"@id\":\"https:\\\/\\\/k-over.com\\\/?lang=en\\\/#\\\/schema\\\/logo\\\/image\\\/\",\"url\":\"https:\\\/\\\/k-over.com\\\/wp-content\\\/uploads\\\/2023\\\/09\\\/Layer-1.svg\",\"contentUrl\":\"https:\\\/\\\/k-over.com\\\/wp-content\\\/uploads\\\/2023\\\/09\\\/Layer-1.svg\",\"width\":47,\"height\":101,\"caption\":\"K-OVER\"},\"image\":{\"@id\":\"https:\\\/\\\/k-over.com\\\/?lang=en\\\/#\\\/schema\\\/logo\\\/image\\\/\"}}]}<\/script>\n<!-- \/ Yoast SEO plugin. -->","yoast_head_json":{"title":"Spirit Champagne Bottle Cover | K-OVER","description":"At K-OVER, we use the purest metals to handcraft our wine and champagne covers. Discover Spirit, our champagne bottle cover made with 999 Silver.","robots":{"index":"index","follow":"follow","max-snippet":"max-snippet:-1","max-image-preview":"max-image-preview:large","max-video-preview":"max-video-preview:-1"},"canonical":"https:\/\/k-over.com\/it\/prodotto\/spirit\/","og_locale":"it_IT","og_type":"article","og_title":"Spirit Champagne Bottle Cover | K-OVER","og_description":"At K-OVER, we use the purest metals to handcraft our wine and champagne covers. Discover Spirit, our champagne bottle cover made with 999 Silver.","og_url":"https:\/\/k-over.com\/it\/prodotto\/spirit\/","og_site_name":"K-OVER","article_modified_time":"2024-12-27T23:37:33+00:00","og_image":[{"width":1702,"height":2560,"url":"https:\/\/k-over.com\/wp-content\/uploads\/2024\/04\/Spirit-cover-Front-scaled.jpg","type":"image\/jpeg"}],"twitter_card":"summary_large_image","twitter_misc":{"Tempo di lettura stimato":"3 minuti"},"schema":{"@context":"https:\/\/schema.org","@graph":[{"@type":"WebPage","@id":"https:\/\/k-over.com\/it\/prodotto\/spirit\/","url":"https:\/\/k-over.com\/it\/prodotto\/spirit\/","name":"Spirit Champagne Bottle Cover | K-OVER","isPartOf":{"@id":"https:\/\/k-over.com\/?lang=en\/#website"},"primaryImageOfPage":{"@id":"https:\/\/k-over.com\/it\/prodotto\/spirit\/#primaryimage"},"image":{"@id":"https:\/\/k-over.com\/it\/prodotto\/spirit\/#primaryimage"},"thumbnailUrl":"https:\/\/k-over.com\/wp-content\/uploads\/2025\/01\/Spirit_Front-min.jpg","datePublished":"2024-04-22T11:43:51+00:00","dateModified":"2024-12-27T23:37:33+00:00","description":"At K-OVER, we use the purest metals to handcraft our wine and champagne covers. Discover Spirit, our champagne bottle cover made with 999 Silver.","breadcrumb":{"@id":"https:\/\/k-over.com\/it\/prodotto\/spirit\/#breadcrumb"},"inLanguage":"it-IT","potentialAction":[{"@type":"ReadAction","target":["https:\/\/k-over.com\/it\/prodotto\/spirit\/"]}]},{"@type":"ImageObject","inLanguage":"it-IT","@id":"https:\/\/k-over.com\/it\/prodotto\/spirit\/#primaryimage","url":"https:\/\/k-over.com\/wp-content\/uploads\/2025\/01\/Spirit_Front-min.jpg","contentUrl":"https:\/\/k-over.com\/wp-content\/uploads\/2025\/01\/Spirit_Front-min.jpg","width":1000,"height":1500,"caption":"Spirit Champagne Bottle Cover front"},{"@type":"BreadcrumbList","@id":"https:\/\/k-over.com\/it\/prodotto\/spirit\/#breadcrumb","itemListElement":[{"@type":"ListItem","position":1,"name":"Home","item":"https:\/\/k-over.com\/it\/"},{"@type":"ListItem","position":2,"name":"Shop","item":"https:\/\/k-over.com\/it\/shop\/"},{"@type":"ListItem","position":3,"name":"Spirit"}]},{"@type":"WebSite","@id":"https:\/\/k-over.com\/?lang=en\/#website","url":"https:\/\/k-over.com\/?lang=en\/","name":"K-OVER","description":"Made in Italy","publisher":{"@id":"https:\/\/k-over.com\/?lang=en\/#organization"},"potentialAction":[{"@type":"SearchAction","target":{"@type":"EntryPoint","urlTemplate":"https:\/\/k-over.com\/?lang=en\/?s={search_term_string}"},"query-input":{"@type":"PropertyValueSpecification","valueRequired":true,"valueName":"search_term_string"}}],"inLanguage":"it-IT"},{"@type":"Organization","@id":"https:\/\/k-over.com\/?lang=en\/#organization","name":"K-OVER","url":"https:\/\/k-over.com\/?lang=en\/","logo":{"@type":"ImageObject","inLanguage":"it-IT","@id":"https:\/\/k-over.com\/?lang=en\/#\/schema\/logo\/image\/","url":"https:\/\/k-over.com\/wp-content\/uploads\/2023\/09\/Layer-1.svg","contentUrl":"https:\/\/k-over.com\/wp-content\/uploads\/2023\/09\/Layer-1.svg","width":47,"height":101,"caption":"K-OVER"},"image":{"@id":"https:\/\/k-over.com\/?lang=en\/#\/schema\/logo\/image\/"}}]}},"mfb_rest_fields":["title","yoast_head","yoast_head_json"],"_links":{"self":[{"href":"https:\/\/k-over.com\/it\/wp-json\/wp\/v2\/product\/7165","targetHints":{"allow":["GET"]}}],"collection":[{"href":"https:\/\/k-over.com\/it\/wp-json\/wp\/v2\/product"}],"about":[{"href":"https:\/\/k-over.com\/it\/wp-json\/wp\/v2\/types\/product"}],"wp:featuredmedia":[{"embeddable":true,"href":"https:\/\/k-over.com\/it\/wp-json\/wp\/v2\/media\/9850"}],"wp:attachment":[{"href":"https:\/\/k-over.com\/it\/wp-json\/wp\/v2\/media?parent=7165"}],"wp:term":[{"taxonomy":"product_brand","embeddable":true,"href":"https:\/\/k-over.com\/it\/wp-json\/wp\/v2\/product_brand?post=7165"},{"taxonomy":"product_cat","embeddable":true,"href":"https:\/\/k-over.com\/it\/wp-json\/wp\/v2\/product_cat?post=7165"},{"taxonomy":"product_tag","embeddable":true,"href":"https:\/\/k-over.com\/it\/wp-json\/wp\/v2\/product_tag?post=7165"}],"curies":[{"name":"wp","href":"https:\/\/api.w.org\/{rel}","templated":true}]}}