{"id":7167,"date":"2024-04-22T13:48:51","date_gmt":"2024-04-22T11:48:51","guid":{"rendered":"https:\/\/k-over.com\/prodotto\/can-can\/"},"modified":"2024-12-28T00:37:33","modified_gmt":"2024-12-27T23:37:33","slug":"can-can","status":"publish","type":"product","link":"https:\/\/k-over.com\/it\/prodotto\/can-can\/","title":{"rendered":"Can Can"},"content":{"rendered":"<p>La K-OVER CanCan fa parte della nostra collezione \u201cWorks of Art\u201d e per la prima volta due dei nostri abili maestri argentieri, Giuliano Foglia e Andrea Pignataro, si sono cimentati in un lavoro a quattro mani. Lavorando insieme si sono confrontati e ognuno ha messo a disposizione dell\u2019altro il proprio talento e le proprie conoscenze realizzando questa K-Over di gusto straordinario.<\/p>\n<p>La scena raffigura tre ballerine di Cancan, una danza molto in voga durante la Belle Epoque. Le ballerine si esibivano in locali alla moda quali il Moulin Rouge dove lo champagne era, insieme alle belle danzatrici, il protagonista di serate allegre e spensierate.  Il valore di questa K-Over \u00e8 dovuto sia all\u2019utilizzo di una materia prima di eccellenza quale l\u2019argento 999% ma soprattutto alla lavorazione precisa e meticolosa in ogni dettaglio. Osservate con attenzione le balze delle gonne delle ballerine o le loro gambe rivestite dalle calze a rete, oppure la precisone nel rappresentare ogni singola piuma del loro copricapo. La lavorazione ha richiesto diversi mesi considerando la mancanza del lato inverso i volumi sono estratti dal di dentro su un unico cilindro in argento. Le tecniche utilizzate sono il cesello e lo sbalzo. La K-Over CanCan \u00e8 un pezzo unico firmato da entrambi i maestri.<\/p>\n<p><strong>Technical Features<\/strong><\/p>\n<p>K-OVER \u00e8 un marchio di P.M.P Firenze, un&#8217;azienda con oltre 40 anni di esperienza nel settore dell&#8217;argenteria. Le nostre coperture mantengono le vostre preziose bottiglie di champagne fresche fino a 2 ore.<br \/>\nK-OVER \u00e8 riutilizzabile, svitando il tappo in basso, \u00e8 possibile cambiare facilmente la bottiglia. Ogni copertura per champagne \u00e8 unica ed \u00e8 stata esposta in eventi artistici e culturali o lanci privati di lusso. I K-OVER sono compatibili con bottiglie di champagne come Moet Et Chandon, Veuve Clicquot, Cristal, Pol Roger, Piper, Perrier Jouet, Taittinger, Mumm, Ferrari e Berlucchi.<br \/>\nTutte le nostre coperture per champagne e vino sono realizzate in argento massiccio 999\/\u00b0\u00b0, a differenza dell&#8217;uso tipico dell&#8217;argento sterling nell&#8217;argenteria. Questa scelta unica \u00e8 guidata da tre ragioni convincenti, vogliamo fornire ai nostri clienti un prodotto di alto valore e unico. La resistenza dell&#8217;argento puro all&#8217;ossidazione lo rende pi\u00f9 facile da pulire e lucidare. In ultimo, le propriet\u00e0 antibatteriche dell&#8217;argento ne assicurano l&#8217;uso sicuro con alimenti e bevande.<\/p>\n<p>Dimensioni: Diametro 10,5 cm<br \/>\nMateriale: Argento 999\/\u00b0\u00b0<br \/>\nPeso: 650 g<br \/>\nAltezza: 25,5 cm<\/p>\n<p>&nbsp;<\/p>\n","protected":false},"excerpt":{"rendered":"<p><strong>Typology<br \/>\n<\/strong>Champagne cover<\/p>\n<p><strong>Materials<br \/>\n<\/strong>Solid pure silver 999\/\u00b0\u00b0<\/p>\n<p><strong>2024, Italy<\/strong><\/p>\n","protected":false},"featured_media":9832,"template":"","meta":{"_acf_changed":false,"_crdt_document":"","inline_featured_image":false},"product_brand":[],"product_cat":[306],"product_tag":[307],"class_list":{"0":"post-7167","1":"product","2":"type-product","3":"status-publish","4":"has-post-thumbnail","6":"product_cat-champagne-cover-it","7":"product_tag-opere-darte","9":"first","10":"instock","11":"taxable","12":"shipping-taxable","13":"purchasable","14":"product-type-simple"},"acf":[],"mb":[],"yoast_head":"<!-- This site is optimized with the Yoast SEO plugin v27.3 - https:\/\/yoast.com\/product\/yoast-seo-wordpress\/ -->\n<title>Can Can Champagne Bottle Cover | K-OVER<\/title>\n<meta name=\"description\" content=\"At K-OVER, we use the purest metals to handcraft our wine and champagne covers. Discover Can Can, our champagne bottle cover made with 999 Silver.\" \/>\n<meta name=\"robots\" content=\"index, follow, max-snippet:-1, max-image-preview:large, max-video-preview:-1\" \/>\n<link rel=\"canonical\" href=\"https:\/\/k-over.com\/it\/prodotto\/can-can\/\" \/>\n<meta property=\"og:locale\" content=\"it_IT\" \/>\n<meta property=\"og:type\" content=\"article\" \/>\n<meta property=\"og:title\" content=\"Can Can Champagne Bottle Cover | K-OVER\" \/>\n<meta property=\"og:description\" content=\"At K-OVER, we use the purest metals to handcraft our wine and champagne covers. Discover Can Can, our champagne bottle cover made with 999 Silver.\" \/>\n<meta property=\"og:url\" content=\"https:\/\/k-over.com\/it\/prodotto\/can-can\/\" \/>\n<meta property=\"og:site_name\" content=\"K-OVER\" \/>\n<meta property=\"article:modified_time\" content=\"2024-12-27T23:37:33+00:00\" \/>\n<meta property=\"og:image\" content=\"https:\/\/k-over.com\/wp-content\/uploads\/2024\/04\/CanCan-cover-front-.jpg\" \/>\n\t<meta property=\"og:image:width\" content=\"997\" \/>\n\t<meta property=\"og:image:height\" content=\"1500\" \/>\n\t<meta property=\"og:image:type\" content=\"image\/jpeg\" \/>\n<meta name=\"twitter:card\" content=\"summary_large_image\" \/>\n<meta name=\"twitter:label1\" content=\"Tempo di lettura stimato\" \/>\n\t<meta name=\"twitter:data1\" content=\"1 minuto\" \/>\n<script type=\"application\/ld+json\" class=\"yoast-schema-graph\">{\"@context\":\"https:\\\/\\\/schema.org\",\"@graph\":[{\"@type\":\"WebPage\",\"@id\":\"https:\\\/\\\/k-over.com\\\/it\\\/prodotto\\\/can-can\\\/\",\"url\":\"https:\\\/\\\/k-over.com\\\/it\\\/prodotto\\\/can-can\\\/\",\"name\":\"Can Can Champagne Bottle Cover | K-OVER\",\"isPartOf\":{\"@id\":\"https:\\\/\\\/k-over.com\\\/?lang=en\\\/#website\"},\"primaryImageOfPage\":{\"@id\":\"https:\\\/\\\/k-over.com\\\/it\\\/prodotto\\\/can-can\\\/#primaryimage\"},\"image\":{\"@id\":\"https:\\\/\\\/k-over.com\\\/it\\\/prodotto\\\/can-can\\\/#primaryimage\"},\"thumbnailUrl\":\"https:\\\/\\\/k-over.com\\\/wp-content\\\/uploads\\\/2025\\\/01\\\/CanCan_Front-min.jpg\",\"datePublished\":\"2024-04-22T11:48:51+00:00\",\"dateModified\":\"2024-12-27T23:37:33+00:00\",\"description\":\"At K-OVER, we use the purest metals to handcraft our wine and champagne covers. Discover Can Can, our champagne bottle cover made with 999 Silver.\",\"breadcrumb\":{\"@id\":\"https:\\\/\\\/k-over.com\\\/it\\\/prodotto\\\/can-can\\\/#breadcrumb\"},\"inLanguage\":\"it-IT\",\"potentialAction\":[{\"@type\":\"ReadAction\",\"target\":[\"https:\\\/\\\/k-over.com\\\/it\\\/prodotto\\\/can-can\\\/\"]}]},{\"@type\":\"ImageObject\",\"inLanguage\":\"it-IT\",\"@id\":\"https:\\\/\\\/k-over.com\\\/it\\\/prodotto\\\/can-can\\\/#primaryimage\",\"url\":\"https:\\\/\\\/k-over.com\\\/wp-content\\\/uploads\\\/2025\\\/01\\\/CanCan_Front-min.jpg\",\"contentUrl\":\"https:\\\/\\\/k-over.com\\\/wp-content\\\/uploads\\\/2025\\\/01\\\/CanCan_Front-min.jpg\",\"width\":1000,\"height\":1500,\"caption\":\"Can Can Champagne Bottle Cover front\"},{\"@type\":\"BreadcrumbList\",\"@id\":\"https:\\\/\\\/k-over.com\\\/it\\\/prodotto\\\/can-can\\\/#breadcrumb\",\"itemListElement\":[{\"@type\":\"ListItem\",\"position\":1,\"name\":\"Home\",\"item\":\"https:\\\/\\\/k-over.com\\\/it\\\/\"},{\"@type\":\"ListItem\",\"position\":2,\"name\":\"Shop\",\"item\":\"https:\\\/\\\/k-over.com\\\/it\\\/shop\\\/\"},{\"@type\":\"ListItem\",\"position\":3,\"name\":\"Can Can\"}]},{\"@type\":\"WebSite\",\"@id\":\"https:\\\/\\\/k-over.com\\\/?lang=en\\\/#website\",\"url\":\"https:\\\/\\\/k-over.com\\\/?lang=en\\\/\",\"name\":\"K-OVER\",\"description\":\"Made in Italy\",\"publisher\":{\"@id\":\"https:\\\/\\\/k-over.com\\\/?lang=en\\\/#organization\"},\"potentialAction\":[{\"@type\":\"SearchAction\",\"target\":{\"@type\":\"EntryPoint\",\"urlTemplate\":\"https:\\\/\\\/k-over.com\\\/?lang=en\\\/?s={search_term_string}\"},\"query-input\":{\"@type\":\"PropertyValueSpecification\",\"valueRequired\":true,\"valueName\":\"search_term_string\"}}],\"inLanguage\":\"it-IT\"},{\"@type\":\"Organization\",\"@id\":\"https:\\\/\\\/k-over.com\\\/?lang=en\\\/#organization\",\"name\":\"K-OVER\",\"url\":\"https:\\\/\\\/k-over.com\\\/?lang=en\\\/\",\"logo\":{\"@type\":\"ImageObject\",\"inLanguage\":\"it-IT\",\"@id\":\"https:\\\/\\\/k-over.com\\\/?lang=en\\\/#\\\/schema\\\/logo\\\/image\\\/\",\"url\":\"https:\\\/\\\/k-over.com\\\/wp-content\\\/uploads\\\/2023\\\/09\\\/Layer-1.svg\",\"contentUrl\":\"https:\\\/\\\/k-over.com\\\/wp-content\\\/uploads\\\/2023\\\/09\\\/Layer-1.svg\",\"width\":47,\"height\":101,\"caption\":\"K-OVER\"},\"image\":{\"@id\":\"https:\\\/\\\/k-over.com\\\/?lang=en\\\/#\\\/schema\\\/logo\\\/image\\\/\"}}]}<\/script>\n<!-- \/ Yoast SEO plugin. -->","yoast_head_json":{"title":"Can Can Champagne Bottle Cover | K-OVER","description":"At K-OVER, we use the purest metals to handcraft our wine and champagne covers. Discover Can Can, our champagne bottle cover made with 999 Silver.","robots":{"index":"index","follow":"follow","max-snippet":"max-snippet:-1","max-image-preview":"max-image-preview:large","max-video-preview":"max-video-preview:-1"},"canonical":"https:\/\/k-over.com\/it\/prodotto\/can-can\/","og_locale":"it_IT","og_type":"article","og_title":"Can Can Champagne Bottle Cover | K-OVER","og_description":"At K-OVER, we use the purest metals to handcraft our wine and champagne covers. Discover Can Can, our champagne bottle cover made with 999 Silver.","og_url":"https:\/\/k-over.com\/it\/prodotto\/can-can\/","og_site_name":"K-OVER","article_modified_time":"2024-12-27T23:37:33+00:00","og_image":[{"width":997,"height":1500,"url":"https:\/\/k-over.com\/wp-content\/uploads\/2024\/04\/CanCan-cover-front-.jpg","type":"image\/jpeg"}],"twitter_card":"summary_large_image","twitter_misc":{"Tempo di lettura stimato":"1 minuto"},"schema":{"@context":"https:\/\/schema.org","@graph":[{"@type":"WebPage","@id":"https:\/\/k-over.com\/it\/prodotto\/can-can\/","url":"https:\/\/k-over.com\/it\/prodotto\/can-can\/","name":"Can Can Champagne Bottle Cover | K-OVER","isPartOf":{"@id":"https:\/\/k-over.com\/?lang=en\/#website"},"primaryImageOfPage":{"@id":"https:\/\/k-over.com\/it\/prodotto\/can-can\/#primaryimage"},"image":{"@id":"https:\/\/k-over.com\/it\/prodotto\/can-can\/#primaryimage"},"thumbnailUrl":"https:\/\/k-over.com\/wp-content\/uploads\/2025\/01\/CanCan_Front-min.jpg","datePublished":"2024-04-22T11:48:51+00:00","dateModified":"2024-12-27T23:37:33+00:00","description":"At K-OVER, we use the purest metals to handcraft our wine and champagne covers. Discover Can Can, our champagne bottle cover made with 999 Silver.","breadcrumb":{"@id":"https:\/\/k-over.com\/it\/prodotto\/can-can\/#breadcrumb"},"inLanguage":"it-IT","potentialAction":[{"@type":"ReadAction","target":["https:\/\/k-over.com\/it\/prodotto\/can-can\/"]}]},{"@type":"ImageObject","inLanguage":"it-IT","@id":"https:\/\/k-over.com\/it\/prodotto\/can-can\/#primaryimage","url":"https:\/\/k-over.com\/wp-content\/uploads\/2025\/01\/CanCan_Front-min.jpg","contentUrl":"https:\/\/k-over.com\/wp-content\/uploads\/2025\/01\/CanCan_Front-min.jpg","width":1000,"height":1500,"caption":"Can Can Champagne Bottle Cover front"},{"@type":"BreadcrumbList","@id":"https:\/\/k-over.com\/it\/prodotto\/can-can\/#breadcrumb","itemListElement":[{"@type":"ListItem","position":1,"name":"Home","item":"https:\/\/k-over.com\/it\/"},{"@type":"ListItem","position":2,"name":"Shop","item":"https:\/\/k-over.com\/it\/shop\/"},{"@type":"ListItem","position":3,"name":"Can Can"}]},{"@type":"WebSite","@id":"https:\/\/k-over.com\/?lang=en\/#website","url":"https:\/\/k-over.com\/?lang=en\/","name":"K-OVER","description":"Made in Italy","publisher":{"@id":"https:\/\/k-over.com\/?lang=en\/#organization"},"potentialAction":[{"@type":"SearchAction","target":{"@type":"EntryPoint","urlTemplate":"https:\/\/k-over.com\/?lang=en\/?s={search_term_string}"},"query-input":{"@type":"PropertyValueSpecification","valueRequired":true,"valueName":"search_term_string"}}],"inLanguage":"it-IT"},{"@type":"Organization","@id":"https:\/\/k-over.com\/?lang=en\/#organization","name":"K-OVER","url":"https:\/\/k-over.com\/?lang=en\/","logo":{"@type":"ImageObject","inLanguage":"it-IT","@id":"https:\/\/k-over.com\/?lang=en\/#\/schema\/logo\/image\/","url":"https:\/\/k-over.com\/wp-content\/uploads\/2023\/09\/Layer-1.svg","contentUrl":"https:\/\/k-over.com\/wp-content\/uploads\/2023\/09\/Layer-1.svg","width":47,"height":101,"caption":"K-OVER"},"image":{"@id":"https:\/\/k-over.com\/?lang=en\/#\/schema\/logo\/image\/"}}]}},"mfb_rest_fields":["title","yoast_head","yoast_head_json"],"_links":{"self":[{"href":"https:\/\/k-over.com\/it\/wp-json\/wp\/v2\/product\/7167","targetHints":{"allow":["GET"]}}],"collection":[{"href":"https:\/\/k-over.com\/it\/wp-json\/wp\/v2\/product"}],"about":[{"href":"https:\/\/k-over.com\/it\/wp-json\/wp\/v2\/types\/product"}],"wp:featuredmedia":[{"embeddable":true,"href":"https:\/\/k-over.com\/it\/wp-json\/wp\/v2\/media\/9832"}],"wp:attachment":[{"href":"https:\/\/k-over.com\/it\/wp-json\/wp\/v2\/media?parent=7167"}],"wp:term":[{"taxonomy":"product_brand","embeddable":true,"href":"https:\/\/k-over.com\/it\/wp-json\/wp\/v2\/product_brand?post=7167"},{"taxonomy":"product_cat","embeddable":true,"href":"https:\/\/k-over.com\/it\/wp-json\/wp\/v2\/product_cat?post=7167"},{"taxonomy":"product_tag","embeddable":true,"href":"https:\/\/k-over.com\/it\/wp-json\/wp\/v2\/product_tag?post=7167"}],"curies":[{"name":"wp","href":"https:\/\/api.w.org\/{rel}","templated":true}]}}