{"id":7365,"date":"2024-05-08T13:40:54","date_gmt":"2024-05-08T11:40:54","guid":{"rendered":"https:\/\/k-over.com\/prodotto\/villa-cimbrone\/"},"modified":"2024-12-28T00:37:34","modified_gmt":"2024-12-27T23:37:34","slug":"villa-cimbrone","status":"publish","type":"product","link":"https:\/\/k-over.com\/it\/prodotto\/villa-cimbrone\/","title":{"rendered":"Villa Cimbrone"},"content":{"rendered":"<p>Questo squisito coperchio \u00e8 stato ispirato da un vivace incontro a Dubai, dove K-OVER ha avuto il privilegio di conoscere la signora Paola Vuilleumier, proprietaria di Villa Cimbrone. Incuriosita dalla maestria di K-OVER nel realizzare coperture per bottiglie di champagne e di vino, tra le altre opere d&#8217;arte, ha commissionato una copertura per bottiglie di champagne progettata per esaltare la bellezza della sua villa a Ravello.<\/p>\n<p>Villa Cimbrone \u00e8 un&#8217;azienda a conduzione familiare dal 1960, ora gestita dalla quinta generazione della famiglia Vuilleumier. Immersa nella splendida Costiera Amalfitana, la villa \u00e8 davvero un angolo di paradiso. Risalente al 1300, la famiglia l&#8217;ha riportata al suo antico splendore come prestigioso sito storico e giardino botanico.<\/p>\n<p>L&#8217;antica cantina di Villa Cimbrone \u00e8 stata il punto d&#8217;incontro serendipico tra K-OVER e la famiglia Vuilleumier. Condividendo una profonda passione per il vino, la famiglia vanta una collezione sublime e inestimabile che gli ospiti possono assaporare in questa incantevole cornice.<\/p>\n<p>La signora Vuilleumier cercava un pezzo memorabile che le ricordasse per sempre la sua amata villa, ma desiderava qualcosa che andasse oltre un dipinto tradizionale. La signora desiderava un&#8217;opera d&#8217;arte funzionale che potesse essere utilizzata durante gli eventi esclusivi della villa, come matrimoni e feste di alto profilo.<\/p>\n<p>La copertina \u00e8 stata realizzata da Marco Fedi, utilizzando tecniche come lo sbalzo e il cesello. Realizzato in argento puro al 999%, il progetto ha richiesto oltre un mese di lavoro. La villa \u00e8 splendidamente raffigurata in argento lucido, mentre il resto della copertina vanta una finitura a diamante. La signora Vuilleumier ha seguito da vicino i progressi, fornendo solo una fotografia come riferimento, ed \u00e8 rimasta entusiasta del risultato.<\/p>\n<p>Oggi il K-OVER campeggia con orgoglio all&#8217;ingresso principale di Villa Cimbrone, attirando la curiosit\u00e0 e l&#8217;ammirazione di molti ospiti. Vista la sua popolarit\u00e0, Marco Fedi sta creando una nuova copertina per una coppia che presto celebrer\u00e0 il proprio matrimonio nella villa. Questo pezzo, come il precedente, promette di essere un&#8217;altra splendida testimonianza della maestria di K-OVER e dell&#8217;eleganza senza tempo di Villa Cimbrone.<\/p>\n<p><strong>Technical features<\/strong><\/p>\n<p>K-OVER \u00e8 un marchio di P.M.P Firenze, un\u2019azienda con oltre 40 anni di esperienza nel settore dell\u2019argenteria. Le nostre coperture mantengono le vostre preziose bottiglie di champagne fresche fino a 2 ore.<\/p>\n<p>K-OVER \u00e8 riutilizzabile, svitando il tappo in basso, \u00e8 possibile cambiare facilmente la bottiglia. Ogni copertura per champagne \u00e8 unica ed \u00e8 stata esposta in eventi artistici e culturali o lanci privati di lusso. I K-OVER sono compatibili con bottiglie di champagne come Moet Et Chandon, Veuve Clicquot, Cristal, Pol Roger, Piper, Perrier Jouet, Taittinger, Mumm, Ferrari e Berlucchi.<\/p>\n<p>Tutte le nostre coperture per champagne e vino sono realizzate in argento massiccio 999\/\u00b0\u00b0, a differenza dell\u2019uso tipico dell\u2019argento sterling nell\u2019argenteria. Questa scelta unica \u00e8 guidata da tre ragioni convincenti, vogliamo fornire ai nostri clienti un prodotto di alto valore e unico. La resistenza dell\u2019argento puro all\u2019ossidazione lo rende pi\u00f9 facile da pulire e lucidare. In ultimo, le propriet\u00e0 antibatteriche dell\u2019argento ne assicurano l\u2019uso sicuro con alimenti e bevande.<\/p>\n<p>&nbsp;<\/p>\n","protected":false},"excerpt":{"rendered":"<p><strong>Typologia<br \/>\n<\/strong>Champagne cover<\/p>\n<p><strong>Materiale<br \/>\n<\/strong>Argento Massiccio 999\/\u00b0\u00b0<\/p>\n<p><strong>Dimensioni<\/strong><br \/>\nDiametro 10,5 cm<\/p>\n<p><strong>Peso<\/strong><br \/>\n650 g<\/p>\n<p><strong>Altezza<\/strong><br \/>\n25,5 cm<\/p>\n<p><strong>2023, Italia<\/strong><\/p>\n","protected":false},"featured_media":9912,"template":"","meta":{"_acf_changed":false,"_crdt_document":"","inline_featured_image":false},"product_brand":[],"product_cat":[314],"product_tag":[],"class_list":{"0":"post-7365","1":"product","2":"type-product","3":"status-publish","4":"has-post-thumbnail","6":"product_cat-su-misura","8":"first","9":"instock","10":"taxable","11":"shipping-taxable","12":"product-type-simple"},"acf":[],"mb":[],"yoast_head":"<!-- This site is optimized with the Yoast SEO plugin v27.3 - https:\/\/yoast.com\/product\/yoast-seo-wordpress\/ -->\n<title>Villa Cimbrone Champagne Bottle Cover | K-OVER<\/title>\n<meta name=\"description\" content=\"At K-OVER, we use the purest metals to handcraft our wine and champagne covers. Discover Villa Cimbrone, our champagne bottle cover made with 999 Silver.\" \/>\n<meta name=\"robots\" content=\"index, follow, max-snippet:-1, max-image-preview:large, max-video-preview:-1\" \/>\n<link rel=\"canonical\" href=\"https:\/\/k-over.com\/it\/prodotto\/villa-cimbrone\/\" \/>\n<meta property=\"og:locale\" content=\"it_IT\" \/>\n<meta property=\"og:type\" content=\"article\" \/>\n<meta property=\"og:title\" content=\"Villa Cimbrone Champagne Bottle Cover | K-OVER\" \/>\n<meta property=\"og:description\" content=\"At K-OVER, we use the purest metals to handcraft our wine and champagne covers. Discover Villa Cimbrone, our champagne bottle cover made with 999 Silver.\" \/>\n<meta property=\"og:url\" content=\"https:\/\/k-over.com\/it\/prodotto\/villa-cimbrone\/\" \/>\n<meta property=\"og:site_name\" content=\"K-OVER\" \/>\n<meta property=\"article:modified_time\" content=\"2024-12-27T23:37:34+00:00\" \/>\n<meta property=\"og:image\" content=\"https:\/\/k-over.com\/wp-content\/uploads\/2024\/05\/Villa-Cimbrone-min-scaled.jpg\" \/>\n\t<meta property=\"og:image:width\" content=\"1707\" \/>\n\t<meta property=\"og:image:height\" content=\"2560\" \/>\n\t<meta property=\"og:image:type\" content=\"image\/jpeg\" \/>\n<meta name=\"twitter:card\" content=\"summary_large_image\" \/>\n<meta name=\"twitter:label1\" content=\"Tempo di lettura stimato\" \/>\n\t<meta name=\"twitter:data1\" content=\"3 minuti\" \/>\n<script type=\"application\/ld+json\" class=\"yoast-schema-graph\">{\"@context\":\"https:\\\/\\\/schema.org\",\"@graph\":[{\"@type\":\"WebPage\",\"@id\":\"https:\\\/\\\/k-over.com\\\/it\\\/prodotto\\\/villa-cimbrone\\\/\",\"url\":\"https:\\\/\\\/k-over.com\\\/it\\\/prodotto\\\/villa-cimbrone\\\/\",\"name\":\"Villa Cimbrone Champagne Bottle Cover | K-OVER\",\"isPartOf\":{\"@id\":\"https:\\\/\\\/k-over.com\\\/?lang=en\\\/#website\"},\"primaryImageOfPage\":{\"@id\":\"https:\\\/\\\/k-over.com\\\/it\\\/prodotto\\\/villa-cimbrone\\\/#primaryimage\"},\"image\":{\"@id\":\"https:\\\/\\\/k-over.com\\\/it\\\/prodotto\\\/villa-cimbrone\\\/#primaryimage\"},\"thumbnailUrl\":\"https:\\\/\\\/k-over.com\\\/wp-content\\\/uploads\\\/2025\\\/01\\\/Villa-Cimbrone-min-scaled-1.jpg\",\"datePublished\":\"2024-05-08T11:40:54+00:00\",\"dateModified\":\"2024-12-27T23:37:34+00:00\",\"description\":\"At K-OVER, we use the purest metals to handcraft our wine and champagne covers. Discover Villa Cimbrone, our champagne bottle cover made with 999 Silver.\",\"breadcrumb\":{\"@id\":\"https:\\\/\\\/k-over.com\\\/it\\\/prodotto\\\/villa-cimbrone\\\/#breadcrumb\"},\"inLanguage\":\"it-IT\",\"potentialAction\":[{\"@type\":\"ReadAction\",\"target\":[\"https:\\\/\\\/k-over.com\\\/it\\\/prodotto\\\/villa-cimbrone\\\/\"]}]},{\"@type\":\"ImageObject\",\"inLanguage\":\"it-IT\",\"@id\":\"https:\\\/\\\/k-over.com\\\/it\\\/prodotto\\\/villa-cimbrone\\\/#primaryimage\",\"url\":\"https:\\\/\\\/k-over.com\\\/wp-content\\\/uploads\\\/2025\\\/01\\\/Villa-Cimbrone-min-scaled-1.jpg\",\"contentUrl\":\"https:\\\/\\\/k-over.com\\\/wp-content\\\/uploads\\\/2025\\\/01\\\/Villa-Cimbrone-min-scaled-1.jpg\",\"width\":1707,\"height\":2560,\"caption\":\"Cimbrone Villa Champagne Bottle Cover with champagne glass\"},{\"@type\":\"BreadcrumbList\",\"@id\":\"https:\\\/\\\/k-over.com\\\/it\\\/prodotto\\\/villa-cimbrone\\\/#breadcrumb\",\"itemListElement\":[{\"@type\":\"ListItem\",\"position\":1,\"name\":\"Home\",\"item\":\"https:\\\/\\\/k-over.com\\\/it\\\/\"},{\"@type\":\"ListItem\",\"position\":2,\"name\":\"Shop\",\"item\":\"https:\\\/\\\/k-over.com\\\/it\\\/shop\\\/\"},{\"@type\":\"ListItem\",\"position\":3,\"name\":\"Villa Cimbrone\"}]},{\"@type\":\"WebSite\",\"@id\":\"https:\\\/\\\/k-over.com\\\/?lang=en\\\/#website\",\"url\":\"https:\\\/\\\/k-over.com\\\/?lang=en\\\/\",\"name\":\"K-OVER\",\"description\":\"Made in Italy\",\"publisher\":{\"@id\":\"https:\\\/\\\/k-over.com\\\/?lang=en\\\/#organization\"},\"potentialAction\":[{\"@type\":\"SearchAction\",\"target\":{\"@type\":\"EntryPoint\",\"urlTemplate\":\"https:\\\/\\\/k-over.com\\\/?lang=en\\\/?s={search_term_string}\"},\"query-input\":{\"@type\":\"PropertyValueSpecification\",\"valueRequired\":true,\"valueName\":\"search_term_string\"}}],\"inLanguage\":\"it-IT\"},{\"@type\":\"Organization\",\"@id\":\"https:\\\/\\\/k-over.com\\\/?lang=en\\\/#organization\",\"name\":\"K-OVER\",\"url\":\"https:\\\/\\\/k-over.com\\\/?lang=en\\\/\",\"logo\":{\"@type\":\"ImageObject\",\"inLanguage\":\"it-IT\",\"@id\":\"https:\\\/\\\/k-over.com\\\/?lang=en\\\/#\\\/schema\\\/logo\\\/image\\\/\",\"url\":\"https:\\\/\\\/k-over.com\\\/wp-content\\\/uploads\\\/2023\\\/09\\\/Layer-1.svg\",\"contentUrl\":\"https:\\\/\\\/k-over.com\\\/wp-content\\\/uploads\\\/2023\\\/09\\\/Layer-1.svg\",\"width\":47,\"height\":101,\"caption\":\"K-OVER\"},\"image\":{\"@id\":\"https:\\\/\\\/k-over.com\\\/?lang=en\\\/#\\\/schema\\\/logo\\\/image\\\/\"}}]}<\/script>\n<!-- \/ Yoast SEO plugin. -->","yoast_head_json":{"title":"Villa Cimbrone Champagne Bottle Cover | K-OVER","description":"At K-OVER, we use the purest metals to handcraft our wine and champagne covers. Discover Villa Cimbrone, our champagne bottle cover made with 999 Silver.","robots":{"index":"index","follow":"follow","max-snippet":"max-snippet:-1","max-image-preview":"max-image-preview:large","max-video-preview":"max-video-preview:-1"},"canonical":"https:\/\/k-over.com\/it\/prodotto\/villa-cimbrone\/","og_locale":"it_IT","og_type":"article","og_title":"Villa Cimbrone Champagne Bottle Cover | K-OVER","og_description":"At K-OVER, we use the purest metals to handcraft our wine and champagne covers. Discover Villa Cimbrone, our champagne bottle cover made with 999 Silver.","og_url":"https:\/\/k-over.com\/it\/prodotto\/villa-cimbrone\/","og_site_name":"K-OVER","article_modified_time":"2024-12-27T23:37:34+00:00","og_image":[{"width":1707,"height":2560,"url":"https:\/\/k-over.com\/wp-content\/uploads\/2024\/05\/Villa-Cimbrone-min-scaled.jpg","type":"image\/jpeg"}],"twitter_card":"summary_large_image","twitter_misc":{"Tempo di lettura stimato":"3 minuti"},"schema":{"@context":"https:\/\/schema.org","@graph":[{"@type":"WebPage","@id":"https:\/\/k-over.com\/it\/prodotto\/villa-cimbrone\/","url":"https:\/\/k-over.com\/it\/prodotto\/villa-cimbrone\/","name":"Villa Cimbrone Champagne Bottle Cover | K-OVER","isPartOf":{"@id":"https:\/\/k-over.com\/?lang=en\/#website"},"primaryImageOfPage":{"@id":"https:\/\/k-over.com\/it\/prodotto\/villa-cimbrone\/#primaryimage"},"image":{"@id":"https:\/\/k-over.com\/it\/prodotto\/villa-cimbrone\/#primaryimage"},"thumbnailUrl":"https:\/\/k-over.com\/wp-content\/uploads\/2025\/01\/Villa-Cimbrone-min-scaled-1.jpg","datePublished":"2024-05-08T11:40:54+00:00","dateModified":"2024-12-27T23:37:34+00:00","description":"At K-OVER, we use the purest metals to handcraft our wine and champagne covers. Discover Villa Cimbrone, our champagne bottle cover made with 999 Silver.","breadcrumb":{"@id":"https:\/\/k-over.com\/it\/prodotto\/villa-cimbrone\/#breadcrumb"},"inLanguage":"it-IT","potentialAction":[{"@type":"ReadAction","target":["https:\/\/k-over.com\/it\/prodotto\/villa-cimbrone\/"]}]},{"@type":"ImageObject","inLanguage":"it-IT","@id":"https:\/\/k-over.com\/it\/prodotto\/villa-cimbrone\/#primaryimage","url":"https:\/\/k-over.com\/wp-content\/uploads\/2025\/01\/Villa-Cimbrone-min-scaled-1.jpg","contentUrl":"https:\/\/k-over.com\/wp-content\/uploads\/2025\/01\/Villa-Cimbrone-min-scaled-1.jpg","width":1707,"height":2560,"caption":"Cimbrone Villa Champagne Bottle Cover with champagne glass"},{"@type":"BreadcrumbList","@id":"https:\/\/k-over.com\/it\/prodotto\/villa-cimbrone\/#breadcrumb","itemListElement":[{"@type":"ListItem","position":1,"name":"Home","item":"https:\/\/k-over.com\/it\/"},{"@type":"ListItem","position":2,"name":"Shop","item":"https:\/\/k-over.com\/it\/shop\/"},{"@type":"ListItem","position":3,"name":"Villa Cimbrone"}]},{"@type":"WebSite","@id":"https:\/\/k-over.com\/?lang=en\/#website","url":"https:\/\/k-over.com\/?lang=en\/","name":"K-OVER","description":"Made in Italy","publisher":{"@id":"https:\/\/k-over.com\/?lang=en\/#organization"},"potentialAction":[{"@type":"SearchAction","target":{"@type":"EntryPoint","urlTemplate":"https:\/\/k-over.com\/?lang=en\/?s={search_term_string}"},"query-input":{"@type":"PropertyValueSpecification","valueRequired":true,"valueName":"search_term_string"}}],"inLanguage":"it-IT"},{"@type":"Organization","@id":"https:\/\/k-over.com\/?lang=en\/#organization","name":"K-OVER","url":"https:\/\/k-over.com\/?lang=en\/","logo":{"@type":"ImageObject","inLanguage":"it-IT","@id":"https:\/\/k-over.com\/?lang=en\/#\/schema\/logo\/image\/","url":"https:\/\/k-over.com\/wp-content\/uploads\/2023\/09\/Layer-1.svg","contentUrl":"https:\/\/k-over.com\/wp-content\/uploads\/2023\/09\/Layer-1.svg","width":47,"height":101,"caption":"K-OVER"},"image":{"@id":"https:\/\/k-over.com\/?lang=en\/#\/schema\/logo\/image\/"}}]}},"mfb_rest_fields":["title","yoast_head","yoast_head_json"],"_links":{"self":[{"href":"https:\/\/k-over.com\/it\/wp-json\/wp\/v2\/product\/7365","targetHints":{"allow":["GET"]}}],"collection":[{"href":"https:\/\/k-over.com\/it\/wp-json\/wp\/v2\/product"}],"about":[{"href":"https:\/\/k-over.com\/it\/wp-json\/wp\/v2\/types\/product"}],"wp:featuredmedia":[{"embeddable":true,"href":"https:\/\/k-over.com\/it\/wp-json\/wp\/v2\/media\/9912"}],"wp:attachment":[{"href":"https:\/\/k-over.com\/it\/wp-json\/wp\/v2\/media?parent=7365"}],"wp:term":[{"taxonomy":"product_brand","embeddable":true,"href":"https:\/\/k-over.com\/it\/wp-json\/wp\/v2\/product_brand?post=7365"},{"taxonomy":"product_cat","embeddable":true,"href":"https:\/\/k-over.com\/it\/wp-json\/wp\/v2\/product_cat?post=7365"},{"taxonomy":"product_tag","embeddable":true,"href":"https:\/\/k-over.com\/it\/wp-json\/wp\/v2\/product_tag?post=7365"}],"curies":[{"name":"wp","href":"https:\/\/api.w.org\/{rel}","templated":true}]}}