{"id":7387,"date":"2024-05-09T15:59:06","date_gmt":"2024-05-09T13:59:06","guid":{"rendered":"https:\/\/k-over.com\/prodotto\/soggy\/"},"modified":"2024-12-28T00:37:34","modified_gmt":"2024-12-27T23:37:34","slug":"soggy","status":"publish","type":"product","link":"https:\/\/k-over.com\/it\/prodotto\/soggy\/","title":{"rendered":"Soggy"},"content":{"rendered":"<p>In K-OVER, ogni richiesta del cliente \u00e8 intesa come un&#8217;idea sentita e ci dedichiamo a ricrearla con la massima precisione, rendendo ogni dettaglio una testimonianza della sua origine. Ecco perch\u00e9 la richiesta del signor Nigel \u00e8 stata una delle pi\u00f9 commoventi che abbiamo mai ricevuto.<\/p>\n<p>Il signor Nigel, inglese residente nella splendida Costa Azzurra in Francia, ha trasformato la sua passione per il vino in uno stile di vita, possedendo e gestendo un&#8217;azienda vinicola. Si \u00e8 rivolto a noi con una domanda toccante: &#8220;Come potete catturare le due cose pi\u00f9 importanti della mia vita &#8211; il mio amato cane Soggy e il vino &#8211; in un pezzo unico?&#8221;. La risposta di K-OVER \u00e8 stata chiara e rifletteva ci\u00f2 che sappiamo fare meglio: creare squisiti copribottiglie per champagne.<\/p>\n<p>Il K-OVER \u00e8 stato meticolosamente realizzato da Marco Fedi in argento puro 999, utilizzando tecniche come la goffratura, la cesellatura e l&#8217;incisione. Il maestro argentiere si \u00e8 basato esclusivamente sull&#8217;immagine di Soggy per disegnare la parte anteriore del coperchio, che presenta una finitura lucida che ritrae l&#8217;immagine del cane, mentre il resto del coperchio vanta una sofisticata finitura a diamante. Inoltre, Marco ha inciso il nome &#8220;Soggy&#8221; sotto l&#8217;immagine del cane.<\/p>\n<p>Oggi il signor Nigel mostra con orgoglio il suo K-OVER a casa. \u00c8 diventato un punto focale di discussioni e incontri, dove champagne e vino sono sempre parte integrante della conversazione. Questo pezzo non solo immortala le passioni del signor Nigel, ma esalta anche lo spirito celebrativo della sua casa.<\/p>\n<p><strong>Technical Features\u00a0<\/strong><\/p>\n<p>K-OVER \u00e8 un marchio di P.M.P Firenze, un\u2019azienda con oltre 40 anni di esperienza nel settore dell\u2019argenteria. Le nostre coperture mantengono le vostre preziose bottiglie di champagne fresche fino a 2 ore.<\/p>\n<p>K-OVER \u00e8 riutilizzabile, svitando il tappo in basso, \u00e8 possibile cambiare facilmente la bottiglia. Ogni copertura per champagne \u00e8 unica ed \u00e8 stata esposta in eventi artistici e culturali o lanci privati di lusso. I K-OVER sono compatibili con bottiglie di champagne come Moet Et Chandon, Veuve Clicquot, Cristal, Pol Roger, Piper, Perrier Jouet, Taittinger, Mumm, Ferrari e Berlucchi.<\/p>\n<p>Tutte le nostre coperture per champagne e vino sono realizzate in argento massiccio 999\/\u00b0\u00b0, a differenza dell\u2019uso tipico dell\u2019argento sterling nell\u2019argenteria. Questa scelta unica \u00e8 guidata da tre ragioni convincenti, vogliamo fornire ai nostri clienti un prodotto di alto valore e unico. La resistenza dell\u2019argento puro all\u2019ossidazione lo rende pi\u00f9 facile da pulire e lucidare. In ultimo, le propriet\u00e0 antibatteriche dell\u2019argento ne assicurano l\u2019uso sicuro con alimenti e bevande.<\/p>\n","protected":false},"excerpt":{"rendered":"<p><strong>Prezzo su richiesta <\/strong><\/p>\n<p><strong>Typologia<br \/>\n<\/strong>Champagne cover<\/p>\n<p><strong>Materiale<br \/>\n<\/strong>Argento Massiccio 999\/\u00b0\u00b0<\/p>\n<p><strong>Dimensioni<\/strong><br \/>\nDiametro 10,5 cm<\/p>\n<p><strong>Peso<\/strong><br \/>\n650 g<\/p>\n<p><strong>Altezza<\/strong><br \/>\n25,5 cm<\/p>\n<p><strong>2023, Italia<\/strong><\/p>\n","protected":false},"featured_media":9924,"template":"","meta":{"_acf_changed":false,"_crdt_document":"","inline_featured_image":false},"product_brand":[],"product_cat":[314],"product_tag":[],"class_list":{"0":"post-7387","1":"product","2":"type-product","3":"status-publish","4":"has-post-thumbnail","6":"product_cat-su-misura","8":"first","9":"instock","10":"taxable","11":"shipping-taxable","12":"product-type-simple"},"acf":[],"mb":[],"yoast_head":"<!-- This site is optimized with the Yoast SEO plugin v27.3 - https:\/\/yoast.com\/product\/yoast-seo-wordpress\/ -->\n<title>Soggy Champagne Bottle Cover | K-OVER<\/title>\n<meta name=\"description\" content=\"At K-OVER, we use the purest metals to handcraft our wine and champagne covers. Discover Soggy our champagne bottle cover made with 999 Silver.\" \/>\n<meta name=\"robots\" content=\"index, follow, max-snippet:-1, max-image-preview:large, max-video-preview:-1\" \/>\n<link rel=\"canonical\" href=\"https:\/\/k-over.com\/it\/prodotto\/soggy\/\" \/>\n<meta property=\"og:locale\" content=\"it_IT\" \/>\n<meta property=\"og:type\" content=\"article\" \/>\n<meta property=\"og:title\" content=\"Soggy Champagne Bottle Cover | K-OVER\" \/>\n<meta property=\"og:description\" content=\"At K-OVER, we use the purest metals to handcraft our wine and champagne covers. Discover Soggy our champagne bottle cover made with 999 Silver.\" \/>\n<meta property=\"og:url\" content=\"https:\/\/k-over.com\/it\/prodotto\/soggy\/\" \/>\n<meta property=\"og:site_name\" content=\"K-OVER\" \/>\n<meta property=\"article:modified_time\" content=\"2024-12-27T23:37:34+00:00\" \/>\n<meta property=\"og:image\" content=\"https:\/\/k-over.com\/wp-content\/uploads\/2024\/05\/Soggy-5-min-scaled.jpg\" \/>\n\t<meta property=\"og:image:width\" content=\"1384\" \/>\n\t<meta property=\"og:image:height\" content=\"2560\" \/>\n\t<meta property=\"og:image:type\" content=\"image\/jpeg\" \/>\n<meta name=\"twitter:card\" content=\"summary_large_image\" \/>\n<meta name=\"twitter:label1\" content=\"Tempo di lettura stimato\" \/>\n\t<meta name=\"twitter:data1\" content=\"2 minuti\" \/>\n<script type=\"application\/ld+json\" class=\"yoast-schema-graph\">{\"@context\":\"https:\\\/\\\/schema.org\",\"@graph\":[{\"@type\":\"WebPage\",\"@id\":\"https:\\\/\\\/k-over.com\\\/it\\\/prodotto\\\/soggy\\\/\",\"url\":\"https:\\\/\\\/k-over.com\\\/it\\\/prodotto\\\/soggy\\\/\",\"name\":\"Soggy Champagne Bottle Cover | K-OVER\",\"isPartOf\":{\"@id\":\"https:\\\/\\\/k-over.com\\\/?lang=en\\\/#website\"},\"primaryImageOfPage\":{\"@id\":\"https:\\\/\\\/k-over.com\\\/it\\\/prodotto\\\/soggy\\\/#primaryimage\"},\"image\":{\"@id\":\"https:\\\/\\\/k-over.com\\\/it\\\/prodotto\\\/soggy\\\/#primaryimage\"},\"thumbnailUrl\":\"https:\\\/\\\/k-over.com\\\/wp-content\\\/uploads\\\/2025\\\/01\\\/Soggy-5-min-scaled-1.jpg\",\"datePublished\":\"2024-05-09T13:59:06+00:00\",\"dateModified\":\"2024-12-27T23:37:34+00:00\",\"description\":\"At K-OVER, we use the purest metals to handcraft our wine and champagne covers. Discover Soggy our champagne bottle cover made with 999 Silver.\",\"breadcrumb\":{\"@id\":\"https:\\\/\\\/k-over.com\\\/it\\\/prodotto\\\/soggy\\\/#breadcrumb\"},\"inLanguage\":\"it-IT\",\"potentialAction\":[{\"@type\":\"ReadAction\",\"target\":[\"https:\\\/\\\/k-over.com\\\/it\\\/prodotto\\\/soggy\\\/\"]}]},{\"@type\":\"ImageObject\",\"inLanguage\":\"it-IT\",\"@id\":\"https:\\\/\\\/k-over.com\\\/it\\\/prodotto\\\/soggy\\\/#primaryimage\",\"url\":\"https:\\\/\\\/k-over.com\\\/wp-content\\\/uploads\\\/2025\\\/01\\\/Soggy-5-min-scaled-1.jpg\",\"contentUrl\":\"https:\\\/\\\/k-over.com\\\/wp-content\\\/uploads\\\/2025\\\/01\\\/Soggy-5-min-scaled-1.jpg\",\"width\":1384,\"height\":2560,\"caption\":\"Soggy Champagne Bottle Cover detail of craftsmanship\"},{\"@type\":\"BreadcrumbList\",\"@id\":\"https:\\\/\\\/k-over.com\\\/it\\\/prodotto\\\/soggy\\\/#breadcrumb\",\"itemListElement\":[{\"@type\":\"ListItem\",\"position\":1,\"name\":\"Home\",\"item\":\"https:\\\/\\\/k-over.com\\\/it\\\/\"},{\"@type\":\"ListItem\",\"position\":2,\"name\":\"Shop\",\"item\":\"https:\\\/\\\/k-over.com\\\/it\\\/shop\\\/\"},{\"@type\":\"ListItem\",\"position\":3,\"name\":\"Soggy\"}]},{\"@type\":\"WebSite\",\"@id\":\"https:\\\/\\\/k-over.com\\\/?lang=en\\\/#website\",\"url\":\"https:\\\/\\\/k-over.com\\\/?lang=en\\\/\",\"name\":\"K-OVER\",\"description\":\"Made in Italy\",\"publisher\":{\"@id\":\"https:\\\/\\\/k-over.com\\\/?lang=en\\\/#organization\"},\"potentialAction\":[{\"@type\":\"SearchAction\",\"target\":{\"@type\":\"EntryPoint\",\"urlTemplate\":\"https:\\\/\\\/k-over.com\\\/?lang=en\\\/?s={search_term_string}\"},\"query-input\":{\"@type\":\"PropertyValueSpecification\",\"valueRequired\":true,\"valueName\":\"search_term_string\"}}],\"inLanguage\":\"it-IT\"},{\"@type\":\"Organization\",\"@id\":\"https:\\\/\\\/k-over.com\\\/?lang=en\\\/#organization\",\"name\":\"K-OVER\",\"url\":\"https:\\\/\\\/k-over.com\\\/?lang=en\\\/\",\"logo\":{\"@type\":\"ImageObject\",\"inLanguage\":\"it-IT\",\"@id\":\"https:\\\/\\\/k-over.com\\\/?lang=en\\\/#\\\/schema\\\/logo\\\/image\\\/\",\"url\":\"https:\\\/\\\/k-over.com\\\/wp-content\\\/uploads\\\/2023\\\/09\\\/Layer-1.svg\",\"contentUrl\":\"https:\\\/\\\/k-over.com\\\/wp-content\\\/uploads\\\/2023\\\/09\\\/Layer-1.svg\",\"width\":47,\"height\":101,\"caption\":\"K-OVER\"},\"image\":{\"@id\":\"https:\\\/\\\/k-over.com\\\/?lang=en\\\/#\\\/schema\\\/logo\\\/image\\\/\"}}]}<\/script>\n<!-- \/ Yoast SEO plugin. -->","yoast_head_json":{"title":"Soggy Champagne Bottle Cover | K-OVER","description":"At K-OVER, we use the purest metals to handcraft our wine and champagne covers. Discover Soggy our champagne bottle cover made with 999 Silver.","robots":{"index":"index","follow":"follow","max-snippet":"max-snippet:-1","max-image-preview":"max-image-preview:large","max-video-preview":"max-video-preview:-1"},"canonical":"https:\/\/k-over.com\/it\/prodotto\/soggy\/","og_locale":"it_IT","og_type":"article","og_title":"Soggy Champagne Bottle Cover | K-OVER","og_description":"At K-OVER, we use the purest metals to handcraft our wine and champagne covers. Discover Soggy our champagne bottle cover made with 999 Silver.","og_url":"https:\/\/k-over.com\/it\/prodotto\/soggy\/","og_site_name":"K-OVER","article_modified_time":"2024-12-27T23:37:34+00:00","og_image":[{"width":1384,"height":2560,"url":"https:\/\/k-over.com\/wp-content\/uploads\/2024\/05\/Soggy-5-min-scaled.jpg","type":"image\/jpeg"}],"twitter_card":"summary_large_image","twitter_misc":{"Tempo di lettura stimato":"2 minuti"},"schema":{"@context":"https:\/\/schema.org","@graph":[{"@type":"WebPage","@id":"https:\/\/k-over.com\/it\/prodotto\/soggy\/","url":"https:\/\/k-over.com\/it\/prodotto\/soggy\/","name":"Soggy Champagne Bottle Cover | K-OVER","isPartOf":{"@id":"https:\/\/k-over.com\/?lang=en\/#website"},"primaryImageOfPage":{"@id":"https:\/\/k-over.com\/it\/prodotto\/soggy\/#primaryimage"},"image":{"@id":"https:\/\/k-over.com\/it\/prodotto\/soggy\/#primaryimage"},"thumbnailUrl":"https:\/\/k-over.com\/wp-content\/uploads\/2025\/01\/Soggy-5-min-scaled-1.jpg","datePublished":"2024-05-09T13:59:06+00:00","dateModified":"2024-12-27T23:37:34+00:00","description":"At K-OVER, we use the purest metals to handcraft our wine and champagne covers. Discover Soggy our champagne bottle cover made with 999 Silver.","breadcrumb":{"@id":"https:\/\/k-over.com\/it\/prodotto\/soggy\/#breadcrumb"},"inLanguage":"it-IT","potentialAction":[{"@type":"ReadAction","target":["https:\/\/k-over.com\/it\/prodotto\/soggy\/"]}]},{"@type":"ImageObject","inLanguage":"it-IT","@id":"https:\/\/k-over.com\/it\/prodotto\/soggy\/#primaryimage","url":"https:\/\/k-over.com\/wp-content\/uploads\/2025\/01\/Soggy-5-min-scaled-1.jpg","contentUrl":"https:\/\/k-over.com\/wp-content\/uploads\/2025\/01\/Soggy-5-min-scaled-1.jpg","width":1384,"height":2560,"caption":"Soggy Champagne Bottle Cover detail of craftsmanship"},{"@type":"BreadcrumbList","@id":"https:\/\/k-over.com\/it\/prodotto\/soggy\/#breadcrumb","itemListElement":[{"@type":"ListItem","position":1,"name":"Home","item":"https:\/\/k-over.com\/it\/"},{"@type":"ListItem","position":2,"name":"Shop","item":"https:\/\/k-over.com\/it\/shop\/"},{"@type":"ListItem","position":3,"name":"Soggy"}]},{"@type":"WebSite","@id":"https:\/\/k-over.com\/?lang=en\/#website","url":"https:\/\/k-over.com\/?lang=en\/","name":"K-OVER","description":"Made in Italy","publisher":{"@id":"https:\/\/k-over.com\/?lang=en\/#organization"},"potentialAction":[{"@type":"SearchAction","target":{"@type":"EntryPoint","urlTemplate":"https:\/\/k-over.com\/?lang=en\/?s={search_term_string}"},"query-input":{"@type":"PropertyValueSpecification","valueRequired":true,"valueName":"search_term_string"}}],"inLanguage":"it-IT"},{"@type":"Organization","@id":"https:\/\/k-over.com\/?lang=en\/#organization","name":"K-OVER","url":"https:\/\/k-over.com\/?lang=en\/","logo":{"@type":"ImageObject","inLanguage":"it-IT","@id":"https:\/\/k-over.com\/?lang=en\/#\/schema\/logo\/image\/","url":"https:\/\/k-over.com\/wp-content\/uploads\/2023\/09\/Layer-1.svg","contentUrl":"https:\/\/k-over.com\/wp-content\/uploads\/2023\/09\/Layer-1.svg","width":47,"height":101,"caption":"K-OVER"},"image":{"@id":"https:\/\/k-over.com\/?lang=en\/#\/schema\/logo\/image\/"}}]}},"mfb_rest_fields":["title","yoast_head","yoast_head_json"],"_links":{"self":[{"href":"https:\/\/k-over.com\/it\/wp-json\/wp\/v2\/product\/7387","targetHints":{"allow":["GET"]}}],"collection":[{"href":"https:\/\/k-over.com\/it\/wp-json\/wp\/v2\/product"}],"about":[{"href":"https:\/\/k-over.com\/it\/wp-json\/wp\/v2\/types\/product"}],"wp:featuredmedia":[{"embeddable":true,"href":"https:\/\/k-over.com\/it\/wp-json\/wp\/v2\/media\/9924"}],"wp:attachment":[{"href":"https:\/\/k-over.com\/it\/wp-json\/wp\/v2\/media?parent=7387"}],"wp:term":[{"taxonomy":"product_brand","embeddable":true,"href":"https:\/\/k-over.com\/it\/wp-json\/wp\/v2\/product_brand?post=7387"},{"taxonomy":"product_cat","embeddable":true,"href":"https:\/\/k-over.com\/it\/wp-json\/wp\/v2\/product_cat?post=7387"},{"taxonomy":"product_tag","embeddable":true,"href":"https:\/\/k-over.com\/it\/wp-json\/wp\/v2\/product_tag?post=7387"}],"curies":[{"name":"wp","href":"https:\/\/api.w.org\/{rel}","templated":true}]}}