{"id":7414,"date":"2024-05-13T18:41:40","date_gmt":"2024-05-13T16:41:40","guid":{"rendered":"https:\/\/k-over.com\/prodotto\/gallo-nero\/"},"modified":"2024-12-28T00:37:35","modified_gmt":"2024-12-27T23:37:35","slug":"gallo-nero","status":"publish","type":"product","link":"https:\/\/k-over.com\/it\/prodotto\/gallo-nero\/","title":{"rendered":"Gallo Nero"},"content":{"rendered":"<p>Originariamente conosciuto semplicemente come Consorzio, questo gruppo \u00e8 stato costituito nel 1994 con l&#8217;obiettivo primario di salvaguardare il vino della zona del Chianti e preservare le sue origini territoriali. In seguito \u00e8 stato denominato <a href=\"https:\/\/www.chianticlassico.com\/\">Consorzio Vino Chianti Classico<\/a> per definire chiaramente i vini prodotti all&#8217;interno dei confini storici stabiliti da Cosimo III nel 1716.<\/p>\n<p>Quando il Consorzio si \u00e8 avvicinato al suo 100\u00b0 anniversario, \u00e8 stata organizzata una grande celebrazione presso l&#8217;illustre <a href=\"https:\/\/www.stazione-leopolda.com\/it\/\">Stazione Leopolda<\/a> di Firenze. L&#8217;evento ha riunito oltre 200 produttori di vino per una fiera che non solo ha celebrato il secolo passato, ma ha anche guardato al futuro del Chianti Classico. Per commemorare questa pietra miliare, il Consorzio si \u00e8 rivolto a K-OVER per realizzare un premio speciale per un concorso tenutosi durante l&#8217;evento: una copertura per bottiglie di vino unica.<\/p>\n<p>Il nostro compito era quello di racchiudere l&#8217;essenza del Consorzio Vino Chianti Classico in un&#8217;unica immagine: il Gallo Nero, emblema del Chianti fin dalla sua prima apparizione in un documento ufficiale nel 1398.Questo simbolo, che nel corso dei secoli ha rappresentato l&#8217;autenticit\u00e0 e l&#8217;origine dei vini del Chianti, \u00e8 stato scelto dal Consorzio come profondo segno di identit\u00e0.<\/p>\n<p>Realizzato dall&#8217;abile artigiano Marco Fedi, il coperchio della bottiglia \u00e8 stato realizzato in argento puro al 999%.La sfida consisteva nell&#8217;intricato lavoro di cesello necessario per raffigurare le piccole dimensioni del gallo, un compito che richiedeva una precisione eccezionale. Il pezzo finale \u00e8 stato reso con una finitura lucida e diamantata, che riflette il lusso e il significato storico del Gallo Nero all&#8217;interno della pi\u00f9 ampia narrazione della ricca tradizione vinicola del Chianti.<\/p>\n<p style=\"text-align: center;\"><em><span style=\"font-weight: 300;\">&#8220;Un Gallo Nero in campo viene scelto como simbolo dalla lega del Chianti&#8221;<\/span><\/em><\/p>\n<p><strong>Technical Features\u00a0<\/strong><\/p>\n<p>K-OVER \u00e8 un marchio di P.M.P Firenze, un\u2019azienda con oltre 40 anni di esperienza nel settore dell\u2019argenteria. Le nostre coperture mantengono le vostre preziose bottiglie di champagne fresche fino a 2 ore.<\/p>\n<p>K-OVER \u00e8 riutilizzabile, svitando il tappo in basso, \u00e8 possibile cambiare facilmente la bottiglia. Ogni copertura per champagne \u00e8 unica ed \u00e8 stata esposta in eventi artistici e culturali o lanci privati di lusso. I K-OVER sono compatibili con bottiglie di champagne come Moet Et Chandon, Veuve Clicquot, Cristal, Pol Roger, Piper, Perrier Jouet, Taittinger, Mumm, Ferrari e Berlucchi.<\/p>\n<p>Tutte le nostre coperture per champagne e vino sono realizzate in argento massiccio 999\/\u00b0\u00b0, a differenza dell\u2019uso tipico dell\u2019argento sterling nell\u2019argenteria. Questa scelta unica \u00e8 guidata da tre ragioni convincenti, vogliamo fornire ai nostri clienti un prodotto di alto valore e unico. La resistenza dell\u2019argento puro all\u2019ossidazione lo rende pi\u00f9 facile da pulire e lucidare. In ultimo, le propriet\u00e0 antibatteriche dell\u2019argento ne assicurano l\u2019uso sicuro con alimenti e bevande.<\/p>\n","protected":false},"excerpt":{"rendered":"<p><strong>Prezzo su richiesta<\/strong><\/p>\n<p><strong>Typologia<br \/>\n<\/strong>Champagne cover<\/p>\n<p><strong>Materiale<br \/>\n<\/strong>Argento Massiccio 999\/\u00b0\u00b0<\/p>\n<p><strong>Dimensioni<\/strong><br \/>\nDiametro 9 cm<\/p>\n<p><strong>Peso<\/strong><br \/>\n650 g<\/p>\n<p><strong>Altezza<\/strong><br \/>\n33 cm<\/p>\n<p><strong>2024, Italia<\/strong><\/p>\n<p>&nbsp;<\/p>\n","protected":false},"featured_media":9946,"template":"","meta":{"_acf_changed":false,"_crdt_document":"","inline_featured_image":false},"product_brand":[],"product_cat":[314],"product_tag":[],"class_list":{"0":"post-7414","1":"product","2":"type-product","3":"status-publish","4":"has-post-thumbnail","6":"product_cat-su-misura","8":"first","9":"instock","10":"taxable","11":"shipping-taxable","12":"product-type-simple"},"acf":[],"mb":[],"yoast_head":"<!-- This site is optimized with the Yoast SEO plugin v27.3 - https:\/\/yoast.com\/product\/yoast-seo-wordpress\/ -->\n<title>Gallo Nero | K-OVER<\/title>\n<meta name=\"robots\" content=\"index, follow, max-snippet:-1, max-image-preview:large, max-video-preview:-1\" \/>\n<link rel=\"canonical\" href=\"https:\/\/k-over.com\/it\/prodotto\/gallo-nero\/\" \/>\n<meta property=\"og:locale\" content=\"it_IT\" \/>\n<meta property=\"og:type\" content=\"article\" \/>\n<meta property=\"og:title\" content=\"Gallo Nero | K-OVER\" \/>\n<meta property=\"og:description\" content=\"Prezzo su richiesta  Typologia Champagne cover  Materiale Argento Massiccio 999\/\u00b0\u00b0  Dimensioni Diametro 9 cm  Peso 650 g  Altezza 33 cm  2024, Italia  &nbsp;\" \/>\n<meta property=\"og:url\" content=\"https:\/\/k-over.com\/it\/prodotto\/gallo-nero\/\" \/>\n<meta property=\"og:site_name\" content=\"K-OVER\" \/>\n<meta property=\"article:modified_time\" content=\"2024-12-27T23:37:35+00:00\" \/>\n<meta property=\"og:image\" content=\"https:\/\/k-over.com\/wp-content\/uploads\/2024\/05\/CHIANTI-BLACK-ROOSTER-min-scaled.jpg\" \/>\n\t<meta property=\"og:image:width\" content=\"1707\" \/>\n\t<meta property=\"og:image:height\" content=\"2560\" \/>\n\t<meta property=\"og:image:type\" content=\"image\/jpeg\" \/>\n<meta name=\"twitter:card\" content=\"summary_large_image\" \/>\n<meta name=\"twitter:label1\" content=\"Tempo di lettura stimato\" \/>\n\t<meta name=\"twitter:data1\" content=\"3 minuti\" \/>\n<script type=\"application\/ld+json\" class=\"yoast-schema-graph\">{\"@context\":\"https:\\\/\\\/schema.org\",\"@graph\":[{\"@type\":\"WebPage\",\"@id\":\"https:\\\/\\\/k-over.com\\\/it\\\/prodotto\\\/gallo-nero\\\/\",\"url\":\"https:\\\/\\\/k-over.com\\\/it\\\/prodotto\\\/gallo-nero\\\/\",\"name\":\"Gallo Nero | K-OVER\",\"isPartOf\":{\"@id\":\"https:\\\/\\\/k-over.com\\\/?lang=en\\\/#website\"},\"primaryImageOfPage\":{\"@id\":\"https:\\\/\\\/k-over.com\\\/it\\\/prodotto\\\/gallo-nero\\\/#primaryimage\"},\"image\":{\"@id\":\"https:\\\/\\\/k-over.com\\\/it\\\/prodotto\\\/gallo-nero\\\/#primaryimage\"},\"thumbnailUrl\":\"https:\\\/\\\/k-over.com\\\/wp-content\\\/uploads\\\/2025\\\/01\\\/CHIANTI-BLACK-ROOSTER-min-scaled-1.jpg\",\"datePublished\":\"2024-05-13T16:41:40+00:00\",\"dateModified\":\"2024-12-27T23:37:35+00:00\",\"breadcrumb\":{\"@id\":\"https:\\\/\\\/k-over.com\\\/it\\\/prodotto\\\/gallo-nero\\\/#breadcrumb\"},\"inLanguage\":\"it-IT\",\"potentialAction\":[{\"@type\":\"ReadAction\",\"target\":[\"https:\\\/\\\/k-over.com\\\/it\\\/prodotto\\\/gallo-nero\\\/\"]}]},{\"@type\":\"ImageObject\",\"inLanguage\":\"it-IT\",\"@id\":\"https:\\\/\\\/k-over.com\\\/it\\\/prodotto\\\/gallo-nero\\\/#primaryimage\",\"url\":\"https:\\\/\\\/k-over.com\\\/wp-content\\\/uploads\\\/2025\\\/01\\\/CHIANTI-BLACK-ROOSTER-min-scaled-1.jpg\",\"contentUrl\":\"https:\\\/\\\/k-over.com\\\/wp-content\\\/uploads\\\/2025\\\/01\\\/CHIANTI-BLACK-ROOSTER-min-scaled-1.jpg\",\"width\":1707,\"height\":2560,\"caption\":\"black rooster\"},{\"@type\":\"BreadcrumbList\",\"@id\":\"https:\\\/\\\/k-over.com\\\/it\\\/prodotto\\\/gallo-nero\\\/#breadcrumb\",\"itemListElement\":[{\"@type\":\"ListItem\",\"position\":1,\"name\":\"Home\",\"item\":\"https:\\\/\\\/k-over.com\\\/it\\\/\"},{\"@type\":\"ListItem\",\"position\":2,\"name\":\"Shop\",\"item\":\"https:\\\/\\\/k-over.com\\\/it\\\/shop\\\/\"},{\"@type\":\"ListItem\",\"position\":3,\"name\":\"Gallo Nero\"}]},{\"@type\":\"WebSite\",\"@id\":\"https:\\\/\\\/k-over.com\\\/?lang=en\\\/#website\",\"url\":\"https:\\\/\\\/k-over.com\\\/?lang=en\\\/\",\"name\":\"K-OVER\",\"description\":\"Made in Italy\",\"publisher\":{\"@id\":\"https:\\\/\\\/k-over.com\\\/?lang=en\\\/#organization\"},\"potentialAction\":[{\"@type\":\"SearchAction\",\"target\":{\"@type\":\"EntryPoint\",\"urlTemplate\":\"https:\\\/\\\/k-over.com\\\/?lang=en\\\/?s={search_term_string}\"},\"query-input\":{\"@type\":\"PropertyValueSpecification\",\"valueRequired\":true,\"valueName\":\"search_term_string\"}}],\"inLanguage\":\"it-IT\"},{\"@type\":\"Organization\",\"@id\":\"https:\\\/\\\/k-over.com\\\/?lang=en\\\/#organization\",\"name\":\"K-OVER\",\"url\":\"https:\\\/\\\/k-over.com\\\/?lang=en\\\/\",\"logo\":{\"@type\":\"ImageObject\",\"inLanguage\":\"it-IT\",\"@id\":\"https:\\\/\\\/k-over.com\\\/?lang=en\\\/#\\\/schema\\\/logo\\\/image\\\/\",\"url\":\"https:\\\/\\\/k-over.com\\\/wp-content\\\/uploads\\\/2023\\\/09\\\/Layer-1.svg\",\"contentUrl\":\"https:\\\/\\\/k-over.com\\\/wp-content\\\/uploads\\\/2023\\\/09\\\/Layer-1.svg\",\"width\":47,\"height\":101,\"caption\":\"K-OVER\"},\"image\":{\"@id\":\"https:\\\/\\\/k-over.com\\\/?lang=en\\\/#\\\/schema\\\/logo\\\/image\\\/\"}}]}<\/script>\n<!-- \/ Yoast SEO plugin. -->","yoast_head_json":{"title":"Gallo Nero | K-OVER","robots":{"index":"index","follow":"follow","max-snippet":"max-snippet:-1","max-image-preview":"max-image-preview:large","max-video-preview":"max-video-preview:-1"},"canonical":"https:\/\/k-over.com\/it\/prodotto\/gallo-nero\/","og_locale":"it_IT","og_type":"article","og_title":"Gallo Nero | K-OVER","og_description":"Prezzo su richiesta  Typologia Champagne cover  Materiale Argento Massiccio 999\/\u00b0\u00b0  Dimensioni Diametro 9 cm  Peso 650 g  Altezza 33 cm  2024, Italia  &nbsp;","og_url":"https:\/\/k-over.com\/it\/prodotto\/gallo-nero\/","og_site_name":"K-OVER","article_modified_time":"2024-12-27T23:37:35+00:00","og_image":[{"width":1707,"height":2560,"url":"https:\/\/k-over.com\/wp-content\/uploads\/2024\/05\/CHIANTI-BLACK-ROOSTER-min-scaled.jpg","type":"image\/jpeg"}],"twitter_card":"summary_large_image","twitter_misc":{"Tempo di lettura stimato":"3 minuti"},"schema":{"@context":"https:\/\/schema.org","@graph":[{"@type":"WebPage","@id":"https:\/\/k-over.com\/it\/prodotto\/gallo-nero\/","url":"https:\/\/k-over.com\/it\/prodotto\/gallo-nero\/","name":"Gallo Nero | K-OVER","isPartOf":{"@id":"https:\/\/k-over.com\/?lang=en\/#website"},"primaryImageOfPage":{"@id":"https:\/\/k-over.com\/it\/prodotto\/gallo-nero\/#primaryimage"},"image":{"@id":"https:\/\/k-over.com\/it\/prodotto\/gallo-nero\/#primaryimage"},"thumbnailUrl":"https:\/\/k-over.com\/wp-content\/uploads\/2025\/01\/CHIANTI-BLACK-ROOSTER-min-scaled-1.jpg","datePublished":"2024-05-13T16:41:40+00:00","dateModified":"2024-12-27T23:37:35+00:00","breadcrumb":{"@id":"https:\/\/k-over.com\/it\/prodotto\/gallo-nero\/#breadcrumb"},"inLanguage":"it-IT","potentialAction":[{"@type":"ReadAction","target":["https:\/\/k-over.com\/it\/prodotto\/gallo-nero\/"]}]},{"@type":"ImageObject","inLanguage":"it-IT","@id":"https:\/\/k-over.com\/it\/prodotto\/gallo-nero\/#primaryimage","url":"https:\/\/k-over.com\/wp-content\/uploads\/2025\/01\/CHIANTI-BLACK-ROOSTER-min-scaled-1.jpg","contentUrl":"https:\/\/k-over.com\/wp-content\/uploads\/2025\/01\/CHIANTI-BLACK-ROOSTER-min-scaled-1.jpg","width":1707,"height":2560,"caption":"black rooster"},{"@type":"BreadcrumbList","@id":"https:\/\/k-over.com\/it\/prodotto\/gallo-nero\/#breadcrumb","itemListElement":[{"@type":"ListItem","position":1,"name":"Home","item":"https:\/\/k-over.com\/it\/"},{"@type":"ListItem","position":2,"name":"Shop","item":"https:\/\/k-over.com\/it\/shop\/"},{"@type":"ListItem","position":3,"name":"Gallo Nero"}]},{"@type":"WebSite","@id":"https:\/\/k-over.com\/?lang=en\/#website","url":"https:\/\/k-over.com\/?lang=en\/","name":"K-OVER","description":"Made in Italy","publisher":{"@id":"https:\/\/k-over.com\/?lang=en\/#organization"},"potentialAction":[{"@type":"SearchAction","target":{"@type":"EntryPoint","urlTemplate":"https:\/\/k-over.com\/?lang=en\/?s={search_term_string}"},"query-input":{"@type":"PropertyValueSpecification","valueRequired":true,"valueName":"search_term_string"}}],"inLanguage":"it-IT"},{"@type":"Organization","@id":"https:\/\/k-over.com\/?lang=en\/#organization","name":"K-OVER","url":"https:\/\/k-over.com\/?lang=en\/","logo":{"@type":"ImageObject","inLanguage":"it-IT","@id":"https:\/\/k-over.com\/?lang=en\/#\/schema\/logo\/image\/","url":"https:\/\/k-over.com\/wp-content\/uploads\/2023\/09\/Layer-1.svg","contentUrl":"https:\/\/k-over.com\/wp-content\/uploads\/2023\/09\/Layer-1.svg","width":47,"height":101,"caption":"K-OVER"},"image":{"@id":"https:\/\/k-over.com\/?lang=en\/#\/schema\/logo\/image\/"}}]}},"mfb_rest_fields":["title","yoast_head","yoast_head_json"],"_links":{"self":[{"href":"https:\/\/k-over.com\/it\/wp-json\/wp\/v2\/product\/7414","targetHints":{"allow":["GET"]}}],"collection":[{"href":"https:\/\/k-over.com\/it\/wp-json\/wp\/v2\/product"}],"about":[{"href":"https:\/\/k-over.com\/it\/wp-json\/wp\/v2\/types\/product"}],"wp:featuredmedia":[{"embeddable":true,"href":"https:\/\/k-over.com\/it\/wp-json\/wp\/v2\/media\/9946"}],"wp:attachment":[{"href":"https:\/\/k-over.com\/it\/wp-json\/wp\/v2\/media?parent=7414"}],"wp:term":[{"taxonomy":"product_brand","embeddable":true,"href":"https:\/\/k-over.com\/it\/wp-json\/wp\/v2\/product_brand?post=7414"},{"taxonomy":"product_cat","embeddable":true,"href":"https:\/\/k-over.com\/it\/wp-json\/wp\/v2\/product_cat?post=7414"},{"taxonomy":"product_tag","embeddable":true,"href":"https:\/\/k-over.com\/it\/wp-json\/wp\/v2\/product_tag?post=7414"}],"curies":[{"name":"wp","href":"https:\/\/api.w.org\/{rel}","templated":true}]}}