{"id":7475,"date":"2024-05-17T13:16:26","date_gmt":"2024-05-17T11:16:26","guid":{"rendered":"https:\/\/k-over.com\/prodotto\/villa-mangiacane\/"},"modified":"2024-12-28T00:37:35","modified_gmt":"2024-12-27T23:37:35","slug":"villa-mangiacane","status":"publish","type":"product","link":"https:\/\/k-over.com\/it\/prodotto\/villa-mangiacane\/","title":{"rendered":"Villa Mangiacane"},"content":{"rendered":"<p>Villa Mangiacane \u00e8 una gemma nascosta nel cuore del Chianti, dove K-OVER ha avuto l&#8217;onore di collaborare da vicino. Costruita dalla famiglia Machiavelli, questa villa storica \u00e8 parte integrante del ricco patrimonio di Firenze. La propriet\u00e0 \u00e8 adornata da manufatti e opere d&#8217;arte provenienti da tutto il mondo e vanta affreschi del XVI secolo che affascinano tutti coloro che la visitano. Oggi Villa Mangiacane opera come esclusivo boutique hotel, offrendo solo 10 camere. Questo permette a un singolo gruppo di viaggiatori di prenotare l&#8217;intera struttura, creando un&#8217;atmosfera privata da &#8220;casa lontano da casa&#8221;, dove tutti i servizi sono esclusivamente loro.<\/p>\n<p>Nel 2019, la villa \u00e8 stata prenotata per l&#8217;intera estate da una famiglia americana venuta a festeggiare il matrimonio della figlia nell&#8217;incantevole cornice di Firenze. Cogliendo questa opportunit\u00e0, i proprietari hanno voluto fare un regalo premuroso e lussuoso. Hanno scelto un K-OVER come regalo unico e memorabile che la famiglia avrebbe potuto usare per brindare al matrimonio e conservare per sempre.<\/p>\n<p>La famiglia ha apprezzato molto questo gesto premuroso. L&#8217;intento della direzione della villa di migliorare l&#8217;esperienza dei suoi ospiti \u00e8 stato chiaramente riconosciuto e la famiglia ha promesso di utilizzare il K-OVER per tutte le sue celebrazioni importanti in futuro.<\/p>\n<p>Il K-OVER \u00e8 stato meticolosamente realizzato a mano da Marco Fedi, utilizzando tecniche come lo sbalzo, il cesello e l&#8217;incisione. La sua superficie brillante presenta due cani, artisticamente rappresentati in cima a due colonne vicino al cancello d&#8217;ingresso della villa. Il resto del K-OVER vanta una sofisticata finitura diamantata ed \u00e8 elegantemente completato dall&#8217;incisione di &#8220;Villa Mangiacane&#8221; alla base, aggiungendo un tocco personale che si ricollega all&#8217;illustre identit\u00e0 e all&#8217;eredit\u00e0 della villa.<\/p>\n<p><strong>Technical Features<\/strong><\/p>\n<p>K-OVER \u00e8 un marchio di P.M.P Firenze, un\u2019azienda con oltre 40 anni di esperienza nel settore dell\u2019argenteria. Le nostre coperture mantengono le vostre preziose bottiglie di champagne fresche fino a 2 ore.<\/p>\n<p>K-OVER \u00e8 riutilizzabile, svitando il tappo in basso, \u00e8 possibile cambiare facilmente la bottiglia. Ogni copertura per champagne \u00e8 unica ed \u00e8 stata esposta in eventi artistici e culturali o lanci privati di lusso. I K-OVER sono compatibili con bottiglie di champagne come Moet Et Chandon, Veuve Clicquot, Cristal, Pol Roger, Piper, Perrier Jouet, Taittinger, Mumm, Ferrari e Berlucchi.<\/p>\n<p>Tutte le nostre coperture per champagne e vino sono realizzate in argento massiccio 999\/\u00b0\u00b0, a differenza dell\u2019uso tipico dell\u2019argento sterling nell\u2019argenteria. Questa scelta unica \u00e8 guidata da tre ragioni convincenti, vogliamo fornire ai nostri clienti un prodotto di alto valore e unico. La resistenza dell\u2019argento puro all\u2019ossidazione lo rende pi\u00f9 facile da pulire e lucidare. In ultimo, le propriet\u00e0 antibatteriche dell\u2019argento ne assicurano l\u2019uso sicuro con alimenti e bevande.<\/p>\n","protected":false},"excerpt":{"rendered":"<p><strong>Prezzo su richiesta<\/strong><\/p>\n<p><strong>Typologia<br \/>\n<\/strong>Champagne cover<\/p>\n<p><strong>Materiale<br \/>\n<\/strong>Argento Massiccio 999\/\u00b0\u00b0<\/p>\n<p><strong>Dimensioni<\/strong><br \/>\nDiametro 10,5 cm<\/p>\n<p><strong>Peso<\/strong><br \/>\n650 g<\/p>\n<p><strong>Altezza<\/strong><br \/>\n25,5 cm<\/p>\n<p><strong>2023, Italia<\/strong><\/p>\n","protected":false},"featured_media":9952,"template":"","meta":{"_acf_changed":false,"_crdt_document":"","inline_featured_image":false},"product_brand":[],"product_cat":[314],"product_tag":[],"class_list":{"0":"post-7475","1":"product","2":"type-product","3":"status-publish","4":"has-post-thumbnail","6":"product_cat-su-misura","8":"first","9":"instock","10":"taxable","11":"shipping-taxable","12":"product-type-simple"},"acf":[],"mb":[],"yoast_head":"<!-- This site is optimized with the Yoast SEO plugin v27.3 - https:\/\/yoast.com\/product\/yoast-seo-wordpress\/ -->\n<title>Villa Mangiacane Champagne Bottle Cover | K-OVER<\/title>\n<meta name=\"description\" content=\"At K-OVER, we use the purest metals to handcraft our wine and champagne covers. Discover Villa Cimbrone, our champagne bottle cover made with 999 Silver.\" \/>\n<meta name=\"robots\" content=\"index, follow, max-snippet:-1, max-image-preview:large, max-video-preview:-1\" \/>\n<link rel=\"canonical\" href=\"https:\/\/k-over.com\/it\/prodotto\/villa-mangiacane\/\" \/>\n<meta property=\"og:locale\" content=\"it_IT\" \/>\n<meta property=\"og:type\" content=\"article\" \/>\n<meta property=\"og:title\" content=\"Villa Mangiacane Champagne Bottle Cover | K-OVER\" \/>\n<meta property=\"og:description\" content=\"At K-OVER, we use the purest metals to handcraft our wine and champagne covers. Discover Villa Cimbrone, our champagne bottle cover made with 999 Silver.\" \/>\n<meta property=\"og:url\" content=\"https:\/\/k-over.com\/it\/prodotto\/villa-mangiacane\/\" \/>\n<meta property=\"og:site_name\" content=\"K-OVER\" \/>\n<meta property=\"article:modified_time\" content=\"2024-12-27T23:37:35+00:00\" \/>\n<meta property=\"og:image\" content=\"https:\/\/k-over.com\/wp-content\/uploads\/2024\/05\/Vila-Mangiacane-3-e1715944492485.jpg\" \/>\n\t<meta property=\"og:image:width\" content=\"900\" \/>\n\t<meta property=\"og:image:height\" content=\"1600\" \/>\n\t<meta property=\"og:image:type\" content=\"image\/jpeg\" \/>\n<meta name=\"twitter:card\" content=\"summary_large_image\" \/>\n<meta name=\"twitter:label1\" content=\"Tempo di lettura stimato\" \/>\n\t<meta name=\"twitter:data1\" content=\"3 minuti\" \/>\n<script type=\"application\/ld+json\" class=\"yoast-schema-graph\">{\"@context\":\"https:\\\/\\\/schema.org\",\"@graph\":[{\"@type\":\"WebPage\",\"@id\":\"https:\\\/\\\/k-over.com\\\/it\\\/prodotto\\\/villa-mangiacane\\\/\",\"url\":\"https:\\\/\\\/k-over.com\\\/it\\\/prodotto\\\/villa-mangiacane\\\/\",\"name\":\"Villa Mangiacane Champagne Bottle Cover | K-OVER\",\"isPartOf\":{\"@id\":\"https:\\\/\\\/k-over.com\\\/?lang=en\\\/#website\"},\"primaryImageOfPage\":{\"@id\":\"https:\\\/\\\/k-over.com\\\/it\\\/prodotto\\\/villa-mangiacane\\\/#primaryimage\"},\"image\":{\"@id\":\"https:\\\/\\\/k-over.com\\\/it\\\/prodotto\\\/villa-mangiacane\\\/#primaryimage\"},\"thumbnailUrl\":\"https:\\\/\\\/k-over.com\\\/wp-content\\\/uploads\\\/2025\\\/01\\\/Vila-Mangiacane-3-e1715944492485.jpg\",\"datePublished\":\"2024-05-17T11:16:26+00:00\",\"dateModified\":\"2024-12-27T23:37:35+00:00\",\"description\":\"At K-OVER, we use the purest metals to handcraft our wine and champagne covers. Discover Villa Cimbrone, our champagne bottle cover made with 999 Silver.\",\"breadcrumb\":{\"@id\":\"https:\\\/\\\/k-over.com\\\/it\\\/prodotto\\\/villa-mangiacane\\\/#breadcrumb\"},\"inLanguage\":\"it-IT\",\"potentialAction\":[{\"@type\":\"ReadAction\",\"target\":[\"https:\\\/\\\/k-over.com\\\/it\\\/prodotto\\\/villa-mangiacane\\\/\"]}]},{\"@type\":\"ImageObject\",\"inLanguage\":\"it-IT\",\"@id\":\"https:\\\/\\\/k-over.com\\\/it\\\/prodotto\\\/villa-mangiacane\\\/#primaryimage\",\"url\":\"https:\\\/\\\/k-over.com\\\/wp-content\\\/uploads\\\/2025\\\/01\\\/Vila-Mangiacane-3-e1715944492485.jpg\",\"contentUrl\":\"https:\\\/\\\/k-over.com\\\/wp-content\\\/uploads\\\/2025\\\/01\\\/Vila-Mangiacane-3-e1715944492485.jpg\",\"width\":900,\"height\":1114,\"caption\":\"Villa Mangiacane\"},{\"@type\":\"BreadcrumbList\",\"@id\":\"https:\\\/\\\/k-over.com\\\/it\\\/prodotto\\\/villa-mangiacane\\\/#breadcrumb\",\"itemListElement\":[{\"@type\":\"ListItem\",\"position\":1,\"name\":\"Home\",\"item\":\"https:\\\/\\\/k-over.com\\\/it\\\/\"},{\"@type\":\"ListItem\",\"position\":2,\"name\":\"Shop\",\"item\":\"https:\\\/\\\/k-over.com\\\/it\\\/shop\\\/\"},{\"@type\":\"ListItem\",\"position\":3,\"name\":\"Villa Mangiacane\"}]},{\"@type\":\"WebSite\",\"@id\":\"https:\\\/\\\/k-over.com\\\/?lang=en\\\/#website\",\"url\":\"https:\\\/\\\/k-over.com\\\/?lang=en\\\/\",\"name\":\"K-OVER\",\"description\":\"Made in Italy\",\"publisher\":{\"@id\":\"https:\\\/\\\/k-over.com\\\/?lang=en\\\/#organization\"},\"potentialAction\":[{\"@type\":\"SearchAction\",\"target\":{\"@type\":\"EntryPoint\",\"urlTemplate\":\"https:\\\/\\\/k-over.com\\\/?lang=en\\\/?s={search_term_string}\"},\"query-input\":{\"@type\":\"PropertyValueSpecification\",\"valueRequired\":true,\"valueName\":\"search_term_string\"}}],\"inLanguage\":\"it-IT\"},{\"@type\":\"Organization\",\"@id\":\"https:\\\/\\\/k-over.com\\\/?lang=en\\\/#organization\",\"name\":\"K-OVER\",\"url\":\"https:\\\/\\\/k-over.com\\\/?lang=en\\\/\",\"logo\":{\"@type\":\"ImageObject\",\"inLanguage\":\"it-IT\",\"@id\":\"https:\\\/\\\/k-over.com\\\/?lang=en\\\/#\\\/schema\\\/logo\\\/image\\\/\",\"url\":\"https:\\\/\\\/k-over.com\\\/wp-content\\\/uploads\\\/2023\\\/09\\\/Layer-1.svg\",\"contentUrl\":\"https:\\\/\\\/k-over.com\\\/wp-content\\\/uploads\\\/2023\\\/09\\\/Layer-1.svg\",\"width\":47,\"height\":101,\"caption\":\"K-OVER\"},\"image\":{\"@id\":\"https:\\\/\\\/k-over.com\\\/?lang=en\\\/#\\\/schema\\\/logo\\\/image\\\/\"}}]}<\/script>\n<!-- \/ Yoast SEO plugin. -->","yoast_head_json":{"title":"Villa Mangiacane Champagne Bottle Cover | K-OVER","description":"At K-OVER, we use the purest metals to handcraft our wine and champagne covers. Discover Villa Cimbrone, our champagne bottle cover made with 999 Silver.","robots":{"index":"index","follow":"follow","max-snippet":"max-snippet:-1","max-image-preview":"max-image-preview:large","max-video-preview":"max-video-preview:-1"},"canonical":"https:\/\/k-over.com\/it\/prodotto\/villa-mangiacane\/","og_locale":"it_IT","og_type":"article","og_title":"Villa Mangiacane Champagne Bottle Cover | K-OVER","og_description":"At K-OVER, we use the purest metals to handcraft our wine and champagne covers. Discover Villa Cimbrone, our champagne bottle cover made with 999 Silver.","og_url":"https:\/\/k-over.com\/it\/prodotto\/villa-mangiacane\/","og_site_name":"K-OVER","article_modified_time":"2024-12-27T23:37:35+00:00","og_image":[{"width":900,"height":1600,"url":"https:\/\/k-over.com\/wp-content\/uploads\/2024\/05\/Vila-Mangiacane-3-e1715944492485.jpg","type":"image\/jpeg"}],"twitter_card":"summary_large_image","twitter_misc":{"Tempo di lettura stimato":"3 minuti"},"schema":{"@context":"https:\/\/schema.org","@graph":[{"@type":"WebPage","@id":"https:\/\/k-over.com\/it\/prodotto\/villa-mangiacane\/","url":"https:\/\/k-over.com\/it\/prodotto\/villa-mangiacane\/","name":"Villa Mangiacane Champagne Bottle Cover | K-OVER","isPartOf":{"@id":"https:\/\/k-over.com\/?lang=en\/#website"},"primaryImageOfPage":{"@id":"https:\/\/k-over.com\/it\/prodotto\/villa-mangiacane\/#primaryimage"},"image":{"@id":"https:\/\/k-over.com\/it\/prodotto\/villa-mangiacane\/#primaryimage"},"thumbnailUrl":"https:\/\/k-over.com\/wp-content\/uploads\/2025\/01\/Vila-Mangiacane-3-e1715944492485.jpg","datePublished":"2024-05-17T11:16:26+00:00","dateModified":"2024-12-27T23:37:35+00:00","description":"At K-OVER, we use the purest metals to handcraft our wine and champagne covers. Discover Villa Cimbrone, our champagne bottle cover made with 999 Silver.","breadcrumb":{"@id":"https:\/\/k-over.com\/it\/prodotto\/villa-mangiacane\/#breadcrumb"},"inLanguage":"it-IT","potentialAction":[{"@type":"ReadAction","target":["https:\/\/k-over.com\/it\/prodotto\/villa-mangiacane\/"]}]},{"@type":"ImageObject","inLanguage":"it-IT","@id":"https:\/\/k-over.com\/it\/prodotto\/villa-mangiacane\/#primaryimage","url":"https:\/\/k-over.com\/wp-content\/uploads\/2025\/01\/Vila-Mangiacane-3-e1715944492485.jpg","contentUrl":"https:\/\/k-over.com\/wp-content\/uploads\/2025\/01\/Vila-Mangiacane-3-e1715944492485.jpg","width":900,"height":1114,"caption":"Villa Mangiacane"},{"@type":"BreadcrumbList","@id":"https:\/\/k-over.com\/it\/prodotto\/villa-mangiacane\/#breadcrumb","itemListElement":[{"@type":"ListItem","position":1,"name":"Home","item":"https:\/\/k-over.com\/it\/"},{"@type":"ListItem","position":2,"name":"Shop","item":"https:\/\/k-over.com\/it\/shop\/"},{"@type":"ListItem","position":3,"name":"Villa Mangiacane"}]},{"@type":"WebSite","@id":"https:\/\/k-over.com\/?lang=en\/#website","url":"https:\/\/k-over.com\/?lang=en\/","name":"K-OVER","description":"Made in Italy","publisher":{"@id":"https:\/\/k-over.com\/?lang=en\/#organization"},"potentialAction":[{"@type":"SearchAction","target":{"@type":"EntryPoint","urlTemplate":"https:\/\/k-over.com\/?lang=en\/?s={search_term_string}"},"query-input":{"@type":"PropertyValueSpecification","valueRequired":true,"valueName":"search_term_string"}}],"inLanguage":"it-IT"},{"@type":"Organization","@id":"https:\/\/k-over.com\/?lang=en\/#organization","name":"K-OVER","url":"https:\/\/k-over.com\/?lang=en\/","logo":{"@type":"ImageObject","inLanguage":"it-IT","@id":"https:\/\/k-over.com\/?lang=en\/#\/schema\/logo\/image\/","url":"https:\/\/k-over.com\/wp-content\/uploads\/2023\/09\/Layer-1.svg","contentUrl":"https:\/\/k-over.com\/wp-content\/uploads\/2023\/09\/Layer-1.svg","width":47,"height":101,"caption":"K-OVER"},"image":{"@id":"https:\/\/k-over.com\/?lang=en\/#\/schema\/logo\/image\/"}}]}},"mfb_rest_fields":["title","yoast_head","yoast_head_json"],"_links":{"self":[{"href":"https:\/\/k-over.com\/it\/wp-json\/wp\/v2\/product\/7475","targetHints":{"allow":["GET"]}}],"collection":[{"href":"https:\/\/k-over.com\/it\/wp-json\/wp\/v2\/product"}],"about":[{"href":"https:\/\/k-over.com\/it\/wp-json\/wp\/v2\/types\/product"}],"wp:featuredmedia":[{"embeddable":true,"href":"https:\/\/k-over.com\/it\/wp-json\/wp\/v2\/media\/9952"}],"wp:attachment":[{"href":"https:\/\/k-over.com\/it\/wp-json\/wp\/v2\/media?parent=7475"}],"wp:term":[{"taxonomy":"product_brand","embeddable":true,"href":"https:\/\/k-over.com\/it\/wp-json\/wp\/v2\/product_brand?post=7475"},{"taxonomy":"product_cat","embeddable":true,"href":"https:\/\/k-over.com\/it\/wp-json\/wp\/v2\/product_cat?post=7475"},{"taxonomy":"product_tag","embeddable":true,"href":"https:\/\/k-over.com\/it\/wp-json\/wp\/v2\/product_tag?post=7475"}],"curies":[{"name":"wp","href":"https:\/\/api.w.org\/{rel}","templated":true}]}}