{"id":7486,"date":"2024-05-17T14:16:00","date_gmt":"2024-05-17T12:16:00","guid":{"rendered":"https:\/\/k-over.com\/prodotto\/castello-di-velona\/"},"modified":"2025-02-08T03:01:57","modified_gmt":"2025-02-08T02:01:57","slug":"castello-di-velona","status":"publish","type":"product","link":"https:\/\/k-over.com\/it\/prodotto\/castello-di-velona\/","title":{"rendered":"Castello di Velona"},"content":{"rendered":"<p>Situato nella stimata regione vinicola di Montalcino, il Castello di Velona vanta una ricca storia che risale all&#8217;XI secolo. Recuperato dalle rovine nel 1997, \u00e8 stato trasformato nel lussuoso Castello di Velona Resort. Grazie alla sua posizione privilegiata, il castello non solo produce i propri vini pregiati, ma funge anche da rifugio per gli ospiti che si recano in Italia per assaporare le annate pi\u00f9 pregiate.<\/p>\n<p>Durante un evento di prestigio a Firenze, K-OVER ha avuto la fortuna di incontrare il proprietario del Castello di Velona. \u00c8 rimasto molto colpito dalla nostra maestria nel creare involucri per champagne e vino ad arte. Con una cena di gala all&#8217;orizzonte, destinata a presentare un nuovo vino, il proprietario era alla ricerca di qualcosa di veramente eccezionale per l&#8217;occasione. \u00c8 stato solo quando ha incontrato K-OVER che la sua visione ha iniziato a prendere forma.<\/p>\n<p>L&#8217;incarico consisteva in un progetto impegnativo e stimolante, che prevedeva la raffigurazione intricata dello stemma della tenuta e di un&#8217;immagine del castello stesso, utilizzando come riferimenti solo immagini invecchiate e sbiadite e disegni tratti da libri. Le tecniche di rilievo, cesello e incisione sono state impiegate per ottenere una rappresentazione meticolosamente dettagliata e storicamente accurata. Il pezzo finale \u00e8 stato a dir poco un capolavoro.<\/p>\n<p>La collaborazione tra il Castello di Velona e K-OVER \u00e8 sbocciata in una partnership meravigliosa, ammirata da tutti i visitatori. Oggi, il nostro K-OVER \u00e8 esposto in bella mostra presso la portineria del resort, dove non viene semplicemente osservato, ma celebrato dagli ospiti come testimonianza di un&#8217;abilit\u00e0 artigianale scaturita da un legame caro. Ispirati da questa collaborazione e dall&#8217;atmosfera incantevole del castello, abbiamo scelto questa splendida location per girare la nostra serie di video, &#8220;K-Over Stories: A Gold Life by K-OVER&#8221;, che ha ulteriormente rafforzato il nostro legame con questo ambiente maestoso.<\/p>\n<p><iframe loading=\"lazy\" title=\"Velona, Love Story by K-OVER\" src=\"https:\/\/player.vimeo.com\/video\/871817636?dnt=1&amp;app_id=122963\" width=\"500\" height=\"264\" frameborder=\"0\" allow=\"autoplay; fullscreen; picture-in-picture; clipboard-write; encrypted-media\"><\/iframe><\/p>\n<p><strong>Technical Features<\/strong><\/p>\n<p>K-OVER \u00e8 un marchio di P.M.P Firenze, un\u2019azienda con oltre 40 anni di esperienza nel settore dell\u2019argenteria. Le nostre coperture mantengono le vostre preziose bottiglie di champagne fresche fino a 2 ore.<\/p>\n<p>K-OVER \u00e8 riutilizzabile, svitando il tappo in basso, \u00e8 possibile cambiare facilmente la bottiglia. Ogni copertura per champagne \u00e8 unica ed \u00e8 stata esposta in eventi artistici e culturali o lanci privati di lusso. I K-OVER sono compatibili con bottiglie di champagne come Moet Et Chandon, Veuve Clicquot, Cristal, Pol Roger, Piper, Perrier Jouet, Taittinger, Mumm, Ferrari e Berlucchi.<\/p>\n<p>Tutte le nostre coperture per champagne e vino sono realizzate in argento massiccio 999\/\u00b0\u00b0, a differenza dell\u2019uso tipico dell\u2019argento sterling nell\u2019argenteria. Questa scelta unica \u00e8 guidata da tre ragioni convincenti, vogliamo fornire ai nostri clienti un prodotto di alto valore e unico. La resistenza dell\u2019argento puro all\u2019ossidazione lo rende pi\u00f9 facile da pulire e lucidare. In ultimo, le propriet\u00e0 antibatteriche dell\u2019argento ne assicurano l\u2019uso sicuro con alimenti e bevande.<\/p>\n","protected":false},"excerpt":{"rendered":"<p><strong>Prezzo su richiesta<\/strong><\/p>\n<p><strong>Typologia<br \/>\n<\/strong>Champagne cover<\/p>\n<p><strong>Materiale<br \/>\n<\/strong>Argento Massiccio 999\/\u00b0\u00b0<\/p>\n<p><strong>Dimensioni<\/strong><br \/>\nDiametro 10,5 cm<\/p>\n<p><strong>Peso<\/strong><br \/>\n650 g<\/p>\n<p><strong>Altezza<\/strong><br \/>\n25,5 cm<\/p>\n<p><strong>2023, Italia<\/strong><\/p>\n","protected":false},"featured_media":7485,"template":"","meta":{"_acf_changed":false,"_crdt_document":"","inline_featured_image":false},"product_brand":[],"product_cat":[314],"product_tag":[],"class_list":{"0":"post-7486","1":"product","2":"type-product","3":"status-publish","4":"has-post-thumbnail","6":"product_cat-su-misura","8":"first","9":"instock","10":"taxable","11":"shipping-taxable","12":"product-type-simple"},"acf":[],"mb":[],"yoast_head":"<!-- This site is optimized with the Yoast SEO plugin v27.3 - https:\/\/yoast.com\/product\/yoast-seo-wordpress\/ -->\n<title>Castello di Velona | K-OVER<\/title>\n<meta name=\"robots\" content=\"index, follow, max-snippet:-1, max-image-preview:large, max-video-preview:-1\" \/>\n<link rel=\"canonical\" href=\"https:\/\/k-over.com\/it\/prodotto\/castello-di-velona\/\" \/>\n<meta property=\"og:locale\" content=\"it_IT\" \/>\n<meta property=\"og:type\" content=\"article\" \/>\n<meta property=\"og:title\" content=\"Castello di Velona | K-OVER\" \/>\n<meta property=\"og:description\" content=\"Prezzo su richiesta  Typologia Champagne cover  Materiale Argento Massiccio 999\/\u00b0\u00b0  Dimensioni Diametro 10,5 cm  Peso 650 g  Altezza 25,5 cm  2023, Italia\" \/>\n<meta property=\"og:url\" content=\"https:\/\/k-over.com\/it\/prodotto\/castello-di-velona\/\" \/>\n<meta property=\"og:site_name\" content=\"K-OVER\" \/>\n<meta property=\"article:modified_time\" content=\"2025-02-08T02:01:57+00:00\" \/>\n<meta property=\"og:image\" content=\"https:\/\/k-over.com\/wp-content\/uploads\/2024\/05\/IMG-20190613-WA0027.jpg\" \/>\n\t<meta property=\"og:image:width\" content=\"900\" \/>\n\t<meta property=\"og:image:height\" content=\"1600\" \/>\n\t<meta property=\"og:image:type\" content=\"image\/jpeg\" \/>\n<meta name=\"twitter:card\" content=\"summary_large_image\" \/>\n<meta name=\"twitter:label1\" content=\"Tempo di lettura stimato\" \/>\n\t<meta name=\"twitter:data1\" content=\"3 minuti\" \/>\n<script type=\"application\/ld+json\" class=\"yoast-schema-graph\">{\"@context\":\"https:\\\/\\\/schema.org\",\"@graph\":[{\"@type\":\"WebPage\",\"@id\":\"https:\\\/\\\/k-over.com\\\/it\\\/prodotto\\\/castello-di-velona\\\/\",\"url\":\"https:\\\/\\\/k-over.com\\\/it\\\/prodotto\\\/castello-di-velona\\\/\",\"name\":\"Castello di Velona | K-OVER\",\"isPartOf\":{\"@id\":\"https:\\\/\\\/k-over.com\\\/?lang=en\\\/#website\"},\"primaryImageOfPage\":{\"@id\":\"https:\\\/\\\/k-over.com\\\/it\\\/prodotto\\\/castello-di-velona\\\/#primaryimage\"},\"image\":{\"@id\":\"https:\\\/\\\/k-over.com\\\/it\\\/prodotto\\\/castello-di-velona\\\/#primaryimage\"},\"thumbnailUrl\":\"https:\\\/\\\/k-over.com\\\/wp-content\\\/uploads\\\/2024\\\/05\\\/IMG-20190613-WA0027.jpg\",\"datePublished\":\"2024-05-17T12:16:00+00:00\",\"dateModified\":\"2025-02-08T02:01:57+00:00\",\"breadcrumb\":{\"@id\":\"https:\\\/\\\/k-over.com\\\/it\\\/prodotto\\\/castello-di-velona\\\/#breadcrumb\"},\"inLanguage\":\"it-IT\",\"potentialAction\":[{\"@type\":\"ReadAction\",\"target\":[\"https:\\\/\\\/k-over.com\\\/it\\\/prodotto\\\/castello-di-velona\\\/\"]}]},{\"@type\":\"ImageObject\",\"inLanguage\":\"it-IT\",\"@id\":\"https:\\\/\\\/k-over.com\\\/it\\\/prodotto\\\/castello-di-velona\\\/#primaryimage\",\"url\":\"https:\\\/\\\/k-over.com\\\/wp-content\\\/uploads\\\/2024\\\/05\\\/IMG-20190613-WA0027.jpg\",\"contentUrl\":\"https:\\\/\\\/k-over.com\\\/wp-content\\\/uploads\\\/2024\\\/05\\\/IMG-20190613-WA0027.jpg\",\"width\":900,\"height\":1600,\"caption\":\"Image Credit: Rob Knott from Pexels\"},{\"@type\":\"BreadcrumbList\",\"@id\":\"https:\\\/\\\/k-over.com\\\/it\\\/prodotto\\\/castello-di-velona\\\/#breadcrumb\",\"itemListElement\":[{\"@type\":\"ListItem\",\"position\":1,\"name\":\"Home\",\"item\":\"https:\\\/\\\/k-over.com\\\/it\\\/\"},{\"@type\":\"ListItem\",\"position\":2,\"name\":\"Shop\",\"item\":\"https:\\\/\\\/k-over.com\\\/it\\\/shop\\\/\"},{\"@type\":\"ListItem\",\"position\":3,\"name\":\"Castello di Velona\"}]},{\"@type\":\"WebSite\",\"@id\":\"https:\\\/\\\/k-over.com\\\/?lang=en\\\/#website\",\"url\":\"https:\\\/\\\/k-over.com\\\/?lang=en\\\/\",\"name\":\"K-OVER\",\"description\":\"Made in Italy\",\"publisher\":{\"@id\":\"https:\\\/\\\/k-over.com\\\/?lang=en\\\/#organization\"},\"potentialAction\":[{\"@type\":\"SearchAction\",\"target\":{\"@type\":\"EntryPoint\",\"urlTemplate\":\"https:\\\/\\\/k-over.com\\\/?lang=en\\\/?s={search_term_string}\"},\"query-input\":{\"@type\":\"PropertyValueSpecification\",\"valueRequired\":true,\"valueName\":\"search_term_string\"}}],\"inLanguage\":\"it-IT\"},{\"@type\":\"Organization\",\"@id\":\"https:\\\/\\\/k-over.com\\\/?lang=en\\\/#organization\",\"name\":\"K-OVER\",\"url\":\"https:\\\/\\\/k-over.com\\\/?lang=en\\\/\",\"logo\":{\"@type\":\"ImageObject\",\"inLanguage\":\"it-IT\",\"@id\":\"https:\\\/\\\/k-over.com\\\/?lang=en\\\/#\\\/schema\\\/logo\\\/image\\\/\",\"url\":\"https:\\\/\\\/k-over.com\\\/wp-content\\\/uploads\\\/2023\\\/09\\\/Layer-1.svg\",\"contentUrl\":\"https:\\\/\\\/k-over.com\\\/wp-content\\\/uploads\\\/2023\\\/09\\\/Layer-1.svg\",\"width\":47,\"height\":101,\"caption\":\"K-OVER\"},\"image\":{\"@id\":\"https:\\\/\\\/k-over.com\\\/?lang=en\\\/#\\\/schema\\\/logo\\\/image\\\/\"}}]}<\/script>\n<!-- \/ Yoast SEO plugin. -->","yoast_head_json":{"title":"Castello di Velona | K-OVER","robots":{"index":"index","follow":"follow","max-snippet":"max-snippet:-1","max-image-preview":"max-image-preview:large","max-video-preview":"max-video-preview:-1"},"canonical":"https:\/\/k-over.com\/it\/prodotto\/castello-di-velona\/","og_locale":"it_IT","og_type":"article","og_title":"Castello di Velona | K-OVER","og_description":"Prezzo su richiesta  Typologia Champagne cover  Materiale Argento Massiccio 999\/\u00b0\u00b0  Dimensioni Diametro 10,5 cm  Peso 650 g  Altezza 25,5 cm  2023, Italia","og_url":"https:\/\/k-over.com\/it\/prodotto\/castello-di-velona\/","og_site_name":"K-OVER","article_modified_time":"2025-02-08T02:01:57+00:00","og_image":[{"width":900,"height":1600,"url":"https:\/\/k-over.com\/wp-content\/uploads\/2024\/05\/IMG-20190613-WA0027.jpg","type":"image\/jpeg"}],"twitter_card":"summary_large_image","twitter_misc":{"Tempo di lettura stimato":"3 minuti"},"schema":{"@context":"https:\/\/schema.org","@graph":[{"@type":"WebPage","@id":"https:\/\/k-over.com\/it\/prodotto\/castello-di-velona\/","url":"https:\/\/k-over.com\/it\/prodotto\/castello-di-velona\/","name":"Castello di Velona | K-OVER","isPartOf":{"@id":"https:\/\/k-over.com\/?lang=en\/#website"},"primaryImageOfPage":{"@id":"https:\/\/k-over.com\/it\/prodotto\/castello-di-velona\/#primaryimage"},"image":{"@id":"https:\/\/k-over.com\/it\/prodotto\/castello-di-velona\/#primaryimage"},"thumbnailUrl":"https:\/\/k-over.com\/wp-content\/uploads\/2024\/05\/IMG-20190613-WA0027.jpg","datePublished":"2024-05-17T12:16:00+00:00","dateModified":"2025-02-08T02:01:57+00:00","breadcrumb":{"@id":"https:\/\/k-over.com\/it\/prodotto\/castello-di-velona\/#breadcrumb"},"inLanguage":"it-IT","potentialAction":[{"@type":"ReadAction","target":["https:\/\/k-over.com\/it\/prodotto\/castello-di-velona\/"]}]},{"@type":"ImageObject","inLanguage":"it-IT","@id":"https:\/\/k-over.com\/it\/prodotto\/castello-di-velona\/#primaryimage","url":"https:\/\/k-over.com\/wp-content\/uploads\/2024\/05\/IMG-20190613-WA0027.jpg","contentUrl":"https:\/\/k-over.com\/wp-content\/uploads\/2024\/05\/IMG-20190613-WA0027.jpg","width":900,"height":1600,"caption":"Image Credit: Rob Knott from Pexels"},{"@type":"BreadcrumbList","@id":"https:\/\/k-over.com\/it\/prodotto\/castello-di-velona\/#breadcrumb","itemListElement":[{"@type":"ListItem","position":1,"name":"Home","item":"https:\/\/k-over.com\/it\/"},{"@type":"ListItem","position":2,"name":"Shop","item":"https:\/\/k-over.com\/it\/shop\/"},{"@type":"ListItem","position":3,"name":"Castello di Velona"}]},{"@type":"WebSite","@id":"https:\/\/k-over.com\/?lang=en\/#website","url":"https:\/\/k-over.com\/?lang=en\/","name":"K-OVER","description":"Made in Italy","publisher":{"@id":"https:\/\/k-over.com\/?lang=en\/#organization"},"potentialAction":[{"@type":"SearchAction","target":{"@type":"EntryPoint","urlTemplate":"https:\/\/k-over.com\/?lang=en\/?s={search_term_string}"},"query-input":{"@type":"PropertyValueSpecification","valueRequired":true,"valueName":"search_term_string"}}],"inLanguage":"it-IT"},{"@type":"Organization","@id":"https:\/\/k-over.com\/?lang=en\/#organization","name":"K-OVER","url":"https:\/\/k-over.com\/?lang=en\/","logo":{"@type":"ImageObject","inLanguage":"it-IT","@id":"https:\/\/k-over.com\/?lang=en\/#\/schema\/logo\/image\/","url":"https:\/\/k-over.com\/wp-content\/uploads\/2023\/09\/Layer-1.svg","contentUrl":"https:\/\/k-over.com\/wp-content\/uploads\/2023\/09\/Layer-1.svg","width":47,"height":101,"caption":"K-OVER"},"image":{"@id":"https:\/\/k-over.com\/?lang=en\/#\/schema\/logo\/image\/"}}]}},"mfb_rest_fields":["title","yoast_head","yoast_head_json"],"_links":{"self":[{"href":"https:\/\/k-over.com\/it\/wp-json\/wp\/v2\/product\/7486","targetHints":{"allow":["GET"]}}],"collection":[{"href":"https:\/\/k-over.com\/it\/wp-json\/wp\/v2\/product"}],"about":[{"href":"https:\/\/k-over.com\/it\/wp-json\/wp\/v2\/types\/product"}],"wp:featuredmedia":[{"embeddable":true,"href":"https:\/\/k-over.com\/it\/wp-json\/wp\/v2\/media\/7485"}],"wp:attachment":[{"href":"https:\/\/k-over.com\/it\/wp-json\/wp\/v2\/media?parent=7486"}],"wp:term":[{"taxonomy":"product_brand","embeddable":true,"href":"https:\/\/k-over.com\/it\/wp-json\/wp\/v2\/product_brand?post=7486"},{"taxonomy":"product_cat","embeddable":true,"href":"https:\/\/k-over.com\/it\/wp-json\/wp\/v2\/product_cat?post=7486"},{"taxonomy":"product_tag","embeddable":true,"href":"https:\/\/k-over.com\/it\/wp-json\/wp\/v2\/product_tag?post=7486"}],"curies":[{"name":"wp","href":"https:\/\/api.w.org\/{rel}","templated":true}]}}