{"id":7499,"date":"2024-05-22T18:33:48","date_gmt":"2024-05-22T16:33:48","guid":{"rendered":"https:\/\/k-over.com\/prodotto\/villa-cora\/"},"modified":"2024-12-28T00:37:35","modified_gmt":"2024-12-27T23:37:35","slug":"villa-cora","status":"publish","type":"product","link":"https:\/\/k-over.com\/it\/prodotto\/villa-cora\/","title":{"rendered":"Villa Cora"},"content":{"rendered":"<p>Villa Cora \u00e8 una splendida villa storica situata in una delle zone pi\u00f9 prestigiose di Firenze, vicino a Piazzale Michelangelo. Inizialmente commissionata dal barone Gustave Oppenheim e successivamente acquistata da Egidio Cora, \u00e8 stata trasformata in un hotel a 5 stelle celebrato per i suoi splendidi interni e per l&#8217;ambiente tranquillo che la circonda.<\/p>\n<p>Noi di K-OVER stavamo sviluppando una nuova linea di coperchi per vino e champagne su misura e stavamo cercando l&#8217;occasione perfetta per far debuttare questa offerta innovativa. Quando abbiamo incontrato il proprietario di Villa Cora, ci \u00e8 sembrata l&#8217;occasione perfetta. Abbiamo proposto di creare uno speciale K-OVER per celebrare la grande riapertura dell&#8217;hotel dopo gli ampi lavori di ristrutturazione. Il proprietario era entusiasta dell&#8217;idea e ansioso di vederne il risultato. Questo K-OVER sarebbe stato il pezzo inaugurale della nostra collezione su misura.<\/p>\n<p>Il nostro esperto artigiano, Marco Fedi, ha visitato personalmente la villa per garantire una rappresentazione precisa e dettagliata dell&#8217;edificio. Il K-OVER che ne \u00e8 scaturito cattura la facciata della villa con notevole accuratezza, compreso il laghetto, le scale e altri elementi architettonici, tutti meticolosamente posizionati e proporzionati.<\/p>\n<p>Oggi il K-OVER \u00e8 esposto nell&#8217;ufficio privato del direttore e viene presentato in occasione di eventi speciali. Realizzato in argento massiccio al 999%, con tecniche di sbalzo e cesello, la villa \u00e8 splendidamente raffigurata in argento lucido, mentre il resto del coperchio vanta un&#8217;elegante finitura a diamante. Questo pezzo unico non solo commemora la riapertura di Villa Cora, ma evidenzia anche la maestria artigianale e le capacit\u00e0 di K-OVER.<\/p>\n<p><strong>Technical Features\u00a0<\/strong><\/p>\n<p>K-OVER \u00e8 un marchio di P.M.P Firenze, un\u2019azienda con oltre 40 anni di esperienza nel settore dell\u2019argenteria. Le nostre coperture mantengono le vostre preziose bottiglie di champagne fresche fino a 2 ore.<\/p>\n<p>K-OVER \u00e8 riutilizzabile, svitando il tappo in basso, \u00e8 possibile cambiare facilmente la bottiglia. Ogni copertura per champagne \u00e8 unica ed \u00e8 stata esposta in eventi artistici e culturali o lanci privati di lusso. I K-OVER sono compatibili con bottiglie di champagne come Moet Et Chandon, Veuve Clicquot, Cristal, Pol Roger, Piper, Perrier Jouet, Taittinger, Mumm, Ferrari e Berlucchi.<\/p>\n<p>Tutte le nostre coperture per champagne e vino sono realizzate in argento massiccio 999\/\u00b0\u00b0, a differenza dell\u2019uso tipico dell\u2019argento sterling nell\u2019argenteria. Questa scelta unica \u00e8 guidata da tre ragioni convincenti, vogliamo fornire ai nostri clienti un prodotto di alto valore e unico. La resistenza dell\u2019argento puro all\u2019ossidazione lo rende pi\u00f9 facile da pulire e lucidare. In ultimo, le propriet\u00e0 antibatteriche dell\u2019argento ne assicurano l\u2019uso sicuro con alimenti e bevande.<\/p>\n","protected":false},"excerpt":{"rendered":"<p><strong>Prezzo su richiesta<\/strong><\/p>\n<p><strong>Typologia<br \/>\n<\/strong>Champagne cover<\/p>\n<p><strong>Materiale<br \/>\n<\/strong>Argento Massiccio 999\/\u00b0\u00b0<\/p>\n<p><strong>Dimensioni<\/strong><br \/>\nDiametro 9 cm<\/p>\n<p><strong>Peso<\/strong><br \/>\n650 g<\/p>\n<p><strong>Altezza<\/strong><br \/>\n33 cm<\/p>\n<p><strong>2024, Italia<\/strong><\/p>\n<p>&nbsp;<\/p>\n","protected":false},"featured_media":9968,"template":"","meta":{"_acf_changed":false,"_crdt_document":"","inline_featured_image":false},"product_brand":[],"product_cat":[314],"product_tag":[],"class_list":{"0":"post-7499","1":"product","2":"type-product","3":"status-publish","4":"has-post-thumbnail","6":"product_cat-su-misura","8":"first","9":"instock","10":"taxable","11":"shipping-taxable","12":"product-type-simple"},"acf":[],"mb":[],"yoast_head":"<!-- This site is optimized with the Yoast SEO plugin v27.3 - https:\/\/yoast.com\/product\/yoast-seo-wordpress\/ -->\n<title>Villa Cora | K-OVER<\/title>\n<meta name=\"robots\" content=\"index, follow, max-snippet:-1, max-image-preview:large, max-video-preview:-1\" \/>\n<link rel=\"canonical\" href=\"https:\/\/k-over.com\/it\/prodotto\/villa-cora\/\" \/>\n<meta property=\"og:locale\" content=\"it_IT\" \/>\n<meta property=\"og:type\" content=\"article\" \/>\n<meta property=\"og:title\" content=\"Villa Cora | K-OVER\" \/>\n<meta property=\"og:description\" content=\"Prezzo su richiesta  Typologia Champagne cover  Materiale Argento Massiccio 999\/\u00b0\u00b0  Dimensioni Diametro 9 cm  Peso 650 g  Altezza 33 cm  2024, Italia  &nbsp;\" \/>\n<meta property=\"og:url\" content=\"https:\/\/k-over.com\/it\/prodotto\/villa-cora\/\" \/>\n<meta property=\"og:site_name\" content=\"K-OVER\" \/>\n<meta property=\"article:modified_time\" content=\"2024-12-27T23:37:35+00:00\" \/>\n<meta property=\"og:image\" content=\"https:\/\/k-over.com\/wp-content\/uploads\/2023\/09\/USE_1__Villa_CORA_MadetoOrder-removebg-preview.png\" \/>\n\t<meta property=\"og:image:width\" content=\"396\" \/>\n\t<meta property=\"og:image:height\" content=\"630\" \/>\n\t<meta property=\"og:image:type\" content=\"image\/png\" \/>\n<meta name=\"twitter:card\" content=\"summary_large_image\" \/>\n<meta name=\"twitter:label1\" content=\"Tempo di lettura stimato\" \/>\n\t<meta name=\"twitter:data1\" content=\"3 minuti\" \/>\n<script type=\"application\/ld+json\" class=\"yoast-schema-graph\">{\"@context\":\"https:\\\/\\\/schema.org\",\"@graph\":[{\"@type\":\"WebPage\",\"@id\":\"https:\\\/\\\/k-over.com\\\/it\\\/prodotto\\\/villa-cora\\\/\",\"url\":\"https:\\\/\\\/k-over.com\\\/it\\\/prodotto\\\/villa-cora\\\/\",\"name\":\"Villa Cora | K-OVER\",\"isPartOf\":{\"@id\":\"https:\\\/\\\/k-over.com\\\/?lang=en\\\/#website\"},\"primaryImageOfPage\":{\"@id\":\"https:\\\/\\\/k-over.com\\\/it\\\/prodotto\\\/villa-cora\\\/#primaryimage\"},\"image\":{\"@id\":\"https:\\\/\\\/k-over.com\\\/it\\\/prodotto\\\/villa-cora\\\/#primaryimage\"},\"thumbnailUrl\":\"https:\\\/\\\/k-over.com\\\/wp-content\\\/uploads\\\/2025\\\/01\\\/USE_1__Villa_CORA_MadetoOrder-removebg-preview.png\",\"datePublished\":\"2024-05-22T16:33:48+00:00\",\"dateModified\":\"2024-12-27T23:37:35+00:00\",\"breadcrumb\":{\"@id\":\"https:\\\/\\\/k-over.com\\\/it\\\/prodotto\\\/villa-cora\\\/#breadcrumb\"},\"inLanguage\":\"it-IT\",\"potentialAction\":[{\"@type\":\"ReadAction\",\"target\":[\"https:\\\/\\\/k-over.com\\\/it\\\/prodotto\\\/villa-cora\\\/\"]}]},{\"@type\":\"ImageObject\",\"inLanguage\":\"it-IT\",\"@id\":\"https:\\\/\\\/k-over.com\\\/it\\\/prodotto\\\/villa-cora\\\/#primaryimage\",\"url\":\"https:\\\/\\\/k-over.com\\\/wp-content\\\/uploads\\\/2025\\\/01\\\/USE_1__Villa_CORA_MadetoOrder-removebg-preview.png\",\"contentUrl\":\"https:\\\/\\\/k-over.com\\\/wp-content\\\/uploads\\\/2025\\\/01\\\/USE_1__Villa_CORA_MadetoOrder-removebg-preview.png\",\"width\":396,\"height\":630,\"caption\":\"Villa Cora\"},{\"@type\":\"BreadcrumbList\",\"@id\":\"https:\\\/\\\/k-over.com\\\/it\\\/prodotto\\\/villa-cora\\\/#breadcrumb\",\"itemListElement\":[{\"@type\":\"ListItem\",\"position\":1,\"name\":\"Home\",\"item\":\"https:\\\/\\\/k-over.com\\\/it\\\/\"},{\"@type\":\"ListItem\",\"position\":2,\"name\":\"Shop\",\"item\":\"https:\\\/\\\/k-over.com\\\/it\\\/shop\\\/\"},{\"@type\":\"ListItem\",\"position\":3,\"name\":\"Villa Cora\"}]},{\"@type\":\"WebSite\",\"@id\":\"https:\\\/\\\/k-over.com\\\/?lang=en\\\/#website\",\"url\":\"https:\\\/\\\/k-over.com\\\/?lang=en\\\/\",\"name\":\"K-OVER\",\"description\":\"Made in Italy\",\"publisher\":{\"@id\":\"https:\\\/\\\/k-over.com\\\/?lang=en\\\/#organization\"},\"potentialAction\":[{\"@type\":\"SearchAction\",\"target\":{\"@type\":\"EntryPoint\",\"urlTemplate\":\"https:\\\/\\\/k-over.com\\\/?lang=en\\\/?s={search_term_string}\"},\"query-input\":{\"@type\":\"PropertyValueSpecification\",\"valueRequired\":true,\"valueName\":\"search_term_string\"}}],\"inLanguage\":\"it-IT\"},{\"@type\":\"Organization\",\"@id\":\"https:\\\/\\\/k-over.com\\\/?lang=en\\\/#organization\",\"name\":\"K-OVER\",\"url\":\"https:\\\/\\\/k-over.com\\\/?lang=en\\\/\",\"logo\":{\"@type\":\"ImageObject\",\"inLanguage\":\"it-IT\",\"@id\":\"https:\\\/\\\/k-over.com\\\/?lang=en\\\/#\\\/schema\\\/logo\\\/image\\\/\",\"url\":\"https:\\\/\\\/k-over.com\\\/wp-content\\\/uploads\\\/2023\\\/09\\\/Layer-1.svg\",\"contentUrl\":\"https:\\\/\\\/k-over.com\\\/wp-content\\\/uploads\\\/2023\\\/09\\\/Layer-1.svg\",\"width\":47,\"height\":101,\"caption\":\"K-OVER\"},\"image\":{\"@id\":\"https:\\\/\\\/k-over.com\\\/?lang=en\\\/#\\\/schema\\\/logo\\\/image\\\/\"}}]}<\/script>\n<!-- \/ Yoast SEO plugin. -->","yoast_head_json":{"title":"Villa Cora | K-OVER","robots":{"index":"index","follow":"follow","max-snippet":"max-snippet:-1","max-image-preview":"max-image-preview:large","max-video-preview":"max-video-preview:-1"},"canonical":"https:\/\/k-over.com\/it\/prodotto\/villa-cora\/","og_locale":"it_IT","og_type":"article","og_title":"Villa Cora | K-OVER","og_description":"Prezzo su richiesta  Typologia Champagne cover  Materiale Argento Massiccio 999\/\u00b0\u00b0  Dimensioni Diametro 9 cm  Peso 650 g  Altezza 33 cm  2024, Italia  &nbsp;","og_url":"https:\/\/k-over.com\/it\/prodotto\/villa-cora\/","og_site_name":"K-OVER","article_modified_time":"2024-12-27T23:37:35+00:00","og_image":[{"width":396,"height":630,"url":"https:\/\/k-over.com\/wp-content\/uploads\/2023\/09\/USE_1__Villa_CORA_MadetoOrder-removebg-preview.png","type":"image\/png"}],"twitter_card":"summary_large_image","twitter_misc":{"Tempo di lettura stimato":"3 minuti"},"schema":{"@context":"https:\/\/schema.org","@graph":[{"@type":"WebPage","@id":"https:\/\/k-over.com\/it\/prodotto\/villa-cora\/","url":"https:\/\/k-over.com\/it\/prodotto\/villa-cora\/","name":"Villa Cora | K-OVER","isPartOf":{"@id":"https:\/\/k-over.com\/?lang=en\/#website"},"primaryImageOfPage":{"@id":"https:\/\/k-over.com\/it\/prodotto\/villa-cora\/#primaryimage"},"image":{"@id":"https:\/\/k-over.com\/it\/prodotto\/villa-cora\/#primaryimage"},"thumbnailUrl":"https:\/\/k-over.com\/wp-content\/uploads\/2025\/01\/USE_1__Villa_CORA_MadetoOrder-removebg-preview.png","datePublished":"2024-05-22T16:33:48+00:00","dateModified":"2024-12-27T23:37:35+00:00","breadcrumb":{"@id":"https:\/\/k-over.com\/it\/prodotto\/villa-cora\/#breadcrumb"},"inLanguage":"it-IT","potentialAction":[{"@type":"ReadAction","target":["https:\/\/k-over.com\/it\/prodotto\/villa-cora\/"]}]},{"@type":"ImageObject","inLanguage":"it-IT","@id":"https:\/\/k-over.com\/it\/prodotto\/villa-cora\/#primaryimage","url":"https:\/\/k-over.com\/wp-content\/uploads\/2025\/01\/USE_1__Villa_CORA_MadetoOrder-removebg-preview.png","contentUrl":"https:\/\/k-over.com\/wp-content\/uploads\/2025\/01\/USE_1__Villa_CORA_MadetoOrder-removebg-preview.png","width":396,"height":630,"caption":"Villa Cora"},{"@type":"BreadcrumbList","@id":"https:\/\/k-over.com\/it\/prodotto\/villa-cora\/#breadcrumb","itemListElement":[{"@type":"ListItem","position":1,"name":"Home","item":"https:\/\/k-over.com\/it\/"},{"@type":"ListItem","position":2,"name":"Shop","item":"https:\/\/k-over.com\/it\/shop\/"},{"@type":"ListItem","position":3,"name":"Villa Cora"}]},{"@type":"WebSite","@id":"https:\/\/k-over.com\/?lang=en\/#website","url":"https:\/\/k-over.com\/?lang=en\/","name":"K-OVER","description":"Made in Italy","publisher":{"@id":"https:\/\/k-over.com\/?lang=en\/#organization"},"potentialAction":[{"@type":"SearchAction","target":{"@type":"EntryPoint","urlTemplate":"https:\/\/k-over.com\/?lang=en\/?s={search_term_string}"},"query-input":{"@type":"PropertyValueSpecification","valueRequired":true,"valueName":"search_term_string"}}],"inLanguage":"it-IT"},{"@type":"Organization","@id":"https:\/\/k-over.com\/?lang=en\/#organization","name":"K-OVER","url":"https:\/\/k-over.com\/?lang=en\/","logo":{"@type":"ImageObject","inLanguage":"it-IT","@id":"https:\/\/k-over.com\/?lang=en\/#\/schema\/logo\/image\/","url":"https:\/\/k-over.com\/wp-content\/uploads\/2023\/09\/Layer-1.svg","contentUrl":"https:\/\/k-over.com\/wp-content\/uploads\/2023\/09\/Layer-1.svg","width":47,"height":101,"caption":"K-OVER"},"image":{"@id":"https:\/\/k-over.com\/?lang=en\/#\/schema\/logo\/image\/"}}]}},"mfb_rest_fields":["title","yoast_head","yoast_head_json"],"_links":{"self":[{"href":"https:\/\/k-over.com\/it\/wp-json\/wp\/v2\/product\/7499","targetHints":{"allow":["GET"]}}],"collection":[{"href":"https:\/\/k-over.com\/it\/wp-json\/wp\/v2\/product"}],"about":[{"href":"https:\/\/k-over.com\/it\/wp-json\/wp\/v2\/types\/product"}],"wp:featuredmedia":[{"embeddable":true,"href":"https:\/\/k-over.com\/it\/wp-json\/wp\/v2\/media\/9968"}],"wp:attachment":[{"href":"https:\/\/k-over.com\/it\/wp-json\/wp\/v2\/media?parent=7499"}],"wp:term":[{"taxonomy":"product_brand","embeddable":true,"href":"https:\/\/k-over.com\/it\/wp-json\/wp\/v2\/product_brand?post=7499"},{"taxonomy":"product_cat","embeddable":true,"href":"https:\/\/k-over.com\/it\/wp-json\/wp\/v2\/product_cat?post=7499"},{"taxonomy":"product_tag","embeddable":true,"href":"https:\/\/k-over.com\/it\/wp-json\/wp\/v2\/product_tag?post=7499"}],"curies":[{"name":"wp","href":"https:\/\/api.w.org\/{rel}","templated":true}]}}