{"id":7514,"date":"2024-05-24T13:11:41","date_gmt":"2024-05-24T11:11:41","guid":{"rendered":"https:\/\/k-over.com\/prodotto\/blasone\/"},"modified":"2025-03-05T17:30:10","modified_gmt":"2025-03-05T16:30:10","slug":"blasone","status":"publish","type":"product","link":"https:\/\/k-over.com\/it\/prodotto\/blasone\/","title":{"rendered":"Blasone"},"content":{"rendered":"<p>Alla fine del 2020, un gruppo di amici cerc\u00f2 un regalo davvero speciale per una coppia che celebrava il suo 50\u00b0 anniversario di matrimonio. In piena pandemia COVID-19, con i raduni vietati e molti locali chiusi, volevano onorare la passione della coppia per la viticoltura. Residente a Marcialla, nel cuore del Chianti, la coppia aveva dedicato la propria vita ai vigneti, rendendo il vino parte integrante della propria esistenza.<\/p>\n<p>Un membro del gruppo, che aveva conosciuto Andrea durante un evento a Castellina in Chianti, \u00e8 rimasto in contatto e si \u00e8 informato sulla possibilit\u00e0 di realizzare un coprivino K-OVER su misura per questa occasione importante. Gli amici hanno immaginato un regalo che servisse da lascito duraturo, allontanandosi dai tradizionali pezzi d&#8217;argento. Volevano qualcosa che la coppia potesse tramandare ai figli e ai nipoti, un pezzo che sarebbe stato apprezzato e utilizzato durante i pasti e le riunioni di famiglia.<\/p>\n<p>La richiesta era di replicare lo stemma esposto sulla facciata della casa della coppia. Il compito di Marco Fedi \u00e8 stato impegnativo: catturare gli intricati dettagli dello stemma da una fotografia della facciata della casa non \u00e8 stata un&#8217;impresa da poco, soprattutto per le dimensioni ridotte. Tuttavia, il risultato \u00e8 stato impeccabile.<\/p>\n<p>Rifinito con una pratica superficie diamantata adatta all&#8217;uso quotidiano, il K-OVER \u00e8 stato un regalo sentito e inaspettato che la coppia ha molto apprezzato. Non si \u00e8 trattato di un semplice regalo, ma di un cimelio bello e funzionale che simboleggiava il loro amore condiviso e la loro vita insieme, ora da godere e ricordare per generazioni.<\/p>\n<p><strong>Technical Features\u00a0<\/strong><\/p>\n<p>K-OVER \u00e8 un marchio di P.M.P Firenze, un\u2019azienda con oltre 40 anni di esperienza nel settore dell\u2019argenteria. Le nostre coperture mantengono le vostre preziose bottiglie di champagne fresche fino a 2 ore.<\/p>\n<p>K-OVER \u00e8 riutilizzabile, svitando il tappo in basso, \u00e8 possibile cambiare facilmente la bottiglia. Ogni copertura per champagne \u00e8 unica ed \u00e8 stata esposta in eventi artistici e culturali o lanci privati di lusso. I K-OVER sono compatibili con bottiglie di champagne come Moet Et Chandon, Veuve Clicquot, Cristal, Pol Roger, Piper, Perrier Jouet, Taittinger, Mumm, Ferrari e Berlucchi.<\/p>\n<p>Tutte le nostre coperture per champagne e vino sono realizzate in argento massiccio 999\/\u00b0\u00b0, a differenza dell\u2019uso tipico dell\u2019argento sterling nell\u2019argenteria. Questa scelta unica \u00e8 guidata da tre ragioni convincenti, vogliamo fornire ai nostri clienti un prodotto di alto valore e unico. La resistenza dell\u2019argento puro all\u2019ossidazione lo rende pi\u00f9 facile da pulire e lucidare. In ultimo, le propriet\u00e0 antibatteriche dell\u2019argento ne assicurano l\u2019uso sicuro con alimenti e bevande.<\/p>\n","protected":false},"excerpt":{"rendered":"<p><strong>Prezzo su richiesta<\/strong><\/p>\n<p><strong>Typologia<br \/>\n<\/strong>Vino Cover<\/p>\n<p><strong>Materiale<br \/>\n<\/strong>Argento Massiccio 999\/\u00b0\u00b0<\/p>\n<p><strong>Dimensioni<\/strong><br \/>\nDiametro 9 cm<\/p>\n<p><strong>Peso<\/strong><br \/>\n650 g<\/p>\n<p><strong>Altezza<\/strong><br \/>\n33 cm<\/p>\n<p><strong>2021, Italia<\/strong><\/p>\n","protected":false},"featured_media":7507,"template":"","meta":{"_acf_changed":false,"_crdt_document":"","inline_featured_image":false},"product_brand":[],"product_cat":[314],"product_tag":[],"class_list":{"0":"post-7514","1":"product","2":"type-product","3":"status-publish","4":"has-post-thumbnail","6":"product_cat-su-misura","8":"first","9":"instock","10":"taxable","11":"shipping-taxable","12":"product-type-simple"},"acf":[],"mb":[],"yoast_head":"<!-- This site is optimized with the Yoast SEO plugin v27.3 - https:\/\/yoast.com\/product\/yoast-seo-wordpress\/ -->\n<title>Blasone | K-OVER<\/title>\n<meta name=\"robots\" content=\"index, follow, max-snippet:-1, max-image-preview:large, max-video-preview:-1\" \/>\n<link rel=\"canonical\" href=\"https:\/\/k-over.com\/it\/prodotto\/blasone\/\" \/>\n<meta property=\"og:locale\" content=\"it_IT\" \/>\n<meta property=\"og:type\" content=\"article\" \/>\n<meta property=\"og:title\" content=\"Blasone | K-OVER\" \/>\n<meta property=\"og:description\" content=\"Prezzo su richiesta  Typologia Vino Cover  Materiale Argento Massiccio 999\/\u00b0\u00b0  Dimensioni Diametro 9 cm  Peso 650 g  Altezza 33 cm  2021, Italia\" \/>\n<meta property=\"og:url\" content=\"https:\/\/k-over.com\/it\/prodotto\/blasone\/\" \/>\n<meta property=\"og:site_name\" content=\"K-OVER\" \/>\n<meta property=\"article:modified_time\" content=\"2025-03-05T16:30:10+00:00\" \/>\n<meta property=\"og:image\" content=\"https:\/\/k-over.com\/wp-content\/uploads\/2024\/05\/CHIANTI-BLASONE-OK-1-min-scaled.jpg\" \/>\n\t<meta property=\"og:image:width\" content=\"1706\" \/>\n\t<meta property=\"og:image:height\" content=\"2560\" \/>\n\t<meta property=\"og:image:type\" content=\"image\/jpeg\" \/>\n<meta name=\"twitter:card\" content=\"summary_large_image\" \/>\n<meta name=\"twitter:label1\" content=\"Tempo di lettura stimato\" \/>\n\t<meta name=\"twitter:data1\" content=\"3 minuti\" \/>\n<script type=\"application\/ld+json\" class=\"yoast-schema-graph\">{\"@context\":\"https:\\\/\\\/schema.org\",\"@graph\":[{\"@type\":\"WebPage\",\"@id\":\"https:\\\/\\\/k-over.com\\\/it\\\/prodotto\\\/blasone\\\/\",\"url\":\"https:\\\/\\\/k-over.com\\\/it\\\/prodotto\\\/blasone\\\/\",\"name\":\"Blasone | K-OVER\",\"isPartOf\":{\"@id\":\"https:\\\/\\\/k-over.com\\\/?lang=en\\\/#website\"},\"primaryImageOfPage\":{\"@id\":\"https:\\\/\\\/k-over.com\\\/it\\\/prodotto\\\/blasone\\\/#primaryimage\"},\"image\":{\"@id\":\"https:\\\/\\\/k-over.com\\\/it\\\/prodotto\\\/blasone\\\/#primaryimage\"},\"thumbnailUrl\":\"https:\\\/\\\/k-over.com\\\/wp-content\\\/uploads\\\/2024\\\/05\\\/CHIANTI-BLASONE-OK-1-min-scaled.jpg\",\"datePublished\":\"2024-05-24T11:11:41+00:00\",\"dateModified\":\"2025-03-05T16:30:10+00:00\",\"breadcrumb\":{\"@id\":\"https:\\\/\\\/k-over.com\\\/it\\\/prodotto\\\/blasone\\\/#breadcrumb\"},\"inLanguage\":\"it-IT\",\"potentialAction\":[{\"@type\":\"ReadAction\",\"target\":[\"https:\\\/\\\/k-over.com\\\/it\\\/prodotto\\\/blasone\\\/\"]}]},{\"@type\":\"ImageObject\",\"inLanguage\":\"it-IT\",\"@id\":\"https:\\\/\\\/k-over.com\\\/it\\\/prodotto\\\/blasone\\\/#primaryimage\",\"url\":\"https:\\\/\\\/k-over.com\\\/wp-content\\\/uploads\\\/2024\\\/05\\\/CHIANTI-BLASONE-OK-1-min-scaled.jpg\",\"contentUrl\":\"https:\\\/\\\/k-over.com\\\/wp-content\\\/uploads\\\/2024\\\/05\\\/CHIANTI-BLASONE-OK-1-min-scaled.jpg\",\"width\":1706,\"height\":2560,\"caption\":\"This custom wine cover showcases a luxurious metallic texture and intricate emblem design, perfect for collectors and connoisseurs\"},{\"@type\":\"BreadcrumbList\",\"@id\":\"https:\\\/\\\/k-over.com\\\/it\\\/prodotto\\\/blasone\\\/#breadcrumb\",\"itemListElement\":[{\"@type\":\"ListItem\",\"position\":1,\"name\":\"Home\",\"item\":\"https:\\\/\\\/k-over.com\\\/it\\\/\"},{\"@type\":\"ListItem\",\"position\":2,\"name\":\"Shop\",\"item\":\"https:\\\/\\\/k-over.com\\\/it\\\/shop\\\/\"},{\"@type\":\"ListItem\",\"position\":3,\"name\":\"Blasone\"}]},{\"@type\":\"WebSite\",\"@id\":\"https:\\\/\\\/k-over.com\\\/?lang=en\\\/#website\",\"url\":\"https:\\\/\\\/k-over.com\\\/?lang=en\\\/\",\"name\":\"K-OVER\",\"description\":\"Made in Italy\",\"publisher\":{\"@id\":\"https:\\\/\\\/k-over.com\\\/?lang=en\\\/#organization\"},\"potentialAction\":[{\"@type\":\"SearchAction\",\"target\":{\"@type\":\"EntryPoint\",\"urlTemplate\":\"https:\\\/\\\/k-over.com\\\/?lang=en\\\/?s={search_term_string}\"},\"query-input\":{\"@type\":\"PropertyValueSpecification\",\"valueRequired\":true,\"valueName\":\"search_term_string\"}}],\"inLanguage\":\"it-IT\"},{\"@type\":\"Organization\",\"@id\":\"https:\\\/\\\/k-over.com\\\/?lang=en\\\/#organization\",\"name\":\"K-OVER\",\"url\":\"https:\\\/\\\/k-over.com\\\/?lang=en\\\/\",\"logo\":{\"@type\":\"ImageObject\",\"inLanguage\":\"it-IT\",\"@id\":\"https:\\\/\\\/k-over.com\\\/?lang=en\\\/#\\\/schema\\\/logo\\\/image\\\/\",\"url\":\"https:\\\/\\\/k-over.com\\\/wp-content\\\/uploads\\\/2023\\\/09\\\/Layer-1.svg\",\"contentUrl\":\"https:\\\/\\\/k-over.com\\\/wp-content\\\/uploads\\\/2023\\\/09\\\/Layer-1.svg\",\"width\":47,\"height\":101,\"caption\":\"K-OVER\"},\"image\":{\"@id\":\"https:\\\/\\\/k-over.com\\\/?lang=en\\\/#\\\/schema\\\/logo\\\/image\\\/\"}}]}<\/script>\n<!-- \/ Yoast SEO plugin. -->","yoast_head_json":{"title":"Blasone | K-OVER","robots":{"index":"index","follow":"follow","max-snippet":"max-snippet:-1","max-image-preview":"max-image-preview:large","max-video-preview":"max-video-preview:-1"},"canonical":"https:\/\/k-over.com\/it\/prodotto\/blasone\/","og_locale":"it_IT","og_type":"article","og_title":"Blasone | K-OVER","og_description":"Prezzo su richiesta  Typologia Vino Cover  Materiale Argento Massiccio 999\/\u00b0\u00b0  Dimensioni Diametro 9 cm  Peso 650 g  Altezza 33 cm  2021, Italia","og_url":"https:\/\/k-over.com\/it\/prodotto\/blasone\/","og_site_name":"K-OVER","article_modified_time":"2025-03-05T16:30:10+00:00","og_image":[{"width":1706,"height":2560,"url":"https:\/\/k-over.com\/wp-content\/uploads\/2024\/05\/CHIANTI-BLASONE-OK-1-min-scaled.jpg","type":"image\/jpeg"}],"twitter_card":"summary_large_image","twitter_misc":{"Tempo di lettura stimato":"3 minuti"},"schema":{"@context":"https:\/\/schema.org","@graph":[{"@type":"WebPage","@id":"https:\/\/k-over.com\/it\/prodotto\/blasone\/","url":"https:\/\/k-over.com\/it\/prodotto\/blasone\/","name":"Blasone | K-OVER","isPartOf":{"@id":"https:\/\/k-over.com\/?lang=en\/#website"},"primaryImageOfPage":{"@id":"https:\/\/k-over.com\/it\/prodotto\/blasone\/#primaryimage"},"image":{"@id":"https:\/\/k-over.com\/it\/prodotto\/blasone\/#primaryimage"},"thumbnailUrl":"https:\/\/k-over.com\/wp-content\/uploads\/2024\/05\/CHIANTI-BLASONE-OK-1-min-scaled.jpg","datePublished":"2024-05-24T11:11:41+00:00","dateModified":"2025-03-05T16:30:10+00:00","breadcrumb":{"@id":"https:\/\/k-over.com\/it\/prodotto\/blasone\/#breadcrumb"},"inLanguage":"it-IT","potentialAction":[{"@type":"ReadAction","target":["https:\/\/k-over.com\/it\/prodotto\/blasone\/"]}]},{"@type":"ImageObject","inLanguage":"it-IT","@id":"https:\/\/k-over.com\/it\/prodotto\/blasone\/#primaryimage","url":"https:\/\/k-over.com\/wp-content\/uploads\/2024\/05\/CHIANTI-BLASONE-OK-1-min-scaled.jpg","contentUrl":"https:\/\/k-over.com\/wp-content\/uploads\/2024\/05\/CHIANTI-BLASONE-OK-1-min-scaled.jpg","width":1706,"height":2560,"caption":"This custom wine cover showcases a luxurious metallic texture and intricate emblem design, perfect for collectors and connoisseurs"},{"@type":"BreadcrumbList","@id":"https:\/\/k-over.com\/it\/prodotto\/blasone\/#breadcrumb","itemListElement":[{"@type":"ListItem","position":1,"name":"Home","item":"https:\/\/k-over.com\/it\/"},{"@type":"ListItem","position":2,"name":"Shop","item":"https:\/\/k-over.com\/it\/shop\/"},{"@type":"ListItem","position":3,"name":"Blasone"}]},{"@type":"WebSite","@id":"https:\/\/k-over.com\/?lang=en\/#website","url":"https:\/\/k-over.com\/?lang=en\/","name":"K-OVER","description":"Made in Italy","publisher":{"@id":"https:\/\/k-over.com\/?lang=en\/#organization"},"potentialAction":[{"@type":"SearchAction","target":{"@type":"EntryPoint","urlTemplate":"https:\/\/k-over.com\/?lang=en\/?s={search_term_string}"},"query-input":{"@type":"PropertyValueSpecification","valueRequired":true,"valueName":"search_term_string"}}],"inLanguage":"it-IT"},{"@type":"Organization","@id":"https:\/\/k-over.com\/?lang=en\/#organization","name":"K-OVER","url":"https:\/\/k-over.com\/?lang=en\/","logo":{"@type":"ImageObject","inLanguage":"it-IT","@id":"https:\/\/k-over.com\/?lang=en\/#\/schema\/logo\/image\/","url":"https:\/\/k-over.com\/wp-content\/uploads\/2023\/09\/Layer-1.svg","contentUrl":"https:\/\/k-over.com\/wp-content\/uploads\/2023\/09\/Layer-1.svg","width":47,"height":101,"caption":"K-OVER"},"image":{"@id":"https:\/\/k-over.com\/?lang=en\/#\/schema\/logo\/image\/"}}]}},"mfb_rest_fields":["title","yoast_head","yoast_head_json"],"_links":{"self":[{"href":"https:\/\/k-over.com\/it\/wp-json\/wp\/v2\/product\/7514","targetHints":{"allow":["GET"]}}],"collection":[{"href":"https:\/\/k-over.com\/it\/wp-json\/wp\/v2\/product"}],"about":[{"href":"https:\/\/k-over.com\/it\/wp-json\/wp\/v2\/types\/product"}],"wp:featuredmedia":[{"embeddable":true,"href":"https:\/\/k-over.com\/it\/wp-json\/wp\/v2\/media\/7507"}],"wp:attachment":[{"href":"https:\/\/k-over.com\/it\/wp-json\/wp\/v2\/media?parent=7514"}],"wp:term":[{"taxonomy":"product_brand","embeddable":true,"href":"https:\/\/k-over.com\/it\/wp-json\/wp\/v2\/product_brand?post=7514"},{"taxonomy":"product_cat","embeddable":true,"href":"https:\/\/k-over.com\/it\/wp-json\/wp\/v2\/product_cat?post=7514"},{"taxonomy":"product_tag","embeddable":true,"href":"https:\/\/k-over.com\/it\/wp-json\/wp\/v2\/product_tag?post=7514"}],"curies":[{"name":"wp","href":"https:\/\/api.w.org\/{rel}","templated":true}]}}