{"id":8136,"date":"2024-11-11T18:04:47","date_gmt":"2024-11-11T17:04:47","guid":{"rendered":"https:\/\/k-over.com\/?post_type=product&#038;p=8136"},"modified":"2024-12-28T00:37:36","modified_gmt":"2024-12-27T23:37:36","slug":"heartroses","status":"publish","type":"product","link":"https:\/\/k-over.com\/it\/prodotto\/heartroses\/","title":{"rendered":"Heart&#038;Roses"},"content":{"rendered":"<p><iframe loading=\"lazy\" title=\"K-OVER - Heart and Roses - FHD\" src=\"https:\/\/player.vimeo.com\/video\/1022512723?dnt=1&amp;app_id=122963\" width=\"500\" height=\"281\" frameborder=\"0\" allow=\"autoplay; fullscreen; picture-in-picture; clipboard-write\"><\/iframe><\/p>\n<p>L\u2019amore \u00e8 il tema principale di questa K-Over che fa parte della nostra collezione Wedding.<\/p>\n<p>L\u2019amore si rappresenta in modo astratto nel donare il nostro cuore alla persona amata, regalare delle rose \u00e8 una dimostrazione pratica di questo sentimento.<\/p>\n<p>Sulla superficie della K-Over Lorenzo Foglia, uno dei maestri argentieri che da anni fa parte del nostro team creativo, ha magistralmente rappresentato un cuore adornato da una coroncina di rose. La cesellatura \u00e8 perfetta, le rose accolgono al loro interno un cuore che sembra vero, battente.<\/p>\n<p>L\u2019interno del cuore pu\u00f2 essere personalizzato con nomi, date o frasi particolarmente significative.<\/p>\n<p>Il resto della superficie \u00e8 reso prezioso e brillante dalla particolare finitura diamantata.<\/p>\n<p>Questa k-Over \u00e8 il regalo perfetto da offrire a una coppia di sposi ai quali ricorder\u00e0 per sempre questo giorno cos\u00ec speciale.<\/p>\n<p><strong>CARATTERISTICHE TECNICHE:<\/strong><\/p>\n<p>K-OVER \u00e8 il nuovo brand di P.M.P Firenze, un\u2019azienda con oltre 40 anni di esperienza nel settore dell\u2019argenteria. Questa nostra competenza ci ha permesso di realizzare questa moderna glacette di forma innovativa, grazie a uno speciale tessuto termico inserito all&#8217;interno la temperatura delle bottiglie viene mantenuta fino a 2 ore.<\/p>\n<p>K-OVER \u00e8 riutilizzabile, la bottiglia si cambia facilmente grazie a un meccanismo di svitatura posto sul fondo. Molte delle nostre K-Over sono pezzi unici, alcune di queste sono state esposte in occasione di prestigiose mostre d&#8217;arte, fiere internazionali nel campo della moda e del lusso e in eventi privati. \u00a0Sono compatibili con bottiglie di champagne come Moet Et Chandon, Veuve Clicquot, Cristal, Pol Roger, Piper, Perrier Jouet, Taittinger, Mumm, Ferrari e Berlucchi.<\/p>\n<p>Tutte le nostre K-OVER per champagne e vino sono realizzate in argento massiccio 999%, mentre solitamente per l&#8217;argenteria di uso comune viene utilizzato argento 925%. Questa scelta unica \u00e8 guidata da tre motivi molto importanti:\u00a0vogliamo fornire ai nostri clienti un prodotto di alto valore e unico, la resistenza dell\u2019argento puro all\u2019ossidazione lo rende pi\u00f9 facile da pulire e lucidare, in ultimo, le propriet\u00e0 antibatteriche dell\u2019argento ne assicurano l\u2019uso sicuro con alimenti e bevande.<\/p>\n<p>&nbsp;<\/p>\n<p>&nbsp;<\/p>\n","protected":false},"excerpt":{"rendered":"<p><strong>Typology<br \/>\n<\/strong>Champagne cover<\/p>\n<p><strong>Materials<br \/>\n<\/strong>Solid pure silver 999\/\u00b0\u00b0<\/p>\n<p><strong>Size<\/strong><br \/>\n10.5 cm diameter<\/p>\n<p><strong>Height<\/strong><br \/>\n25,5 cm<\/p>\n<p><strong>Weight<\/strong><br \/>\n650 g<\/p>\n<p><strong>2024, Italy<\/strong><\/p>\n","protected":false},"featured_media":10014,"template":"","meta":{"_acf_changed":false,"_crdt_document":"","inline_featured_image":false},"product_brand":[],"product_cat":[306],"product_tag":[239],"class_list":{"0":"post-8136","1":"product","2":"type-product","3":"status-publish","4":"has-post-thumbnail","6":"product_cat-champagne-cover-it","7":"product_tag-matrimonio","9":"first","10":"instock","11":"taxable","12":"shipping-taxable","13":"purchasable","14":"product-type-simple"},"acf":[],"mb":[],"yoast_head":"<!-- This site is optimized with the Yoast SEO plugin v27.3 - https:\/\/yoast.com\/product\/yoast-seo-wordpress\/ -->\n<title>Heart&amp;Roses | K-OVER<\/title>\n<meta name=\"description\" content=\"La nuova cover proposta per la nostra collezione Wedding \u00e8 un vero inno all&#039;amore. Perfetta per un prezioso dono di nozze da offrire a una coppia nel giorno pi\u00f9 bello della loro vita. Possibilit\u00e0 di personalizzazione.\" \/>\n<meta name=\"robots\" content=\"index, follow, max-snippet:-1, max-image-preview:large, max-video-preview:-1\" \/>\n<link rel=\"canonical\" href=\"https:\/\/k-over.com\/it\/prodotto\/heartroses\/\" \/>\n<meta property=\"og:locale\" content=\"it_IT\" \/>\n<meta property=\"og:type\" content=\"article\" \/>\n<meta property=\"og:title\" content=\"Heart&amp;Roses | K-OVER\" \/>\n<meta property=\"og:description\" content=\"La nuova cover proposta per la nostra collezione Wedding \u00e8 un vero inno all&#039;amore. Perfetta per un prezioso dono di nozze da offrire a una coppia nel giorno pi\u00f9 bello della loro vita. Possibilit\u00e0 di personalizzazione.\" \/>\n<meta property=\"og:url\" content=\"https:\/\/k-over.com\/it\/prodotto\/heartroses\/\" \/>\n<meta property=\"og:site_name\" content=\"K-OVER\" \/>\n<meta property=\"article:modified_time\" content=\"2024-12-27T23:37:36+00:00\" \/>\n<meta property=\"og:image\" content=\"https:\/\/k-over.com\/wp-content\/uploads\/2025\/01\/Heart-and-Roses_Front.jpg\" \/>\n\t<meta property=\"og:image:width\" content=\"798\" \/>\n\t<meta property=\"og:image:height\" content=\"1200\" \/>\n\t<meta property=\"og:image:type\" content=\"image\/jpeg\" \/>\n<meta name=\"twitter:card\" content=\"summary_large_image\" \/>\n<meta name=\"twitter:label1\" content=\"Tempo di lettura stimato\" \/>\n\t<meta name=\"twitter:data1\" content=\"2 minuti\" \/>\n<script type=\"application\/ld+json\" class=\"yoast-schema-graph\">{\"@context\":\"https:\\\/\\\/schema.org\",\"@graph\":[{\"@type\":\"WebPage\",\"@id\":\"https:\\\/\\\/k-over.com\\\/it\\\/prodotto\\\/heartroses\\\/\",\"url\":\"https:\\\/\\\/k-over.com\\\/it\\\/prodotto\\\/heartroses\\\/\",\"name\":\"Heart&Roses | K-OVER\",\"isPartOf\":{\"@id\":\"https:\\\/\\\/k-over.com\\\/?lang=en\\\/#website\"},\"primaryImageOfPage\":{\"@id\":\"https:\\\/\\\/k-over.com\\\/it\\\/prodotto\\\/heartroses\\\/#primaryimage\"},\"image\":{\"@id\":\"https:\\\/\\\/k-over.com\\\/it\\\/prodotto\\\/heartroses\\\/#primaryimage\"},\"thumbnailUrl\":\"https:\\\/\\\/k-over.com\\\/wp-content\\\/uploads\\\/2025\\\/01\\\/Heart-and-Roses_Front.jpg\",\"datePublished\":\"2024-11-11T17:04:47+00:00\",\"dateModified\":\"2024-12-27T23:37:36+00:00\",\"description\":\"La nuova cover proposta per la nostra collezione Wedding \u00e8 un vero inno all'amore. Perfetta per un prezioso dono di nozze da offrire a una coppia nel giorno pi\u00f9 bello della loro vita. Possibilit\u00e0 di personalizzazione.\",\"breadcrumb\":{\"@id\":\"https:\\\/\\\/k-over.com\\\/it\\\/prodotto\\\/heartroses\\\/#breadcrumb\"},\"inLanguage\":\"it-IT\",\"potentialAction\":[{\"@type\":\"ReadAction\",\"target\":[\"https:\\\/\\\/k-over.com\\\/it\\\/prodotto\\\/heartroses\\\/\"]}]},{\"@type\":\"ImageObject\",\"inLanguage\":\"it-IT\",\"@id\":\"https:\\\/\\\/k-over.com\\\/it\\\/prodotto\\\/heartroses\\\/#primaryimage\",\"url\":\"https:\\\/\\\/k-over.com\\\/wp-content\\\/uploads\\\/2025\\\/01\\\/Heart-and-Roses_Front.jpg\",\"contentUrl\":\"https:\\\/\\\/k-over.com\\\/wp-content\\\/uploads\\\/2025\\\/01\\\/Heart-and-Roses_Front.jpg\",\"width\":798,\"height\":1200,\"caption\":\"Heart and Roses Champagne bottle cover Front\"},{\"@type\":\"BreadcrumbList\",\"@id\":\"https:\\\/\\\/k-over.com\\\/it\\\/prodotto\\\/heartroses\\\/#breadcrumb\",\"itemListElement\":[{\"@type\":\"ListItem\",\"position\":1,\"name\":\"Home\",\"item\":\"https:\\\/\\\/k-over.com\\\/it\\\/\"},{\"@type\":\"ListItem\",\"position\":2,\"name\":\"Shop\",\"item\":\"https:\\\/\\\/k-over.com\\\/it\\\/shop\\\/\"},{\"@type\":\"ListItem\",\"position\":3,\"name\":\"Heart&#038;Roses\"}]},{\"@type\":\"WebSite\",\"@id\":\"https:\\\/\\\/k-over.com\\\/?lang=en\\\/#website\",\"url\":\"https:\\\/\\\/k-over.com\\\/?lang=en\\\/\",\"name\":\"K-OVER\",\"description\":\"Made in Italy\",\"publisher\":{\"@id\":\"https:\\\/\\\/k-over.com\\\/?lang=en\\\/#organization\"},\"potentialAction\":[{\"@type\":\"SearchAction\",\"target\":{\"@type\":\"EntryPoint\",\"urlTemplate\":\"https:\\\/\\\/k-over.com\\\/?lang=en\\\/?s={search_term_string}\"},\"query-input\":{\"@type\":\"PropertyValueSpecification\",\"valueRequired\":true,\"valueName\":\"search_term_string\"}}],\"inLanguage\":\"it-IT\"},{\"@type\":\"Organization\",\"@id\":\"https:\\\/\\\/k-over.com\\\/?lang=en\\\/#organization\",\"name\":\"K-OVER\",\"url\":\"https:\\\/\\\/k-over.com\\\/?lang=en\\\/\",\"logo\":{\"@type\":\"ImageObject\",\"inLanguage\":\"it-IT\",\"@id\":\"https:\\\/\\\/k-over.com\\\/?lang=en\\\/#\\\/schema\\\/logo\\\/image\\\/\",\"url\":\"https:\\\/\\\/k-over.com\\\/wp-content\\\/uploads\\\/2023\\\/09\\\/Layer-1.svg\",\"contentUrl\":\"https:\\\/\\\/k-over.com\\\/wp-content\\\/uploads\\\/2023\\\/09\\\/Layer-1.svg\",\"width\":47,\"height\":101,\"caption\":\"K-OVER\"},\"image\":{\"@id\":\"https:\\\/\\\/k-over.com\\\/?lang=en\\\/#\\\/schema\\\/logo\\\/image\\\/\"}}]}<\/script>\n<!-- \/ Yoast SEO plugin. -->","yoast_head_json":{"title":"Heart&Roses | K-OVER","description":"La nuova cover proposta per la nostra collezione Wedding \u00e8 un vero inno all'amore. Perfetta per un prezioso dono di nozze da offrire a una coppia nel giorno pi\u00f9 bello della loro vita. Possibilit\u00e0 di personalizzazione.","robots":{"index":"index","follow":"follow","max-snippet":"max-snippet:-1","max-image-preview":"max-image-preview:large","max-video-preview":"max-video-preview:-1"},"canonical":"https:\/\/k-over.com\/it\/prodotto\/heartroses\/","og_locale":"it_IT","og_type":"article","og_title":"Heart&Roses | K-OVER","og_description":"La nuova cover proposta per la nostra collezione Wedding \u00e8 un vero inno all'amore. Perfetta per un prezioso dono di nozze da offrire a una coppia nel giorno pi\u00f9 bello della loro vita. Possibilit\u00e0 di personalizzazione.","og_url":"https:\/\/k-over.com\/it\/prodotto\/heartroses\/","og_site_name":"K-OVER","article_modified_time":"2024-12-27T23:37:36+00:00","og_image":[{"width":798,"height":1200,"url":"https:\/\/k-over.com\/wp-content\/uploads\/2025\/01\/Heart-and-Roses_Front.jpg","type":"image\/jpeg"}],"twitter_card":"summary_large_image","twitter_misc":{"Tempo di lettura stimato":"2 minuti"},"schema":{"@context":"https:\/\/schema.org","@graph":[{"@type":"WebPage","@id":"https:\/\/k-over.com\/it\/prodotto\/heartroses\/","url":"https:\/\/k-over.com\/it\/prodotto\/heartroses\/","name":"Heart&Roses | K-OVER","isPartOf":{"@id":"https:\/\/k-over.com\/?lang=en\/#website"},"primaryImageOfPage":{"@id":"https:\/\/k-over.com\/it\/prodotto\/heartroses\/#primaryimage"},"image":{"@id":"https:\/\/k-over.com\/it\/prodotto\/heartroses\/#primaryimage"},"thumbnailUrl":"https:\/\/k-over.com\/wp-content\/uploads\/2025\/01\/Heart-and-Roses_Front.jpg","datePublished":"2024-11-11T17:04:47+00:00","dateModified":"2024-12-27T23:37:36+00:00","description":"La nuova cover proposta per la nostra collezione Wedding \u00e8 un vero inno all'amore. Perfetta per un prezioso dono di nozze da offrire a una coppia nel giorno pi\u00f9 bello della loro vita. Possibilit\u00e0 di personalizzazione.","breadcrumb":{"@id":"https:\/\/k-over.com\/it\/prodotto\/heartroses\/#breadcrumb"},"inLanguage":"it-IT","potentialAction":[{"@type":"ReadAction","target":["https:\/\/k-over.com\/it\/prodotto\/heartroses\/"]}]},{"@type":"ImageObject","inLanguage":"it-IT","@id":"https:\/\/k-over.com\/it\/prodotto\/heartroses\/#primaryimage","url":"https:\/\/k-over.com\/wp-content\/uploads\/2025\/01\/Heart-and-Roses_Front.jpg","contentUrl":"https:\/\/k-over.com\/wp-content\/uploads\/2025\/01\/Heart-and-Roses_Front.jpg","width":798,"height":1200,"caption":"Heart and Roses Champagne bottle cover Front"},{"@type":"BreadcrumbList","@id":"https:\/\/k-over.com\/it\/prodotto\/heartroses\/#breadcrumb","itemListElement":[{"@type":"ListItem","position":1,"name":"Home","item":"https:\/\/k-over.com\/it\/"},{"@type":"ListItem","position":2,"name":"Shop","item":"https:\/\/k-over.com\/it\/shop\/"},{"@type":"ListItem","position":3,"name":"Heart&#038;Roses"}]},{"@type":"WebSite","@id":"https:\/\/k-over.com\/?lang=en\/#website","url":"https:\/\/k-over.com\/?lang=en\/","name":"K-OVER","description":"Made in Italy","publisher":{"@id":"https:\/\/k-over.com\/?lang=en\/#organization"},"potentialAction":[{"@type":"SearchAction","target":{"@type":"EntryPoint","urlTemplate":"https:\/\/k-over.com\/?lang=en\/?s={search_term_string}"},"query-input":{"@type":"PropertyValueSpecification","valueRequired":true,"valueName":"search_term_string"}}],"inLanguage":"it-IT"},{"@type":"Organization","@id":"https:\/\/k-over.com\/?lang=en\/#organization","name":"K-OVER","url":"https:\/\/k-over.com\/?lang=en\/","logo":{"@type":"ImageObject","inLanguage":"it-IT","@id":"https:\/\/k-over.com\/?lang=en\/#\/schema\/logo\/image\/","url":"https:\/\/k-over.com\/wp-content\/uploads\/2023\/09\/Layer-1.svg","contentUrl":"https:\/\/k-over.com\/wp-content\/uploads\/2023\/09\/Layer-1.svg","width":47,"height":101,"caption":"K-OVER"},"image":{"@id":"https:\/\/k-over.com\/?lang=en\/#\/schema\/logo\/image\/"}}]}},"mfb_rest_fields":["title","yoast_head","yoast_head_json"],"_links":{"self":[{"href":"https:\/\/k-over.com\/it\/wp-json\/wp\/v2\/product\/8136","targetHints":{"allow":["GET"]}}],"collection":[{"href":"https:\/\/k-over.com\/it\/wp-json\/wp\/v2\/product"}],"about":[{"href":"https:\/\/k-over.com\/it\/wp-json\/wp\/v2\/types\/product"}],"wp:featuredmedia":[{"embeddable":true,"href":"https:\/\/k-over.com\/it\/wp-json\/wp\/v2\/media\/10014"}],"wp:attachment":[{"href":"https:\/\/k-over.com\/it\/wp-json\/wp\/v2\/media?parent=8136"}],"wp:term":[{"taxonomy":"product_brand","embeddable":true,"href":"https:\/\/k-over.com\/it\/wp-json\/wp\/v2\/product_brand?post=8136"},{"taxonomy":"product_cat","embeddable":true,"href":"https:\/\/k-over.com\/it\/wp-json\/wp\/v2\/product_cat?post=8136"},{"taxonomy":"product_tag","embeddable":true,"href":"https:\/\/k-over.com\/it\/wp-json\/wp\/v2\/product_tag?post=8136"}],"curies":[{"name":"wp","href":"https:\/\/api.w.org\/{rel}","templated":true}]}}